{"id":120525,"date":"2026-04-20T01:04:05","date_gmt":"2026-04-19T17:04:05","guid":{"rendered":"https:\/\/pematekfcvac.unisel.edu.my\/?page_id=120525"},"modified":"2026-04-20T01:04:05","modified_gmt":"2026-04-19T17:04:05","slug":"alf-bonus-utmutato-hogyan-maximalizald-a-nyeremenyeid-az-alf-casinoban","status":"publish","type":"page","link":"https:\/\/pematekfcvac.unisel.edu.my\/?page_id=120525","title":{"rendered":"Alf bonus \u00fatmutat\u00f3: Hogyan maximaliz\u00e1ld a nyerem\u00e9nyeid az Alf Casin\u00f3ban?"},"content":{"rendered":"<figure data-affgun-media=\"hero\" style=\"margin:0 0 1.5em 0;text-align:center\"><img decoding=\"async\" src=\"https:\/\/i.ytimg.com\/vi\/jwRvhAyhA8I\/hqdefault.jpg\" alt=\"\" style=\"max-width:100%;height:auto;border-radius:8px\" loading=\"lazy\" referrerpolicy=\"no-referrer\"><\/figure>\n<h1>Alf Casino: A teljes k\u00f6r\u0171 \u00fatmutat\u00f3 a magyar j\u00e1t\u00e9kosoknak<\/h1>\n<p>Az online szerencsej\u00e1t\u00e9k vil\u00e1g\u00e1ban a v\u00e1laszt\u00e1s gyakran neh\u00e9z feladat, de az Alf Casino egyed\u00fcl\u00e1ll\u00f3, gamifik\u00e1lt \u00e9lm\u00e9nyt k\u00edn\u00e1l, amely kiemelkedik a magyar piacon. Nem csup\u00e1n egy hagyom\u00e1nyos szerencsej\u00e1t\u00e9k oldalr\u00f3l van sz\u00f3, hanem egy olyan kalandr\u00f3l, ahol minden egyes t\u00e9t \u00e9s befizet\u00e9s el\u0151r\u00e9bb viszi a felhaszn\u00e1l\u00f3t a virtu\u00e1lis vil\u00e1gban. Ak\u00e1r kezd\u0151, ak\u00e1r veter\u00e1n j\u00e1t\u00e9kos vagy, itt r\u00e9szletesen megn\u00e9zz\u00fck, mi\u00e9rt v\u00e1lhat ez az oldal a kedvenc platformodd\u00e1 a magyarorsz\u00e1gi piacon.<\/p>\n<nav aria-label=\"Table of contents\">\n<ol>\n<li><a href=\"#hogyan-maximalizld-az-alf-bonus-rtkt\">Hogyan maximaliz\u00e1ld az Alf bonus \u00e9rt\u00e9k\u00e9t?<\/a><\/li>\n<li><a href=\"#regisztrci-s-fik-hitelests-lpsrl-lpsre\">Regisztr\u00e1ci\u00f3 \u00e9s fi\u00f3k-hiteles\u00edt\u00e9s l\u00e9p\u00e9sr\u0151l l\u00e9p\u00e9sre<\/a><\/li>\n<li><a href=\"#fizetsi-mdok-s-kifizetsi-sebessg\">Fizet\u00e9si m\u00f3dok \u00e9s kifizet\u00e9si sebess\u00e9g<\/a><\/li>\n<li><a href=\"#jtkknlat-nyergpek-s-l-kaszin\">J\u00e1t\u00e9kk\u00edn\u00e1lat: Nyer\u0151g\u00e9pek \u00e9s \u00e9l\u0151 kaszin\u00f3<\/a><\/li>\n<\/ol>\n<\/nav>\n<p>A felhaszn\u00e1l\u00f3i \u00e9lm\u00e9nyt itt a letisztult navig\u00e1ci\u00f3 \u00e9s a gyors regisztr\u00e1ci\u00f3s folyamat jellemzi. A j\u00e1t\u00e9kosok sz\u00e1m\u00e1ra kulcsfontoss\u00e1g\u00fa, hogy az Alf Casino biztons\u00e1gos k\u00f6rnyezetet ny\u00fajt, ahol a hangs\u00faly a sz\u00f3rakoz\u00e1son \u00e9s az \u00e1tl\u00e1that\u00f3 felt\u00e9teleken van. A platform k\u00f6zponti eleme a felhaszn\u00e1l\u00f3i fi\u00f3k, amelyen kereszt\u00fcl k\u00f6nnyen k\u00f6vetheted a halad\u00e1sodat \u00e9s a megszerzett jutalmakat. Ha k\u00e9szen \u00e1llsz a felfedez\u00e9sre, l\u00e1togass el a <a href=\"https:\/\/alfcasino.hu.net\/\">https:\/\/alfcasino.hu.net\/<\/a> oldalra, hogy megkezdd a j\u00e1t\u00e9kot.<\/p>\n<h2 id=\"hogyan-maximalizld-az-alf-bonus-rtkt\">Hogyan maximaliz\u00e1ld az Alf bonus \u00e9rt\u00e9k\u00e9t?<\/h2>\n<div data-affgun-media=\"video\" style=\"position:relative;padding-bottom:56.25%;height:0;overflow:hidden;margin:1.5em 0;border-radius:8px\"><iframe src=\"https:\/\/www.youtube-nocookie.com\/embed\/jwRvhAyhA8I\" style=\"position:absolute;top:0;left:0;width:100%;height:100%;border:0;border-radius:8px\" loading=\"lazy\" referrerpolicy=\"strict-origin-when-cross-origin\" allow=\"accelerometer;autoplay;clipboard-write;encrypted-media;gyroscope;picture-in-picture\" allowfullscreen=\"\"><\/iframe><\/div>\n<p>Az Alf bonus aj\u00e1nlatok az egyik legvonz\u00f3bb r\u00e9sz\u00e9t k\u00e9pezik a kaszin\u00f3 k\u00edn\u00e1lat\u00e1nak. Amikor regisztr\u00e1lsz, \u00e9rdemes alaposan \u00e1tolvasni az \u00fcdv\u00f6zl\u0151 csomag felt\u00e9teleit, mivel a b\u00f3nuszp\u00e9nz \u00e9s az ingyenes p\u00f6rget\u00e9sek kombin\u00e1ci\u00f3ja sokat seg\u00edthet a kezd\u0151 t\u0151k\u00e9d fel\u00e9p\u00edt\u00e9s\u00e9ben. Fontos azonban meg\u00e9rteni, hogy a b\u00f3nuszok alapja a megforgat\u00e1si k\u00f6vetelm\u00e9ny, amelyet minden esetben teljes\u00edtened kell a kifizet\u00e9s el\u0151tt. Ne ugorj fejest a j\u00e1t\u00e9kba an\u00e9lk\u00fcl, hogy tiszt\u00e1ban lenn\u00e9l azzal, melyik j\u00e1t\u00e9kok j\u00e1rulnak hozz\u00e1 a legmagasabb sz\u00e1zal\u00e9kban a b\u00f3nusz kij\u00e1tsz\u00e1s\u00e1hoz.<\/p>\n<p>A rendszeres j\u00e1t\u00e9kosok sz\u00e1m\u00e1ra el\u00e9rhet\u0151 Alf bonus akci\u00f3k folyamatosan friss\u00fclnek. A heti reload b\u00f3nuszok \u00e9s a p\u00e9nzvisszat\u00e9r\u00edt\u00e9si (cashback) aj\u00e1nlatok gondoskodnak arr\u00f3l, hogy a hossz\u00fa t\u00e1v\u00fa j\u00e1t\u00e9k is kifizet\u0151d\u0151 legyen. Mindig ellen\u0151rizd a prom\u00f3ci\u00f3s oldalt, miel\u0151tt befizet\u00e9st ind\u00edtan\u00e1l, mivel n\u00e9h\u00e1ny esetben aktiv\u00e1l\u00f3 k\u00f3dra vagy az \u00fcgyf\u00e9lszolg\u00e1lat j\u00f3v\u00e1hagy\u00e1s\u00e1ra is sz\u00fcks\u00e9g lehet. A kulcs az, hogy figyeld a hat\u00e1rid\u0151ket, hiszen a b\u00f3nuszok \u00e9rv\u00e9nyess\u00e9ge v\u00e9ges.<\/p>\n<h2 id=\"regisztrci-s-fik-hitelests-lpsrl-lpsre\">Regisztr\u00e1ci\u00f3 \u00e9s fi\u00f3k-hiteles\u00edt\u00e9s l\u00e9p\u00e9sr\u0151l l\u00e9p\u00e9sre<\/h2>\n<p>A regisztr\u00e1ci\u00f3s folyamat az Alf Casin\u00f3n\u00e1l l\u00e9nyegre t\u00f6r\u0151 \u00e9s gyors. Nincs sz\u00fcks\u00e9g bonyolult \u0171rlapok kit\u00f6lt\u00e9s\u00e9re; elegend\u0151 az alapvet\u0151 szem\u00e9lyes adatok megad\u00e1sa, az e-mail c\u00edm meger\u0151s\u00edt\u00e9se \u00e9s a fi\u00f3k aktiv\u00e1l\u00e1sa. \u00c9rdemes m\u00e1r az elej\u00e9n pontos adatokkal regisztr\u00e1lni, mivel a k\u00e9s\u0151bbi kifizet\u00e9si k\u00e9relmekn\u00e9l a kaszin\u00f3 szigor\u00fa KYC (Know Your Customer) elj\u00e1r\u00e1st folytat le a biztons\u00e1g \u00e9rdek\u00e9ben.<\/p>\n<p>Miut\u00e1n l\u00e9trehoztad a fi\u00f3kodat, a hiteles\u00edt\u00e9s k\u00f6vetkez\u0151 l\u00e9p\u00e9se a dokumentumok felt\u00f6lt\u00e9se. Ez egy k\u00f6telez\u0151 biztons\u00e1gi protokoll minden enged\u00e9llyel rendelkez\u0151 kaszin\u00f3n\u00e1l. \u00c1ltal\u00e1ban egy szem\u00e9lyi igazolv\u00e1ny m\u00e1solata \u00e9s egy friss k\u00f6z\u00fczemi sz\u00e1mla sz\u00fcks\u00e9ges a lakc\u00edm igazol\u00e1s\u00e1hoz. Miut\u00e1n a biztons\u00e1gi csapat j\u00f3v\u00e1hagyta az adataidat, a kifizet\u00e9si sebess\u00e9g jelent\u0151sen felgyorsul, \u00e9s nem kell k\u00fcl\u00f6n v\u00e1rakoznod a j\u00f6v\u0151beni tranzakci\u00f3kn\u00e1l.<\/p>\n<h2 id=\"fizetsi-mdok-s-kifizetsi-sebessg\">Fizet\u00e9si m\u00f3dok \u00e9s kifizet\u00e9si sebess\u00e9g<\/h2>\n<p>A magyar j\u00e1t\u00e9kosok sz\u00e1m\u00e1ra a legfontosabb szempont a megfelel\u0151 fizet\u00e9si m\u00f3dok el\u00e9rhet\u0151s\u00e9ge. Az Alf Casino k\u00fcl\u00f6nb\u00f6z\u0151 bankk\u00e1rty\u00e1s megold\u00e1sokat, e-p\u00e9nzt\u00e1rc\u00e1kat \u00e9s el\u0151re fizetett k\u00e1rty\u00e1s rendszereket k\u00edn\u00e1l, amelyek a legt\u00f6bb magyar bankkal kompatibilisek. A befizet\u00e9sek szinte azonnal megjelennek az egyenlegeden, \u00edgy a j\u00e1t\u00e9k\u00e9lm\u00e9ny megszak\u00edt\u00e1s n\u00e9lk\u00fcl folytat\u00f3dhat.<\/p>\n<table>\n<thead>\n<tr>\n<th>Fizet\u00e9si m\u00f3d<\/th>\n<th>V\u00e1rhat\u00f3 id\u0151 (befizet\u00e9s)<\/th>\n<th>V\u00e1rhat\u00f3 id\u0151 (kifizet\u00e9s)<\/th>\n<\/tr>\n<\/thead>\n<tbody>\n<tr>\n<td>Bankk\u00e1rtya (Visa\/Mastercard)<\/td>\n<td>Azonnali<\/td>\n<td>1-3 munkanap<\/td>\n<\/tr>\n<tr>\n<td>E-p\u00e9nzt\u00e1rc\u00e1k<\/td>\n<td>Azonnali<\/td>\n<td>24 \u00f3r\u00e1n bel\u00fcl<\/td>\n<\/tr>\n<tr>\n<td>Banki utal\u00e1s<\/td>\n<td>1-3 munkanap<\/td>\n<td>3-5 munkanap<\/td>\n<\/tr>\n<\/tbody>\n<\/table>\n<p>A kifizet\u00e9si sebess\u00e9g az egyik legfontosabb t\u00e9nyez\u0151 a megb\u00edzhat\u00f3s\u00e1g m\u00e9r\u00e9s\u00e9ben. Az Alf Casino t\u00f6rekszik az instant kifizet\u00e9sek biztos\u00edt\u00e1s\u00e1ra az e-p\u00e9nzt\u00e1rc\u00e1k eset\u00e9ben, azonban a banki \u00e1tutal\u00e1sokn\u00e1l a rendszeres banki feldolgoz\u00e1si id\u0151t is figyelembe kell venni. A sikeres hiteles\u00edt\u00e9s ut\u00e1n a legt\u00f6bb kifizet\u00e9si k\u00e9relem z\u00f6kken\u0151mentesen \u00e9s gyorsan ker\u00fcl feldolgoz\u00e1sra.<\/p>\n<h2 id=\"jtkknlat-nyergpek-s-l-kaszin\">J\u00e1t\u00e9kk\u00edn\u00e1lat: Nyer\u0151g\u00e9pek \u00e9s \u00e9l\u0151 kaszin\u00f3<\/h2>\n<p>Az Alf Casino j\u00e1t\u00e9kkatal\u00f3gusa monument\u00e1lis, t\u00f6bb ezer nyer\u0151g\u00e9ppel v\u00e1rja a j\u00e1t\u00e9kosokat. A legn\u00e9pszer\u0171bb fejleszt\u0151kt\u0151l sz\u00e1rmaz\u00f3 j\u00e1t\u00e9kok mellett megtal\u00e1lhat\u00f3ak a modern, magas volatilit\u00e1s\u00fa slotok is, amelyek igazi izgalmakat tartogatnak. Fontos figyelembe venni az egyes j\u00e1t\u00e9kok RTP (Return to Player) \u00e9rt\u00e9k\u00e9t, hiszen ez hat\u00e1rozza meg a hossz\u00fa t\u00e1v\u00fa matematikai es\u00e9lyeidet.<\/p>\n<p>Az \u00e9l\u0151 kaszin\u00f3 szekci\u00f3 k\u00fcl\u00f6n eml\u00edt\u00e9st \u00e9rdemel, ahol profi krupi\u00e9k v\u00e1rj\u00e1k a j\u00e1t\u00e9kosokat. A rulett, blackjack \u00e9s baccarat asztalok mellett izgalmas j\u00e1t\u00e9km\u0171sorok is el\u00e9rhet\u0151ek. Az \u00e9l\u0151 k\u00f6zvet\u00edt\u00e9sek stabilak, a felbont\u00e1s kiv\u00e1l\u00f3, \u00edgy otthonod k\u00e9nyelm\u00e9b\u0151l is<\/p>\n","protected":false},"excerpt":{"rendered":"<p>Alf Casino: A teljes k\u00f6r\u0171 \u00fatmutat\u00f3 a magyar j\u00e1t\u00e9kosoknak Az online szerencsej\u00e1t\u00e9k vil\u00e1g\u00e1ban a v\u00e1laszt\u00e1s [&hellip;]<\/p>\n","protected":false},"author":1,"featured_media":0,"parent":0,"menu_order":0,"comment_status":"closed","ping_status":"closed","template":"","meta":{"footnotes":""},"class_list":["post-120525","page","type-page","status-publish","hentry"],"_links":{"self":[{"href":"https:\/\/pematekfcvac.unisel.edu.my\/index.php?rest_route=\/wp\/v2\/pages\/120525","targetHints":{"allow":["GET"]}}],"collection":[{"href":"https:\/\/pematekfcvac.unisel.edu.my\/index.php?rest_route=\/wp\/v2\/pages"}],"about":[{"href":"https:\/\/pematekfcvac.unisel.edu.my\/index.php?rest_route=\/wp\/v2\/types\/page"}],"author":[{"embeddable":true,"href":"https:\/\/pematekfcvac.unisel.edu.my\/index.php?rest_route=\/wp\/v2\/users\/1"}],"replies":[{"embeddable":true,"href":"https:\/\/pematekfcvac.unisel.edu.my\/index.php?rest_route=%2Fwp%2Fv2%2Fcomments&post=120525"}],"version-history":[{"count":1,"href":"https:\/\/pematekfcvac.unisel.edu.my\/index.php?rest_route=\/wp\/v2\/pages\/120525\/revisions"}],"predecessor-version":[{"id":120526,"href":"https:\/\/pematekfcvac.unisel.edu.my\/index.php?rest_route=\/wp\/v2\/pages\/120525\/revisions\/120526"}],"wp:attachment":[{"href":"https:\/\/pematekfcvac.unisel.edu.my\/index.php?rest_route=%2Fwp%2Fv2%2Fmedia&parent=120525"}],"curies":[{"name":"wp","href":"https:\/\/api.w.org\/{rel}","templated":true}]}}