{"id":120538,"date":"2026-04-20T01:09:17","date_gmt":"2026-04-19T17:09:17","guid":{"rendered":"https:\/\/pematekfcvac.unisel.edu.my\/?page_id=120538"},"modified":"2026-04-20T06:11:54","modified_gmt":"2026-04-19T22:11:54","slug":"spinbara-bonus-utmutato-a-bonuszok-igenylesehez-es-felhasznalasahoz","status":"publish","type":"page","link":"https:\/\/pematekfcvac.unisel.edu.my\/?page_id=120538","title":{"rendered":"Spinbara bonus: \u00datmutat\u00f3 a b\u00f3nuszok ig\u00e9nyl\u00e9s\u00e9hez \u00e9s felhaszn\u00e1l\u00e1s\u00e1hoz"},"content":{"rendered":"<figure data-affgun-media=\"hero\" style=\"margin:0 0 1.5em 0;text-align:center\"><img decoding=\"async\" src=\"https:\/\/i.ytimg.com\/vi\/sHzvmpbLnM0\/hqdefault.jpg\" alt=\"\" style=\"max-width:100%;height:auto;border-radius:8px\" loading=\"lazy\" referrerpolicy=\"no-referrer\"><\/figure>\n\n    <h1>Spinbara Casino: Minden, amit a magyar j\u00e1t\u00e9kosoknak tudniuk kell<\/h1>\n\n    <p>A szerencsej\u00e1t\u00e9k vil\u00e1ga folyamatosan v\u00e1ltozik, \u00e9s a magyar felhaszn\u00e1l\u00f3k sz\u00e1m\u00e1ra k\u00fcl\u00f6n\u00f6sen fontos, hogy olyan platformot tal\u00e1ljanak, amely nemcsak sz\u00f3rakoztat\u00f3, de megb\u00edzhat\u00f3 \u00e9s \u00e1tl\u00e1that\u00f3 is. A <a href=\"https:\/\/spinbara-casino.hu.net\/\">Spinbara<\/a> egy olyan modern online kaszin\u00f3 platform, amely igyekszik megfelelni a v\u00e1ltozatos j\u00e1t\u00e9kosig\u00e9nyeknek, legyen sz\u00f3 p\u00f6rget\u00e9sekr\u0151l vagy izgalmas sportfogad\u00e1si lehet\u0151s\u00e9gekr\u0151l.<\/p><nav aria-label=\"Table of contents\"><ol><li><a href=\"#hogyan-aktivld-a-spinbara-bonus-ajnlatokat\">Hogyan aktiv\u00e1ld a Spinbara bonus aj\u00e1nlatokat?<\/a><\/li><li><a href=\"#regisztrci-s-fikazonosts-kyc\">Regisztr\u00e1ci\u00f3 \u00e9s fi\u00f3kazonos\u00edt\u00e1s (KYC)<\/a><\/li><li><a href=\"#fizetsi-mdok-s-kifizetsi-sebessg\">Fizet\u00e9si m\u00f3dok \u00e9s kifizet\u00e9si sebess\u00e9g<\/a><\/li><li><a href=\"#mobil-lmny-s-dediklt-alkalmazs\">Mobil \u00e9lm\u00e9ny \u00e9s dedik\u00e1lt alkalmaz\u00e1s<\/a><\/li><li><a href=\"#gyflszolglat-s-tmogats\">\u00dcgyf\u00e9lszolg\u00e1lat \u00e9s t\u00e1mogat\u00e1s<\/a><\/li><li><a href=\"#biztonsg-s-felelssgteljes-szerencsejtk\">Biztons\u00e1g \u00e9s felel\u0151ss\u00e9gteljes szerencsej\u00e1t\u00e9k<\/a><\/li><li><a href=\"#vgs-gondolatok-a-spinbara-kaszinrl\">V\u00e9gs\u0151 gondolatok a Spinbara kaszin\u00f3r\u00f3l<\/a><\/li><\/ol><\/nav>\n\n    <p>Ebben az \u00fatmutat\u00f3ban r\u00e9szletesen \u00e1ttekintj\u00fck, mire sz\u00e1m\u00edthatsz, ha regisztr\u00e1lsz, hogyan maximaliz\u00e1lhatod a Spinbara bonus aj\u00e1nlatok \u00e9rt\u00e9k\u00e9t, \u00e9s milyen technikai r\u00e9szletekre \u00e9rdemes odafigyelned a z\u00f6kken\u0151mentes j\u00e1t\u00e9k\u00e9lm\u00e9ny \u00e9rdek\u00e9ben.<\/p>\n\n    <h2 id=\"hogyan-aktivld-a-spinbara-bonus-ajnlatokat\">Hogyan aktiv\u00e1ld a Spinbara bonus aj\u00e1nlatokat?<\/h2><div data-affgun-media=\"video\" style=\"position:relative;padding-bottom:56.25%;height:0;overflow:hidden;margin:1.5em 0;border-radius:8px\"><iframe src=\"https:\/\/www.youtube-nocookie.com\/embed\/sHzvmpbLnM0\" style=\"position:absolute;top:0;left:0;width:100%;height:100%;border:0;border-radius:8px\" loading=\"lazy\" referrerpolicy=\"strict-origin-when-cross-origin\" allow=\"accelerometer;autoplay;clipboard-write;encrypted-media;gyroscope;picture-in-picture\" allowfullscreen=\"\"><\/iframe><\/div>\n\n    <p>A regisztr\u00e1ci\u00f3s folyamat ut\u00e1ni els\u0151 l\u00e9p\u00e9s szinte mindig a b\u00f3nuszok ig\u00e9nyl\u00e9se. Egy j\u00f3 Spinbara bonus nemcsak extra p\u00e9nzt jelent, hanem lehet\u0151s\u00e9get ad arra is, hogy t\u00f6bb j\u00e1t\u00e9kot pr\u00f3b\u00e1lj ki kisebb kock\u00e1zattal. A legt\u00f6bb aj\u00e1nlat eset\u00e9ben fontos, hogy a prom\u00f3ci\u00f3s k\u00f3dot m\u00e1r a befizet\u00e9s sor\u00e1n helyesen add meg, vagy aktiv\u00e1ld azt a profilod &#8220;B\u00f3nuszok&#8221; szekci\u00f3j\u00e1ban, k\u00fcl\u00f6nben az aj\u00e1nlat \u00e9rv\u00e9ny\u00e9t vesz\u00edtheti.<\/p>\n\n    <p>Ne felejtsd el elolvasni a felt\u00e9teleket, miel\u0151tt belev\u00e1gn\u00e1l. A b\u00f3nusz egyenlegedet csak akkor tudod val\u00f3di p\u00e9nzk\u00e9nt kivenni, ha teljes\u00edtetted a kapcsol\u00f3d\u00f3 wagering requirements, azaz a megforgat\u00e1si k\u00f6vetelm\u00e9nyeket. \u00c9rdemes el\u0151re kalkul\u00e1lni, hogy mennyi id\u0151d \u00e9s kereted van a j\u00e1t\u00e9kra, hiszen a hat\u00e1rid\u0151k \u00e9s a j\u00e1t\u00e9kok s\u00falyoz\u00e1sa jelent\u0151sen elt\u00e9rhet egym\u00e1st\u00f3l.<\/p>\n\n    <h2 id=\"regisztrci-s-fikazonosts-kyc\">Regisztr\u00e1ci\u00f3 \u00e9s fi\u00f3kazonos\u00edt\u00e1s (KYC)<\/h2>\n\n    <p>A regisztr\u00e1ci\u00f3 folyamata a Spinbara kaszin\u00f3ban gyors \u00e9s felhaszn\u00e1l\u00f3bar\u00e1t, de fontos, hogy pontos adatokat adj meg. Amikor l\u00e9trehozod a fi\u00f3kodat, a rendszer k\u00e9rni fogja az alapvet\u0151 szem\u00e9lyes adataidat, amelyeket k\u00e9s\u0151bb dokumentumokkal is igazolnod kell. Ez a folyamat, amit KYC (Know Your Customer) n\u00e9ven ismer\u00fcnk, minden enged\u00e9llyel rendelkez\u0151 kaszin\u00f3 alapvet\u0151 biztons\u00e1gi int\u00e9zked\u00e9se.<\/p>\n\n    <p>A fi\u00f3k hiteles\u00edt\u00e9se \u00e1ltal\u00e1ban az els\u0151 nagyobb kifizet\u00e9skor t\u00f6rt\u00e9nik. Sz\u00fcks\u00e9ged lesz egy f\u00e9nyk\u00e9pes igazolv\u00e1nyra \u00e9s egy lakc\u00edm igazol\u00e1s\u00e1ra, p\u00e9ld\u00e1ul egy k\u00f6z\u00fczemi sz\u00e1ml\u00e1ra. B\u00e1r ez sok j\u00e1t\u00e9kos sz\u00e1m\u00e1ra bosszant\u00f3 adminisztr\u00e1ci\u00f3nak t\u0171nhet, val\u00f3j\u00e1ban a te biztons\u00e1godat szolg\u00e1lja, mivel megakad\u00e1lyozza az illet\u00e9ktelen hozz\u00e1f\u00e9r\u00e9st \u00e9s a p\u00e9nzmos\u00e1st a platformon.<\/p>\n\n    <h2 id=\"fizetsi-mdok-s-kifizetsi-sebessg\">Fizet\u00e9si m\u00f3dok \u00e9s kifizet\u00e9si sebess\u00e9g<\/h2>\n\n    <p>A j\u00e1t\u00e9kosok egyik legfontosabb k\u00e9rd\u00e9se mindig az, hogyan juthatnak hozz\u00e1 a nyerem\u00e9ny\u00fckh\u00f6z. A Spinbara sz\u00e1mos n\u00e9pszer\u0171 fizet\u00e9si m\u00f3dot t\u00e1mogat, bele\u00e9rtve a bankk\u00e1rty\u00e1s befizet\u00e9seket, az E-p\u00e9nzt\u00e1rc\u00e1kat \u00e9s a banki \u00e1tutal\u00e1sokat is. A v\u00e1lasztott m\u00f3dszer drasztikusan befoly\u00e1solhatja a kifizet\u00e9si sebess\u00e9get, ez\u00e9rt \u00e9rdemes olyat v\u00e1lasztani, amit a regisztr\u00e1ci\u00f3 ut\u00e1n k\u00f6nnyen tudsz haszn\u00e1lni.<\/p>\n\n    <table>\n        <tbody><tr>\n            <th>Fizet\u00e9si m\u00f3d<\/th>\n            <th>\u00c1tlagos \u00e1tfut\u00e1si id\u0151<\/th>\n            <th>Tranzakci\u00f3s d\u00edjak<\/th>\n        <\/tr>\n        <tr>\n            <td>Bankk\u00e1rtya (Visa\/Mastercard)<\/td>\n            <td>1-3 munkanap<\/td>\n            <td>Nincs<\/td>\n        <\/tr>\n        <tr>\n            <td>E-p\u00e9nzt\u00e1rc\u00e1k<\/td>\n            <td>Azonnali &#8211; 24 \u00f3ra<\/td>\n            <td>Nincs<\/td>\n        <\/tr>\n        <tr>\n            <td>Banki \u00e1tutal\u00e1s<\/td>\n            <td>3-5 munkanap<\/td>\n            <td>Bankf\u00fcgg\u0151<\/td>\n        <\/tr>\n    <\/tbody><\/table>\n\n    <h2 id=\"mobil-lmny-s-dediklt-alkalmazs\">Mobil \u00e9lm\u00e9ny \u00e9s dedik\u00e1lt alkalmaz\u00e1s<\/h2>\n\n    <p>Manaps\u00e1g m\u00e1r sokan csak okostelefonon j\u00e1tszanak, ez\u00e9rt a mobil reszponzivit\u00e1s elengedhetetlen. A Spinbara fel\u00fclete \u00fagy lett kialak\u00edtva, hogy a kisebb kijelz\u0151k\u00f6n is ugyanazt az \u00e9lm\u00e9nyt ny\u00fajtsa, mint asztali g\u00e9pen. A men\u00fck \u00e1ttekinthet\u0151ek, a j\u00e1t\u00e9kok pedig gyorsan \u00e9s akadoz\u00e1smentesen bet\u00f6lt\u0151dnek, m\u00e9g akkor is, ha \u00fatk\u00f6zben vagy.<\/p>\n\n    <p>A mobil b\u00f6ng\u00e9sz\u0151n kereszt\u00fcl el\u00e9rhet\u0151 verzi\u00f3 mellett \u00e9rdemes figyelni az esetlegesen el\u00e9rhet\u0151 let\u00f6lthet\u0151 applik\u00e1ci\u00f3kat is. B\u00e1r a web alap\u00fa el\u00e9r\u00e9s a leggyakoribb, egy dedik\u00e1lt alkalmaz\u00e1s gyakran stabilabb kapcsolatot \u00e9s gyorsabb \u00e9rtes\u00edt\u00e9seket biztos\u00edt a leg\u00fajabb b\u00f3nuszokr\u00f3l \u00e9s prom\u00f3ci\u00f3kr\u00f3l, \u00edgy biztosan nem maradsz le semmir\u0151l.<\/p>\n\n    <h2 id=\"gyflszolglat-s-tmogats\">\u00dcgyf\u00e9lszolg\u00e1lat \u00e9s t\u00e1mogat\u00e1s<\/h2>\n\n    <p>Ha b\u00e1rmilyen probl\u00e9ma mer\u00fclne fel \u2013 legyen az egy beragadt befizet\u00e9s vagy egy tiszt\u00e1zatlan b\u00f3nuszfelt\u00e9tel \u2013, a megb\u00edzhat\u00f3 \u00fcgyf\u00e9lszolg\u00e1lat aranyat \u00e9r. A Spinbara kaszin\u00f3ban t\u00f6bbf\u00e9le csatorn\u00e1n is kapcsolatba l\u00e9phetsz a seg\u00edt\u0151k\u00e9sz support csapattal. A leggyorsabb m\u00f3dja a seg\u00edts\u00e9gk\u00e9r\u00e9snek \u00e1ltal\u00e1ban az \u00e9l\u0151 chat, ahol szinte val\u00f3s id\u0151ben kaphatsz v\u00e1laszokat a k\u00e9rd\u00e9seidre.<\/p>\n\n    <ul>\n        <li>\u00c9l\u0151 chat: A h\u00e9t minden napj\u00e1n, 24\/7 el\u00e9rhet\u0151.<\/li>\n        <li>E-mail: R\u00e9szletesebb panaszok vagy dokumentumk\u00fcld\u00e9s eset\u00e9n.<\/li>\n        <li>GYIK szekci\u00f3: A gyakori k\u00e9rd\u00e9sek oldala, ahol gyors v\u00e1laszokat tal\u00e1lhatsz.<\/li>\n    <\/ul>\n\n    <h2 id=\"biztonsg-s-felelssgteljes-szerencsejtk\">Biztons\u00e1g \u00e9s felel\u0151ss\u00e9gteljes szerencsej\u00e1t\u00e9k<\/h2>\n\n    <p>A biztons\u00e1g a legfontosabb szempont b\u00e1rmilyen online kaszin\u00f3 kiv\u00e1laszt\u00e1sakor. A Spinbara titkos\u00edt\u00e1st alkalmaz az adataid v\u00e9delme \u00e9rdek\u00e9ben, \u00edgy a befizet\u00e9seid \u00e9s a szem\u00e9lyes inform\u00e1ci\u00f3id biztons\u00e1gban vannak. Emellett a licencelt m\u0171k\u00f6d\u00e9s biztos\u00edtja, hogy a kaszin\u00f3 tisztess\u00e9gesen m\u0171k\u00f6dj\u00f6n, \u00e9s a j\u00e1t\u00e9kok kimenetele v\u00e9letlenszer\u0171 legyen.<\/p>\n\n    <p>Soha ne feledkezz meg a felel\u0151ss\u00e9gteljes j\u00e1t\u00e9kr\u00f3l. Az online szerencsej\u00e1t\u00e9k sz\u00f3rakoz\u00e1s, nem pedig p\u00e9nzkereseti forr\u00e1s. \u00c1ll\u00edts be magadnak napi vagy heti limiteket a befizet\u00e9seidre, \u00e9s soha ne j\u00e1tssz olyan p\u00e9nz\u00f6sszeggel, amelyet nem engedhetsz meg magadnak, hogy elvesz\u00edts. A kaszin\u00f3 k\u00fcl\u00f6nb\u00f6z\u0151 eszk\u00f6z\u00f6ket k\u00edn\u00e1l a limitbe\u00e1ll\u00edt\u00e1sra, haszn\u00e1ld ezeket tudatosan.<\/p>\n\n    <h2 id=\"vgs-gondolatok-a-spinbara-kaszinrl\">V\u00e9gs\u0151 gondolatok a Spinbara kaszin\u00f3r\u00f3l<\/h2>\n\n    <p>A Spinbara szil\u00e1rd v\u00e1laszt\u00e1s lehet azoknak, akik egy \u00e1tl\u00e1that\u00f3, k\u00f6nnyen kezelhet\u0151 \u00e9s b\u00f3nuszokban gazdag kaszin\u00f3t keresnek. A kezd\u0151k sz\u00e1m\u00e1ra a regisztr\u00e1ci\u00f3t\u00f3l a kifizet\u00e9sekig vezet\u0151 folyamat egy\u00e9rtelm\u0171, a profik pedig \u00e9rt\u00e9kelik a b\u0151s\u00e9ges j\u00e1t\u00e9kk\u00edn\u00e1latot \u00e9s a reszponz\u00edv mobil fel\u00fcletet. Term\u00e9szetesen mindig \u00e9rdemes a saj\u00e1t ig\u00e9nyeidhez m\u00e9rten d\u00f6nteni.<\/p>\n\n    <p>Kezdd a kalandot \u00f3vatosan, \u00e9s ne feledd, hogy a szerencse n\u00e9ha muland\u00f3, ez\u00e9rt a legfontosabb a sz\u00f3rakoz\u00e1s. Ha betartod a biztons\u00e1gi szab\u00e1lyokat \u00e9s okosan kezeled a bankrollodat, hossz\u00fa t\u00e1von is \u00e9lvezheted az online kaszin\u00f3z\u00e1s minden el\u0151ny\u00e9t, amit ez a platform k\u00edn\u00e1l.<\/p>\n\n    \n    <!--  -->\n    <div style=\"position: absolute; left: -10000px;\">\n    Oppdag en spennende spillopplevelse med <a href=\"https:\/\/blazespinscasino.no\">Casino blazeSpins<\/a>, hvor moderne casinounderholdning m\u00f8ter store vinnersjanser.\n    <\/div>\n    <!--  -->\n    \n\n    \n    <!--  -->\n    <div style=\"position: absolute; left: -10000px;\">\n    \u03a4\u03bf <a href=\"https:\/\/casinoburan.gr\/el-gr\/\">buran casino online<\/a> \u03c0\u03c1\u03bf\u03c3\u03c6\u03ad\u03c1\u03b5\u03b9 \u03bc\u03b9\u03b1 \u03b5\u03be\u03b1\u03b9\u03c1\u03b5\u03c4\u03b9\u03ba\u03ae \u03b5\u03bc\u03c0\u03b5\u03b9\u03c1\u03af\u03b1 \u03c4\u03c5\u03c7\u03b5\u03c1\u03ce\u03bd \u03c0\u03b1\u03b9\u03c7\u03bd\u03b9\u03b4\u03b9\u03ce\u03bd \u03bc\u03b5 \u03ad\u03bd\u03b1 \u03b5\u03c5\u03c1\u03cd \u03c6\u03ac\u03c3\u03bc\u03b1 \u03c0\u03b1\u03b9\u03c7\u03bd\u03b9\u03b4\u03b9\u03ce\u03bd, \u03b3\u03b5\u03bd\u03bd\u03b1\u03b9\u03cc\u03b4\u03c9\u03c1\u03b1 \u03bc\u03c0\u03cc\u03bd\u03bf\u03c5\u03c2 \u03ba\u03b1\u03b9 \u03b1\u03c3\u03c6\u03b1\u03bb\u03b5\u03af\u03c2 \u03c3\u03c5\u03bd\u03b1\u03bb\u03bb\u03b1\u03b3\u03ad\u03c2 \u03b3\u03b9\u03b1 \u03cc\u03bb\u03bf\u03c5\u03c2 \u03c4\u03bf\u03c5\u03c2 \u03c0\u03b1\u03af\u03ba\u03c4\u03b5\u03c2.\n    <\/div>\n    <!--  -->\n    ","protected":false},"excerpt":{"rendered":"<p>Spinbara Casino: Minden, amit a magyar j\u00e1t\u00e9kosoknak tudniuk kell A szerencsej\u00e1t\u00e9k vil\u00e1ga folyamatosan v\u00e1ltozik, \u00e9s [&hellip;]<\/p>\n","protected":false},"author":1,"featured_media":0,"parent":0,"menu_order":0,"comment_status":"closed","ping_status":"closed","template":"","meta":{"footnotes":""},"class_list":["post-120538","page","type-page","status-publish","hentry"],"_links":{"self":[{"href":"https:\/\/pematekfcvac.unisel.edu.my\/index.php?rest_route=\/wp\/v2\/pages\/120538","targetHints":{"allow":["GET"]}}],"collection":[{"href":"https:\/\/pematekfcvac.unisel.edu.my\/index.php?rest_route=\/wp\/v2\/pages"}],"about":[{"href":"https:\/\/pematekfcvac.unisel.edu.my\/index.php?rest_route=\/wp\/v2\/types\/page"}],"author":[{"embeddable":true,"href":"https:\/\/pematekfcvac.unisel.edu.my\/index.php?rest_route=\/wp\/v2\/users\/1"}],"replies":[{"embeddable":true,"href":"https:\/\/pematekfcvac.unisel.edu.my\/index.php?rest_route=%2Fwp%2Fv2%2Fcomments&post=120538"}],"version-history":[{"count":3,"href":"https:\/\/pematekfcvac.unisel.edu.my\/index.php?rest_route=\/wp\/v2\/pages\/120538\/revisions"}],"predecessor-version":[{"id":121433,"href":"https:\/\/pematekfcvac.unisel.edu.my\/index.php?rest_route=\/wp\/v2\/pages\/120538\/revisions\/121433"}],"wp:attachment":[{"href":"https:\/\/pematekfcvac.unisel.edu.my\/index.php?rest_route=%2Fwp%2Fv2%2Fmedia&parent=120538"}],"curies":[{"name":"wp","href":"https:\/\/api.w.org\/{rel}","templated":true}]}}