{"id":28789,"date":"2026-03-22T22:25:58","date_gmt":"2026-03-22T22:25:58","guid":{"rendered":"https:\/\/pematekfcvac.unisel.edu.my\/?page_id=28789"},"modified":"2026-03-22T22:25:58","modified_gmt":"2026-03-22T22:25:58","slug":"quest-ce-que-la-creme-a-la-tretinoine-et-comment-fonctionne-t-elle","status":"publish","type":"page","link":"https:\/\/pematekfcvac.unisel.edu.my\/?page_id=28789","title":{"rendered":"Qu&#8217;est-ce que la cr\u00e8me \u00e0 la tr\u00e9tino\u00efne et comment fonctionne-t-elle?"},"content":{"rendered":"","protected":false},"excerpt":{"rendered":"","protected":false},"author":1,"featured_media":0,"parent":0,"menu_order":0,"comment_status":"closed","ping_status":"closed","template":"","meta":{"footnotes":""},"class_list":["post-28789","page","type-page","status-publish","hentry"],"_links":{"self":[{"href":"https:\/\/pematekfcvac.unisel.edu.my\/index.php?rest_route=\/wp\/v2\/pages\/28789","targetHints":{"allow":["GET"]}}],"collection":[{"href":"https:\/\/pematekfcvac.unisel.edu.my\/index.php?rest_route=\/wp\/v2\/pages"}],"about":[{"href":"https:\/\/pematekfcvac.unisel.edu.my\/index.php?rest_route=\/wp\/v2\/types\/page"}],"author":[{"embeddable":true,"href":"https:\/\/pematekfcvac.unisel.edu.my\/index.php?rest_route=\/wp\/v2\/users\/1"}],"replies":[{"embeddable":true,"href":"https:\/\/pematekfcvac.unisel.edu.my\/index.php?rest_route=%2Fwp%2Fv2%2Fcomments&post=28789"}],"version-history":[{"count":1,"href":"https:\/\/pematekfcvac.unisel.edu.my\/index.php?rest_route=\/wp\/v2\/pages\/28789\/revisions"}],"predecessor-version":[{"id":28790,"href":"https:\/\/pematekfcvac.unisel.edu.my\/index.php?rest_route=\/wp\/v2\/pages\/28789\/revisions\/28790"}],"wp:attachment":[{"href":"https:\/\/pematekfcvac.unisel.edu.my\/index.php?rest_route=%2Fwp%2Fv2%2Fmedia&parent=28789"}],"curies":[{"name":"wp","href":"https:\/\/api.w.org\/{rel}","templated":true}]}}