{"id":28968,"date":"2026-03-23T01:20:27","date_gmt":"2026-03-23T01:20:27","guid":{"rendered":"https:\/\/pematekfcvac.unisel.edu.my\/?page_id=28968"},"modified":"2026-03-23T01:20:27","modified_gmt":"2026-03-23T01:20:27","slug":"att-forsta-silagra-en-oversikt","status":"publish","type":"page","link":"https:\/\/pematekfcvac.unisel.edu.my\/?page_id=28968","title":{"rendered":"Att f\u00f6rst\u00e5 Silagra: En \u00f6versikt"},"content":{"rendered":"","protected":false},"excerpt":{"rendered":"","protected":false},"author":1,"featured_media":0,"parent":0,"menu_order":0,"comment_status":"closed","ping_status":"closed","template":"","meta":{"footnotes":""},"class_list":["post-28968","page","type-page","status-publish","hentry"],"_links":{"self":[{"href":"https:\/\/pematekfcvac.unisel.edu.my\/index.php?rest_route=\/wp\/v2\/pages\/28968","targetHints":{"allow":["GET"]}}],"collection":[{"href":"https:\/\/pematekfcvac.unisel.edu.my\/index.php?rest_route=\/wp\/v2\/pages"}],"about":[{"href":"https:\/\/pematekfcvac.unisel.edu.my\/index.php?rest_route=\/wp\/v2\/types\/page"}],"author":[{"embeddable":true,"href":"https:\/\/pematekfcvac.unisel.edu.my\/index.php?rest_route=\/wp\/v2\/users\/1"}],"replies":[{"embeddable":true,"href":"https:\/\/pematekfcvac.unisel.edu.my\/index.php?rest_route=%2Fwp%2Fv2%2Fcomments&post=28968"}],"version-history":[{"count":1,"href":"https:\/\/pematekfcvac.unisel.edu.my\/index.php?rest_route=\/wp\/v2\/pages\/28968\/revisions"}],"predecessor-version":[{"id":28969,"href":"https:\/\/pematekfcvac.unisel.edu.my\/index.php?rest_route=\/wp\/v2\/pages\/28968\/revisions\/28969"}],"wp:attachment":[{"href":"https:\/\/pematekfcvac.unisel.edu.my\/index.php?rest_route=%2Fwp%2Fv2%2Fmedia&parent=28968"}],"curies":[{"name":"wp","href":"https:\/\/api.w.org\/{rel}","templated":true}]}}