{"id":29001,"date":"2026-03-23T02:00:32","date_gmt":"2026-03-23T02:00:32","guid":{"rendered":"https:\/\/pematekfcvac.unisel.edu.my\/?page_id=29001"},"modified":"2026-03-23T02:00:32","modified_gmt":"2026-03-23T02:00:32","slug":"a-nolvadex-generic-megertese-felhasznalasok-es-elonyok","status":"publish","type":"page","link":"https:\/\/pematekfcvac.unisel.edu.my\/?page_id=29001","title":{"rendered":"A Nolvadex Generic meg\u00e9rt\u00e9se: felhaszn\u00e1l\u00e1sok \u00e9s el\u0151ny\u00f6k"},"content":{"rendered":"","protected":false},"excerpt":{"rendered":"","protected":false},"author":1,"featured_media":0,"parent":0,"menu_order":0,"comment_status":"closed","ping_status":"closed","template":"","meta":{"footnotes":""},"class_list":["post-29001","page","type-page","status-publish","hentry"],"_links":{"self":[{"href":"https:\/\/pematekfcvac.unisel.edu.my\/index.php?rest_route=\/wp\/v2\/pages\/29001","targetHints":{"allow":["GET"]}}],"collection":[{"href":"https:\/\/pematekfcvac.unisel.edu.my\/index.php?rest_route=\/wp\/v2\/pages"}],"about":[{"href":"https:\/\/pematekfcvac.unisel.edu.my\/index.php?rest_route=\/wp\/v2\/types\/page"}],"author":[{"embeddable":true,"href":"https:\/\/pematekfcvac.unisel.edu.my\/index.php?rest_route=\/wp\/v2\/users\/1"}],"replies":[{"embeddable":true,"href":"https:\/\/pematekfcvac.unisel.edu.my\/index.php?rest_route=%2Fwp%2Fv2%2Fcomments&post=29001"}],"version-history":[{"count":1,"href":"https:\/\/pematekfcvac.unisel.edu.my\/index.php?rest_route=\/wp\/v2\/pages\/29001\/revisions"}],"predecessor-version":[{"id":29002,"href":"https:\/\/pematekfcvac.unisel.edu.my\/index.php?rest_route=\/wp\/v2\/pages\/29001\/revisions\/29002"}],"wp:attachment":[{"href":"https:\/\/pematekfcvac.unisel.edu.my\/index.php?rest_route=%2Fwp%2Fv2%2Fmedia&parent=29001"}],"curies":[{"name":"wp","href":"https:\/\/api.w.org\/{rel}","templated":true}]}}