{"id":29233,"date":"2026-03-23T06:38:20","date_gmt":"2026-03-23T06:38:20","guid":{"rendered":"https:\/\/pematekfcvac.unisel.edu.my\/?page_id=29233"},"modified":"2026-03-23T06:38:20","modified_gmt":"2026-03-23T06:38:20","slug":"forsta-varumarke-och-generiska-lakemedel","status":"publish","type":"page","link":"https:\/\/pematekfcvac.unisel.edu.my\/?page_id=29233","title":{"rendered":"F\u00f6rst\u00e5 varum\u00e4rke och generiska l\u00e4kemedel"},"content":{"rendered":"","protected":false},"excerpt":{"rendered":"","protected":false},"author":1,"featured_media":0,"parent":0,"menu_order":0,"comment_status":"closed","ping_status":"closed","template":"","meta":{"footnotes":""},"class_list":["post-29233","page","type-page","status-publish","hentry"],"_links":{"self":[{"href":"https:\/\/pematekfcvac.unisel.edu.my\/index.php?rest_route=\/wp\/v2\/pages\/29233","targetHints":{"allow":["GET"]}}],"collection":[{"href":"https:\/\/pematekfcvac.unisel.edu.my\/index.php?rest_route=\/wp\/v2\/pages"}],"about":[{"href":"https:\/\/pematekfcvac.unisel.edu.my\/index.php?rest_route=\/wp\/v2\/types\/page"}],"author":[{"embeddable":true,"href":"https:\/\/pematekfcvac.unisel.edu.my\/index.php?rest_route=\/wp\/v2\/users\/1"}],"replies":[{"embeddable":true,"href":"https:\/\/pematekfcvac.unisel.edu.my\/index.php?rest_route=%2Fwp%2Fv2%2Fcomments&post=29233"}],"version-history":[{"count":1,"href":"https:\/\/pematekfcvac.unisel.edu.my\/index.php?rest_route=\/wp\/v2\/pages\/29233\/revisions"}],"predecessor-version":[{"id":29234,"href":"https:\/\/pematekfcvac.unisel.edu.my\/index.php?rest_route=\/wp\/v2\/pages\/29233\/revisions\/29234"}],"wp:attachment":[{"href":"https:\/\/pematekfcvac.unisel.edu.my\/index.php?rest_route=%2Fwp%2Fv2%2Fmedia&parent=29233"}],"curies":[{"name":"wp","href":"https:\/\/api.w.org\/{rel}","templated":true}]}}