{"id":29540,"date":"2026-03-23T11:54:50","date_gmt":"2026-03-23T11:54:50","guid":{"rendered":"https:\/\/pematekfcvac.unisel.edu.my\/?page_id=29540"},"modified":"2026-03-23T11:54:50","modified_gmt":"2026-03-23T11:54:50","slug":"az-accutane-es-hasznalatanak-megertese","status":"publish","type":"page","link":"https:\/\/pematekfcvac.unisel.edu.my\/?page_id=29540","title":{"rendered":"Az Accutane \u00e9s haszn\u00e1lat\u00e1nak meg\u00e9rt\u00e9se"},"content":{"rendered":"","protected":false},"excerpt":{"rendered":"","protected":false},"author":1,"featured_media":0,"parent":0,"menu_order":0,"comment_status":"closed","ping_status":"closed","template":"","meta":{"footnotes":""},"class_list":["post-29540","page","type-page","status-publish","hentry"],"_links":{"self":[{"href":"https:\/\/pematekfcvac.unisel.edu.my\/index.php?rest_route=\/wp\/v2\/pages\/29540","targetHints":{"allow":["GET"]}}],"collection":[{"href":"https:\/\/pematekfcvac.unisel.edu.my\/index.php?rest_route=\/wp\/v2\/pages"}],"about":[{"href":"https:\/\/pematekfcvac.unisel.edu.my\/index.php?rest_route=\/wp\/v2\/types\/page"}],"author":[{"embeddable":true,"href":"https:\/\/pematekfcvac.unisel.edu.my\/index.php?rest_route=\/wp\/v2\/users\/1"}],"replies":[{"embeddable":true,"href":"https:\/\/pematekfcvac.unisel.edu.my\/index.php?rest_route=%2Fwp%2Fv2%2Fcomments&post=29540"}],"version-history":[{"count":1,"href":"https:\/\/pematekfcvac.unisel.edu.my\/index.php?rest_route=\/wp\/v2\/pages\/29540\/revisions"}],"predecessor-version":[{"id":29541,"href":"https:\/\/pematekfcvac.unisel.edu.my\/index.php?rest_route=\/wp\/v2\/pages\/29540\/revisions\/29541"}],"wp:attachment":[{"href":"https:\/\/pematekfcvac.unisel.edu.my\/index.php?rest_route=%2Fwp%2Fv2%2Fmedia&parent=29540"}],"curies":[{"name":"wp","href":"https:\/\/api.w.org\/{rel}","templated":true}]}}