{"id":30544,"date":"2026-03-23T15:49:51","date_gmt":"2026-03-23T15:49:51","guid":{"rendered":"https:\/\/pematekfcvac.unisel.edu.my\/?page_id=30544"},"modified":"2026-03-23T15:49:51","modified_gmt":"2026-03-23T15:49:51","slug":"wer-kann-von-der-verwendung-von-avana-profitieren","status":"publish","type":"page","link":"https:\/\/pematekfcvac.unisel.edu.my\/?page_id=30544","title":{"rendered":"Wer kann von der Verwendung von Avana profitieren??"},"content":{"rendered":"<h1>H\u00e4ufig gestellte Fragen zu Avana<\/h1>\n<p>In diesem Artikel werden h\u00e4ufig gestellte Fragen zu Avana, seinen Verwendungsm\u00f6glichkeiten, Vorteilen, m\u00f6glichen Nebenwirkungen und vielem mehr behandelt.<\/p>\n<h2>Was ist Avana und wie funktioniert es??<\/h2>\n<p>Avana, allgemein bekannt als Avanafil, ist ein Medikament, das haupts\u00e4chlich zur Behandlung der erektilen Dysfunktion (ED) bei M\u00e4nnern eingesetzt wird. Es geh\u00f6rt zu einer Klasse von Arzneimitteln, die als Phosphodiesterase-Typ-5-Hemmer (PDE5) bezeichnet werden. Diese Medikamente wirken, indem sie die Durchblutung des Penis w\u00e4hrend der sexuellen Stimulation erh\u00f6hen, was dabei hilft, eine Erektion zu erreichen und aufrechtzuerhalten. Avana wirkt, indem es das Enzym blockiert, das die Blutgef\u00e4\u00dfe verengt und ihnen so erm\u00f6glicht, sich zu erweitern und die Durchblutung zu verbessern.<\/p>\n<p>Im Vergleich zu einigen anderen ED-Medikamenten setzt die Wirkung von Avana relativ schnell ein, was es f\u00fcr viele zur bevorzugten Wahl macht. Die Wirkung kann bereits nach 15 bis 30 Minuten beginnen. Seine Wirksamkeit und schnelle Reaktionszeit haben zu seiner wachsenden Beliebtheit bei denjenigen beigetragen, die Hilfe bei sexuellen Leistungsproblemen suchen.<\/p>\n<h2>Was sind die Hauptanwendungen von Avana??<\/h2>\n<p>Die Hauptanwendung von Avana ist die Behandlung der erektilen Dysfunktion, einer Erkrankung, bei der es einem Mann schwerf\u00e4llt, eine f\u00fcr den Geschlechtsverkehr geeignete Erektion zu erreichen oder aufrechtzuerhalten. Dieser Zustand kann durch verschiedene Faktoren verursacht werden, darunter Stress, Angstzust\u00e4nde, zugrunde liegende Gesundheitsprobleme oder altersbedingte Ver\u00e4nderungen. Avana hilft bei der Linderung dieser Symptome, indem es eine bessere Durchblutung f\u00f6rdert.<\/p>\n<p>W\u00e4hrend seine Hauptanwendung die Behandlung von erektiler Dysfunktion ist, gibt es Studien, die andere potenzielle Einsatzm\u00f6glichkeiten f\u00fcr PDE5-Hemmer wie Avana untersuchen. Die Forschung hat einen potenziellen Nutzen bei der Behandlung von Erkrankungen wie pulmonaler arterieller Hypertonie nahegelegt, obwohl solche Anwendungen nicht so h\u00e4ufig sind und professionelle medizinische Beratung erfordern w\u00fcrden.<\/p>\n<h2>Wer kann von der Verwendung von Avana profitieren??<\/h2>\n<p>Avana wird typischerweise erwachsenen M\u00e4nnern verschrieben, die unter erektiler Dysfunktion leiden. Es kann f\u00fcr diejenigen von gro\u00dfem Nutzen sein, die mit den psychologischen Auswirkungen der ED zu k\u00e4mpfen haben, wie z. B. einem verminderten Selbstwertgef\u00fchl und Problemen in der Partnerschaft. Durch die Wiederherstellung der sexuellen Funktion kann Avana die Lebensqualit\u00e4t und das Selbstvertrauen verbessern.<\/p>\n<p>Allerdings ist nicht jeder mit ED automatisch f\u00fcr Avana geeignet. Personen mit bestimmten Erkrankungen wie schweren Herz- oder Leberproblemen oder Personen, die Medikamente wie Nitrate einnehmen, sollten dies meiden. Ein Gesundheitsdienstleister kann dabei helfen, anhand individueller Gesundheitsprofile und Bed\u00fcrfnisse festzustellen, ob Avana geeignet ist.<\/p>\n<h2>Gibt es irgendwelche Nebenwirkungen im Zusammenhang mit Avana??<\/h2>\n<p>Wie alle Medikamente kann Avana Nebenwirkungen haben, die jedoch nicht bei jedem auftreten. H\u00e4ufige Nebenwirkungen sind Kopfschmerzen, Hitzewallungen, verstopfte Nase und Schwindel. Diese sind in der Regel mild und nehmen tendenziell ab, wenn sich der K\u00f6rper an die Medikamente gew\u00f6hnt.<\/p>\n<p>In seltenen F\u00e4llen k\u00f6nnen schwerwiegendere Nebenwirkungen auftreten, wie z. B. pl\u00f6tzlicher Sehverlust, H\u00f6rver\u00e4nderungen oder eine Erektion, die l\u00e4nger als vier Stunden anh\u00e4lt (Priapismus). Solche Zust\u00e4nde erfordern sofortige \u00e4rztliche Hilfe. F\u00fcr Benutzer ist es wichtig, sich m\u00f6glicher Reaktionen bewusst zu sein und ihren Arzt zu konsultieren, wenn sie etwas Ungew\u00f6hnliches bemerken.<\/p>\n<h2>Wie sollte Avana eingenommen werden, um die besten Ergebnisse zu erzielen??<\/h2>\n<p>F\u00fcr eine optimale Wirksamkeit sollte Avana etwa 15 bis 30 Minuten vor der sexuellen Aktivit\u00e4t eingenommen werden. Es ist wichtig, die Dosierungsanweisungen des medizinischen Fachpersonals zu befolgen. Normalerweise wird Avana nach Bedarf und nicht t\u00e4glich eingenommen.<\/p>\n<p>Der Verzehr von Avana <a href=\"https:\/\/apothekedeutsche.de\/kaufen-avana-online-ohne-rezept\">Bestellung Avanafil<\/a> zusammen mit einer gro\u00dfen Mahlzeit oder einer fettreichen Ern\u00e4hrung kann die Wirksamkeit verz\u00f6gern. Daher wird h\u00e4ufig die Einnahme auf n\u00fcchternen Magen oder nach einer leichten Mahlzeit empfohlen. Auch der Verzicht auf Alkohol kann die Wirksamkeit steigern und das Risiko von Nebenwirkungen verringern.<\/p>\n<h2>Was sollte bei der Einnahme von Avana vermieden werden??<\/h2>\n<p>W\u00e4hrend der Einnahme von Avana ist es ratsam, den Konsum gro\u00dfer Mengen Alkohol zu vermeiden, da dies die Wahrscheinlichkeit von Nebenwirkungen wie Schwindel oder Ohnmacht erh\u00f6hen kann. Dar\u00fcber hinaus kann die Kombination von Avana mit anderen ED-Medikamenten gef\u00e4hrlich sein und wird im Allgemeinen nicht empfohlen.<\/p>\n<p>Auch Grapefruit und Grapefruitsaft sollten vermieden werden, da sie die Wirksamkeit des Medikaments beeintr\u00e4chtigen und das Risiko von Nebenwirkungen erh\u00f6hen k\u00f6nnen. Wenn Sie andere Medikamente oder Nahrungserg\u00e4nzungsmittel einnehmen, ist es wichtig, diese mit Ihrem Arzt zu besprechen, um m\u00f6gliche Wechselwirkungen zu vermeiden.<\/p>\n<h2>Kann Avana zusammen mit anderen Medikamenten angewendet werden??<\/h2>\n<p>Avana kann mit bestimmten Medikamenten interagieren. Daher ist es wichtig, vor der Kombination mit anderen Behandlungen einen Arzt zu konsultieren. Nitrate, die \u00fcblicherweise gegen Brustschmerzen verschrieben werden, k\u00f6nnen bei Einnahme zusammen mit Avana zu einem erheblichen Blutdruckabfall f\u00fchren, was ein ernstes Gesundheitsrisiko darstellt.<\/p>\n<p>Andere Medikamente, die mit Avana interagieren k\u00f6nnen, umfassen einige Antibiotika, Antimykotika und Medikamente zur Behandlung von HIV. Um eine sichere Anwendung von Avana zu gew\u00e4hrleisten, ist es wichtig, Ihrem Arzt eine vollst\u00e4ndige Liste aller Arzneimittel und Nahrungserg\u00e4nzungsmittel vorzulegen, die Sie einnehmen.<\/p>\n<h2>F\u00fcr den Erhalt von Avana ist ein Rezept erforderlich?<\/h2>\n<p>Ja, Avana ist ein verschreibungspflichtiges Medikament und es ist eine R\u00fccksprache mit einem Arzt erforderlich, um es zu erhalten. Dadurch wird sichergestellt, dass das Medikament f\u00fcr den Gesundheitszustand des Patienten geeignet ist und sicher und effektiv angewendet wird.<\/p>\n<p>Der Erwerb von Avana ohne Rezept wird nicht empfohlen, da wichtige \u00e4rztliche Empfehlungen umgangen werden und das Risiko eines Missbrauchs oder unerw\u00fcnschter Wirkungen steigt. Ein Arzt wird die Vorteile und Risiken abw\u00e4gen, bevor er Avana auf der Grundlage des Gesundheitsprofils des Patienten verschreibt.<\/p>\n<h2>Wie schneidet Avana im Vergleich zu anderen \u00e4hnlichen Produkten ab??<\/h2>\n<p>Avana ist einer von mehreren PDE5-Hemmern, die zur Behandlung der erektilen Dysfunktion verf\u00fcgbar sind, darunter Sildenafil (Viagra), Tadalafil (Cialis) und Vardenafil (Levitra). Jedes dieser Medikamente wirkt \u00e4hnlich, indem es die Durchblutung steigert, sie unterscheiden sich jedoch darin, wie schnell sie wirken und wie lange ihre Wirkung anh\u00e4lt.<\/p>\n<p>Avana ist f\u00fcr seinen schnellen Wirkungseintritt bekannt und wirkt oft innerhalb von 15 bis 30 Minuten. Im Vergleich dazu ben\u00f6tigen Sildenafil und Vardenafil typischerweise etwa eine Stunde, w\u00e4hrend Tadalafil bis zu zwei Stunden dauern kann. Allerdings kann die Wirkung von Tadalafil bis zu 36 Stunden anhalten, was deutlich l\u00e4nger ist als die 6 Stunden von Avana.<\/p>\n<h2>Wo kann Avana sicher gekauft werden??<\/h2>\n<p>Avana sollte in seri\u00f6sen Apotheken gekauft werden, entweder im Gesch\u00e4ft oder online, die ein g\u00fcltiges Rezept erfordern. Dadurch wird sichergestellt, dass das Medikament echt ist und gem\u00e4\u00df den medizinischen Richtlinien abgegeben wird.<\/p>\n<p>Der Kauf von Avana aus nicht \u00fcberpr\u00fcften Quellen, insbesondere online, kann riskant sein, da gef\u00e4lschte Produkte weit verbreitet sind. Stellen Sie immer sicher, dass die Apotheke lizenziert ist und dass dem Produkt die richtige Dokumentation und Verpackung beiliegt.<\/p>\n<h2>Wie lange dauert es, bis Avana wirkt??<\/h2>\n<p>Avana ist f\u00fcr seine schnelle Wirkung bekannt, wobei viele Anwender bereits innerhalb von 15 bis 30 Minuten nach der Einnahme eine Wirkung versp\u00fcren. Dieser schnelle Wirkungseintritt macht es zu einer bequemen Option f\u00fcr diejenigen, die eine sofortige Reaktion auf sexuelle Reize suchen.<\/p>\n<p>Die Wirkungsdauer von Avana betr\u00e4gt typischerweise etwa sechs Stunden und bietet somit ein geeignetes Zeitfenster f\u00fcr sexuelle Aktivit\u00e4ten. Die individuellen Reaktionen k\u00f6nnen jedoch variieren und Faktoren wie Ern\u00e4hrung, Alkoholkonsum und allgemeine Gesundheit k\u00f6nnen die Wirksamkeit beeinflussen.<\/p>\n<h2>Gibt es besondere Lagerungsanforderungen f\u00fcr Avana??<\/h2>\n<p>Um seine Wirksamkeit aufrechtzuerhalten, sollte Avana an einem k\u00fchlen, trockenen Ort ohne direkte Sonneneinstrahlung und Feuchtigkeit gelagert werden. Die ideale Lagertemperatur ist normalerweise Raumtemperatur, etwa 20\u201325 Grad Celsius (68\u201377 Grad Fahrenheit).<\/p>\n<p>Es ist wichtig, Avana au\u00dferhalb der Reichweite von Kindern und Haustieren aufzubewahren, um ein versehentliches Verschlucken zu verhindern. Das Medikament sollte bis zur Anwendung in der Originalverpackung bleiben, um sicherzustellen, dass es frisch und nicht kontaminiert ist.<\/p>\n<h2>Was ist im Falle einer Avana-\u00dcberdosis zu tun??<\/h2>\n<p>Im Falle einer Avana-\u00dcberdosis ist sofortige \u00e4rztliche Hilfe von entscheidender Bedeutung. Zu den Symptomen einer \u00dcberdosierung k\u00f6nnen starker Schwindel, Ohnmacht oder eine anhaltende Erektion geh\u00f6ren, die das Penisgewebe sch\u00e4digen kann.<\/p>\n<p>Es ist wichtig, dem medizinischen Fachpersonal alle relevanten Informationen zur Verf\u00fcgung zu stellen, einschlie\u00dflich der eingenommenen Menge und aller anderen eingenommenen Medikamente. Eine rechtzeitige Behandlung kann schwerwiegende Komplikationen verhindern und die Sicherheit des Patienten gew\u00e4hrleisten.<\/p>\n<h2>Welche Alternativen gibt es zu Avana??<\/h2>\n<p>Zu den Alternativen zu Avana geh\u00f6ren andere PDE5-Hemmer wie Sildenafil (Viagra), Tadalafil (Cialis) und Vardenafil (Levitra). Jedes hat seine einzigartigen Eigenschaften und kann aufgrund seiner Wirkungsgeschwindigkeit oder der Dauer seiner Wirkung bevorzugt werden.<\/p>\n<p>Bei einigen Personen k\u00f6nnen auch nicht-pharmakologische Behandlungen wie \u00c4nderungen des Lebensstils, Therapie oder mechanische Hilfsmittel wie Vakuum-Erektionsger\u00e4te wirksam sein. Die Konsultation eines Gesundheitsdienstleisters kann dabei helfen, die am besten geeignete Option basierend auf dem pers\u00f6nlichen Gesundheitszustand und den pers\u00f6nlichen Vorlieben zu ermitteln.<\/p>\n<h2>Wie k\u00f6nnen potenzielle Nutzer weitere Informationen \u00fcber Avana erhalten??<\/h2>\n<p>Wer sich f\u00fcr Avana interessiert, kann zun\u00e4chst seinen Arzt konsultieren, der eine ma\u00dfgeschneiderte Beratung basierend auf den individuellen Gesundheitsbed\u00fcrfnissen und -zust\u00e4nden anbieten kann. Ein Arzt kann Ihnen auch detaillierte Informationen zu den Vorteilen, Risiken und der richtigen Anwendung geben.<\/p>\n<p>Apotheker sind eine weitere wertvolle Quelle f\u00fcr das Verst\u00e4ndnis der Wechselwirkungen und Nebenwirkungen von Medikamenten. F\u00fcr umfassende Informationen empfiehlt sich ein Blick auf die dem Medikament beiliegende Packungsbeilage, denn diese enth\u00e4lt wichtige Informationen zur Anwendung und Sicherheit.<\/p>\n","protected":false},"excerpt":{"rendered":"<p>H\u00e4ufig gestellte Fragen zu Avana In diesem Artikel werden h\u00e4ufig gestellte Fragen zu Avana, seinen [&hellip;]<\/p>\n","protected":false},"author":1,"featured_media":0,"parent":0,"menu_order":0,"comment_status":"closed","ping_status":"closed","template":"","meta":{"footnotes":""},"class_list":["post-30544","page","type-page","status-publish","hentry"],"_links":{"self":[{"href":"https:\/\/pematekfcvac.unisel.edu.my\/index.php?rest_route=\/wp\/v2\/pages\/30544","targetHints":{"allow":["GET"]}}],"collection":[{"href":"https:\/\/pematekfcvac.unisel.edu.my\/index.php?rest_route=\/wp\/v2\/pages"}],"about":[{"href":"https:\/\/pematekfcvac.unisel.edu.my\/index.php?rest_route=\/wp\/v2\/types\/page"}],"author":[{"embeddable":true,"href":"https:\/\/pematekfcvac.unisel.edu.my\/index.php?rest_route=\/wp\/v2\/users\/1"}],"replies":[{"embeddable":true,"href":"https:\/\/pematekfcvac.unisel.edu.my\/index.php?rest_route=%2Fwp%2Fv2%2Fcomments&post=30544"}],"version-history":[{"count":1,"href":"https:\/\/pematekfcvac.unisel.edu.my\/index.php?rest_route=\/wp\/v2\/pages\/30544\/revisions"}],"predecessor-version":[{"id":30545,"href":"https:\/\/pematekfcvac.unisel.edu.my\/index.php?rest_route=\/wp\/v2\/pages\/30544\/revisions\/30545"}],"wp:attachment":[{"href":"https:\/\/pematekfcvac.unisel.edu.my\/index.php?rest_route=%2Fwp%2Fv2%2Fmedia&parent=30544"}],"curies":[{"name":"wp","href":"https:\/\/api.w.org\/{rel}","templated":true}]}}