{"id":32034,"date":"2026-03-23T17:49:25","date_gmt":"2026-03-23T17:49:25","guid":{"rendered":"https:\/\/pematekfcvac.unisel.edu.my\/?page_id=32034"},"modified":"2026-03-23T17:49:25","modified_gmt":"2026-03-23T17:49:25","slug":"quels-sont-les-effets-secondaires-courants-de-la-creme-a-la-tretinoine-2","status":"publish","type":"page","link":"https:\/\/pematekfcvac.unisel.edu.my\/?page_id=32034","title":{"rendered":"Quels sont les effets secondaires courants de la cr\u00e8me \u00e0 la tr\u00e9tino\u00efne?"},"content":{"rendered":"<h1>FAQ sur la cr\u00e8me \u00e0 la tr\u00e9tino\u00efne\u00a0: r\u00e9ponses aux 10 principales questions<\/h1>\n<p>La cr\u00e8me \u00e0 la tr\u00e9tino\u00efne est un traitement de soin de la peau largement utilis\u00e9, mais de nombreuses personnes se posent des questions sur son utilisation, ses avantages et ses effets secondaires potentiels.<\/p>\n<h2>Qu&#8217;est-ce que la cr\u00e8me \u00e0 la tr\u00e9tino\u00efne et comment fonctionne-t-elle?<\/h2>\n<p>La cr\u00e8me \u00e0 la tr\u00e9tino\u00efne, un d\u00e9riv\u00e9 de la vitamine A, est principalement utilis\u00e9e en dermatologie pour sa capacit\u00e9 remarquable \u00e0 traiter l&#8217;acn\u00e9 et \u00e0 r\u00e9duire l&#8217;apparence des rides fines, la d\u00e9coloration de la peau et la peau rugueuse. Il agit en favorisant le renouvellement cellulaire, ce qui signifie qu&#8217;il aide la peau \u00e0 se d\u00e9barrasser plus efficacement des vieilles cellules, permettant ainsi \u00e0 de nouvelles cellules plus saines de remonter \u00e0 la surface. Ce processus d\u00e9bouche non seulement les pores, mais stimule \u00e9galement la production de collag\u00e8ne, essentielle au maintien de l&#8217;\u00e9lasticit\u00e9 de la peau.<\/p>\n<p>L&#8217;ingr\u00e9dient actif de la cr\u00e8me \u00e0 la tr\u00e9tino\u00efne am\u00e9liore le processus de renouvellement de la peau en se liant \u00e0 des r\u00e9cepteurs sp\u00e9cifiques dans les cellules de la peau. Cette action liante acc\u00e9l\u00e8re le cycle de vie des cellules de la peau, conduisant \u00e0 un effet exfoliant qui peut am\u00e9liorer diverses conditions dermatologiques. En cons\u00e9quence, la tr\u00e9tino\u00efne est souvent prescrite par les dermatologues pour ses propri\u00e9t\u00e9s anti-\u00e2ge et sa capacit\u00e9 \u00e0 am\u00e9liorer la texture et le tonus de la peau.<\/p>\n<h2>Comment appliquer la cr\u00e8me \u00e0 la tr\u00e9tino\u00efne pour obtenir les meilleurs r\u00e9sultats?<\/h2>\n<p>Pour des r\u00e9sultats optimaux, la cr\u00e8me \u00e0 la tr\u00e9tino\u00efne doit \u00eatre appliqu\u00e9e le soir apr\u00e8s avoir nettoy\u00e9 le visage pour \u00e9liminer la salet\u00e9 et le s\u00e9bum. Il est important de s&#8217;assurer que la peau est compl\u00e8tement s\u00e8che avant l&#8217;application, car une peau humide peut augmenter l&#8217;absorption de la cr\u00e8me, entra\u00eenant potentiellement une irritation. Une quantit\u00e9 de la taille d&#8217;un pois est g\u00e9n\u00e9ralement suffisante pour couvrir tout le visage et doit \u00eatre appliqu\u00e9e en couche mince.<\/p>\n<p>La coh\u00e9rence est la cl\u00e9 lors de l\u2019utilisation de la cr\u00e8me \u00e0 la tr\u00e9tino\u00efne. Les utilisateurs doivent l&#8217;appliquer r\u00e9guli\u00e8rement selon les directives de leur professionnel de la sant\u00e9, en commen\u00e7ant g\u00e9n\u00e9ralement par une concentration plus faible pour permettre \u00e0 la peau de s&#8217;acclimater. Il est conseill\u00e9 d&#8217;\u00e9viter d&#8217;utiliser trop de produit, car cela n&#8217;acc\u00e9l\u00e9rera pas les r\u00e9sultats et pourrait provoquer une irritation ind\u00e9sirable. L&#8217;incorporation d&#8217;une cr\u00e8me hydratante peut aider \u00e0 att\u00e9nuer la s\u00e9cheresse et la desquamation associ\u00e9es \u00e0 l&#8217;utilisation de la tr\u00e9tino\u00efne.<\/p>\n<h2>Quels sont les effets secondaires courants de la cr\u00e8me \u00e0 la tr\u00e9tino\u00efne?<\/h2>\n<p>Bien que la cr\u00e8me \u00e0 la tr\u00e9tino\u00efne soit efficace pour beaucoup, elle peut provoquer des effets secondaires, en particulier lorsque les utilisateurs commencent \u00e0 l&#8217;utiliser. Les effets secondaires courants comprennent des rougeurs, une desquamation, une s\u00e9cheresse et une sensation de br\u00fblure. Ces sympt\u00f4mes surviennent g\u00e9n\u00e9ralement \u00e0 mesure que la peau s&#8217;adapte au traitement et disparaissent souvent apr\u00e8s quelques semaines d&#8217;utilisation r\u00e9guli\u00e8re. Il est crucial de surveiller la r\u00e9ponse de la peau et d&#8217;ajuster la fr\u00e9quence d&#8217;application si n\u00e9cessaire.<\/p>\n<p>Dans certains cas, les utilisateurs peuvent ressentir une sensibilit\u00e9 accrue au soleil, ce qui rend essentiel l&#8217;utilisation quotidienne d&#8217;un \u00e9cran solaire. Les peaux tr\u00e8s sensibles peuvent trouver la phase initiale plus inconfortable, mais l&#8217;utilisation d&#8217;un nettoyant doux et d&#8217;une cr\u00e8me hydratante riche peut aider \u00e0 att\u00e9nuer ces sympt\u00f4mes. Si une irritation s\u00e9v\u00e8re persiste, il est recommand\u00e9 de consulter un dermatologue pour ajuster le plan de traitement.<\/p>\n<h2>La cr\u00e8me \u00e0 la tr\u00e9tino\u00efne peut-elle \u00eatre utilis\u00e9e sur les peaux sensibles?<\/h2>\n<p>La cr\u00e8me \u00e0 la tr\u00e9tino\u00efne <a href=\"https:\/\/livraisonsante.fr\/acheter-tretinoine-creme-sans-ordonnance\">https:\/\/livraisonsante.fr\/acheter-tretinoine-creme-sans-ordonnance<\/a> peut \u00eatre utilis\u00e9e sur les peaux sensibles, mais elle n\u00e9cessite une gestion prudente pour minimiser les irritations potentielles. Les personnes ayant la peau sensible devraient commencer avec une concentration plus faible de tr\u00e9tino\u00efne, en l&#8217;appliquant moins fr\u00e9quemment pour permettre \u00e0 leur peau de s&#8217;adapter progressivement. Il est conseill\u00e9 de surveiller de pr\u00e8s la r\u00e9action de la peau et d&#8217;envisager d&#8217;utiliser une cr\u00e8me barri\u00e8re ou une cr\u00e8me hydratante imm\u00e9diatement apr\u00e8s l&#8217;application de la tr\u00e9tino\u00efne pour r\u00e9duire la s\u00e9cheresse.<\/p>\n<p>Les personnes ayant la peau sensible peuvent \u00e9galement b\u00e9n\u00e9ficier d&#8217;un test cutan\u00e9 avant d&#8217;appliquer la tr\u00e9tino\u00efne sur l&#8217;ensemble du visage. Cela implique d&#8217;appliquer une petite quantit\u00e9 de cr\u00e8me sur une zone discr\u00e8te de la peau et d&#8217;observer tout effet ind\u00e9sirable pendant 24 heures. La patience est la cl\u00e9 et l&#8217;incorporation de produits de soin apaisants peut aider \u00e0 maintenir la sant\u00e9 de la peau tout en utilisant la tr\u00e9tino\u00efne.<\/p>\n<h2>Combien de temps faut-il pour voir les r\u00e9sultats de la cr\u00e8me \u00e0 la tr\u00e9tino\u00efne?<\/h2>\n<p>Le d\u00e9lai n\u00e9cessaire pour constater les r\u00e9sultats de la cr\u00e8me \u00e0 la tr\u00e9tino\u00efne varie selon les individus. En r\u00e8gle g\u00e9n\u00e9rale, les utilisateurs peuvent remarquer une am\u00e9lioration de la texture de la peau et une r\u00e9duction de l&#8217;acn\u00e9 dans les quatre \u00e0 six semaines suivant une utilisation r\u00e9guli\u00e8re. Cependant, pour des changements plus importants, comme la diminution des ridules et l\u2019am\u00e9lioration de l\u2019hyperpigmentation, cela peut prendre trois \u00e0 six mois d\u2019application r\u00e9guli\u00e8re.<\/p>\n<p>Il est important de rester patient et de respecter le sch\u00e9ma d&#8217;application recommand\u00e9, car une desquamation ou une rougeur initiale est courante. Au fil du temps, \u00e0 mesure que la peau s\u2019habitue au traitement, ces effets secondaires diminuent souvent et les bienfaits deviennent plus \u00e9vidents. Les utilisateurs ne doivent pas \u00eatre d\u00e9courag\u00e9s par le manque de r\u00e9sultats imm\u00e9diats, car la tr\u00e9tino\u00efne agit progressivement mais efficacement.<\/p>\n<h2>La cr\u00e8me \u00e0 la tr\u00e9tino\u00efne est-elle s\u00fbre \u00e0 utiliser pendant la grossesse?<\/h2>\n<p>L&#8217;utilisation de cr\u00e8me \u00e0 la tr\u00e9tino\u00efne pendant la grossesse n&#8217;est g\u00e9n\u00e9ralement pas recommand\u00e9e en raison des risques potentiels pour le d\u00e9veloppement du f\u0153tus. Bien que l&#8217;absorption syst\u00e9mique de la tr\u00e9tino\u00efne topique soit minime, sa similitude avec les r\u00e9tino\u00efdes oraux, connus pour provoquer des malformations cong\u00e9nitales, suscite des inqui\u00e9tudes. Par cons\u00e9quent, les prestataires de soins conseillent g\u00e9n\u00e9ralement aux femmes enceintes d\u2019\u00e9viter d\u2019utiliser la tr\u00e9tino\u00efne.<\/p>\n<p>Pour celles qui envisagent de devenir enceintes ou qui soup\u00e7onnent qu&#8217;elles pourraient l&#8217;\u00eatre, il est conseill\u00e9 de consulter un professionnel de la sant\u00e9 concernant la s\u00e9curit\u00e9 de la poursuite de l&#8217;utilisation de la tr\u00e9tino\u00efne. Des traitements alternatifs pour la peau, tels que l&#8217;acide az\u00e9la\u00efque ou l&#8217;acide glycolique, peuvent \u00eatre sugg\u00e9r\u00e9s comme options plus s\u00fbres pendant la grossesse.<\/p>\n<h2>Quelles pr\u00e9cautions doivent \u00eatre prises lors de l&#8217;utilisation de la cr\u00e8me \u00e0 la tr\u00e9tino\u00efne?<\/h2>\n<p>Pour garantir une utilisation s\u00fbre et efficace de la cr\u00e8me \u00e0 la tr\u00e9tino\u00efne, plusieurs pr\u00e9cautions doivent \u00eatre observ\u00e9es. Premi\u00e8rement, les utilisateurs doivent appliquer un \u00e9cran solaire quotidiennement, car la tr\u00e9tino\u00efne peut augmenter la sensibilit\u00e9 aux rayons UV, augmentant ainsi le risque de coup de soleil. De plus, il est pr\u00e9f\u00e9rable d\u2019\u00e9viter l\u2019\u00e9pilation \u00e0 la cire ou tout autre traitement cutan\u00e9 susceptible d\u2019irriter davantage la peau lors de l\u2019utilisation de la tr\u00e9tino\u00efne.<\/p>\n<p>Il est \u00e9galement crucial d&#8217;\u00e9viter d&#8217;appliquer de la cr\u00e8me \u00e0 la tr\u00e9tino\u00efne sur les coupures, les zones br\u00fbl\u00e9es par le soleil ou la peau ecz\u00e9mateuse. Si l&#8217;irritation devient grave, r\u00e9duire la fr\u00e9quence d&#8217;application ou passer \u00e0 une concentration plus faible peut aider. Consulter un dermatologue pour obtenir des conseils personnalis\u00e9s est souvent b\u00e9n\u00e9fique, en particulier pour les personnes souffrant d&#8217;affections cutan\u00e9es ou d&#8217;allergies existantes.<\/p>\n<h2>La cr\u00e8me \u00e0 la tr\u00e9tino\u00efne peut-elle \u00eatre combin\u00e9e avec d&#8217;autres produits de soins de la peau?<\/h2>\n<p>La cr\u00e8me \u00e0 la tr\u00e9tino\u00efne peut faire partie d&#8217;un programme de soins de la peau plus large, mais elle doit \u00eatre combin\u00e9e judicieusement avec d&#8217;autres produits pour \u00e9viter les irritations. Des nettoyants et hydratants doux qui ne contiennent pas d&#8217;alcool, de parfums ou d&#8217;autres irritants potentiels sont g\u00e9n\u00e9ralement recommand\u00e9s. Lors de l&#8217;incorporation d&#8217;ingr\u00e9dients actifs suppl\u00e9mentaires, tels que des AHA ou des BHA, les utilisateurs doivent proc\u00e9der avec prudence et id\u00e9alement \u00e9chelonner leur utilisation sur deux jours.<\/p>\n<p>Les produits hydratants contenant de l&#8217;acide hyaluronique, des c\u00e9ramides ou de la niacinamide peuvent compl\u00e9ter les effets de la tr\u00e9tino\u00efne en hydratant et en apaisant la peau. Cependant, il est pr\u00e9f\u00e9rable d&#8217;\u00e9viter d&#8217;utiliser la tr\u00e9tino\u00efne avec d&#8217;autres r\u00e9tino\u00efdes pour \u00e9viter une s\u00e9cheresse et une irritation excessives. En cas de doute, consulter un professionnel des soins de la peau peut vous aider \u00e0 \u00e9laborer un r\u00e9gime qui maximise les bienfaits tout en minimisant les risques.<\/p>\n<h2>Comment la cr\u00e8me \u00e0 la tr\u00e9tino\u00efne se compare-t-elle aux autres r\u00e9tino\u00efdes?<\/h2>\n<p>La tr\u00e9tino\u00efne est l&#8217;un des nombreux r\u00e9tino\u00efdes disponibles pour les soins de la peau, chacun ayant ses propri\u00e9t\u00e9s et ses atouts uniques. Compar\u00e9e au r\u00e9tinol en vente libre, la tr\u00e9tino\u00efne est plus puissante et donne g\u00e9n\u00e9ralement des r\u00e9sultats plus rapides, ce qui en fait un choix privil\u00e9gi\u00e9 pour traiter l&#8217;acn\u00e9 s\u00e9v\u00e8re ou les signes prononc\u00e9s du vieillissement. Cependant, cette puissance signifie \u00e9galement que la tr\u00e9tino\u00efne peut provoquer davantage d&#8217;irritation, en particulier chez les peaux sensibles.<\/p>\n<p>D&#8217;autres r\u00e9tino\u00efdes, tels que l&#8217;adapal\u00e8ne et le tazarot\u00e8ne, offrent des options alternatives avec des concentrations et des profils d&#8217;effets secondaires variables. L&#8217;adapal\u00e8ne, par exemple, est souvent connu pour son action plus douce, ce qui le rend adapt\u00e9 \u00e0 ceux qui luttent contre les effets secondaires de la tr\u00e9tino\u00efne. Le choix du bon r\u00e9tino\u00efde d\u00e9pend souvent du type de peau, des pr\u00e9occupations sp\u00e9cifiques et de la tol\u00e9rance, les conseils d&#8217;un dermatologue \u00e9tant inestimables.<\/p>\n<h2>Que devez-vous faire si vous ressentez une irritation due \u00e0 la cr\u00e8me \u00e0 la tr\u00e9tino\u00efne?<\/h2>\n<p>Si une irritation survient lors de l&#8217;utilisation de la cr\u00e8me \u00e0 la tr\u00e9tino\u00efne, il est important de prendre des mesures imm\u00e9diates pour soulager les sympt\u00f4mes. R\u00e9duire la fr\u00e9quence d&#8217;application, par exemple en l&#8217;appliquant tous les deux soirs, peut souvent aider la peau \u00e0 s&#8217;adapter. Il est \u00e9galement b\u00e9n\u00e9fique d&#8217;utiliser une cr\u00e8me hydratante douce pour lutter contre la s\u00e9cheresse et la desquamation.<\/p>\n<p>En cas d&#8217;irritation importante, l&#8217;arr\u00eat temporaire de l&#8217;utilisation permet \u00e0 la peau de r\u00e9cup\u00e9rer. Les utilisateurs doivent \u00e9galement s&#8217;assurer qu&#8217;ils appliquent quotidiennement un \u00e9cran solaire pour prot\u00e9ger leur peau d&#8217;une sensibilit\u00e9 accrue au soleil. Si l&#8217;irritation persiste malgr\u00e9 ces mesures, la consultation d&#8217;un dermatologue est indispensable pour r\u00e9\u00e9valuer l&#8217;approche th\u00e9rapeutique et envisager des options alternatives.<\/p>\n<h2>Y a-t-il des effets \u00e0 long terme li\u00e9s \u00e0 l&#8217;utilisation de la cr\u00e8me \u00e0 la tr\u00e9tino\u00efne?<\/h2>\n<p>L&#8217;utilisation \u00e0 long terme de la cr\u00e8me \u00e0 la tr\u00e9tino\u00efne est g\u00e9n\u00e9ralement consid\u00e9r\u00e9e comme s\u00fbre et peut offrir des avantages durables pour la sant\u00e9 de la peau. De nombreux utilisateurs trouvent qu&#8217;une utilisation continue aide \u00e0 maintenir l&#8217;am\u00e9lioration de l&#8217;acn\u00e9, de la texture et de l&#8217;apparence g\u00e9n\u00e9rale de la peau. Cependant, une utilisation prolong\u00e9e n\u00e9cessite une protection solaire constante pour \u00e9viter les dommages potentiels dus \u00e0 une sensibilit\u00e9 accrue aux UV.<\/p>\n<p>Certains utilisateurs peuvent ressentir une s\u00e9cheresse ou une sensibilit\u00e9 persistante, qui peuvent \u00eatre g\u00e9r\u00e9es par des pratiques de soins de la peau appropri\u00e9es. Il est important de revoir p\u00e9riodiquement sa routine de soins de la peau avec un dermatologue pour s&#8217;assurer qu&#8217;elle reste adapt\u00e9e \u00e0 l&#8217;\u00e9volution des besoins de la peau au fil du temps. L&#8217;utilisation \u00e0 long terme de la tr\u00e9tino\u00efne n&#8217;entra\u00eene g\u00e9n\u00e9ralement pas d&#8217;effets ind\u00e9sirables graves lorsqu&#8217;elle est utilis\u00e9e conform\u00e9ment aux instructions, ce qui en fait une option fiable pour de nombreuses personnes cherchant \u00e0 am\u00e9liorer la sant\u00e9 de leur peau.<\/p>\n","protected":false},"excerpt":{"rendered":"<p>FAQ sur la cr\u00e8me \u00e0 la tr\u00e9tino\u00efne\u00a0: r\u00e9ponses aux 10 principales questions La cr\u00e8me \u00e0 [&hellip;]<\/p>\n","protected":false},"author":1,"featured_media":0,"parent":0,"menu_order":0,"comment_status":"closed","ping_status":"closed","template":"","meta":{"footnotes":""},"class_list":["post-32034","page","type-page","status-publish","hentry"],"_links":{"self":[{"href":"https:\/\/pematekfcvac.unisel.edu.my\/index.php?rest_route=\/wp\/v2\/pages\/32034","targetHints":{"allow":["GET"]}}],"collection":[{"href":"https:\/\/pematekfcvac.unisel.edu.my\/index.php?rest_route=\/wp\/v2\/pages"}],"about":[{"href":"https:\/\/pematekfcvac.unisel.edu.my\/index.php?rest_route=\/wp\/v2\/types\/page"}],"author":[{"embeddable":true,"href":"https:\/\/pematekfcvac.unisel.edu.my\/index.php?rest_route=\/wp\/v2\/users\/1"}],"replies":[{"embeddable":true,"href":"https:\/\/pematekfcvac.unisel.edu.my\/index.php?rest_route=%2Fwp%2Fv2%2Fcomments&post=32034"}],"version-history":[{"count":1,"href":"https:\/\/pematekfcvac.unisel.edu.my\/index.php?rest_route=\/wp\/v2\/pages\/32034\/revisions"}],"predecessor-version":[{"id":32035,"href":"https:\/\/pematekfcvac.unisel.edu.my\/index.php?rest_route=\/wp\/v2\/pages\/32034\/revisions\/32035"}],"wp:attachment":[{"href":"https:\/\/pematekfcvac.unisel.edu.my\/index.php?rest_route=%2Fwp%2Fv2%2Fmedia&parent=32034"}],"curies":[{"name":"wp","href":"https:\/\/api.w.org\/{rel}","templated":true}]}}