{"id":35470,"date":"2026-03-24T03:32:56","date_gmt":"2026-03-24T03:32:56","guid":{"rendered":"https:\/\/pematekfcvac.unisel.edu.my\/?page_id=35470"},"modified":"2026-03-24T03:32:56","modified_gmt":"2026-03-24T03:32:56","slug":"razumijevanje-generickog-lijeka-zithromax-i-njegove-upotrebe-2","status":"publish","type":"page","link":"https:\/\/pematekfcvac.unisel.edu.my\/?page_id=35470","title":{"rendered":"Razumijevanje generi\u010dkog lijeka Zithromax i njegove upotrebe"},"content":{"rendered":"<h1>Kako pravilno koristiti Zithromax Generic<\/h1>\n<p>Razumijevanje pravilne upotrebe Zithromax Generic klju\u010dno je za u\u010dinkovito lije\u010denje i smanjenje mogu\u0107ih rizika.<\/p>\n<h2>Razumijevanje generi\u010dkog lijeka Zithromax i njegove upotrebe<\/h2>\n<p>Zithromax, generi\u010dki poznat kao azitromicin, na\u0161iroko je kori\u0161ten antibiotik koji pripada klasi makrolida. Obi\u010dno se propisuje za lije\u010denje raznih bakterijskih infekcija, uklju\u010duju\u0107i respiratorne infekcije, infekcije uha i spolno prenosive infekcije. Lijek djeluje tako da inhibira rast bakterija, \u010dime poma\u017ee tjelesnom imunolo\u0161kom sustavu u borbi protiv infekcije.<\/p>\n<p>Svestranost Zithromax Generic \u010dini ga vrijednom opcijom u borbi protiv \u0161irokog spektra bakterijskih infekcija. Njegova u\u010dinkovitost u lije\u010denju uobi\u010dajenih bolesti poput bronhitisa, upale plu\u0107a i sinusitisa dobro je dokumentirana. Pacijenti \u010desto cijene njegovu pogodnost jer obi\u010dno zahtijeva kra\u0107i tijek lije\u010denja u usporedbi s drugim antibioticima.<\/p>\n<h2>Smjernice za doziranje za Zithromax Generic<\/h2>\n<p>Doziranje lijeka Zithromax Generic varira ovisno o vrsti i te\u017eini infekcije koja se lije\u010di. Op\u0107enito, za odrasle, tipi\u010dni te\u010daj mo\u017ee zapo\u010deti vi\u0161om dozom prvog dana, nakon \u010dega slijedi smanjena koli\u010dina sljede\u0107ih dana. Na primjer, uobi\u010dajeni re\u017eim je doza od 500 mg prvi dan, nakon \u010dega slijedi 250 mg jednom dnevno tijekom sljede\u0107a \u010detiri dana.<\/p>\n<p>Za djecu se doza obi\u010dno izra\u010dunava na temelju tjelesne te\u017eine, a klju\u010dno je pridr\u017eavati se pedijatrijskih smjernica za doziranje koje daje zdravstveni djelatnik. Va\u017eno je dovr\u0161iti cijeli tijek lije\u010denja kako je propisano, \u010dak i ako se simptomi pobolj\u0161aju, kako bi se osiguralo da je infekcija potpuno iskorijenjena i sprije\u010dila otpornost na antibiotike.<\/p>\n<h2>Kako sigurno uzimati Zithromax Generic<\/h2>\n<p>Zithromax Generic treba uzimati to\u010dno prema uputama lije\u010dnika. Mo\u017ee se uzimati sa ili bez hrane, iako uzimanje s hranom mo\u017ee pomo\u0107i u smanjenju \u017eelu\u010danih tegoba. Bitno je uzimati svaku dozu u isto vrijeme dnevno kako bi se odr\u017eale postojane razine lijeka u krvotoku.<\/p>\n<p>Bolesnici bi trebali izbjegavati antacide koji sadr\u017ee aluminij ili magnezij unutar 2 sata prije ili nakon uzimanja Zithromax Generic, jer oni mogu utjecati na apsorpciju lijeka. Preporu\u010duje se piti puno vode kako bi bubrezi u\u010dinkovitije obradili lijek.<\/p>\n<h2>Potencijalne nuspojave generi\u010dkog lijeka Zithromax<\/h2>\n<p>Kao i svaki drugi lijek, Zithromax Generic mo\u017ee izazvati nuspojave. Uobi\u010dajeni u\u010dinci uklju\u010duju mu\u010dninu, povra\u0107anje, proljev i bol u trbuhu. Te su nuspojave uglavnom blage i nestaju nakon \u0161to se tijelo prilagodi na lijek.<\/p>\n<p>Me\u0111utim, mogu se pojaviti ozbiljnije nuspojave, poput problema s jetrom, promjena sr\u010danog ritma ili te\u0161kih alergijskih reakcija. Klju\u010dno je posavjetovati se s lije\u010dnikom ako se pojave bilo kakvi neuobi\u010dajeni ili ozbiljni simptomi, jer mogu zahtijevati hitnu lije\u010dni\u010dku pomo\u0107.<\/p>\n<h2>Interakcije s drugim lijekovima<\/h2>\n<p>Zithromax Generic mo\u017ee stupiti <a href=\"https:\/\/zdravadostava.org\/narudzba-zithromax-genericki-online-bez-recepta\">https:\/\/zdravadostava.org\/narudzba-zithromax-genericki-online-bez-recepta<\/a> u interakciju s nekoliko drugih lijekova, potencijalno mijenjaju\u0107i njihove u\u010dinke ili pove\u0107avaju\u0107i rizik od nuspojava. Na primjer, kombiniranje s razrje\u0111iva\u010dima krvi kao \u0161to je varfarin mo\u017ee pove\u0107ati rizik od krvarenja. Sli\u010dno tome, mo\u017ee utjecati na razine odre\u0111enih lijekova za srce, \u0161to dovodi do potencijalnih problema sa sr\u010danim ritmom.<\/p>\n<p>Va\u017eno je da pacijenti obavijeste svoje lije\u010dnike o svim lijekovima koje uzimaju, uklju\u010duju\u0107i lijekove na recept, lijekove bez recepta i biljne dodatke prehrani, kako bi izbjegli mogu\u0107e interakcije.<\/p>\n<h2>Mjere opreza prije uporabe Zithromax Generic<\/h2>\n<p>Prije po\u010detka lije\u010denja lijekom Zithromax Generic, pacijenti bi trebali razgovarati o svojoj cjelokupnoj povijesti bolesti sa svojim lije\u010dnikom. To uklju\u010duje sve poznate alergije, osobito na antibiotike, kao i sva postoje\u0107a medicinska stanja poput bolesti jetre ili sr\u010danih aritmija.<\/p>\n<p>Pojedinci s povije\u0161\u0107u bolesti bubrega ili oni koji imaju odre\u0111ene mi\u0161i\u0107ne poreme\u0107aje mogu zahtijevati posebno razmatranje ili prilagodbu doze. Trudnice ili dojilje tako\u0111er bi se trebale posavjetovati sa svojim lije\u010dnikom kako bi odvagnule potencijalne koristi i rizike kori\u0161tenja Zithromax Generica.<\/p>\n<h2>\u0160to u\u010diniti u slu\u010daju propu\u0161tene doze<\/h2>\n<p>Ako se propusti doza lijeka Zithromax Generic, treba je uzeti \u010dim se bolesnik sjeti. Me\u0111utim, ako je blizu vrijeme za sljede\u0107u planiranu dozu, propu\u0161tenu dozu treba presko\u010diti kako bi se izbjeglo uzimanje dvostruke doze. Odr\u017eavanje redovitog rasporeda doziranja va\u017eno je za u\u010dinkovitost lije\u010denja.<\/p>\n<p>Bolesnici ne bi trebali poku\u0161avati nadoknaditi propu\u0161tene doze uzimanjem dodatnih lijekova jer to mo\u017ee pove\u0107ati rizik od nuspojava. Preporu\u010dljivo je konzultirati se s pru\u017eateljem zdravstvene skrbi za smjernice ako se propusti vi\u0161e doza.<\/p>\n<h2>Kako pravilno \u010duvati Zithromax Generic<\/h2>\n<p>Zithromax Generic treba \u010duvati na sobnoj temperaturi, dalje od prekomjerne topline i vlage. Va\u017eno je lijek \u010duvati u originalnom pakiranju, dobro zatvoren i izvan dohvata djece i ku\u0107nih ljubimaca kako bi se sprije\u010dilo slu\u010dajno gutanje.<\/p>\n<p>Lijekove kojima je istekao rok valjanosti ili neiskori\u0161tene lijekove treba pravilno zbrinuti, slijede\u0107i lokalne smjernice ili preporuke ljekarne, kako bi se osiguralo da ne predstavljaju rizik za druge ili okoli\u0161.<\/p>\n<h2>Prepoznavanje alergijskih reakcija na Zithromax Generic<\/h2>\n<p>Alergijske reakcije na Zithromax Generic mogu se manifestirati na razli\u010dite na\u010dine, uklju\u010duju\u0107i ko\u017ene osipe, svrbe\u017e i oticanje, osobito lica, usana ili jezika. U te\u0161kim slu\u010dajevima, pacijenti mogu imati pote\u0161ko\u0107e s disanjem, \u0161to zahtijeva hitnu lije\u010dni\u010dku pomo\u0107.<\/p>\n<p>Ako se jave bilo kakvi znakovi alergijske reakcije, va\u017eno je prekinuti uzimanje lijeka i odmah potra\u017eiti savjet lije\u010dnika. Svijest o mogu\u0107im alergijskim reakcijama mo\u017ee sprije\u010diti ozbiljne zdravstvene komplikacije.<\/p>\n<h2>Zithromax Generic tijekom trudno\u0107e i dojenja<\/h2>\n<p>Dok se Zithromax Generic op\u0107enito smatra sigurnim tijekom trudno\u0107e, treba ga koristiti samo kada je to neophodno i prema uputama zdravstvenog radnika. Potencijalne koristi treba odvagnuti u odnosu na sve mogu\u0107e rizike za nero\u0111eno dijete.<\/p>\n<p>Za majke koje doje, Zithromax Generic mo\u017ee prije\u0107i u maj\u010dino mlijeko, ali zna\u010dajni u\u010dinci na dojen\u010de nisu vjerojatni. Me\u0111utim, va\u017eno je da majke razgovaraju o svim nedoumicama sa svojim lije\u010dnikom kako bi osigurale sigurnost svog djeteta.<\/p>\n<h2>Pra\u0107enje u\u010dinkovitosti i kada potra\u017eiti lije\u010dni\u010dki savjet<\/h2>\n<p>Pacijenti bi trebali pratiti svoje simptome tijekom cijelog lije\u010denja kako bi bili sigurni da je lijek u\u010dinkovit. Pobolj\u0161anje se obi\u010dno primijeti unutar nekoliko dana, ali ako simptomi potraju ili se pogor\u0161aju, va\u017eno je kontaktirati lije\u010dnika.<\/p>\n<p>Redoviti kontrolni pregledi mogu pomo\u0107i u procjeni u\u010dinkovitosti lije\u010denja i odrediti jesu li potrebne bilo kakve prilagodbe. Ako nuspojave postanu nepodno\u0161ljive ili ozbiljne, tra\u017eenje lije\u010dni\u010dkog savjeta klju\u010dno je za sigurnost pacijenata.<\/p>\n<h2>Uobi\u010dajene zablude o Zithromax Generiku<\/h2>\n<p>Jedna od uobi\u010dajenih zabluda je da su generi\u010dki lijekovi manje u\u010dinkoviti od njihovih pandana pod markom. Me\u0111utim, Zithromax Generic mora zadovoljiti iste standarde kvalitete, sigurnosti i u\u010dinkovitosti kao i verzija s markom. Pacijenti mogu biti sigurni da dobivaju pouzdanu opciju lije\u010denja.<\/p>\n<p>Druga zabluda je da se Zithromax Generic mo\u017ee koristiti za lije\u010denje virusnih infekcija, poput obi\u010dne prehlade ili gripe. Va\u017eno je napomenuti da su antibiotici poput Zithromaxa u\u010dinkoviti samo protiv bakterijskih infekcija i ne smiju se koristiti bez razlike kako bi se izbjeglo doprino\u0161enje otpornosti na antibiotike.<\/p>\n<h2>Usporedba generi\u010dkog Zithromaxa s opcijama robne marke<\/h2>\n<p>Primarna razlika izme\u0111u Zithromax Generic i njegovog analognog brenda, Zithromaxa, le\u017ei u cijeni. Generi\u010dke verzije obi\u010dno su pristupa\u010dnije, a zadr\u017eavaju iste terapijske u\u010dinke, \u0161to ih \u010dini isplativom opcijom za mnoge pacijente.<\/p>\n<p>I generi\u010dke i za\u0161ti\u0107ene verzije sadr\u017ee isti aktivni sastojak, azitromicin, i podlije\u017eu rigoroznim ispitivanjima kako bi se osigurala njihova u\u010dinkovitost i sigurnost. Odabir izme\u0111u to dvoje \u010desto ovisi o osobnim preferencijama, osiguranju i tro\u0161kovima.<\/p>\n<h2>\u010cesto postavljana pitanja o generi\u010dkoj upotrebi Zithromaxa<\/h2>\n<p>Mnogi pacijenti imaju pitanja o kori\u0161tenju Zithromax Generic, kao \u0161to je njegova u\u010dinkovitost u usporedbi s drugim antibioticima i kako upravljati nuspojavama. Preporu\u010dljivo je konzultirati se s pru\u017eateljem zdravstvenih usluga za personalizirane savjete i osigurati da se lijek pravilno koristi.<\/p>\n<p>Zabrinutost zbog rezistencije na antibiotike i va\u017enosti zavr\u0161etka cijelog tijeka lije\u010denja tako\u0111er su \u010deste teme. Razumijevanje ovih aspekata poma\u017ee pacijentima u dono\u0161enju informiranih odluka o svojoj zdravstvenoj skrbi i promi\u010de odgovornu upotrebu antibiotika.<\/p>\n","protected":false},"excerpt":{"rendered":"<p>Kako pravilno koristiti Zithromax Generic Razumijevanje pravilne upotrebe Zithromax Generic klju\u010dno je za u\u010dinkovito lije\u010denje [&hellip;]<\/p>\n","protected":false},"author":1,"featured_media":0,"parent":0,"menu_order":0,"comment_status":"closed","ping_status":"closed","template":"","meta":{"footnotes":""},"class_list":["post-35470","page","type-page","status-publish","hentry"],"_links":{"self":[{"href":"https:\/\/pematekfcvac.unisel.edu.my\/index.php?rest_route=\/wp\/v2\/pages\/35470","targetHints":{"allow":["GET"]}}],"collection":[{"href":"https:\/\/pematekfcvac.unisel.edu.my\/index.php?rest_route=\/wp\/v2\/pages"}],"about":[{"href":"https:\/\/pematekfcvac.unisel.edu.my\/index.php?rest_route=\/wp\/v2\/types\/page"}],"author":[{"embeddable":true,"href":"https:\/\/pematekfcvac.unisel.edu.my\/index.php?rest_route=\/wp\/v2\/users\/1"}],"replies":[{"embeddable":true,"href":"https:\/\/pematekfcvac.unisel.edu.my\/index.php?rest_route=%2Fwp%2Fv2%2Fcomments&post=35470"}],"version-history":[{"count":1,"href":"https:\/\/pematekfcvac.unisel.edu.my\/index.php?rest_route=\/wp\/v2\/pages\/35470\/revisions"}],"predecessor-version":[{"id":35471,"href":"https:\/\/pematekfcvac.unisel.edu.my\/index.php?rest_route=\/wp\/v2\/pages\/35470\/revisions\/35471"}],"wp:attachment":[{"href":"https:\/\/pematekfcvac.unisel.edu.my\/index.php?rest_route=%2Fwp%2Fv2%2Fmedia&parent=35470"}],"curies":[{"name":"wp","href":"https:\/\/api.w.org\/{rel}","templated":true}]}}