{"id":35882,"date":"2026-03-24T05:19:58","date_gmt":"2026-03-24T05:19:58","guid":{"rendered":"https:\/\/pematekfcvac.unisel.edu.my\/?page_id=35882"},"modified":"2026-03-24T05:19:58","modified_gmt":"2026-03-24T05:19:58","slug":"a-nolvadex-generic-megertese-felhasznalasok-es-elonyok-2","status":"publish","type":"page","link":"https:\/\/pematekfcvac.unisel.edu.my\/?page_id=35882","title":{"rendered":"A Nolvadex Generic meg\u00e9rt\u00e9se: felhaszn\u00e1l\u00e1sok \u00e9s el\u0151ny\u00f6k"},"content":{"rendered":"<h1>Nolvadex generikus \u00e9s alkohol\/\u00e9tel: mi biztons\u00e1gos, mi nem<\/h1>\n<p>A Nolvadex Generic, az alkohol \u00e9s az \u00e9lelmiszer k\u00f6z\u00f6tti k\u00f6lcs\u00f6nhat\u00e1sok meg\u00e9rt\u00e9se kulcsfontoss\u00e1g\u00fa a hat\u00e9konys\u00e1g \u00e9s az \u00e1ltal\u00e1nos eg\u00e9szs\u00e9g meg\u0151rz\u00e9se szempontj\u00e1b\u00f3l.<\/p>\n<h2>A Nolvadex Generic meg\u00e9rt\u00e9se: felhaszn\u00e1l\u00e1sok \u00e9s el\u0151ny\u00f6k<\/h2>\n<p>A Nolvadex Generic, k\u00f6zismert nev\u00e9n tamoxifen, els\u0151sorban az eml\u0151r\u00e1k kezel\u00e9s\u00e9re haszn\u00e1lt gy\u00f3gyszer. K\u00fcl\u00f6n\u00f6sen hat\u00e9kony a hormonreceptor-pozit\u00edv eml\u0151r\u00e1kban, ahol szelekt\u00edv \u00f6sztrog\u00e9n receptor modul\u00e1tork\u00e9nt (SERM) m\u0171k\u00f6dik. Az \u00f6sztrog\u00e9nreceptorokhoz k\u00f6t\u0151dve a Nolvadex lelass\u00edthatja vagy le\u00e1ll\u00edthatja a r\u00e1kos sejtek n\u00f6veked\u00e9s\u00e9t, amelyek szaporod\u00e1s\u00e1hoz \u00f6sztrog\u00e9nre van sz\u00fcks\u00e9g.<\/p>\n<p>Az eml\u0151r\u00e1k kezel\u00e9s\u00e9ben val\u00f3 alkalmaz\u00e1sa mellett a Nolvadex Generic-et megel\u0151z\u0151 int\u00e9zked\u00e9sk\u00e9nt is alkalmazz\u00e1k azok sz\u00e1m\u00e1ra, akikn\u00e9l magas a mellr\u00e1k kialakul\u00e1s\u00e1nak kock\u00e1zata. Jelent\u0151s szerepet j\u00e1tszik a ki\u00fajul\u00e1s kock\u00e1zat\u00e1nak cs\u00f6kkent\u00e9s\u00e9ben azokn\u00e1l a betegekn\u00e9l, akik m\u00e1r \u00e1testek a kezdeti kezel\u00e9seken. Ezenk\u00edv\u00fcl hasznoss\u00e1ga kiterjed m\u00e1s \u00e1llapotokra is, p\u00e9ld\u00e1ul az anovul\u00e1ci\u00f3s rendelleness\u00e9gekkel kapcsolatos medd\u0151s\u00e9gre.<\/p>\n<h2>Hogyan m\u0171k\u00f6dik a Nolvadex Generic a szervezetben<\/h2>\n<p>A Nolvadex Generic \u00fagy m\u0171k\u00f6dik, hogy megzavarja az \u00f6sztrog\u00e9n \u00fatvonalat a szervezetben. Az \u00f6sztrog\u00e9n egy hormon, amely el\u0151seg\u00edtheti bizonyos t\u00edpus\u00fa eml\u0151r\u00e1ksejtek n\u00f6veked\u00e9s\u00e9t. Az \u00f6sztrog\u00e9nreceptorokhoz val\u00f3 k\u00f6t\u0151d\u00e9s r\u00e9v\u00e9n a Nolvadex megakad\u00e1lyozza, hogy az \u00f6sztrog\u00e9n k\u00f6t\u0151dj\u00f6n ezekhez a receptorokhoz, ez\u00e1ltal g\u00e1tolja a r\u00e1kos sejtek n\u00f6veked\u00e9s\u00e9t \u00e9s oszt\u00f3d\u00e1s\u00e1t.<\/p>\n<p>Ez a hat\u00e1smechanizmus a Nolvadexet \u00e9rt\u00e9kes eszk\u00f6zz\u00e9 teszi mind a megl\u00e9v\u0151 r\u00e1k kezel\u00e9s\u00e9ben, mind a j\u00f6v\u0151beni el\u0151fordul\u00e1sok megel\u0151z\u00e9s\u00e9ben. A gy\u00f3gyszer els\u0151sorban a m\u00e1jban metaboliz\u00e1l\u00f3dik, \u00e9s akt\u00edv metabolitokk\u00e1 alakul, amelyek tov\u00e1bbra is anti\u00f6sztrog\u00e9n hat\u00e1st fejtenek ki. Ez a folyamat r\u00e1vil\u00e1g\u00edt a m\u00e1jm\u0171k\u00f6d\u00e9s fontoss\u00e1g\u00e1ra a gy\u00f3gyszer hat\u00e9kony alkalmaz\u00e1s\u00e1ban.<\/p>\n<h2>Alkohol \u00e9s Nolvadex Generic: lehets\u00e9ges k\u00f6lcs\u00f6nhat\u00e1sok<\/h2>\n<p>A Nolvadex Generic alkohol melletti alkalmaz\u00e1s\u00e1nak m\u00e9rlegel\u00e9sekor fontos tiszt\u00e1ban lenni a lehets\u00e9ges k\u00f6lcs\u00f6nhat\u00e1sokkal. Az alkohol befoly\u00e1solhatja sz\u00e1mos gy\u00f3gyszer anyagcser\u00e9j\u00e9t, bele\u00e9rtve a Nolvadexet is, az\u00e1ltal, hogy befoly\u00e1solja a gy\u00f3gyszer lebont\u00e1s\u00e1\u00e9rt felel\u0151s m\u00e1jenzimeket. Ez potenci\u00e1lisan megv\u00e1ltoztathatja a gy\u00f3gyszer hat\u00e9konys\u00e1g\u00e1t \u00e9s n\u00f6velheti a mell\u00e9khat\u00e1sok kock\u00e1zat\u00e1t.<\/p>\n<p>B\u00e1r nincs szil\u00e1rd bizony\u00edt\u00e9k arra vonatkoz\u00f3an, hogy a m\u00e9rt\u00e9kletes alkoholfogyaszt\u00e1s k\u00f6zvetlen\u00fcl befoly\u00e1soln\u00e1 a Nolvadex ter\u00e1pi\u00e1s hat\u00e1sait, a t\u00falzott alkoholfogyaszt\u00e1s komplik\u00e1ci\u00f3khoz vezethet. Az alkohol m\u00e1jm\u0171k\u00f6d\u00e9sre gyakorolt \u200b\u200bhat\u00e1sa k\u00fcl\u00f6n\u00f6sen aggaszt\u00f3, mivel befoly\u00e1solhatja a m\u00e1j azon k\u00e9pess\u00e9g\u00e9t, hogy megfelel\u0151en feldolgozza a Nolvadexet.<\/p>\n<h2>A Nolvadex Generic alkohollal val\u00f3 kombin\u00e1l\u00e1s\u00e1nak hat\u00e1sai<\/h2>\n<p>A Nolvadex Generic alkohollal val\u00f3 kombin\u00e1l\u00e1sa fokozott mell\u00e9khat\u00e1sokhoz vagy a gy\u00f3gyszer hat\u00e9konys\u00e1g\u00e1nak cs\u00f6kken\u00e9s\u00e9hez vezethet. Az egyik els\u0151dleges aggodalom a m\u00e1jk\u00e1rosod\u00e1s lehet\u0151s\u00e9ge. Az alkohol \u00e9s a Nolvadex is a m\u00e1jban metaboliz\u00e1l\u00f3dik, \u00e9s a t\u00falzott alkoholfogyaszt\u00e1s s\u00falyosb\u00edthatja a m\u00e1jterhel\u00e9st, ami m\u00e1jm\u0171k\u00f6d\u00e9si zavarokhoz vezethet.<\/p>\n<p>A betegek fokozott mell\u00e9khat\u00e1sokat tapasztalhatnak, p\u00e9ld\u00e1ul h\u00e1nyingert, sz\u00e9d\u00fcl\u00e9st vagy f\u00e1radts\u00e1got, ha a Nolvadex mellett alkoholt is fogyasztanak. Ezek a t\u00fcnetek befoly\u00e1solhatj\u00e1k a mindennapi m\u0171k\u00f6d\u00e9st \u00e9s az \u00e1ltal\u00e1nos \u00e9letmin\u0151s\u00e9get. Ez\u00e9rt a m\u00e9rt\u00e9kletess\u00e9g kulcsfontoss\u00e1g\u00fa, \u00e9s az egy\u00e9neknek gondosan ellen\u0151rizni\u00fck kell alkoholfogyaszt\u00e1sukat, mik\u00f6zben ezt a gy\u00f3gyszert szedik.<\/p>\n<h2>Biztons\u00e1gos alkoholfogyaszt\u00e1s a Nolvadex Generic haszn\u00e1lata k\u00f6zben<\/h2>\n<p>A Nolvadex Generic-et szed\u0151k sz\u00e1m\u00e1ra az alkoholfogyaszt\u00e1s legbiztons\u00e1gosabb m\u00f3dja a m\u00e9rt\u00e9kletess\u00e9g. \u00c1ltal\u00e1ban aj\u00e1nlott minim\u00e1lisra korl\u00e1tozni az alkoholfogyaszt\u00e1st, \u00f6sszhangban a nemzeti eg\u00e9szs\u00e9g\u00fcgyi ir\u00e1nyelvekkel, amelyek gyakran legfeljebb napi egy szok\u00e1sos ital fogyaszt\u00e1s\u00e1t javasolj\u00e1k a n\u0151knek \u00e9s kett\u0151n\u00e9l a f\u00e9rfiaknak.<\/p>\n<p>A betegeknek meg kell besz\u00e9lni\u00fck alkoholfogyaszt\u00e1si szok\u00e1saikat <a href=\"https:\/\/gyors-patika.net\/nolvadex-generikus-online-veny-nelkul\">https:\/\/gyors-patika.net\/nolvadex-generikus-online-veny-nelkul<\/a> eg\u00e9szs\u00e9g\u00fcgyi szolg\u00e1ltat\u00f3ikkal, hogy a tan\u00e1csokat saj\u00e1t eg\u00e9szs\u00e9g\u00fcgyi sz\u00fcks\u00e9gleteikhez \u00e9s gy\u00f3gyszeres kezel\u00e9s\u00fckh\u00f6z igaz\u00edts\u00e1k. Ez a szem\u00e9lyre szabott megk\u00f6zel\u00edt\u00e9s biztos\u00edtja, hogy a lehets\u00e9ges kock\u00e1zatok minim\u00e1lisra cs\u00f6kkenjenek, \u00e9s a kezel\u00e9s hat\u00e9konys\u00e1ga nem s\u00e9r\u00fcl.<\/p>\n<h2>Di\u00e9t\u00e1s megfontol\u00e1sok a Nolvadex Generic haszn\u00e1lat\u00e1val<\/h2>\n<p>Az \u00e9trend d\u00f6nt\u0151 szerepet j\u00e1tszik a Nolvadex Generic hat\u00e9konys\u00e1g\u00e1ban \u00e9s mell\u00e9khat\u00e1sprofilj\u00e1ban. Az alapvet\u0151 t\u00e1panyagokban gazdag kiegyens\u00falyozott \u00e9trend t\u00e1mogathatja az \u00e1ltal\u00e1nos eg\u00e9szs\u00e9get, \u00e9s seg\u00edthet a szervezetnek jobban megbirk\u00f3zni a r\u00e1kkezel\u00e9s lehets\u00e9ges mell\u00e9khat\u00e1saival.<\/p>\n<p>Noha a Nolvadex-felhaszn\u00e1l\u00f3k sz\u00e1m\u00e1ra nincsenek meghat\u00e1rozott \u00e9tkez\u00e9si korl\u00e1toz\u00e1sok, \u00e1ltal\u00e1ban javasolt a tel\u00edtett zs\u00edrszeg\u00e9ny, valamint a magas gy\u00fcm\u00f6lcs- \u00e9s z\u00f6lds\u00e9gtartalm\u00fa \u00e9trend fenntart\u00e1sa. Ez nemcsak az \u00e1ltal\u00e1nos eg\u00e9szs\u00e9gi \u00e1llapotot t\u00e1mogatja, hanem seg\u00edthet cs\u00f6kkenteni a r\u00e1k ki\u00fajul\u00e1s\u00e1nak kock\u00e1zat\u00e1t.<\/p>\n<h2>A Nolvadex Generic szed\u00e9se sor\u00e1n ker\u00fclend\u0151 \u00e9lelmiszerek<\/h2>\n<p>Bizonyos \u00e9lelmiszerek befoly\u00e1solhatj\u00e1k a Nolvadex Generic metabolizmus\u00e1t, ez\u00e9rt \u00f3vatosan kell fogyasztani. A grapefruitr\u00f3l \u00e9s a grapefruitl\u00e9r\u0151l p\u00e9ld\u00e1ul ismert, hogy befoly\u00e1solja a gy\u00f3gyszer-anyagcser\u00e9\u00e9rt felel\u0151s enzimrendszert, ami potenci\u00e1lisan megn\u00f6vekedett gy\u00f3gyszerszinthez vezethet a v\u00e9r\u00e1ramban.<\/p>\n<p>Ezenk\u00edv\u00fcl a felhaszn\u00e1l\u00f3knak \u00f3vatosnak kell lenni\u00fck a sz\u00f3jaterm\u00e9kekkel. B\u00e1r a bizony\u00edt\u00e9kok nem teljesen meggy\u0151z\u0151ek, a sz\u00f3ja fito\u00f6sztrog\u00e9neket tartalmaz, amelyek befoly\u00e1solhatj\u00e1k a Nolvadex hat\u00e9konys\u00e1g\u00e1t. Am\u00edg tov\u00e1bbi v\u00e9gleges kutat\u00e1sok nem \u00e1llnak rendelkez\u00e9sre, b\u00f6lcs dolog ezeket m\u00e9rt\u00e9kkel fogyasztani.<\/p>\n<h2>T\u00e1pl\u00e1lkoz\u00e1si aj\u00e1nl\u00e1sok Nolvadex generikus felhaszn\u00e1l\u00f3knak<\/h2>\n<p>A Nolvadex Generic-et szed\u0151 betegeknek antioxid\u00e1nsokban, rostokban \u00e9s sov\u00e1ny feh\u00e9rj\u00e9kben gazdag \u00e9trendet kell fogyasztaniuk. Az olyan \u00e9lelmiszerek, mint a bogy\u00f3k, leveles z\u00f6lds\u00e9gek, teljes ki\u0151rl\u00e9s\u0171 gabon\u00e1k \u00e9s halak alapvet\u0151 t\u00e1panyagokat biztos\u00edthatnak, amelyek t\u00e1mogatj\u00e1k az immunrendszer m\u0171k\u00f6d\u00e9s\u00e9t \u00e9s az \u00e1ltal\u00e1nos j\u00f3l\u00e9tet.<\/p>\n<p>A hidrat\u00e1lts\u00e1g \u00e9s az eg\u00e9szs\u00e9ges tests\u00faly meg\u0151rz\u00e9se szint\u00e9n fontos szempont. A megfelel\u0151 folyad\u00e9kbevitel seg\u00edti a szervezet megfelel\u0151 m\u0171k\u00f6d\u00e9s\u00e9t, \u00e9s potenci\u00e1lisan hozz\u00e1j\u00e1rul bizonyos mell\u00e9khat\u00e1sok minimaliz\u00e1l\u00e1s\u00e1hoz. A dietetikussal val\u00f3 rendszeres konzult\u00e1ci\u00f3 hasznos lehet egy szem\u00e9lyre szabott t\u00e1pl\u00e1lkoz\u00e1si terv elk\u00e9sz\u00edt\u00e9s\u00e9ben.<\/p>\n<h2>A Nolvadex Generic gyakori mell\u00e9khat\u00e1sai<\/h2>\n<p>Mint minden gy\u00f3gyszer, a Nolvadex Generic is sz\u00e1mos lehets\u00e9ges mell\u00e9khat\u00e1ssal j\u00e1r. A gyakran jelentett probl\u00e9m\u00e1k k\u00f6z\u00e9 tartozik a h\u0151hull\u00e1mok, a f\u00e1radts\u00e1g \u00e9s a hangulati ingadoz\u00e1sok. B\u00e1r ezek \u00e1ltal\u00e1ban kezelhet\u0151k, m\u00e9gis befoly\u00e1solhatj\u00e1k a p\u00e1ciens \u00e9letmin\u0151s\u00e9g\u00e9t.<\/p>\n<p>Egy\u00e9b kev\u00e9sb\u00e9 gyakori, de s\u00falyosabb mell\u00e9khat\u00e1sok k\u00f6z\u00e9 tartozik a v\u00e9rr\u00f6g\u00f6k \u00e9s az endometrium elv\u00e1ltoz\u00e1sok fokozott kock\u00e1zata. Kulcsfontoss\u00e1g\u00fa, hogy a betegek tiszt\u00e1ban legyenek ezekkel a kock\u00e1zatokkal, \u00e9s forduljanak orvoshoz, ha olyan t\u00fcneteket tapasztalnak, mint a szokatlan v\u00e9rz\u00e9s vagy f\u00e1jdalom.<\/p>\n<h2>A mell\u00e9khat\u00e1sok kezel\u00e9se: tippek \u00e9s strat\u00e9gi\u00e1k<\/h2>\n<p>A Nolvadex Generic mell\u00e9khat\u00e1sainak kezel\u00e9se \u00e9letm\u00f3d-m\u00f3dos\u00edt\u00e1sok \u00e9s orvosi beavatkoz\u00e1sok kombin\u00e1ci\u00f3j\u00e1t foglalja mag\u00e1ban. A rendszeres fizikai aktivit\u00e1s \u00e9s a stresszcs\u00f6kkent\u0151 technik\u00e1k, p\u00e9ld\u00e1ul a j\u00f3ga vagy a medit\u00e1ci\u00f3 seg\u00edthet enyh\u00edteni az olyan t\u00fcneteket, mint a f\u00e1radts\u00e1g \u00e9s a hangulatv\u00e1ltoz\u00e1sok.<\/p>\n<p>H\u0151hull\u00e1mok eset\u00e9n hat\u00e9kony lehet a h\u0171v\u00f6s tart\u00e1s, a r\u00e9teges \u00f6lt\u00f6zk\u00f6d\u00e9s \u00e9s az olyan kiv\u00e1lt\u00f3 okok elker\u00fcl\u00e9se, mint a f\u0171szeres \u00e9telek. Az eg\u00e9szs\u00e9g\u00fcgyi szolg\u00e1ltat\u00f3k gy\u00f3gyszereket vagy kieg\u00e9sz\u00edt\u0151ket is javasolhatnak a tart\u00f3sabb mell\u00e9khat\u00e1sok kezel\u00e9s\u00e9ben.<\/p>\n<h2>Konzult\u00e1ci\u00f3 eg\u00e9szs\u00e9g\u00fcgyi szolg\u00e1ltat\u00f3kkal: feltehet\u0151 k\u00e9rd\u00e9sek<\/h2>\n<p>A betegeknek ny\u00edlt kommunik\u00e1ci\u00f3t kell fenntartaniuk eg\u00e9szs\u00e9g\u00fcgyi szolg\u00e1ltat\u00f3ikkal, hogy kezel\u00e9s\u00fcket hat\u00e9konyan tudj\u00e1k kezelni. A kulcsfontoss\u00e1g\u00fa k\u00e9rd\u00e9sek k\u00f6z\u00e9 tartozik, hogy a Nolvadex hogyan l\u00e9p k\u00f6lcs\u00f6nhat\u00e1sba m\u00e1s gy\u00f3gyszerekkel, milyen mell\u00e9khat\u00e1sok v\u00e1rhat\u00f3k, \u00e9s hogyan kell kezelni \u0151ket.<\/p>\n<p>C\u00e9lszer\u0171 \u00e9rdekl\u0151dni a kezel\u00e9s id\u0151tartam\u00e1r\u00f3l \u00e9s a megfigyel\u00e9si folyamatr\u00f3l is. Ezeknek a szempontoknak a meg\u00e9rt\u00e9se k\u00e9pess\u00e9 teheti a betegeket arra, hogy megalapozott d\u00f6nt\u00e9seket hozzanak eg\u00e9szs\u00e9g\u00fcgyi \u00fatjukkal kapcsolatban.<\/p>\n<h2>Az el\u0151\u00edrt adagok betart\u00e1s\u00e1nak fontoss\u00e1ga<\/h2>\n<p>A Nolvadex Generic el\u0151\u00edrt adagj\u00e1nak betart\u00e1sa kulcsfontoss\u00e1g\u00fa a hat\u00e9konys\u00e1ga szempontj\u00e1b\u00f3l. Az aj\u00e1nlott adagt\u00f3l val\u00f3 elt\u00e9r\u00e9s cs\u00f6kkentheti a hat\u00e9konys\u00e1got vagy n\u00f6velheti a mell\u00e9khat\u00e1sok kock\u00e1zat\u00e1t. A betegeknek gondosan be kell tartaniuk eg\u00e9szs\u00e9g\u00fcgyi szolg\u00e1ltat\u00f3juk utas\u00edt\u00e1sait.<\/p>\n<p>Abban az esetben, ha egy adag kimarad, a betegeknek tan\u00e1csot kell k\u00e9rni\u00fck, hogy a lehet\u0151 leghamarabb vegy\u00e9k be, vagy folytass\u00e1k a k\u00f6vetkez\u0151 adaggal. Ez biztos\u00edtja, hogy a gy\u00f3gyszerszintek \u00e1lland\u00f3ak \u00e9s hat\u00e9konyak maradjanak.<\/p>\n<h2>Nolvadex Generic: M\u00edtoszok \u00e9s t\u00e9vhitek<\/h2>\n<p>Sz\u00e1mos m\u00edtosz \u00e9s t\u00e9vhit kering a Nolvadex Generic k\u00f6r\u00fcl, amelyek zavart okozhatnak. Az egyik gyakori t\u00e9vhit az, hogy az eml\u0151r\u00e1k minden t\u00edpus\u00e1ra \u00f6n\u00e1ll\u00f3 kezel\u00e9sk\u00e9nt alkalmazhat\u00f3, ami pontatlan, mivel kifejezetten a hormonreceptor-pozit\u00edv t\u00edpusokra hat\u00e1sos.<\/p>\n<p>Egy m\u00e1sik m\u00edtosz az, hogy a Nolvadex mindig s\u00falyos mell\u00e9khat\u00e1sokat okoz. B\u00e1r a mell\u00e9khat\u00e1sok lehets\u00e9gesek, egy\u00e9nenk\u00e9nt nagyon elt\u00e9r\u0151ek. A betegek oktat\u00e1sa ezekr\u0151l a t\u00e9vhitekr\u0151l seg\u00edthet abban, hogy re\u00e1lis perspekt\u00edv\u00e1val k\u00f6zel\u00edts\u00e9k meg a kezel\u00e9st.<\/p>\n<h2>A Nolvadex Generic hossz\u00fa t\u00e1v\u00fa haszn\u00e1lata: Biztons\u00e1g \u00e9s fel\u00fcgyelet<\/h2>\n<p>A Nolvadex Generic hossz\u00fa t\u00e1v\u00fa alkalmaz\u00e1sa gyakran sz\u00fcks\u00e9ges az eml\u0151r\u00e1k ki\u00fajul\u00e1s\u00e1nak megel\u0151z\u00e9s\u00e9hez. Az elh\u00faz\u00f3d\u00f3 kezel\u00e9s azonban gondos monitoroz\u00e1st ig\u00e9nyel az olyan lehets\u00e9ges kock\u00e1zatok kezel\u00e9se \u00e9rdek\u00e9ben, mint a v\u00e9rr\u00f6g\u00f6k vagy az endometrium elv\u00e1ltoz\u00e1sok.<\/p>\n<p>A rendszeres ellen\u0151rz\u0151 tal\u00e1lkoz\u00f3k \u00e9s vizsg\u00e1latok kritikus fontoss\u00e1g\u00faak annak biztos\u00edt\u00e1s\u00e1hoz, hogy minden k\u00e1ros hat\u00e1st vagy sz\u00f6v\u0151dm\u00e9nyt id\u0151ben \u00e9szleljenek. A betegeknek szorosan egy\u00fctt kell m\u0171k\u00f6dni\u00fck eg\u00e9szs\u00e9g\u00fcgyi csapatukkal, hogy figyelemmel k\u00eds\u00e9rj\u00e9k eg\u00e9szs\u00e9gi \u00e1llapotukat, \u00e9s sz\u00fcks\u00e9g szerint m\u00f3dos\u00edts\u00e1k a kezel\u00e9si terveket.<\/p>\n<h2>T\u00e1mogat\u00e1s \u00e9s forr\u00e1sok Nolvadex generikus betegek sz\u00e1m\u00e1ra<\/h2>\n<p>A t\u00e1mogat\u00e1s l\u00e9tfontoss\u00e1g\u00fa eleme a sikeres Nolvadex Generic kezel\u00e9snek. A betegek hasznot h\u00fazhatnak a t\u00e1mogat\u00f3 csoportokhoz val\u00f3 csatlakoz\u00e1sb\u00f3l, ahol tapasztalataikat \u00e9s megk\u00fczd\u00e9si strat\u00e9gi\u00e1jukat oszthatj\u00e1k meg m\u00e1sokkal hasonl\u00f3 helyzetekben. Ezek a csoportok \u00e9rzelmi t\u00e1mogat\u00e1st \u00e9s gyakorlati tan\u00e1csokat k\u00edn\u00e1lnak, amelyek nagyban jav\u00edthatj\u00e1k a kezel\u00e9si \u00e9lm\u00e9nyt.<\/p>\n<p>Ezenk\u00edv\u00fcl az olyan forr\u00e1sok, mint a betegt\u00e1j\u00e9koztat\u00f3 f\u00fczetek \u00e9s az online f\u00f3rumok \u00e9rt\u00e9kes inform\u00e1ci\u00f3kat \u00e9s megnyugv\u00e1st ny\u00fajtanak. Az eg\u00e9szs\u00e9g\u00fcgyi szolg\u00e1ltat\u00f3k multidiszciplin\u00e1ris csapat\u00e1hoz val\u00f3 hozz\u00e1f\u00e9r\u00e9s \u00e1tfog\u00f3 ell\u00e1t\u00e1st biztos\u00edt, amely a betegek fizikai \u00e9s pszichol\u00f3giai sz\u00fcks\u00e9gleteit egyar\u00e1nt kiel\u00e9g\u00edti.<\/p>\n","protected":false},"excerpt":{"rendered":"<p>Nolvadex generikus \u00e9s alkohol\/\u00e9tel: mi biztons\u00e1gos, mi nem A Nolvadex Generic, az alkohol \u00e9s az [&hellip;]<\/p>\n","protected":false},"author":1,"featured_media":0,"parent":0,"menu_order":0,"comment_status":"closed","ping_status":"closed","template":"","meta":{"footnotes":""},"class_list":["post-35882","page","type-page","status-publish","hentry"],"_links":{"self":[{"href":"https:\/\/pematekfcvac.unisel.edu.my\/index.php?rest_route=\/wp\/v2\/pages\/35882","targetHints":{"allow":["GET"]}}],"collection":[{"href":"https:\/\/pematekfcvac.unisel.edu.my\/index.php?rest_route=\/wp\/v2\/pages"}],"about":[{"href":"https:\/\/pematekfcvac.unisel.edu.my\/index.php?rest_route=\/wp\/v2\/types\/page"}],"author":[{"embeddable":true,"href":"https:\/\/pematekfcvac.unisel.edu.my\/index.php?rest_route=\/wp\/v2\/users\/1"}],"replies":[{"embeddable":true,"href":"https:\/\/pematekfcvac.unisel.edu.my\/index.php?rest_route=%2Fwp%2Fv2%2Fcomments&post=35882"}],"version-history":[{"count":1,"href":"https:\/\/pematekfcvac.unisel.edu.my\/index.php?rest_route=\/wp\/v2\/pages\/35882\/revisions"}],"predecessor-version":[{"id":35883,"href":"https:\/\/pematekfcvac.unisel.edu.my\/index.php?rest_route=\/wp\/v2\/pages\/35882\/revisions\/35883"}],"wp:attachment":[{"href":"https:\/\/pematekfcvac.unisel.edu.my\/index.php?rest_route=%2Fwp%2Fv2%2Fmedia&parent=35882"}],"curies":[{"name":"wp","href":"https:\/\/api.w.org\/{rel}","templated":true}]}}