{"id":36096,"date":"2026-03-24T06:30:17","date_gmt":"2026-03-24T06:30:17","guid":{"rendered":"https:\/\/pematekfcvac.unisel.edu.my\/?page_id=36096"},"modified":"2026-03-24T06:30:17","modified_gmt":"2026-03-24T06:30:17","slug":"pochopenie-vareniklinu-mechanizmus-a-vyhody-2","status":"publish","type":"page","link":"https:\/\/pematekfcvac.unisel.edu.my\/?page_id=36096","title":{"rendered":"Pochopenie varenikl\u00ednu: mechanizmus a v\u00fdhody"},"content":{"rendered":"<h1>Pom\u00f4cky na odvykanie od faj\u010denia, ktor\u00e9 pred\u00e1vame: varenikl\u00edn a behavior\u00e1lne pom\u00f4cky: doktor Q&amp;A<\/h1>\n<p>Tento \u010dl\u00e1nok sk\u00fama mechanizmy, v\u00fdhody a strat\u00e9gie spojen\u00e9 s varenikl\u00ednom a behavior\u00e1lnymi pom\u00f4ckami pri podpore odvykania od faj\u010denia, s postrehmi od medic\u00ednskych odborn\u00edkov.<\/p>\n<h2>Pochopenie varenikl\u00ednu: mechanizmus a v\u00fdhody<\/h2>\n<p>Varenikl\u00edn, pred\u00e1van\u00fd pod zna\u010dkou Champix vo Ve\u013ekej Brit\u00e1nii, funguje tak, \u017ee sa zameriava na nikot\u00ednov\u00e9 receptory v mozgu. Tieto receptory s\u00fa prim\u00e1rne zodpovedn\u00e9 za n\u00e1vykov\u00e9 vlastnosti nikot\u00ednu. V\u00e4zbou na tieto receptory varenikl\u00edn zni\u017euje pr\u00edjemn\u00e9 \u00fa\u010dinky faj\u010denia a zmier\u0148uje abstinen\u010dn\u00e9 pr\u00edznaky. Toto dvojit\u00e9 p\u00f4sobenie z neho rob\u00ed presved\u010div\u00fa mo\u017enos\u0165 pre t\u00fdch, ktor\u00ed chc\u00fa presta\u0165 faj\u010di\u0165.<\/p>\n<p>V\u00fdhody varenikl\u00ednu presahuj\u00fa jeho biochemick\u00e9 \u00fa\u010dinky. \u0160t\u00fadie uk\u00e1zali, \u017ee faj\u010diari u\u017e\u00edvaj\u00faci varenikl\u00edn maj\u00fa v\u00e4\u010d\u0161iu pravdepodobnos\u0165, \u017ee sa zdr\u017eia faj\u010denia v porovnan\u00ed s t\u00fdmi, ktor\u00ed u\u017e\u00edvaj\u00fa placebo. Jeho \u00fa\u010dinnos\u0165 sa \u010falej zvy\u0161uje v kombin\u00e1cii so \u0161trukt\u00farovan\u00fdm programom na odvykanie od faj\u010denia, \u010do pod\u010diarkuje d\u00f4le\u017eitos\u0165 komplexn\u00e9ho pr\u00edstupu k odvykaniu.<\/p>\n<h2>Behavior\u00e1lne pom\u00f4cky: typy a \u00fa\u010dinnos\u0165<\/h2>\n<p>Behavior\u00e1lne pom\u00f4cky zah\u0155\u0148aj\u00fa r\u00f4zne strat\u00e9gie ur\u010den\u00e9 na podporu jednotlivcov na ich ceste presta\u0165 faj\u010di\u0165. Tieto pom\u00f4cky zah\u0155\u0148aj\u00fa poradenstvo, kognit\u00edvno-behavior\u00e1lnu terapiu (CBT) a motiva\u010dn\u00e9 rozhovory. Ka\u017ed\u00e1 z t\u00fdchto met\u00f3d sa zameriava na zmenu psychologick\u00fdch aspektov z\u00e1vislosti od faj\u010denia, ako s\u00fa n\u00e1vyky a sp\u00fa\u0161\u0165a\u010de.<\/p>\n<p>\u00da\u010dinnos\u0165 behavior\u00e1lnych pom\u00f4cok spo\u010d\u00edva v ich schopnosti rie\u0161i\u0165 behavior\u00e1lne a emocion\u00e1lne zlo\u017eky faj\u010denia. Poradensk\u00e9 stretnutia poskytuj\u00fa personalizovan\u00fa podporu a strat\u00e9gie zvl\u00e1dania, zatia\u013e \u010do CBT pom\u00e1ha preformulova\u0165 my\u0161lienkov\u00e9 vzorce s\u00favisiace s faj\u010den\u00edm. V\u00fdskum nazna\u010duje, \u017ee v kombin\u00e1cii s lie\u010debn\u00fdmi postupmi, ako je varenikl\u00edn, behavior\u00e1lne pom\u00f4cky v\u00fdrazne zvy\u0161uj\u00fa pravdepodobnos\u0165 \u00faspe\u0161n\u00e9ho ukon\u010denia faj\u010denia.<\/p>\n<h2>Kombin\u00e1cia varenikl\u00ednu s pom\u00f4ckami spr\u00e1vania<\/h2>\n<p>Na dosiahnutie optim\u00e1lnych v\u00fdsledkov sa \u010dasto odpor\u00fa\u010da kombinova\u0165 varenikl\u00edn s behavior\u00e1lnymi pom\u00f4ckami. Tento integra\u010dn\u00fd pr\u00edstup vyu\u017e\u00edva farmakologick\u00e9 v\u00fdhody varenikl\u00ednu a z\u00e1rove\u0148 rie\u0161i psychologick\u00e9 a behavior\u00e1lne zlo\u017eky z\u00e1vislosti. T\u00fdmto zvykom sa vyrovn\u00e1va z viacer\u00fdch uhlov, \u010d\u00edm zvy\u0161uje \u0161ance na dlhodob\u00fd \u00faspech.<\/p>\n<p>\u0160t\u00fadie nazna\u010duj\u00fa, \u017ee faj\u010diari, ktor\u00ed pou\u017e\u00edvaj\u00fa varenikl\u00edn aj behavior\u00e1lne pom\u00f4cky, maj\u00fa vy\u0161\u0161iu mieru odvykania ako t\u00ed, ktor\u00ed pou\u017e\u00edvaj\u00fa iba jednu z met\u00f3d. T\u00e1to synergia ilustruje d\u00f4le\u017eitos\u0165 holistick\u00e9ho pr\u00edstupu k odvykaniu od faj\u010denia, uzn\u00e1vaj\u00fac komplexn\u00fa s\u00fahru medzi fyzickou z\u00e1vislos\u0165ou a psychickou z\u00e1vislos\u0165ou.<\/p>\n<h2>\u010cast\u00e9 ved\u013eaj\u0161ie \u00fa\u010dinky varenikl\u00ednu<\/h2>\n<p>Ako ka\u017ed\u00fd liek, aj varenikl\u00edn m\u00e1 potenci\u00e1lne ved\u013eaj\u0161ie \u00fa\u010dinky. Medzi naj\u010dastej\u0161ie hl\u00e1sen\u00e9 patr\u00ed nevo\u013enos\u0165, nespavos\u0165 a \u017eiv\u00e9 sny. Tieto ved\u013eaj\u0161ie \u00fa\u010dinky s\u00fa zvy\u010dajne mierne a maj\u00fa tendenciu ustupova\u0165, ke\u010f sa telo prisp\u00f4sobuje lieku.<\/p>\n<p>Pre jednotlivcov, ktor\u00ed zva\u017euj\u00fa varenikl\u00edn, je k\u013e\u00fa\u010dov\u00e9, aby tieto potenci\u00e1lne ved\u013eaj\u0161ie \u00fa\u010dinky prediskutovali so svoj\u00edm poskytovate\u013eom zdravotnej starostlivosti. Pochopen\u00edm toho, \u010do m\u00f4\u017eu pacienti o\u010dak\u00e1va\u0165, m\u00f4\u017eu by\u0165 lep\u0161ie pripraven\u00ed zvl\u00e1dnu\u0165 ak\u00e9ko\u013evek nepohodlie a pokra\u010dova\u0165 v \u00fasil\u00ed presta\u0165 faj\u010di\u0165.<\/p>\n<h2>Ako behavior\u00e1lne pom\u00f4cky zvy\u0161uj\u00fa \u00fasilie presta\u0165 faj\u010di\u0165<\/h2>\n<p>Behavior\u00e1lne pom\u00f4cky zvy\u0161uj\u00fa snahu presta\u0165 faj\u010di\u0165 t\u00fdm, \u017ee poskytuj\u00fa z\u00e1kladn\u00fa psychologick\u00fa podporu. Pom\u00e1haj\u00fa jednotlivcom identifikova\u0165 a zvl\u00e1da\u0165 sp\u00fa\u0161\u0165a\u010de, rozv\u00edja\u0165 strat\u00e9gie zvl\u00e1dania a udr\u017eiava\u0165 motiv\u00e1ciu po\u010das cel\u00e9ho procesu odvykania. T\u00e1to podpora je \u017eivotne d\u00f4le\u017eit\u00e1, preto\u017ee ment\u00e1lne prek\u00e1\u017eky odvykania m\u00f4\u017eu by\u0165 \u010dasto n\u00e1ro\u010dnej\u0161ie ako fyzick\u00e9.<\/p>\n<p>Okrem toho behavior\u00e1lne pom\u00f4cky podporuj\u00fa pocit <a href=\"https:\/\/starostlivost-zdravia.com\/\">Starostlivos\u0165 Zdravia<\/a> zodpovednosti a povzbudzovania. Pravideln\u00e9 stretnutia s terapeutom alebo podpornou skupinou m\u00f4\u017eu udr\u017ea\u0165 \u00farove\u0148 motiv\u00e1cie na vysokej \u00farovni a zabezpe\u010di\u0165, aby jednotlivci zostali oddan\u00ed svojmu cie\u013eu nefaj\u010di\u0165.<\/p>\n<h2>Lek\u00e1rom odpor\u00fa\u010dan\u00e9 strat\u00e9gie presta\u0165 faj\u010di\u0165<\/h2>\n<p>Lek\u00e1ri \u010dasto odpor\u00fa\u010daj\u00fa kombin\u00e1ciu liekov a behavior\u00e1lnych intervenci\u00ed ako naj\u00fa\u010dinnej\u0161iu strat\u00e9giu na odvykanie od faj\u010denia. Tento komplexn\u00fd pr\u00edstup sa zaober\u00e1 fyzick\u00fdmi aj psychologick\u00fdmi aspektmi z\u00e1vislosti a poskytuje komplexn\u00fd syst\u00e9m podpory.<\/p>\n<p>Okrem toho m\u00f4\u017eu lek\u00e1ri navrhn\u00fa\u0165 stanovenie d\u00e1tumu presta\u0165 faj\u010di\u0165, odstr\u00e1ni\u0165 sp\u00fa\u0161\u0165a\u010de faj\u010denia z prostredia a zapoji\u0165 sa do pravidelnej fyzickej aktivity ako s\u00fa\u010das\u0165 pl\u00e1nu presta\u0165 faj\u010di\u0165. Tieto strat\u00e9gie spolu s lek\u00e1rskymi a behavior\u00e1lnymi intervenciami vytv\u00e1raj\u00fa siln\u00fd r\u00e1mec pre \u00faspech.<\/p>\n<h2>Personalizovan\u00e9 pl\u00e1ny presta\u0165 faj\u010di\u0165: \u010do m\u00f4\u017eete o\u010dak\u00e1va\u0165<\/h2>\n<p>Personalizovan\u00e9 pl\u00e1ny presta\u0165 faj\u010di\u0165 s\u00fa prisp\u00f4soben\u00e9 tak, aby vyhovovali jedine\u010dn\u00fdm potreb\u00e1m ka\u017ed\u00e9ho jednotlivca. Tieto pl\u00e1ny zvy\u010dajne za\u010d\u00ednaj\u00fa hodnoten\u00edm hist\u00f3rie faj\u010diara, sp\u00fa\u0161\u0165a\u010dov a predch\u00e1dzaj\u00facich pokusov presta\u0165 faj\u010di\u0165. Odtia\u013e sa vyv\u00edja prisp\u00f4soben\u00fd pr\u00edstup, ktor\u00fd \u010dasto zah\u0155\u0148a kombin\u00e1ciu liekov, behavior\u00e1lnej terapie a zmien \u017eivotn\u00e9ho \u0161t\u00fdlu.<\/p>\n<p>Pacienti m\u00f4\u017eu o\u010dak\u00e1va\u0165 pravideln\u00e9 n\u00e1sledn\u00e9 kontroly u svojho poskytovate\u013ea zdravotnej starostlivosti, aby mohli sledova\u0165 pokrok a pod\u013ea potreby upravi\u0165 pl\u00e1n. T\u00e1to personalizovan\u00e1 pozornos\u0165 zais\u0165uje, \u017ee podpora zostane relevantn\u00e1 a \u00fa\u010dinn\u00e1 po\u010das cel\u00e9ho procesu odvykania.<\/p>\n<h2>Miera \u00faspe\u0161nosti: Varenikl\u00edn vs. Behavior\u00e1lne pom\u00f4cky<\/h2>\n<p>Miera \u00faspe\u0161nosti odvykania od faj\u010denia samotn\u00fdm varenikl\u00ednom je v\u00fdznamn\u00e1, pri\u010dom \u0161t\u00fadie ukazuj\u00fa, \u017ee m\u00f4\u017ee viac ako zdvojn\u00e1sobi\u0165 \u0161ance na odvykanie v porovnan\u00ed s placebom. Behavior\u00e1lne pom\u00f4cky sa tie\u017e m\u00f4\u017eu pochv\u00e1li\u0165 p\u00f4sobivou mierou \u00faspe\u0161nosti, najm\u00e4 ak sa pou\u017e\u00edvaj\u00fa d\u00f4sledne ako s\u00fa\u010das\u0165 komplexn\u00e9ho pl\u00e1nu.<\/p>\n<p>Najv\u00e4\u010d\u0161\u00ed \u00faspech sa v\u0161ak \u010dasto pozoruje, ke\u010f sa varenikl\u00edn kombinuje s pom\u00f4ckami na spr\u00e1vanie. T\u00e1to kombin\u00e1cia rie\u0161i v\u0161etky aspekty z\u00e1vislosti a pon\u00faka vyv\u00e1\u017een\u00fd pr\u00edstup, ktor\u00fd v\u00fdrazne zvy\u0161uje pravdepodobnos\u0165 dlhodob\u00e9ho odvykania.<\/p>\n<h2>Rie\u0161enie probl\u00e9mov: bezpe\u010dnos\u0165 a z\u00e1vislos\u0165<\/h2>\n<p>Be\u017en\u00e9 s\u00fa obavy o bezpe\u010dnos\u0165 a potenci\u00e1lnu z\u00e1vislos\u0165 od pom\u00f4cok na odvykanie od faj\u010denia, ako je varenikl\u00edn. Rozsiahly v\u00fdskum v\u0161ak uk\u00e1zal, \u017ee varenikl\u00edn je bezpe\u010dn\u00fd pre v\u00e4\u010d\u0161inu jedincov, pri\u010dom jeho pr\u00ednosy preva\u017euj\u00fa nad rizikami v s\u00favislosti s odvykan\u00edm od faj\u010denia.<\/p>\n<p>Na rozdiel od nikot\u00ednov\u00fdch substitu\u010dn\u00fdch terapi\u00ed varenikl\u00edn neobsahuje nikot\u00edn, \u010d\u00edm sa eliminuje riziko vzniku sekund\u00e1rnej z\u00e1vislosti. Ako v\u017edy je d\u00f4le\u017eit\u00e9, aby sa jednotlivci poradili so svoj\u00edm poskytovate\u013eom zdravotnej starostlivosti s cie\u013eom ur\u010di\u0165 najlep\u0161\u00ed postup na z\u00e1klade ich \u0161pecifick\u00e9ho zdravotn\u00e9ho profilu.<\/p>\n<h2>Pr\u00edpadov\u00e9 \u0161t\u00fadie zo skuto\u010dn\u00e9ho sveta: Pr\u00edbehy o \u00faspechu<\/h2>\n<p>Pr\u00edpadov\u00e9 \u0161t\u00fadie z re\u00e1lneho sveta poskytuj\u00fa cenn\u00e9 poznatky o \u00fa\u010dinnosti varenikl\u00ednu a behavior\u00e1lnych pom\u00f4cok. Mnoh\u00ed b\u00fdval\u00ed faj\u010diari pripisuj\u00fa svoj \u00faspech kombin\u00e1cii t\u00fdchto met\u00f3d, pri\u010dom zd\u00f4raz\u0148uj\u00fa d\u00f4le\u017eitos\u0165 mnohostrann\u00e9ho pr\u00edstupu.<\/p>\n<p>Napr\u00edklad jedna pr\u00edpadov\u00e1 \u0161t\u00fadia m\u00f4\u017ee op\u00edsa\u0165 dlhodob\u00e9ho faj\u010diara, ktor\u00fd \u00faspe\u0161ne prestal po tom, \u010do sa z\u00fa\u010dastnil t\u00fd\u017edenn\u00fdch poradensk\u00fdch seden\u00ed po\u010das u\u017e\u00edvania varenikl\u00ednu. Tak\u00e9to pr\u00edbehy nie s\u00fa nezvy\u010dajn\u00e9 a sl\u00fa\u017eia ako siln\u00e9 svedectv\u00e1 o potenci\u00e1li t\u00fdchto podporn\u00fdch prostriedkov na odvykanie od faj\u010denia.<\/p>\n<h2>Tipy na zvl\u00e1danie t\u00fa\u017eby a abstinen\u010dn\u00fdch pr\u00edznakov<\/h2>\n<p>Zvl\u00e1dnutie t\u00fa\u017eby a abstinen\u010dn\u00fdch pr\u00edznakov je kritick\u00fdm aspektom odvykania od faj\u010denia. Strat\u00e9gie zah\u0155\u0148aj\u00fa identifik\u00e1ciu sp\u00fa\u0161\u0165a\u010dov, praktizovanie techn\u00edk na zn\u00ed\u017eenie stresu, ako je hlbok\u00e9 d\u00fdchanie alebo medit\u00e1cia, a zanepr\u00e1zdnenie sa aktivitami, ktor\u00e9 odv\u00e1dzaj\u00fa pozornos\u0165 od t\u00fa\u017eob.<\/p>\n<p>Poskytovatelia zdravotnej starostlivosti \u010dasto odpor\u00fa\u010daj\u00fa ma\u0165 zaveden\u00fd podporn\u00fd syst\u00e9m, \u010di u\u017e prostredn\u00edctvom priate\u013eov, rodiny alebo podporn\u00fdch skup\u00edn, aby poskytli povzbudenie a zodpovednos\u0165. Kombin\u00e1cia t\u00fdchto strat\u00e9gi\u00ed s lek\u00e1rskymi a behavior\u00e1lnymi intervenciami m\u00f4\u017ee v\u00fdrazne u\u013eah\u010di\u0165 proces odvykania.<\/p>\n<h2>\u00daloha poskytovate\u013eov zdravotnej starostlivosti pri podpore presta\u0165 faj\u010di\u0165<\/h2>\n<p>Poskytovatelia zdravotnej starostlivosti zohr\u00e1vaj\u00fa k\u013e\u00fa\u010dov\u00fa \u00falohu pri podpore odvykania od faj\u010denia. Pon\u00fakaj\u00fa odborn\u00e9 poradenstvo, prisp\u00f4soben\u00e9 lie\u010debn\u00e9 pl\u00e1ny a neust\u00e1le povzbudzovanie. Ich zapojenie m\u00f4\u017ee v\u00fdrazne zmeni\u0165 cestu faj\u010diara k tomu, aby sa stal nefaj\u010diarom.<\/p>\n<p>Poskytovatelia tie\u017e sl\u00fa\u017eia ako d\u00f4veryhodn\u00fd zdroj na rie\u0161enie probl\u00e9mov a \u00fapravu pl\u00e1nov lie\u010dby pod\u013ea potreby. Ich podpora m\u00f4\u017ee by\u0165 z\u00e1kladn\u00fdm kame\u0148om \u00faspe\u0161nej strat\u00e9gie odvykania od faj\u010denia, v\u010faka \u010domu je vz\u0165ah medzi poskytovate\u013eom zdravotnej starostlivosti a pacientom k\u013e\u00fa\u010dovou s\u00fa\u010das\u0165ou \u00fasilia o odvykanie.<\/p>\n<h2>Pr\u00edstup k zdrojom a sie\u0165am podpory presta\u0165 faj\u010di\u0165<\/h2>\n<p>Pr\u00edstup k zdrojom presta\u0165 faj\u010di\u0165 a podporn\u00fdm sie\u0165am je z\u00e1kladn\u00fdm krokom v procese odvykania. Mnoh\u00e9 nemocnice a kliniky pon\u00fakaj\u00fa bezplatn\u00e9 alebo lacn\u00e9 zdroje vr\u00e1tane podporn\u00fdch skup\u00edn a vzdel\u00e1vac\u00edch materi\u00e1lov.<\/p>\n<p>Online platformy tie\u017e poskytuj\u00fa cenn\u00e9 inform\u00e1cie a komunitn\u00fa podporu pre t\u00fdch, ktor\u00ed chc\u00fa skon\u010di\u0165. Tieto zdroje m\u00f4\u017eu pon\u00faknu\u0165 in\u0161pir\u00e1ciu, rady a kamar\u00e1tstvo, posilni\u0165 odhodlanie faj\u010diara presta\u0165 faj\u010di\u0165 a poskytn\u00fa\u0165 z\u00e1chrann\u00e9 lano v n\u00e1ro\u010dn\u00fdch \u010dasoch.<\/p>\n<h2>\u010casto kladen\u00e9 ot\u00e1zky o varenikl\u00edne a behavior\u00e1lnych pom\u00f4ckach<\/h2>\n<p>Be\u017en\u00e9 ot\u00e1zky t\u00fdkaj\u00face sa varenikl\u00ednu a behavior\u00e1lnych pom\u00f4cok sa \u010dasto zameriavaj\u00fa na ich \u00fa\u010dinnos\u0165, ved\u013eaj\u0161ie \u00fa\u010dinky a osved\u010den\u00e9 postupy ich kombinovania. Pacienti sa \u010dasto p\u00fdtaj\u00fa, ako dlho by mali pou\u017e\u00edva\u0165 varenikl\u00edn a ak\u00e9 typy behavior\u00e1lnych pom\u00f4cok s\u00fa k dispoz\u00edcii.<\/p>\n<p>V pr\u00edpade v\u00e4\u010d\u0161iny ot\u00e1zok sa odpor\u00fa\u010da konzultova\u0165 s poskytovate\u013eom zdravotnej starostlivosti, preto\u017ee m\u00f4\u017ee pon\u00faknu\u0165 personalizovan\u00e9 poradenstvo na z\u00e1klade zdravotnej anamn\u00e9zy a \u0161pecifick\u00fdch potrieb jednotlivca. Toto odborn\u00e9 usmernenie m\u00f4\u017ee objasni\u0165 ak\u00e9ko\u013evek neistoty a zabezpe\u010di\u0165, aby sa pacienti c\u00edtili informovan\u00ed a sebavedom\u00ed na svojej ceste presta\u0165 faj\u010di\u0165.<\/p>\n<h2>Bud\u00faci v\u00fdvoj v oblasti podpory odvykania od faj\u010denia<\/h2>\n<p>Bud\u00facnos\u0165 podpory pre odvykanie od faj\u010denia vyzer\u00e1 s\u013eubne, s pokra\u010duj\u00facim v\u00fdskumom nov\u00fdch liekov a technol\u00f3gi\u00ed na pomoc pri odvykan\u00ed. Inov\u00e1cie v oblasti digit\u00e1lneho zdravia, ako s\u00fa mobiln\u00e9 aplik\u00e1cie a nosite\u013en\u00e9 zariadenia, sa objavuj\u00fa ako potenci\u00e1lne n\u00e1stroje na podporu faj\u010diarov v re\u00e1lnom \u010dase.<\/p>\n<p>Okrem toho pokroky v genetickom v\u00fdskume m\u00f4\u017eu vies\u0165 k personalizovanej\u0161\u00edm strat\u00e9gi\u00e1m odvykania od faj\u010denia, \u010d\u00edm sa \u010falej zvy\u0161uje pravdepodobnos\u0165 \u00faspechu. Ke\u010f\u017ee veda sa neust\u00e1le vyv\u00edja, tento v\u00fdvoj m\u00e1 potenci\u00e1l zmeni\u0165 sp\u00f4sob, ak\u00fdm jednotlivci pristupuj\u00fa k odvykaniu od faj\u010denia, \u010d\u00edm sa st\u00e1va dostupnej\u0161\u00edm a efekt\u00edvnej\u0161\u00edm pre v\u0161etk\u00fdch.<\/p>\n","protected":false},"excerpt":{"rendered":"<p>Pom\u00f4cky na odvykanie od faj\u010denia, ktor\u00e9 pred\u00e1vame: varenikl\u00edn a behavior\u00e1lne pom\u00f4cky: doktor Q&amp;A Tento \u010dl\u00e1nok [&hellip;]<\/p>\n","protected":false},"author":1,"featured_media":0,"parent":0,"menu_order":0,"comment_status":"closed","ping_status":"closed","template":"","meta":{"footnotes":""},"class_list":["post-36096","page","type-page","status-publish","hentry"],"_links":{"self":[{"href":"https:\/\/pematekfcvac.unisel.edu.my\/index.php?rest_route=\/wp\/v2\/pages\/36096","targetHints":{"allow":["GET"]}}],"collection":[{"href":"https:\/\/pematekfcvac.unisel.edu.my\/index.php?rest_route=\/wp\/v2\/pages"}],"about":[{"href":"https:\/\/pematekfcvac.unisel.edu.my\/index.php?rest_route=\/wp\/v2\/types\/page"}],"author":[{"embeddable":true,"href":"https:\/\/pematekfcvac.unisel.edu.my\/index.php?rest_route=\/wp\/v2\/users\/1"}],"replies":[{"embeddable":true,"href":"https:\/\/pematekfcvac.unisel.edu.my\/index.php?rest_route=%2Fwp%2Fv2%2Fcomments&post=36096"}],"version-history":[{"count":1,"href":"https:\/\/pematekfcvac.unisel.edu.my\/index.php?rest_route=\/wp\/v2\/pages\/36096\/revisions"}],"predecessor-version":[{"id":36097,"href":"https:\/\/pematekfcvac.unisel.edu.my\/index.php?rest_route=\/wp\/v2\/pages\/36096\/revisions\/36097"}],"wp:attachment":[{"href":"https:\/\/pematekfcvac.unisel.edu.my\/index.php?rest_route=%2Fwp%2Fv2%2Fmedia&parent=36096"}],"curies":[{"name":"wp","href":"https:\/\/api.w.org\/{rel}","templated":true}]}}