{"id":36100,"date":"2026-03-24T06:32:56","date_gmt":"2026-03-24T06:32:56","guid":{"rendered":"https:\/\/pematekfcvac.unisel.edu.my\/?page_id=36100"},"modified":"2026-03-24T06:32:56","modified_gmt":"2026-03-24T06:32:56","slug":"razumijevanje-farmaceutskih-oznaka-doziranja-2","status":"publish","type":"page","link":"https:\/\/pematekfcvac.unisel.edu.my\/?page_id=36100","title":{"rendered":"Razumijevanje farmaceutskih oznaka doziranja"},"content":{"rendered":"<h1>Kako \u010ditati naljepnice s dozama, ja\u010dine i blister pakiranja<\/h1>\n<p>Ovladavanje umije\u0107em \u010ditanja naljepnica s dozama i razumijevanje blister pakiranja presudno je za sigurnu i u\u010dinkovitu upotrebu lijekova.<\/p>\n<h2>Razumijevanje farmaceutskih oznaka doziranja<\/h2>\n<p>Farmaceutske naljepnice s dozama osmi\u0161ljene su za pru\u017eanje vitalnih informacija o lijekovima. Oni usmjeravaju pacijente i pru\u017eatelje zdravstvene skrbi o ispravnoj primjeni lijeka. Te oznake \u010desto uklju\u010duju naziv lijeka, oblik doziranja i upute o tome kako uzimati lijek. Razumijevanje ovih oznaka je bitno jer \u010dak i manje pogre\u0161ke u doziranju mogu dovesti do ozbiljnih zdravstvenih rizika.<\/p>\n<p>Oznake s dozama tako\u0111er su komunikacijski alat izme\u0111u farmaceutskih tvrtki i potro\u0161a\u010da. Oni osiguravaju da se lijek pravilno i u\u010dinkovito koristi. Va\u017eno je da potro\u0161a\u010di pa\u017eljivo pro\u010ditaju ove oznake i konzultiraju se sa zdravstvenim radnicima ako imaju bilo kakvih pitanja. Pogre\u0161no tuma\u010denje mo\u017ee rezultirati premalim ili predoziranjem, a oboje mo\u017ee biti \u0161tetno.<\/p>\n<h2>Klju\u010dne informacije o pakiranju lijeka<\/h2>\n<p>Pakiranje lijeka sadr\u017ei klju\u010dne podatke koji osiguravaju sigurnu i u\u010dinkovitu primjenu lijeka. Osim uputa za doziranje, na pakiranju se nalaze i podaci o aktivnim sastojcima, uvjetima \u010duvanja i mogu\u0107im nuspojavama. Ove informacije poma\u017eu potro\u0161a\u010dima da donesu informirane odluke o svojim lijekovima.<\/p>\n<p>Nadalje, pakiranje \u010desto uklju\u010duje upozorenja o interakcijama lijekova i kontraindikacijama. Ovo je osobito va\u017eno za pojedince koji uzimaju vi\u0161e lijekova, jer odre\u0111ene kombinacije lijekova mogu dovesti do nuspojava. Stoga je va\u017eno pro\u010ditati i razumjeti sve informacije navedene na pakiranju prije uporabe bilo kojeg lijeka.<\/p>\n<h2>De\u0161ifriranje prednosti u oznakama lijekova<\/h2>\n<p>Ja\u010dina lijeka odnosi se na koli\u010dinu aktivnog sastojka prisutnog u danom obliku doziranja, kao \u0161to je tableta ili kapsula. Obi\u010dno se izra\u017eava u miligramima (mg) ili gramima (g). Razumijevanje ja\u010dine je klju\u010dno za osiguranje da se lijek uzima kako je propisano.<\/p>\n<p>Na primjer, oznaka mo\u017ee glasiti &quot;Paracetamol 500 mg,&quot; \u0161to zna\u010di da svaka tableta sadr\u017ei 500 miligrama aktivnog sastojka. Ove informacije su klju\u010dne za odre\u0111ivanje ispravne doze i u\u010destalosti primjene. Pacijenti bi uvijek trebali provjeriti ja\u010dinu svojih lijekova, osobito kada mijenjaju razli\u010dite marke ili formulacije.<\/p>\n<h2>Uobi\u010dajene kratice na naljepnicama s dozama<\/h2>\n<p>Oznake s dozama \u010desto uklju\u010duju kratice koje prenose va\u017ene informacije o lijeku. Neke uobi\u010dajene kratice uklju\u010duju &quot;q.d.&quot; jednom dnevno, &quot;b.ja.d.&quot; dva puta dnevno, i &quot;t.ja.d.&quot; za tri puta dnevno. Razumijevanje ovih kratica bitno je za pridr\u017eavanje propisanog re\u017eima.<\/p>\n<p>Druge kratice mogu ozna\u010davati posebne upute, kao \u0161to je &quot;str.r.n.&quot; (po potrebi) ili &quot;stat&quot; (odmah). Pogre\u0161no tuma\u010denje ovih kratica mo\u017ee dovesti do pogre\u0161ne uporabe lijeka, stoga je va\u017eno da se potro\u0161a\u010di upoznaju s ovim pojmovima ili se posavjetuju sa zdravstvenim radnicima ako su u nedoumici.<\/p>\n<h2>Kako protuma\u010diti informacije o blister pakiranju<\/h2>\n<p>Blister pakiranja su uobi\u010dajeni oblik farmaceutskog pakiranja koje ima pojedina\u010dne odjeljke za svaku dozu. Ova pakiranja \u010desto uklju\u010duju tiskane podatke kao \u0161to su naziv lijeka, doza i rok valjanosti. Razumijevanje informacija o blister pakiranju poma\u017ee osigurati da se lijek uzima pravilno i da ostaje u\u010dinkovit.<\/p>\n<p>Blister pakiranja su dizajnirana za za\u0161titu svake <a href=\"https:\/\/brzaljekarna.net\/\">Brza Ljekarna<\/a> doze od \u010dimbenika okoline kao \u0161to su vlaga i svjetlost. Tako\u0111er poma\u017eu pacijentima u pra\u0107enju upotrebe lijekova, jer svaki odjeljak predstavlja jednu dozu. Pacijenti trebaju obratiti pozornost na podatke na blister pakiranju kako bi izbjegli uzimanje pogre\u0161ne doze ili konzumiranje lijeka kojem je istekao rok trajanja.<\/p>\n<h2>Razlike izme\u0111u robnih marki i generi\u010dkih oznaka<\/h2>\n<p>Robna marka i generi\u010dki lijekovi \u010desto imaju sli\u010dne oznake, ali postoje klju\u010dne razlike. Oznake marke obi\u010dno uklju\u010duju za\u0161ti\u0107ena imena, dok generi\u010dke oznake koriste kemijski naziv aktivnog sastojka. Potro\u0161a\u010di bi trebali biti svjesni ovih razlika kako bi bili sigurni da primaju ispravan lijek.<\/p>\n<p>Osim toga, generi\u010dke naljepnice mogu imati druga\u010diji dizajn pakiranja ili boje u usporedbi s naljepnicama robne marke. Dok su aktivni sastojci isti, pomo\u0107ne tvari ili neaktivni sastojci mogu se razlikovati, potencijalno utje\u010du\u0107i na osobe s alergijama ili osjetljivo\u0161\u0107u. Razumijevanje ovih razlika klju\u010dno je za sigurnu i u\u010dinkovitu upotrebu lijekova.<\/p>\n<h2>\u010citanje i razumijevanje datuma isteka<\/h2>\n<p>Rokovi valjanosti na naljepnicama lijekova ozna\u010davaju datum do kojeg proizvo\u0111a\u010d jam\u010di punu snagu i sigurnost lijeka. Konzumacija lijeka nakon isteka roka trajanja mo\u017ee smanjiti njegovu u\u010dinkovitost i pove\u0107ati rizik od nuspojava.<\/p>\n<p>Va\u017eno je da pacijenti redovito provjeravaju rok valjanosti svojih lijekova i da odlo\u017ee one kojima je istekao. Pra\u0107enje datuma isteka poma\u017ee u odr\u017eavanju u\u010dinkovitosti re\u017eima uzimanja lijekova i sprje\u010dava potencijalne zdravstvene opasnosti povezane s lijekovima kojima je istekao rok trajanja.<\/p>\n<h2>Va\u017enost brojeva serija na lijekovima<\/h2>\n<p>Brojevi serija na pakiranju lijeka jedinstveni su identifikatori dodijeljeni odre\u0111enoj proizvodnoj seriji. Ti su brojevi klju\u010dni za pra\u0107enje i povla\u010denje proizvoda u slu\u010daju problema s proizvodnjom ili sigurnosnih problema.<\/p>\n<p>U slu\u010daju opoziva, brojevi serija omogu\u0107uju proizvo\u0111a\u010dima i zdravstvenim vlastima da identificiraju i uklone pogo\u0111ene proizvode s tr\u017ei\u0161ta. Pacijenti bi trebali biti svjesni brojeva serija svojih lijekova, osobito ako do\u017eive bilo kakvu neo\u010dekivanu nuspojavu ili \u010duju o povla\u010denju u vijestima.<\/p>\n<h2>Sigurnosni savjeti za \u010ditanje naljepnica lijekova<\/h2>\n<p>Pa\u017eljivo \u010ditanje naljepnica na lijekovima klju\u010dno je za sigurnu upotrebu lijekova. Pacijenti bi uvijek trebali provjeriti naziv lijeka, ja\u010dinu, upute za doziranje i rok trajanja prije uzimanja bilo kojeg lijeka. Ako su neke informacije nejasne, savjetuje se savjetovanje sa zdravstvenim radnikom.<\/p>\n<p>Tako\u0111er je va\u017eno pravilno \u010duvati lijekove jer nepravilno skladi\u0161tenje mo\u017ee utjecati na njihovu snagu. Pacijenti trebaju dr\u017eati lijekove u izvornom pakiranju kako bi osigurali pristup svim potrebnim informacijama i izbjegli potencijalne zabune.<\/p>\n<h2>Kako prepoznati aktivne sastojke<\/h2>\n<p>Aktivni sastojci su komponente koje proizvode \u017eeljeni terapeutski u\u010dinak lijeka. Identificiranje ovih sastojaka klju\u010dno je za razumijevanje na\u010dina na koji lijek djeluje i izbjegavanje potencijalnih interakcija s drugim lijekovima.<\/p>\n<p>Oznake lijekova obi\u010dno jasno navode aktivne sastojke. Pacijenti bi se trebali upoznati s ovim sastojcima, osobito ako uzimaju vi\u0161e lijekova, kako bi sprije\u010dili ne\u017eeljene interakcije i osigurali u\u010dinkovitost svog lije\u010denja.<\/p>\n<h2>Upute za uporabu na naljepnicama lijekova<\/h2>\n<p>Upute za uporabu navedene na naljepnicama lijeka klju\u010dne su za osiguravanje pravilne primjene lijeka. Ove upute mogu uklju\u010divati \u200b\u200binformacije o dozi, u\u010destalosti i na\u010dinu primjene (kao \u0161to je oralno ili lokalno).<\/p>\n<p>Pacijenti se trebaju to\u010dno pridr\u017eavati ovih uputa kako bi postigli \u017eeljene terapijske rezultate. Nepravilna uporaba mo\u017ee dovesti do smanjene u\u010dinkovitosti ili pove\u0107anog rizika od nuspojava. Savjetovanje sa zdravstvenim djelatnikom preporu\u010duje se ako su upute nejasne ili ako postoje nedoumice u vezi s lijekom.<\/p>\n<h2>Prepoznavanje uobi\u010dajenih oblika doziranja<\/h2>\n<p>Lijekovi dolaze u razli\u010ditim oblicima doziranja, kao \u0161to su tablete, kapsule, teku\u0107ine i injekcije. Prepoznavanje ovih oblika poma\u017ee u ispravnoj i u\u010dinkovitoj upotrebi lijeka. Svaki obrazac mo\u017ee imati posebne upute u vezi s primjenom i skladi\u0161tenjem.<\/p>\n<p>Tablete i kapsule naj\u010de\u0161\u0107i su oblici, \u010desto namijenjeni za oralnu primjenu. Teku\u0107ine mogu zahtijevati posebne alate za mjerenje, dok se injekcije moraju davati pa\u017eljivo, \u010desto pod stru\u010dnim nadzorom. Razumijevanje ovih oblika klju\u010dno je za ispravnu upotrebu lijekova.<\/p>\n<h2>Kako izbje\u0107i pogre\u0161ke u lije\u010denju<\/h2>\n<p>Izbjegavanje pogre\u0161aka u lije\u010denju klju\u010dno je za sigurnost pacijenata. Pacijenti trebaju uvijek pa\u017eljivo \u010ditati etikete, provjeriti naziv lijeka i dozu te slijediti propisane upute. Odr\u017eavanje a\u017euriranog popisa svih lijekova tako\u0111er mo\u017ee pomo\u0107i u sprje\u010davanju pogre\u0161aka, osobito prilikom posjeta pru\u017eateljima zdravstvenih usluga.<\/p>\n<p>Tako\u0111er je korisno za pacijente da jo\u0161 jednom provjere svoje lijekove tijekom izdavanja i konzultiraju se sa zdravstvenim radnicima ako postoje bilo kakva odstupanja ili nedoumice. Ovaj proaktivni pristup mo\u017ee zna\u010dajno smanjiti rizik od pogre\u0161aka u lije\u010denju i pobolj\u0161ati ukupne rezultate lije\u010denja.<\/p>\n<h2>Uloga kodiranja boja u blister pakiranjima<\/h2>\n<p>Kodiranje bojama u blister pakiranjima strategija je koja se koristi za razlikovanje razli\u010ditih lijekova ili doza, \u0161to pacijentima olak\u0161ava prepoznavanje to\u010dne doze. Ovaj vizualni znak mo\u017ee biti od posebne pomo\u0107i osobama koje uzimaju vi\u0161e lijekova ili osobama s o\u0161te\u0107enjem vida.<\/p>\n<p>Omogu\u0107avanjem dodatnog sloja informacija, kodiranje u boji pove\u0107ava sigurnost pacijenata i pridr\u017eavanje re\u017eima uzimanja lijekova. Pacijenti bi se trebali upoznati sa sustavom kodiranja boja koji se koristi u njihovim blister pakiranjima kako bi bili sigurni da uzimaju ispravan lijek kako je propisano.<\/p>\n<h2>Izvori za daljnje upute o informacijama o doziranju<\/h2>\n<p>Za pacijente koji tra\u017ee daljnje upute o informacijama o doziranju, dostupno je nekoliko izvora. Zdravstveni djelatnici, poput ljekarnika i lije\u010dnika, vrijedni su izvori informacija i mogu pru\u017eiti personalizirane savjete na temelju individualnih zdravstvenih potreba.<\/p>\n<p>Osim toga, letci s informacijama o pacijentima koji su uklju\u010deni uz lijekove nude detaljna obja\u0161njenja uputa o doziranju, nuspojava i mjera opreza. Mre\u017eni izvori uglednih zdravstvenih organizacija tako\u0111er mogu pru\u017eiti pouzdane informacije o upotrebi i sigurnosti lijekova.<\/p>\n","protected":false},"excerpt":{"rendered":"<p>Kako \u010ditati naljepnice s dozama, ja\u010dine i blister pakiranja Ovladavanje umije\u0107em \u010ditanja naljepnica s dozama [&hellip;]<\/p>\n","protected":false},"author":1,"featured_media":0,"parent":0,"menu_order":0,"comment_status":"closed","ping_status":"closed","template":"","meta":{"footnotes":""},"class_list":["post-36100","page","type-page","status-publish","hentry"],"_links":{"self":[{"href":"https:\/\/pematekfcvac.unisel.edu.my\/index.php?rest_route=\/wp\/v2\/pages\/36100","targetHints":{"allow":["GET"]}}],"collection":[{"href":"https:\/\/pematekfcvac.unisel.edu.my\/index.php?rest_route=\/wp\/v2\/pages"}],"about":[{"href":"https:\/\/pematekfcvac.unisel.edu.my\/index.php?rest_route=\/wp\/v2\/types\/page"}],"author":[{"embeddable":true,"href":"https:\/\/pematekfcvac.unisel.edu.my\/index.php?rest_route=\/wp\/v2\/users\/1"}],"replies":[{"embeddable":true,"href":"https:\/\/pematekfcvac.unisel.edu.my\/index.php?rest_route=%2Fwp%2Fv2%2Fcomments&post=36100"}],"version-history":[{"count":1,"href":"https:\/\/pematekfcvac.unisel.edu.my\/index.php?rest_route=\/wp\/v2\/pages\/36100\/revisions"}],"predecessor-version":[{"id":36101,"href":"https:\/\/pematekfcvac.unisel.edu.my\/index.php?rest_route=\/wp\/v2\/pages\/36100\/revisions\/36101"}],"wp:attachment":[{"href":"https:\/\/pematekfcvac.unisel.edu.my\/index.php?rest_route=%2Fwp%2Fv2%2Fmedia&parent=36100"}],"curies":[{"name":"wp","href":"https:\/\/api.w.org\/{rel}","templated":true}]}}