{"id":36128,"date":"2026-03-24T07:37:51","date_gmt":"2026-03-24T07:37:51","guid":{"rendered":"https:\/\/pematekfcvac.unisel.edu.my\/?page_id=36128"},"modified":"2026-03-24T07:37:51","modified_gmt":"2026-03-24T07:37:51","slug":"az-accutane-es-hasznalatanak-megertese-2","status":"publish","type":"page","link":"https:\/\/pematekfcvac.unisel.edu.my\/?page_id=36128","title":{"rendered":"Az Accutane \u00e9s haszn\u00e1lat\u00e1nak meg\u00e9rt\u00e9se"},"content":{"rendered":"<h1>Accutane Generic m\u00e1jprobl\u00e9m\u00e1kkal: \u00datmutat\u00f3<\/h1>\n<p>\u00c1tfog\u00f3 \u00fatmutat\u00f3 az Accutane haszn\u00e1lata \u00e9s a m\u00e1j eg\u00e9szs\u00e9ge k\u00f6z\u00f6tti kapcsolatr\u00f3l, amely betekint\u00e9st ny\u00fajt a lehets\u00e9ges kock\u00e1zatokba, megfigyel\u00e9si strat\u00e9gi\u00e1kba, alternat\u00edv kezel\u00e9sekbe stb.<\/p>\n<h2>Az Accutane \u00e9s haszn\u00e1lat\u00e1nak meg\u00e9rt\u00e9se<\/h2>\n<p>Az Accutane, \u00e1ltal\u00e1nos nev\u00e9n izotretinoin, egy er\u0151s gy\u00f3gyszer, amelyet els\u0151sorban s\u00falyos akne kezel\u00e9s\u00e9re haszn\u00e1lnak. Az Accutane-t gyakran akkor \u00edrj\u00e1k fel, ha m\u00e1s kezel\u00e9sek, p\u00e9ld\u00e1ul helyi kr\u00e9mek \u00e9s antibiotikumok kudarcot vallottak. Az Accutane cs\u00f6kkenti a b\u0151rmirigyek \u00e1ltal kibocs\u00e1tott olaj mennyis\u00e9g\u00e9t, ez\u00e1ltal megakad\u00e1lyozza a pattan\u00e1sok kialakul\u00e1s\u00e1t. Hat\u00e9konys\u00e1ga ellen\u00e9re az Accutane sz\u00e1mos mell\u00e9khat\u00e1s\u00e1r\u00f3l ismert, amelyek k\u00f6z\u00fcl n\u00e9h\u00e1ny s\u00falyos is lehet.<\/p>\n<p>Ez a gy\u00f3gyszer az A-vitamin sz\u00e1rmaz\u00e9ka, \u00e9s er\u0151s formul\u00e1j\u00e1t \u00fagy tervezt\u00e9k, hogy lek\u00fczdje a tart\u00f3s pattan\u00e1sokat az\u00e1ltal, hogy befoly\u00e1solja a b\u0151rsejtek cser\u00e9j\u00e9t. Az a k\u00e9pess\u00e9ge, hogy jelent\u0151sen elt\u00fcnteti a s\u00falyos pattan\u00e1sokat, sok beteg sz\u00e1m\u00e1ra \u00e9rt\u00e9kes megold\u00e1ss\u00e1 tette, b\u00e1r gondos m\u00e9rlegel\u00e9st \u00e9s megfigyel\u00e9st ig\u00e9nyel a lehets\u00e9ges k\u00e1ros hat\u00e1sok miatt.<\/p>\n<h2>Hogyan hat az Accutane a m\u00e1jra<\/h2>\n<p>A m\u00e1j kritikus szerv, amely r\u00e9szt vesz a k\u00fcl\u00f6nf\u00e9le anyagok, k\u00f6zt\u00fck az olyan gy\u00f3gyszerek metabolizmus\u00e1ban, mint az Accutane. Ez a gy\u00f3gyszer n\u00f6velheti a m\u00e1jenzimek szintj\u00e9t, jelezve a stresszt vagy a m\u00e1j k\u00e1rosod\u00e1s\u00e1t. A mechanizmus mag\u00e1ban foglalja az izotretinoin lipidmetabolizmus\u00e1nak megv\u00e1ltoz\u00e1s\u00e1t, ami egyes felhaszn\u00e1l\u00f3kn\u00e1l zs\u00edrm\u00e1j elv\u00e1ltoz\u00e1sokhoz vagy hepatotoxicit\u00e1shoz vezethet.<\/p>\n<p>Noha nem minden beteg tapasztal m\u00e1jprobl\u00e9m\u00e1t, a m\u00e1jbetegs\u00e9gben szenved\u0151k vagy alkoholt fogyaszt\u00f3k fokozott kock\u00e1zattal szembes\u00fclhetnek. A m\u00e1j feldolgozza az Accutane-t, \u00e9s m\u0171k\u00f6d\u00e9s\u00e9ben b\u00e1rmilyen kompromisszum s\u00falyosb\u00edthatja a lehets\u00e9ges mell\u00e9khat\u00e1sokat, ami \u00e9bers\u00e9get tesz sz\u00fcks\u00e9gess\u00e9 a kezel\u00e9s sor\u00e1n.<\/p>\n<h2>Az Accutane kock\u00e1zatai m\u00e1jprobl\u00e9m\u00e1kkal k\u00fczd\u0151 betegek sz\u00e1m\u00e1ra<\/h2>\n<p>A m\u00e1jbetegs\u00e9gben szenved\u0151 betegeknek \u00f3vatosan kell megk\u00f6zel\u00edteni\u00fck az Accutane-t. A gy\u00f3gyszer m\u00e1jenzim-szintet emel\u0151 potenci\u00e1lja azt jelenti, hogy a m\u00e1jbetegs\u00e9gben szenved\u0151kn\u00e9l s\u00falyosbodhatnak a t\u00fcnetek vagy \u00e1llapotuk el\u0151rehaladhat. Ezt a kock\u00e1zatot olyan t\u00e9nyez\u0151k tet\u00e9zik, mint p\u00e9ld\u00e1ul az alkoholfogyaszt\u00e1s, amelyek tov\u00e1bb terhelhetik a m\u00e1jm\u0171k\u00f6d\u00e9st.<\/p>\n<p>Kulcsfontoss\u00e1g\u00fa, hogy a betegek alapos m\u00e1jfunkci\u00f3s teszteket v\u00e9gezzenek az Accutane alkalmaz\u00e1sa el\u0151tt. A hepatitisben, cirrhosisban vagy m\u00e1s m\u00e1jk\u00e1rosod\u00e1sban szenved\u0151knek meg kell besz\u00e9lni\u00fck az akne alternat\u00edv kezel\u00e9s\u00e9t eg\u00e9szs\u00e9g\u00fcgyi szolg\u00e1ltat\u00f3jukkal a lehets\u00e9ges sz\u00f6v\u0151dm\u00e9nyek elker\u00fcl\u00e9se \u00e9rdek\u00e9ben.<\/p>\n<h2>A m\u00e1jfunkci\u00f3 monitoroz\u00e1sa az Accutane kezel\u00e9s sor\u00e1n<\/h2>\n<p>A m\u00e1jfunkci\u00f3 rendszeres ellen\u0151rz\u00e9se a biztons\u00e1gos Accutane kezel\u00e9s sarokk\u00f6ve. Az orvosok \u00e1ltal\u00e1ban m\u00e1jenzim-vizsg\u00e1latokat javasolnak a kezel\u00e9s megkezd\u00e9se el\u0151tt, majd azt k\u00f6vet\u0151en rendszeres id\u0151k\u00f6z\u00f6nk\u00e9nt. Ezek a tesztek seg\u00edtenek felismerni a m\u00e1jstressz vagy m\u00e1jk\u00e1rosod\u00e1s korai jeleit, lehet\u0151v\u00e9 t\u00e9ve az id\u0151ben t\u00f6rt\u00e9n\u0151 beavatkoz\u00e1st.<\/p>\n<p>A betegeknek azt tan\u00e1csolj\u00e1k, hogy jelentsenek minden szokatlan t\u00fcnetet, p\u00e9ld\u00e1ul s\u00e1rgas\u00e1got vagy tart\u00f3s f\u00e1radts\u00e1got, mivel ezek m\u00e1jm\u0171k\u00f6d\u00e9si zavarra utalhatnak. Az adagol\u00e1s m\u00f3dos\u00edt\u00e1s\u00e1ra vagy a gy\u00f3gyszer abbahagy\u00e1s\u00e1ra lehet sz\u00fcks\u00e9g, ha a m\u00e1jenzimek jelent\u0151sen megemelkednek a kezel\u00e9s sor\u00e1n.<\/p>\n<h2>Alternat\u00edv kezel\u00e9sek az akne kezel\u00e9s\u00e9re m\u00e1jmegfontol\u00e1sokkal<\/h2>\n<p>M\u00e1jprobl\u00e9m\u00e1kkal k\u00fczd\u0151 betegek sz\u00e1m\u00e1ra az alternat\u00edv akne kezel\u00e9sek megfelel\u0151bbek lehetnek. A lehet\u0151s\u00e9gek k\u00f6z\u00e9 tartoznak a helyi retinoidok, az antibiotikumok vagy a hormon\u00e1lis ter\u00e1pi\u00e1k, amelyek \u00e1ltal\u00e1ban kev\u00e9sb\u00e9 terhelik a m\u00e1jat, mint a sziszt\u00e9m\u00e1s gy\u00f3gyszerek, p\u00e9ld\u00e1ul az Accutane.<\/p>\n<p>A l\u00e9zeres ter\u00e1pi\u00e1k \u00e9s a k\u00e9miai <a href=\"https:\/\/expresspatika.com\/accutane-generikus-koltseg-online-veny-nelkul\">Accutane Generikus 10mg<\/a> h\u00e1mlaszt\u00e1s nem gy\u00f3gyszeres lehet\u0151s\u00e9gek, amelyek hat\u00e9konyan cs\u00f6kkenthetik a pattan\u00e1sokat an\u00e9lk\u00fcl, hogy befoly\u00e1soln\u00e1k a m\u00e1jm\u0171k\u00f6d\u00e9st. Ezeket az alternat\u00edv\u00e1kat meg kell besz\u00e9lni egy b\u0151rgy\u00f3gy\u00e1szral, hogy a p\u00e1ciens \u00e1ltal\u00e1nos eg\u00e9szs\u00e9gi profilj\u00e1hoz igazod\u00f3 akne kezel\u00e9si tervet alak\u00edtsanak ki.<\/p>\n<h2>Az Accutane m\u00e1jra gyakorolt \u200b\u200b\u200b\u200bmell\u00e9khat\u00e1sainak kezel\u00e9se<\/h2>\n<p>Az Accutane potenci\u00e1lis m\u00e1jhoz kapcsol\u00f3d\u00f3 mell\u00e9khat\u00e1sainak kezel\u00e9se proakt\u00edv megk\u00f6zel\u00edt\u00e9st ig\u00e9nyel. A betegeket arra \u00f6szt\u00f6nzik, hogy tarts\u00e1k fenn az eg\u00e9szs\u00e9ges \u00e9letm\u00f3dot, bele\u00e9rtve a kiegyens\u00falyozott \u00e9trendet \u00e9s a rendszeres testmozg\u00e1st, hogy t\u00e1mogass\u00e1k a m\u00e1j eg\u00e9szs\u00e9g\u00e9t. Az alkohol \u00e9s m\u00e1s, a m\u00e1jat terhel\u0151 gy\u00f3gyszerek ker\u00fcl\u00e9se szint\u00e9n aj\u00e1nlott.<\/p>\n<p>Azokban az esetekben, amikor a m\u00e1jenzimek emelkednek, az eg\u00e9szs\u00e9g\u00fcgyi szolg\u00e1ltat\u00f3k m\u00f3dos\u00edthatj\u00e1k az Accutane adagj\u00e1t vagy ideiglenesen le\u00e1ll\u00edthatj\u00e1k a kezel\u00e9st. A rendszeres nyomon k\u00f6vet\u00e9s \u00e9s a szakorvosokkal folytatott konzult\u00e1ci\u00f3 biztos\u00edthatja a m\u00e1jjal kapcsolatos probl\u00e9m\u00e1k gyors \u00e9s hat\u00e9kony kezel\u00e9s\u00e9t.<\/p>\n<h2>Az Accutane megkezd\u00e9se el\u0151tt konzult\u00e1ljon eg\u00e9szs\u00e9g\u00fcgyi szakemberekkel<\/h2>\n<p>Az Accutane-kezel\u00e9s megkezd\u00e9se el\u0151tt elengedhetetlen egy eg\u00e9szs\u00e9g\u00fcgyi szakemberrel val\u00f3 r\u00e9szletes konzult\u00e1ci\u00f3. Ennek a megbesz\u00e9l\u00e9snek ki kell terjednie a beteg k\u00f3rt\u00f6rt\u00e9net\u00e9re, bele\u00e9rtve a m\u00e1jprobl\u00e9m\u00e1kat \u00e9s a lehets\u00e9ges k\u00f6lcs\u00f6nhat\u00e1sokat m\u00e1s gy\u00f3gyszerekkel. A ny\u00edlt kommunik\u00e1ci\u00f3 biztos\u00edtja, hogy a betegek meg\u00e9rts\u00e9k a kezel\u00e9s kock\u00e1zatait \u00e9s el\u0151nyeit.<\/p>\n<p>Az eg\u00e9szs\u00e9g\u00fcgyi szakemberek szem\u00e9lyre szabott tan\u00e1csot tudnak adni, figyelembe v\u00e9ve a p\u00e1ciens m\u00e1j- \u00e9s \u00e1ltal\u00e1nos eg\u00e9szs\u00e9gi \u00e1llapot\u00e1t. Ez a megk\u00f6zel\u00edt\u00e9s seg\u00edt cs\u00f6kkenteni a kock\u00e1zatokat, \u00e9s t\u00e1mogatja az Accutane biztons\u00e1gos \u00e9s hat\u00e9kony haszn\u00e1lat\u00e1t.<\/p>\n<h2>Di\u00e9t\u00e1s megfontol\u00e1sok az Accutane-t szed\u0151 betegek sz\u00e1m\u00e1ra<\/h2>\n<p>Az \u00e9trend jelent\u0151s szerepet j\u00e1tszik a m\u00e1j eg\u00e9szs\u00e9g\u00e9nek t\u00e1mogat\u00e1s\u00e1ban, k\u00fcl\u00f6n\u00f6sen az Accutane-ban szenved\u0151 betegek eset\u00e9ben. A gy\u00fcm\u00f6lcs\u00f6kben, z\u00f6lds\u00e9gekben, teljes ki\u0151rl\u00e9s\u0171 gabon\u00e1kban \u00e9s sov\u00e1ny feh\u00e9rj\u00e9kben gazdag \u00e9trend seg\u00edthet fenntartani a m\u00e1jm\u0171k\u00f6d\u00e9st. A magas antioxid\u00e1ns tartalm\u00fa \u00e9lelmiszerek, mint a bogy\u00f3k \u00e9s a leveles z\u00f6lds\u00e9gek, szint\u00e9n t\u00e1mogathatj\u00e1k a m\u00e1j m\u00e9regtelen\u00edt\u00e9si folyamatait.<\/p>\n<p>A betegeknek ker\u00fclni\u00fck kell a magas tel\u00edtett zs\u00edrokban \u00e9s feldolgozott cukrokban gazdag \u00e9teleket, amelyek hozz\u00e1j\u00e1rulhatnak a m\u00e1j stressz\u00e9hez. Ezenk\u00edv\u00fcl a hidrat\u00e1lts\u00e1g l\u00e9tfontoss\u00e1g\u00fa, mivel seg\u00edti a toxinok elt\u00e1vol\u00edt\u00e1s\u00e1t \u00e9s t\u00e1mogatja a m\u00e1j \u00e1ltal\u00e1nos eg\u00e9szs\u00e9g\u00e9t az Accutane-ter\u00e1pia sor\u00e1n.<\/p>\n<h2>A m\u00e1jk\u00e1rosod\u00e1s jelei, amelyekre figyelni kell az Accutane haszn\u00e1lata sor\u00e1n<\/h2>\n<p>A m\u00e1jk\u00e1rosod\u00e1s jeleinek tudat\u00e1ban l\u00e9tfontoss\u00e1g\u00fa mindenki sz\u00e1m\u00e1ra, aki Accutane-t szed. Az olyan t\u00fcnetek, mint a s\u00e1rgas\u00e1g, a s\u00f6t\u00e9t vizelet, a hasi f\u00e1jdalom \u00e9s a tart\u00f3s f\u00e1radts\u00e1g m\u00e1jbetegs\u00e9gre utalhatnak. Azonnali orvosi konzult\u00e1ci\u00f3 javasolt, ha ezen t\u00fcnetek b\u00e1rmelyike \u200b\u200bmegjelenik.<\/p>\n<p>A rendszeres \u00f6nellen\u0151rz\u00e9s \u00e9s az eg\u00e9szs\u00e9g\u00fcgyi szolg\u00e1ltat\u00f3kkal folytatott kommunik\u00e1ci\u00f3 biztos\u00edtja, hogy a m\u00e1jk\u00e1rosod\u00e1s minden jel\u00e9t azonnal kezelj\u00fck. A korai felismer\u00e9s \u00e9s beavatkoz\u00e1s megel\u0151zheti a s\u00falyosabb sz\u00f6v\u0151dm\u00e9nyeket, \u00e9s t\u00e1mogatja a kezel\u00e9s tov\u00e1bbi siker\u00e9t.<\/p>\n<h2>Jogi \u00e9s szab\u00e1lyoz\u00e1si \u00fatmutat\u00f3 az Accutane haszn\u00e1lat\u00e1hoz<\/h2>\n<p>Az Accutane szigor\u00faan szab\u00e1lyozott gy\u00f3gyszer, \u00e9s a betegek biztons\u00e1ga \u00e9rdek\u00e9ben szigor\u00fa ir\u00e1nyelvek szerint haszn\u00e1lj\u00e1k. Sok orsz\u00e1gban csak receptre kaphat\u00f3, \u00e9s az eg\u00e9szs\u00e9g\u00fcgyi szolg\u00e1ltat\u00f3knak speci\u00e1lis protokollokat kell k\u00f6vetni\u00fck a fel\u00edr\u00e1sakor, bele\u00e9rtve a m\u00e1jfunkci\u00f3 rendszeres ellen\u0151rz\u00e9s\u00e9t.<\/p>\n<p>A betegeknek tiszt\u00e1ban kell lenni\u00fck a r\u00e9gi\u00f3jukban \u00e9rv\u00e9nyes jogi k\u00f6vetelm\u00e9nyekkel \u00e9s szab\u00e1lyoz\u00e1si \u00fatmutat\u00e1sokkal. Ezen el\u0151\u00edr\u00e1sok meg\u00e9rt\u00e9se seg\u00edthet a betegeknek abban, hogy biztons\u00e1gosan \u00e9s a helyi t\u00f6rv\u00e9nyeknek megfelel\u0151en v\u00e9gezz\u00e9k el a kezel\u00e9st.<\/p>\n<h2>Esettanulm\u00e1nyok: Accutane \u00e9s m\u00e1j eg\u00e9szs\u00e9ge<\/h2>\n<p>Az esettanulm\u00e1nyok vizsg\u00e1lata \u00e9rt\u00e9kes betekint\u00e9st ny\u00fajt az Accutane m\u00e1j eg\u00e9szs\u00e9gre gyakorolt \u200b\u200bval\u00f3s hat\u00e1saiba. Egyes esetekben a m\u00e1r megl\u00e9v\u0151 m\u00e1jbetegs\u00e9gben szenved\u0151 betegekn\u00e9l s\u00falyosbodtak a t\u00fcnetek, m\u00edg m\u00e1sok gondos megfigyel\u00e9s mellett sikeresen kezelt\u00e9k a kezel\u00e9st.<\/p>\n<p>Ezek az esettanulm\u00e1nyok hangs\u00falyozz\u00e1k a szem\u00e9lyre szabott kezel\u00e9si tervek fontoss\u00e1g\u00e1t, \u00e9s r\u00e1vil\u00e1g\u00edtanak arra, hogy a k\u00fcl\u00f6nb\u00f6z\u0151 egy\u00e9nek hogyan reag\u00e1lnak az Accutane-ra. Eml\u00e9keztet\u0151\u00fcl szolg\u00e1lnak a gy\u00f3gyszer biztons\u00e1goss\u00e1gi profilj\u00e1nak folyamatos kutat\u00e1s\u00e1nak sz\u00fcks\u00e9gess\u00e9g\u00e9re is.<\/p>\n<h2>A betegek tapasztalatai: Accutane \u00e9s m\u00e1jbetegs\u00e9gekkel \u00e9lve<\/h2>\n<p>A betegek tapasztalatai szem\u00e9lyes perspekt\u00edv\u00e1t k\u00edn\u00e1lnak az akne Accutane kezel\u00e9s\u00e9ben, k\u00fcl\u00f6n\u00f6sen a m\u00e1jbetegs\u00e9gben szenved\u0151k sz\u00e1m\u00e1ra. Egyes betegek akn\u00e9juk jelent\u0151s javul\u00e1s\u00e1r\u00f3l sz\u00e1moltak be, m\u00edg m\u00e1soknak meg kellett szak\u00edtaniuk a kezel\u00e9st a m\u00e1jjal kapcsolatos mell\u00e9khat\u00e1sok miatt.<\/p>\n<p>Ezek a tapasztalatok hangs\u00falyozz\u00e1k a t\u00e1mogat\u00f3 h\u00e1l\u00f3zatok \u00e9s er\u0151forr\u00e1sok fontoss\u00e1g\u00e1t a kezel\u00e9s alatt \u00e1ll\u00f3 betegek sz\u00e1m\u00e1ra. A t\u00f6rt\u00e9netek megoszt\u00e1sa vigaszt \u00e9s \u00fatmutat\u00e1st ny\u00fajthat m\u00e1soknak, akik hasonl\u00f3 kih\u00edv\u00e1sokkal n\u00e9znek szembe, meger\u0151s\u00edtve az \u00e1tfog\u00f3 ell\u00e1t\u00e1s \u00e9s az eg\u00e9szs\u00e9g\u00fcgyi szolg\u00e1ltat\u00f3kkal val\u00f3 kommunik\u00e1ci\u00f3 sz\u00fcks\u00e9gess\u00e9g\u00e9t.<\/p>\n<h2>J\u00f6v\u0151beli kutat\u00e1si ir\u00e1nyok az Accutane \u00e9s a m\u00e1j eg\u00e9szs\u00e9g\u00e9vel kapcsolatban<\/h2>\n<p>Az Accutane \u00e9s a m\u00e1j eg\u00e9szs\u00e9g\u00e9vel kapcsolatos j\u00f6v\u0151beli kutat\u00e1sok elengedhetetlenek a hat\u00e1sok jobb meg\u00e9rt\u00e9s\u00e9hez. A hossz\u00fa t\u00e1v\u00fa eredm\u00e9nyekre \u00e9s a m\u00e1jk\u00e1rosod\u00e1s biomarkereinek azonos\u00edt\u00e1s\u00e1ra \u00f6sszpontos\u00edt\u00f3 tanulm\u00e1nyok jobb biztons\u00e1gi protokollokat \u00e9s kezel\u00e9si ir\u00e1nyelveket eredm\u00e9nyezhetnek.<\/p>\n<p>A gy\u00f3gyszerk\u00e9sz\u00edtm\u00e9nyek \u00e9s a bejuttat\u00e1si m\u00f3dszerek innov\u00e1ci\u00f3i szint\u00e9n cs\u00f6kkenthetik a m\u00e1j terhel\u00e9s\u00e9t, \u00edgy az Accutane biztons\u00e1gosabb\u00e1 v\u00e1lik a betegek sz\u00e9lesebb k\u00f6re sz\u00e1m\u00e1ra. A folyamatban l\u00e9v\u0151 kutat\u00e1s kulcsfontoss\u00e1g\u00fa az akne hat\u00e9kony kezel\u00e9s\u00e9nek el\u0151nyei \u00e9s az eg\u00e9szs\u00e9g\u00fcgyi kock\u00e1zatok minimaliz\u00e1l\u00e1sa k\u00f6z\u00f6tti egyens\u00faly megteremt\u00e9s\u00e9ben.<\/p>\n<h2>K\u00f6vetkeztet\u00e9s: A m\u00e9rlegel\u00e9s el\u0151nyei \u00e9s kock\u00e1zatai az Accutane haszn\u00e1lat\u00e1b\u00f3l<\/h2>\n<p>Az Accutane tov\u00e1bbra is hat\u00e9kony eszk\u00f6z a s\u00falyos akne kezel\u00e9s\u00e9ben, de haszn\u00e1lata megk\u00f6veteli a lehets\u00e9ges kock\u00e1zatok alapos m\u00e9rlegel\u00e9s\u00e9t, k\u00fcl\u00f6n\u00f6sen a m\u00e1jprobl\u00e9m\u00e1kkal k\u00fczd\u0151 betegek eset\u00e9ben. Kulcsfontoss\u00e1g\u00fa az el\u0151ny\u00f6k \u00e9s a lehets\u00e9ges mell\u00e9khat\u00e1sok m\u00e9rlegel\u00e9se, az eg\u00e9szs\u00e9g\u00fcgyi szakemberek \u00e1ltal t\u00e1mogatott t\u00e1j\u00e9kozott d\u00f6nt\u00e9shozatal mellett.<\/p>\n<p>V\u00e9gs\u0151 soron egy szem\u00e9lyre szabott megk\u00f6zel\u00edt\u00e9s, amely rendszeres monitoroz\u00e1st \u00e9s sz\u00fcks\u00e9g eset\u00e9n alternat\u00edv kezel\u00e9seket is mag\u00e1ban foglal, seg\u00edthet maximaliz\u00e1lni az Accutane el\u0151nyeit, mik\u00f6zben meg\u0151rzi a m\u00e1j eg\u00e9szs\u00e9g\u00e9t.<\/p>\n<h2>Er\u0151forr\u00e1sok \u00e9s t\u00e1mogat\u00e1s az Accutane-t haszn\u00e1l\u00f3 betegek sz\u00e1m\u00e1ra<\/h2>\n<p>Sz\u00e1mos forr\u00e1s \u00e1ll a betegek rendelkez\u00e9s\u00e9re az Accutane-ban, bele\u00e9rtve a t\u00e1mogat\u00f3 csoportokat, az oktat\u00e1si anyagokat \u00e9s az eg\u00e9szs\u00e9g\u00fcgyi szolg\u00e1ltat\u00f3k \u00fatmutat\u00e1sait. Ezek az er\u0151forr\u00e1sok alapvet\u0151 t\u00e1mogat\u00e1st ny\u00fajtanak, \u00e9s seg\u00edtenek a betegeknek biztons\u00e1gosan \u00e9s hat\u00e9konyan eligazodni a kezel\u00e9s sor\u00e1n.<\/p>\n<p>A betegeket arra \u00f6szt\u00f6nzik, hogy haszn\u00e1lj\u00e1k ezeket az er\u0151forr\u00e1sokat, hogy t\u00e1j\u00e9kozottak maradjanak, \u00e9s kapcsolatban maradjanak m\u00e1sokkal, akik hasonl\u00f3 kih\u00edv\u00e1sokkal n\u00e9znek szembe. Az \u00e1tfog\u00f3 gondoz\u00e1s \u00e9s t\u00e1mogat\u00e1s a sikeres Accutane kezel\u00e9s l\u00e9tfontoss\u00e1g\u00fa \u00f6sszetev\u0151i, k\u00fcl\u00f6n\u00f6sen azok sz\u00e1m\u00e1ra, akiknek m\u00e1jprobl\u00e9m\u00e1ja van.<\/p>\n","protected":false},"excerpt":{"rendered":"<p>Accutane Generic m\u00e1jprobl\u00e9m\u00e1kkal: \u00datmutat\u00f3 \u00c1tfog\u00f3 \u00fatmutat\u00f3 az Accutane haszn\u00e1lata \u00e9s a m\u00e1j eg\u00e9szs\u00e9ge k\u00f6z\u00f6tti kapcsolatr\u00f3l, [&hellip;]<\/p>\n","protected":false},"author":1,"featured_media":0,"parent":0,"menu_order":0,"comment_status":"closed","ping_status":"closed","template":"","meta":{"footnotes":""},"class_list":["post-36128","page","type-page","status-publish","hentry"],"_links":{"self":[{"href":"https:\/\/pematekfcvac.unisel.edu.my\/index.php?rest_route=\/wp\/v2\/pages\/36128","targetHints":{"allow":["GET"]}}],"collection":[{"href":"https:\/\/pematekfcvac.unisel.edu.my\/index.php?rest_route=\/wp\/v2\/pages"}],"about":[{"href":"https:\/\/pematekfcvac.unisel.edu.my\/index.php?rest_route=\/wp\/v2\/types\/page"}],"author":[{"embeddable":true,"href":"https:\/\/pematekfcvac.unisel.edu.my\/index.php?rest_route=\/wp\/v2\/users\/1"}],"replies":[{"embeddable":true,"href":"https:\/\/pematekfcvac.unisel.edu.my\/index.php?rest_route=%2Fwp%2Fv2%2Fcomments&post=36128"}],"version-history":[{"count":1,"href":"https:\/\/pematekfcvac.unisel.edu.my\/index.php?rest_route=\/wp\/v2\/pages\/36128\/revisions"}],"predecessor-version":[{"id":36129,"href":"https:\/\/pematekfcvac.unisel.edu.my\/index.php?rest_route=\/wp\/v2\/pages\/36128\/revisions\/36129"}],"wp:attachment":[{"href":"https:\/\/pematekfcvac.unisel.edu.my\/index.php?rest_route=%2Fwp%2Fv2%2Fmedia&parent=36128"}],"curies":[{"name":"wp","href":"https:\/\/api.w.org\/{rel}","templated":true}]}}