{"id":36156,"date":"2026-03-24T09:03:29","date_gmt":"2026-03-24T09:03:29","guid":{"rendered":"https:\/\/pematekfcvac.unisel.edu.my\/?page_id=36156"},"modified":"2026-03-24T09:03:29","modified_gmt":"2026-03-24T09:03:29","slug":"tretinoiini-kreemi-optimaalsed-sailitustingimused","status":"publish","type":"page","link":"https:\/\/pematekfcvac.unisel.edu.my\/?page_id=36156","title":{"rendered":"Tretinoiini kreemi optimaalsed s\u00e4ilitustingimused"},"content":{"rendered":"<h1>Kuidas Tretinoiini kreemi s\u00e4ilitada, sellega reisida ja uuesti t\u00e4ita<\/h1>\n<p>Tretinoiini kreemi t\u00f5hususe s\u00e4ilitamiseks on \u00fclioluline n\u00f5uetekohane ladustamine, reisil k\u00e4itlemine ja retseptide t\u00e4itmine.<\/p>\n<h2>Tretinoiini kreemi optimaalsed s\u00e4ilitustingimused<\/h2>\n<p>Tretinoiini kreemi \u00f5ige s\u00e4ilitamine on selle efektiivsuse s\u00e4ilitamisel ja s\u00e4ilivusaja pikendamisel otsustava t\u00e4htsusega. Kreemi tuleb hoida jahedas, kuivas kohas, eemal otsesest p\u00e4ikesevalgusest ja niiskusest, mis v\u00f5ib selle toimeaineid lagundada. Ideaalis tuleks seda hoida kapis v\u00f5i sahtlis, mis hoiab stabiilset keskkonda, mis ei sisalda liigseid temperatuuri- ega niiskusek\u00f5ikumisi.<\/p>\n<p>Samuti on oluline tagada, et Tretinoin Creami tuubi kork oleks p\u00e4rast iga kasutamist tihedalt suletud. See hoiab \u00e4ra \u00f5hu ja saasteainete sattumise tuubisse, mis v\u00f5ib m\u00f5jutada kreemi koostist. Neil, kellel on mitu toodet, on soovitatav iga toode selgelt m\u00e4rgistada, et v\u00e4ltida segamist ja tagada \u00f5ige toote \u00f5igeaegne kasutamine.<\/p>\n<h2>Temperatuuriga seotud kaalutlused Tretinoiini kreemi s\u00e4ilitamisel<\/h2>\n<p>Temperatuur m\u00e4ngib olulist rolli Tretinoiini kreemi stabiilsuse s\u00e4ilitamisel. Toodet on k\u00f5ige parem s\u00e4ilitada toatemperatuuril, tavaliselt vahemikus 15\u00b0C kuni 25\u00b0C. Selle hoidmine kohas, mis \u00fcletab regulaarselt seda vahemikku, n\u00e4iteks vannitoas, v\u00f5ib p\u00f5hjustada kreemi aktiivsete komponentide lagunemist.<\/p>\n<p>Soojematel kuudel v\u00f5i kui elate eriti kuumas kliimas, kaaluge kreemi hoidmist maja jahedamas osas. V\u00e4ltige aga k\u00fclmutamist, sest k\u00fclm v\u00f5ib muuta ka selle konsistentsi ja t\u00f5husust. V\u00e4ike termomeeter v\u00f5ib olla kasulik vahend tagamaks, et hoiuala j\u00e4\u00e4b optimaalsesse vahemikku.<\/p>\n<h2>Tretinoiinikreemi kaitsmine valguse eest<\/h2>\n<p>Valguse kokkupuude on veel \u00fcks tegur, mis v\u00f5ib Tretinoiini kreemi halvendada. Ultraviolettkiired (UV) v\u00f5ivad toimeaineid lagundada, muutes kreemi v\u00e4hem t\u00f5husaks. Selle leevendamiseks hoidke kreemi alati originaalpakendis, mis on sageli m\u00f5eldud valguse eest kaitsmiseks. Kui originaalpakend pole saadaval, kaaluge tuubi pakkimist v\u00f5i asetamist pimedasse l\u00e4bipaistmatusse anumasse.<\/p>\n<p>Lisaks proovige kreemi pealekandmisel teha seda h\u00e4maras, et v\u00e4ltida tarbetut valguskiirgust. See v\u00e4ike samm v\u00f5ib oluliselt kaasa aidata toote kasuliku eluea pikendamisele ja maksimaalse efektiivsuse tagamisele.<\/p>\n<h2>Reisin\u00f5uanded Tretinoiini kreemi kaasaskandmiseks<\/h2>\n<p>Tretinoiini kreemiga reisimine n\u00f5uab selle t\u00f5hususe s\u00e4ilitamiseks l\u00e4bim\u00f5eldud planeerimist. Alustuseks veenduge, et kreem on lekkimise v\u00e4ltimiseks pakitud turvalisse, taassuletavasse kilekotti. See on eriti oluline lennates, kuna salongi r\u00f5hu muutused v\u00f5ivad m\u00f5nikord p\u00f5hjustada torude l\u00f5hkemist.<\/p>\n<p>Kaaluge kreemi kandmist k\u00e4sipagasis, sest see v\u00f5imaldab teil s\u00e4ilitada paremat kontrolli hoiutingimuste \u00fcle. Lisaks tagab see, et teil on nahahooldusrutiini jaoks lihtne juurdep\u00e4\u00e4s kreemile, olenemata reisi hilinemisest v\u00f5i pagasi kaotamisest.<\/p>\n<h2>Tretinoiini kreemi pakkimine pagasisse<\/h2>\n<p>Tretinoiini kreemi pagasisse pakkimisel kaaluge selle m\u00e4hkimist kaitsvatesse kihtidesse, nagu mullikile v\u00f5i pehme riie. See aitab v\u00e4ltida toru f\u00fc\u00fcsilisi kahjustusi, mis v\u00f5ivad p\u00f5hjustada lekkeid. Kui kannate mitut nahahooldustoodet, v\u00f5ib nende lahterdamine eraldi kottidesse v\u00e4ltida ristsaastumist.<\/p>\n<p>Lisaks, kui reisite sihtkohta, <a href=\"https:\/\/hooldusapteek.org\/tretinoiini-kreem-hind-veebis-ilma-retseptita\">https:\/\/hooldusapteek.org\/tretinoiini-kreem-hind-veebis-ilma-retseptita<\/a> kus kliima on oluliselt erinev, kaaluge digitaalse termomeetri pakkimist. See aitab teil j\u00e4lgida oma pagasi temperatuuri, tagades, et see j\u00e4\u00e4b kreemi hoiustamiseks ohutusse vahemikku.<\/p>\n<h2>Tretinoiini kreemi turvaeeskirjad lennureisi ajal<\/h2>\n<p>Lennates on \u00fclioluline olla kursis k\u00e4sipagasis olevate vedelike turvaeeskirjadega. Tretinoiinikreem, nagu ka teised vedelikud, peab j\u00e4rgima k\u00e4sipagasi 100 ml piirangut konteineri kohta. Veenduge, et torule oleks selgelt m\u00e4rgitud selle maht, v\u00f5i vajadusel viige see n\u00f5uetele vastavasse anumasse.<\/p>\n<p>Turvakontrollis probleemide v\u00e4ltimiseks asetage kreem l\u00e4bipaistvasse, taassuletavasse kilekotti ja pange see kontrollimiseks valmis. See preparaat mitte ainult ei kiirenda s\u00f5elumisprotsessi, vaid v\u00e4hendab ka kreemi konfiskeerimise v\u00f5i kahjustamise ohtu.<\/p>\n<h2>Tretinoiini kreemi efektiivsuse s\u00e4ilitamine reisimise ajal<\/h2>\n<p>Tretinoiini kreemi efektiivsuse s\u00e4ilitamiseks reisi ajal j\u00e4rgige oma tavap\u00e4rast nahahooldusrutiini nii t\u00e4pselt kui v\u00f5imalik. See h\u00f5lmab kreemi kasutamist iga p\u00e4ev samal kellaajal sarnastes tingimustes, et tagada j\u00e4rjepidevus. Kui reisite l\u00e4bi erinevate ajav\u00f6\u00f6ndite, kohandage rakendusaega j\u00e4rk-j\u00e4rgult, et see vastaks uuele kohalikule ajakavale.<\/p>\n<p>Lisaks pidage meeles oma sihtkoha keskkonnatingimusi. Kui reisite p\u00e4ikeselisemasse kohta, kasutage oma naha kaitsmiseks rohkem p\u00e4ikesekaitsetooteid, kuna tretinoiin v\u00f5ib suurendada tundlikkust p\u00e4ikesevalguse suhtes. See t\u00e4iendav samm tagab, et teie nahahooldusre\u017eiim on nii t\u00f5hus kui ka ohutu.<\/p>\n<h2>Tretinoiini kreemi retsepti t\u00e4itmine<\/h2>\n<p>Tretinoin Cream&#8217;i retsepti uuesti t\u00e4itmine h\u00f5lmab m\u00f5nda peamist sammu, et tagada teile pidev varu. Alustage \u00f5igeaegse konsultatsiooni ajakavast oma retsepti v\u00e4ljakirjutanud tervishoiuteenuse osutajaga. See v\u00f5imaldab teie retsepti vajalikke hinnanguid v\u00f5i kohandusi teie praeguse nahaseisundi ja ravi edenemise p\u00f5hjal.<\/p>\n<p>Veenduge, et j\u00e4lgite oma praegust varu ja planeerite t\u00e4itmist enne t\u00e4htaega, eriti kui n\u00e4ete muudatusi oma ajakavas v\u00f5i reisiplaanides. Korraldatud l\u00e4henemine t\u00e4itmistele aitab v\u00e4ltida katkestusi teie nahahooldusrutiinis, mis on kreemi pikaajalise efektiivsuse jaoks \u00fclioluline.<\/p>\n<h2>Tretinoiini kreemi retseptin\u00f5uete m\u00f5istmine<\/h2>\n<p>Tretinoiinikreem on retseptiravim, mis t\u00e4hendab, et see n\u00f5uab tervishoiuteenuse osutaja luba. Seda seet\u00f5ttu, et tretinoiin on tugev koostisosa, mida tuleb kasutada arsti j\u00e4relevalve all, et v\u00e4ltida v\u00f5imalikke k\u00f5rvaltoimeid ja tagada selle ohutu kasutamine.<\/p>\n<p>Retsepti v\u00e4ljastamisel hindab teie tervishoiuteenuse osutaja tavaliselt teie nahat\u00fc\u00fcpi, teie seisundi t\u00f5sidust ja k\u00f5iki kaasnevaid terviseprobleeme. See isikup\u00e4rastatud hindamine tagab, et ravi on kohandatud teie konkreetsetele vajadustele, suurendades positiivsete tulemuste t\u00f5en\u00e4osust.<\/p>\n<h2>Internetis vs. Poe valikud tretinoiinikreemi t\u00e4itmiseks<\/h2>\n<p>Tretinoiini kreemi retsepti saab uuesti t\u00e4ita kas veebis v\u00f5i poes, igal valikul on ainulaadsed eelised. Interneti-apteegid pakuvad mugavust kojukandmisel, mis v\u00f5ib olla eriti kasulik neile, kellel on kiire graafik v\u00f5i piiratud juurdep\u00e4\u00e4s f\u00fc\u00fcsilistele kauplustele. Kuid veenduge, et k\u00f5ik Interneti-apteegid on mainekad ja n\u00f5uavad kehtivat retsepti, et tagada toote autentsus.<\/p>\n<p>Seevastu poe t\u00e4itmine v\u00f5imaldab otsest suhtlemist apteekritega, kes saavad anda kohe n\u00f5u ja lahendada k\u00f5ik mured. Lisaks v\u00f5ib poest ostmine olla kiirem neile, kes eelistavad tarnimist mitte oodata, tagades, et teil on vajadusel kreem olemas.<\/p>\n<h2>Tretinoiini kreemivarude haldamine pikaajalisel reisil<\/h2>\n<p>Pikaajaliste reisijate jaoks n\u00f5uab Tretinoin Cream&#8217;i varude haldamine strateegilist l\u00e4henemist. Alustage n\u00f5u oma tervishoiuteenuse osutajaga, et arutada oma reisiplaane ja saada retsept, mis katab teie reisi kestuse. See on \u00fclioluline, et v\u00e4ltida kreemi l\u00f5ppemist v\u00e4lismaal viibides, kus t\u00e4iteaineid v\u00f5ib olla raske hankida.<\/p>\n<p>Kaaluge oma reisiplaani logistikat, sealhulgas tervishoiuteenuste k\u00e4ttesaadavust teie sihtkohas. V\u00f5ib olla kasulik tuvastada kohalikud apteegid, kes saavad vajadusel teie retsepti uuesti t\u00e4ita. Proaktiivne olemine oma tarnete osas tagab katkematu ravi, olenemata teie reisiplaanidest.<\/p>\n<h2>Degradeerunud tretinoiinikreemi tunnuste tuvastamine<\/h2>\n<p>Tretinoiini kreemi halvenemise tunnuste \u00e4ratundmine on oluline selle t\u00f5hususe tagamiseks. V\u00e4rvuse, tekstuuri v\u00f5i l\u00f5hna muutused v\u00f5ivad viidata sellele, et kreem on kahjustatud. Kui m\u00e4rkate m\u00f5nda neist muutustest, on soovitatav kasutamine l\u00f5petada ja konsulteerida oma tervishoiuteenuse osutajaga.<\/p>\n<p>Lisaks, kui kreem hakkab tekitama ootamatut \u00e4rritust v\u00f5i k\u00f5rvaltoimeid, v\u00f5ib see olla ka m\u00e4rk lagunemisest v\u00f5i saastumisest. Kreemi v\u00e4limuse regulaarne kontrollimine ja nahareaktsioonide j\u00e4lgimine v\u00f5ib aidata neid probleeme varakult tabada, v\u00e4ltides ebat\u00f5husat ravi v\u00f5i edasisi nahakahjustusi.<\/p>\n<h2>Ettevaatusabin\u00f5ud erinevatest partiidest p\u00e4rit Tretinoiini kreemi kasutamisel<\/h2>\n<p>Erinevate partiide Tretinoin Cream&#8217;i kasutamisel tuleb j\u00e4rjepideva ravi s\u00e4ilitamiseks j\u00e4rgida ettevaatusabin\u00f5usid. Kontrollige alati iga tuubi aegumiskuup\u00e4eva ja partii numbrit, et veenduda, et need j\u00e4\u00e4vad soovitatud kasutusaja piiridesse. Aegunud kreemi kasutamine v\u00f5ib v\u00e4hendada efektiivsust v\u00f5i suurendada naha\u00e4rrituse riski.<\/p>\n<p>Samuti on oluline m\u00e4rkida k\u00f5ik partiide koostise v\u00f5i pakendi erinevused, kuna need v\u00f5ivad m\u00f5jutada pealekandmist v\u00f5i tulemusi. Kui teil on uue partii p\u00e4rast muret, v\u00f5ib apteekri v\u00f5i tervishoiuteenuse osutajaga konsulteerimine pakkuda selgust ja meelerahu.<\/p>\n<h2>Tervishoiuteenuste osutajatega konsulteerimine tretinoiinikreemi kasutamise osas<\/h2>\n<p>Teie tervishoiuteenuse osutaja m\u00e4ngib Tretinoiini kreemi edukas kasutamises otsustavat rolli. Regulaarsed konsultatsioonid v\u00f5imaldavad pidevalt hinnata teie ravi edenemist ja vajadusel kohandada annuseid v\u00f5i ravimvorme. See pidev tugi tagab kreemi ohutu ja t\u00f5husa kasutamise, maksimeerides selle kasulikkust teie nahale.<\/p>\n<p>Lisaks saavad tervishoiuteenuse osutajad anda juhiseid Tretinoiini kreemi integreerimiseks teie laiemasse nahahooldusrutiini, aidates teil saavutada optimaalseid tulemusi. Olenemata sellest, kas teil on k\u00fcsimusi k\u00f5rvaltoimete, rakendustehnikate v\u00f5i koostoimete kohta teiste toodetega, on tervishoiuteenuse osutaja hindamatu ressurss teadlike n\u00f5uannete saamiseks.<\/p>\n<h2>Levinud m\u00fc\u00fcdid Tretinoiini kreemiga hoidmise ja reisimise kohta<\/h2>\n<p>Tretinoiini kreemi s\u00e4ilitamist ja reisimist \u00fcmbritsevad mitmed m\u00fc\u00fcdid, mis v\u00f5ivad p\u00f5hjustada arusaamatusi selle kasutamise kohta. \u00dcks levinud eksiarvamus on see, et kreemi v\u00f5ib s\u00e4ilitada k\u00f5ikjal, olenemata temperatuurist v\u00f5i valgusest. Nagu \u00f6eldud, on \u00f5iged s\u00e4ilitustingimused kreemi efektiivsuse s\u00e4ilitamiseks \u00fcliolulised.<\/p>\n<p>Teine m\u00fc\u00fct on see, et Tretinoin Creamiga reisimine on liiga keeruline. Kuigi see n\u00f5uab m\u00f5ningast planeerimist, v\u00f5ib selgete juhiste j\u00e4rgimine tagada, et kreem p\u00fcsib t\u00f5husana kogu teie reisi ajal. Neid m\u00fc\u00fcte \u00fcmber l\u00fckates ja faktilisele teabele keskendudes saavad kasutajad maksimeerida Tretinoiini kreemi eeliseid oma nahahooldusre\u017eiimis.<\/p>\n","protected":false},"excerpt":{"rendered":"<p>Kuidas Tretinoiini kreemi s\u00e4ilitada, sellega reisida ja uuesti t\u00e4ita Tretinoiini kreemi t\u00f5hususe s\u00e4ilitamiseks on \u00fclioluline [&hellip;]<\/p>\n","protected":false},"author":1,"featured_media":0,"parent":0,"menu_order":0,"comment_status":"closed","ping_status":"closed","template":"","meta":{"footnotes":""},"class_list":["post-36156","page","type-page","status-publish","hentry"],"_links":{"self":[{"href":"https:\/\/pematekfcvac.unisel.edu.my\/index.php?rest_route=\/wp\/v2\/pages\/36156","targetHints":{"allow":["GET"]}}],"collection":[{"href":"https:\/\/pematekfcvac.unisel.edu.my\/index.php?rest_route=\/wp\/v2\/pages"}],"about":[{"href":"https:\/\/pematekfcvac.unisel.edu.my\/index.php?rest_route=\/wp\/v2\/types\/page"}],"author":[{"embeddable":true,"href":"https:\/\/pematekfcvac.unisel.edu.my\/index.php?rest_route=\/wp\/v2\/users\/1"}],"replies":[{"embeddable":true,"href":"https:\/\/pematekfcvac.unisel.edu.my\/index.php?rest_route=%2Fwp%2Fv2%2Fcomments&post=36156"}],"version-history":[{"count":1,"href":"https:\/\/pematekfcvac.unisel.edu.my\/index.php?rest_route=\/wp\/v2\/pages\/36156\/revisions"}],"predecessor-version":[{"id":36157,"href":"https:\/\/pematekfcvac.unisel.edu.my\/index.php?rest_route=\/wp\/v2\/pages\/36156\/revisions\/36157"}],"wp:attachment":[{"href":"https:\/\/pematekfcvac.unisel.edu.my\/index.php?rest_route=%2Fwp%2Fv2%2Fmedia&parent=36156"}],"curies":[{"name":"wp","href":"https:\/\/api.w.org\/{rel}","templated":true}]}}