{"id":36172,"date":"2026-03-24T09:24:28","date_gmt":"2026-03-24T09:24:28","guid":{"rendered":"https:\/\/pematekfcvac.unisel.edu.my\/?page_id=36172"},"modified":"2026-03-24T09:24:28","modified_gmt":"2026-03-24T09:24:28","slug":"condicoes-adequadas-de-armazenamento-para-rybelsus","status":"publish","type":"page","link":"https:\/\/pematekfcvac.unisel.edu.my\/?page_id=36172","title":{"rendered":"Condi\u00e7\u00f5es adequadas de armazenamento para Rybelsus"},"content":{"rendered":"<h1>Como armazenar, viajar e reabastecer Rybelsus<\/h1>\n<p>O manejo adequado do Rybelsus envolve a compreens\u00e3o das condi\u00e7\u00f5es de armazenamento, precau\u00e7\u00f5es de viagem e estrat\u00e9gias de recarga para garantir um tratamento eficaz em tr\u00e2nsito.<\/p>\n<h2>Condi\u00e7\u00f5es adequadas de armazenamento para Rybelsus<\/h2>\n<p>Rybelsus, um medicamento usado para controlar o diabetes tipo 2, requer condi\u00e7\u00f5es espec\u00edficas de armazenamento para manter sua efic\u00e1cia. Deve ser armazenado em temperatura ambiente, idealmente entre 20\u00b0C e 25\u00b0C. No entanto, varia\u00e7\u00f5es de curto prazo entre 15\u00b0C e 30\u00b0C s\u00e3o geralmente aceit\u00e1veis. \u00c9 fundamental manter o Rybelsus na embalagem original para proteg\u00ea-lo da luz e da umidade, que podem degradar o medicamento.<\/p>\n<p>Evite armazenar Rybelsus em locais com alta umidade ou temperaturas extremas, como banheiros ou perto de utens\u00edlios de cozinha. O controle consistente da temperatura \u00e9 fundamental para preservar a efic\u00e1cia do medicamento. Se n\u00e3o tiver certeza sobre o ambiente de armazenamento, considere usar um recipiente com temperatura controlada para manter as condi\u00e7\u00f5es ideais.<\/p>\n<h2>Prazo de validade e validade do Rybelsus<\/h2>\n<p>O prazo de validade do Rybelsus \u00e9 normalmente indicado na embalagem e \u00e9 importante respeitar o prazo de validade para garantir seguran\u00e7a e efic\u00e1cia. Usar o medicamento ap\u00f3s o prazo de validade pode resultar em efic\u00e1cia reduzida ou riscos potenciais \u00e0 sa\u00fade. Sempre verifique a data de validade ao comprar um novo suprimento e gire seu estoque para usar primeiro os pacotes mais antigos.<\/p>\n<p>Armazenar o medicamento adequadamente tamb\u00e9m prolonga sua vida \u00fatil. Acompanhe os prazos de validade e crie o h\u00e1bito de verific\u00e1-los regularmente, principalmente antes de planejar uma viagem ou reabastecer sua receita. Esta pr\u00e1tica ajuda a evitar desperd\u00edcios desnecess\u00e1rios e garante que voc\u00ea tenha um suprimento confi\u00e1vel de medicamentos eficazes.<\/p>\n<h2>Viajando com Rybelsus: dicas essenciais<\/h2>\n<p>Ao viajar com Rybelsus, a prepara\u00e7\u00e3o \u00e9 crucial. Comece organizando sua programa\u00e7\u00e3o de medicamentos de acordo com seu itiner\u00e1rio de viagem. Isto envolve planear quando e onde ir\u00e1 tomar as suas doses para garantir que mant\u00e9m o seu regime de tratamento. Al\u00e9m disso, leve consigo uma c\u00f3pia da sua receita e uma nota do seu m\u00e9dico explicando a necessidade do medicamento, o que pode ser \u00fatil em caso de d\u00favidas na alf\u00e2ndega ou em verifica\u00e7\u00f5es de seguran\u00e7a.<\/p>\n<p>Tamb\u00e9m \u00e9 aconselh\u00e1vel levar consigo doses extras em caso de atrasos na viagem. Certifique-se de que seu medicamento esteja embalado em sua bagagem de m\u00e3o, para que permane\u00e7a acess\u00edvel durante toda a viagem. Este m\u00e9todo evita quaisquer problemas que possam surgir se sua bagagem despachada for perdida ou atrasada.<\/p>\n<h2>Embalagem Rybelsus para viagens a\u00e9reas<\/h2>\n<p>As viagens a\u00e9reas requerem aten\u00e7\u00e3o especial \u00e0 embalagem do Rybelsus. Os regulamentos relativos ao transporte de medicamentos podem variar de acordo com a companhia a\u00e9rea e o destino, por isso \u00e9 essencial verific\u00e1-los antes da sua partida. Geralmente, os medicamentos s\u00e3o permitidos na bagagem de m\u00e3o, mas \u00e9 aconselh\u00e1vel mant\u00ea-los em sua embalagem original junto com o r\u00f3tulo da receita para evitar complica\u00e7\u00f5es durante as verifica\u00e7\u00f5es de seguran\u00e7a.<\/p>\n<p>Considere usar um organizador de comprimidos de viagem se precisar tomar v\u00e1rios medicamentos, mas certifique-se de que Rybelsus permane\u00e7a em seu blister para proteger contra umidade e luz. Uma bolsa t\u00e9rmica pode ser \u00fatil para manter uma temperatura est\u00e1vel durante os voos, especialmente se voc\u00ea prev\u00ea mudan\u00e7as extremas de temperatura.<\/p>\n<h2>Rybelsus e varia\u00e7\u00f5es de temperatura<\/h2>\n<p>As flutua\u00e7\u00f5es de temperatura podem afetar <a href=\"https:\/\/curacerta.pt\/rybelsus-preco-sem-receita\">https:\/\/curacerta.pt\/rybelsus-preco-sem-receita<\/a> a efic\u00e1cia do Rybelsus. Embora o medicamento possa suportar varia\u00e7\u00f5es de temperatura de curto prazo, deve-se evitar a exposi\u00e7\u00e3o prolongada a calor ou frio extremos. Se viajar para um destino com diferen\u00e7as significativas de temperatura, use sacos ou recipientes isolados para ajudar a manter uma temperatura consistente.<\/p>\n<p>Durante viagens, principalmente em \u00e1reas com oscila\u00e7\u00f5es de temperatura, monitore as condi\u00e7\u00f5es de armazenamento de seus medicamentos. Se estiver dirigindo, evite deixar o medicamento no carro por longos per\u00edodos, pois as temperaturas podem subir ou descer rapidamente, afetando a estabilidade do medicamento.<\/p>\n<h2>Verifica\u00e7\u00f5es de seguran\u00e7a: carregando Rybelsus<\/h2>\n<p>As verifica\u00e7\u00f5es de seguran\u00e7a podem ser uma fonte de ansiedade, mas estar preparado pode facilitar o processo. Ao viajar com Rybelsus, mantenha documentos como sua receita e um atestado m\u00e9dico \u00e0 m\u00e3o. Esses documentos validam sua necessidade do medicamento e podem agilizar o processo de seguran\u00e7a.<\/p>\n<p>Declare seu medicamento ao passar pela seguran\u00e7a do aeroporto. Esta transpar\u00eancia pode evitar mal-entendidos e garantir uma passagem tranquila pelos pontos de verifica\u00e7\u00e3o. Se o seu medicamento estiver na forma l\u00edquida, ele poder\u00e1 estar sujeito a exames adicionais, portanto, esteja preparado para explicar sua necessidade.<\/p>\n<h2>Reabastecendo sua receita de Rybelsus<\/h2>\n<p>Garantir um fornecimento cont\u00ednuo de Rybelsus requer planeamento estrat\u00e9gico, particularmente no que diz respeito \u00e0s recargas de receitas m\u00e9dicas. Normalmente, as recargas devem ser solicitadas bem antes que o suprimento atual acabe. Consulte seu m\u00e9dico para alinhar seu cronograma de prescri\u00e7\u00e3o com seus planos de viagem, garantindo que voc\u00ea tenha medicamentos suficientes para cobrir a dura\u00e7\u00e3o da viagem.<\/p>\n<p>Ao viajar, considere ter sua receita arquivada em uma rede nacional de farm\u00e1cias com locais em seu destino. Essa previs\u00e3o pode facilitar a obten\u00e7\u00e3o de recarga, caso haja necessidade durante suas viagens.<\/p>\n<h2>Op\u00e7\u00f5es de farm\u00e1cias on-line e locais para Rybelsus<\/h2>\n<p>As farm\u00e1cias on-line e locais oferecem meios para reabastecer sua receita de Rybelsus. As farm\u00e1cias on-line podem oferecer conveni\u00eancia e muitas vezes facilitar recargas r\u00e1pidas, especialmente ben\u00e9ficas para quem tem agendas lotadas ou mobilidade limitada. No entanto, \u00e9 crucial verificar a legitimidade das farm\u00e1cias online para evitar medicamentos falsificados.<\/p>\n<p>As farm\u00e1cias locais, por outro lado, oferecem a vantagem do atendimento personalizado e da disponibilidade imediata. Estabelecer um relacionamento com seu farmac\u00eautico local tamb\u00e9m pode fornecer uma camada adicional de apoio e conhecimento sobre suas necessidades de medicamentos, especialmente se surgirem problemas com sua prescri\u00e7\u00e3o.<\/p>\n<h2>Gerenciando o fornecimento de Rybelsus em viagens longas<\/h2>\n<p>Viagens longas requerem um planejamento cuidadoso para garantir um fornecimento adequado de Rybelsus. Calcule a quantidade total necess\u00e1ria para toda a dura\u00e7\u00e3o da viagem e inclua doses extras para cobrir poss\u00edveis atrasos ou circunst\u00e2ncias imprevistas. Esta prepara\u00e7\u00e3o ajuda a mitigar o risco de ficar sem medica\u00e7\u00e3o fora de casa.<\/p>\n<p>Discuta seus planos de viagem com seu m\u00e9dico, que pode oferecer receitas adicionais ou conselhos sobre como administrar sua medica\u00e7\u00e3o durante longos per\u00edodos de viagem. Esta abordagem proativa garante que o controle do diabetes permane\u00e7a ininterrupto, independentemente da sua localiza\u00e7\u00e3o.<\/p>\n<h2>Armazenamento Rybelsus: o que fazer e o que n\u00e3o fazer<\/h2>\n<p>O armazenamento adequado de Rybelsus envolve seguir alguns pontos essenciais que devemos e n\u00e3o devemos fazer. Armazene o medicamento em temperatura ambiente e longe da luz e umidade. Mantenha-o em sua embalagem original para manter a prote\u00e7\u00e3o contra elementos externos. N\u00e3o armazene Rybelsus em temperaturas extremas ou \u00e1reas de alta umidade, pois isso pode comprometer sua efic\u00e1cia.<\/p>\n<p>Al\u00e9m disso, verifique as datas de vencimento regularmente e gire seu estoque de acordo. N\u00e3o use medicamentos vencidos, pois eles podem n\u00e3o fornecer os benef\u00edcios terap\u00eauticos pretendidos e podem causar danos.<\/p>\n<h2>Compreendendo a embalagem Rybelsus<\/h2>\n<p>Rybelsus \u00e9 normalmente embalado em blisters projetados para proteger o medicamento da luz e da umidade. Esta embalagem tamb\u00e9m facilita o rastreamento das doses, pois cada comprimido permanece lacrado individualmente at\u00e9 o momento da administra\u00e7\u00e3o. Os blisters s\u00e3o f\u00e1ceis de usar e ajudam a garantir a integridade do medicamento at\u00e9 o ponto de uso.<\/p>\n<p>Familiarizar-se com a embalagem \u00e9 ben\u00e9fico, principalmente em viagens, pois auxilia na identifica\u00e7\u00e3o r\u00e1pida do medicamento entre outros itens. Manter os blisters intactos tamb\u00e9m simplifica o processo de passagem pelas verifica\u00e7\u00f5es de seguran\u00e7a, pois exibem claramente o r\u00f3tulo da prescri\u00e7\u00e3o e as informa\u00e7\u00f5es sobre a dosagem.<\/p>\n<h2>Seguro de viagem: cobrindo Rybelsus<\/h2>\n<p>O seguro de viagem pode oferecer tranquilidade ao viajar com a Rybelsus, cobrindo poss\u00edveis perdas ou atrasos envolvendo sua medica\u00e7\u00e3o. Antes de adquirir uma ap\u00f3lice, revise os detalhes da cobertura para garantir que ela inclui medicamentos prescritos e quaisquer requisitos espec\u00edficos relacionados ao controle do diabetes.<\/p>\n<p>Ter um seguro de viagem que cubra Rybelsus pode ser inestim\u00e1vel em emerg\u00eancias, como se voc\u00ea perder seu medicamento ou se precisar de assist\u00eancia m\u00e9dica enquanto estiver no exterior. Compreender o processo de reclama\u00e7\u00f5es e manter toda a documenta\u00e7\u00e3o necess\u00e1ria \u00e0 m\u00e3o para facilitar a resolu\u00e7\u00e3o r\u00e1pida caso seja necess\u00e1rio.<\/p>\n<h2>Acesso de emerg\u00eancia a Rybelsus durante a viagem<\/h2>\n<p>Em caso de emerg\u00eancia em que voc\u00ea fique sem o seu Rybelsus, saber como acessar rapidamente o medicamento \u00e9 essencial. Contate seu m\u00e9dico imediatamente para obter aconselhamento sobre o melhor curso de a\u00e7\u00e3o. Eles podem facilitar a transfer\u00eancia de uma receita para uma farm\u00e1cia local ou orient\u00e1-lo at\u00e9 o centro m\u00e9dico mais pr\u00f3ximo.<\/p>\n<p>Tamb\u00e9m \u00e9 aconselh\u00e1vel ter uma lista de farm\u00e1cias e centros m\u00e9dicos internacionais no seu destino. Esta lista pode servir como um recurso em caso de emerg\u00eancia, ajudando voc\u00ea a localizar prontamente uma fonte de Rybelsus. A prepara\u00e7\u00e3o para tais cen\u00e1rios garante que voc\u00ea permane\u00e7a no controle de sua sa\u00fade, mesmo quando confrontado com desafios inesperados.<\/p>\n","protected":false},"excerpt":{"rendered":"<p>Como armazenar, viajar e reabastecer Rybelsus O manejo adequado do Rybelsus envolve a compreens\u00e3o das [&hellip;]<\/p>\n","protected":false},"author":1,"featured_media":0,"parent":0,"menu_order":0,"comment_status":"closed","ping_status":"closed","template":"","meta":{"footnotes":""},"class_list":["post-36172","page","type-page","status-publish","hentry"],"_links":{"self":[{"href":"https:\/\/pematekfcvac.unisel.edu.my\/index.php?rest_route=\/wp\/v2\/pages\/36172","targetHints":{"allow":["GET"]}}],"collection":[{"href":"https:\/\/pematekfcvac.unisel.edu.my\/index.php?rest_route=\/wp\/v2\/pages"}],"about":[{"href":"https:\/\/pematekfcvac.unisel.edu.my\/index.php?rest_route=\/wp\/v2\/types\/page"}],"author":[{"embeddable":true,"href":"https:\/\/pematekfcvac.unisel.edu.my\/index.php?rest_route=\/wp\/v2\/users\/1"}],"replies":[{"embeddable":true,"href":"https:\/\/pematekfcvac.unisel.edu.my\/index.php?rest_route=%2Fwp%2Fv2%2Fcomments&post=36172"}],"version-history":[{"count":1,"href":"https:\/\/pematekfcvac.unisel.edu.my\/index.php?rest_route=\/wp\/v2\/pages\/36172\/revisions"}],"predecessor-version":[{"id":36173,"href":"https:\/\/pematekfcvac.unisel.edu.my\/index.php?rest_route=\/wp\/v2\/pages\/36172\/revisions\/36173"}],"wp:attachment":[{"href":"https:\/\/pematekfcvac.unisel.edu.my\/index.php?rest_route=%2Fwp%2Fv2%2Fmedia&parent=36172"}],"curies":[{"name":"wp","href":"https:\/\/api.w.org\/{rel}","templated":true}]}}