{"id":36194,"date":"2026-03-24T10:01:55","date_gmt":"2026-03-24T10:01:55","guid":{"rendered":"https:\/\/pematekfcvac.unisel.edu.my\/?page_id=36194"},"modified":"2026-03-24T10:01:55","modified_gmt":"2026-03-24T10:01:55","slug":"porozumeni-lekum-ed-typy-a-mechanismy","status":"publish","type":"page","link":"https:\/\/pematekfcvac.unisel.edu.my\/?page_id=36194","title":{"rendered":"Porozum\u011bn\u00ed l\u00e9k\u016fm ED: typy a mechanismy"},"content":{"rendered":"<h1>V\u00fdb\u011br l\u00e9ku na ED online: porovn\u00e1n\u00ed n\u00e1stupu, trv\u00e1n\u00ed a vhodnosti: objedn\u00e1v\u00e1n\u00ed a dod\u00e1n\u00ed krok za krokem<\/h1>\n<p>Orientace ve slo\u017eitosti n\u00e1kupu l\u00e9k\u016f na erektiln\u00ed dysfunkci (ED) online zahrnuje pochopen\u00ed r\u016fzn\u00fdch l\u00e9k\u016f, jejich \u00fa\u010dink\u016f a zaji\u0161t\u011bn\u00ed bezpe\u010dn\u00e9ho n\u00e1kupu a soukrom\u00ed.<\/p>\n<h2>Porozum\u011bn\u00ed l\u00e9k\u016fm ED: typy a mechanismy<\/h2>\n<p>ED l\u00e9ky prim\u00e1rn\u011b funguj\u00ed tak, \u017ee zlep\u0161uj\u00ed pr\u016ftok krve do penisu a usnad\u0148uj\u00ed erekci v reakci na sexu\u00e1ln\u00ed stimulaci. Nejb\u011b\u017en\u011bj\u0161\u00edmi typy l\u00e9k\u016f na ED jsou inhibitory fosfodiester\u00e1zy typu 5 (PDE5). Tato kategorie zahrnuje zn\u00e1m\u00e9 l\u00e9ky, jako je sildenafil (Viagra), tadalafil (Cialis), vardenafil (Levitra) a avanafil (Stendra). Ka\u017ed\u00fd z t\u011bchto l\u00e9k\u016f p\u016fsob\u00ed inhibic\u00ed enzymu PDE5, co\u017e vede k relaxaci bun\u011bk hladk\u00e9ho svalstva a zv\u00fd\u0161en\u00e9mu pr\u016ftoku krve.<\/p>\n<p>I kdy\u017e tyto l\u00e9ky sd\u00edlej\u00ed spole\u010dn\u00fd mechanismus \u00fa\u010dinku, li\u0161\u00ed se sv\u00fdm chemick\u00fdm slo\u017een\u00edm, kter\u00e9 ovliv\u0148uje jejich n\u00e1stup \u00fa\u010dinku, trv\u00e1n\u00ed \u00fa\u010dink\u016f a potenci\u00e1ln\u00ed vedlej\u0161\u00ed \u00fa\u010dinky. Je d\u016fle\u017eit\u00e9 porozum\u011bt t\u011bmto rozd\u00edl\u016fm, aby bylo mo\u017en\u00e9 vybrat nejvhodn\u011bj\u0161\u00ed l\u00e9k pro individu\u00e1ln\u00ed pot\u0159eby a okolnosti.<\/p>\n<h2>Porovn\u00e1n\u00ed \u010das\u016f n\u00e1stupu popul\u00e1rn\u00edch l\u00e9k\u016f na ED<\/h2>\n<p>N\u00e1stup \u00fa\u010dinku l\u00e9k\u016f na ED je d\u016fle\u017eit\u00fdm faktorem pro u\u017eivatele, kte\u0159\u00ed hledaj\u00ed rychl\u00e9 v\u00fdsledky. Sildenafil obvykle za\u010dne p\u016fsobit b\u011bhem 30 a\u017e 60 minut, co\u017e znamen\u00e1, \u017ee pro optim\u00e1ln\u00ed \u00fa\u010dinnost je nutn\u00e9 pl\u00e1nov\u00e1n\u00ed. Tadalafil na druh\u00e9 stran\u011b nab\u00edz\u00ed flexibiln\u011bj\u0161\u00ed dobu n\u00e1stupu \u00fa\u010dinku, \u010dasto se projev\u00ed do 30 minut, ale umo\u017e\u0148uje \u0161ir\u0161\u00ed okno pro spont\u00e1nnost.<\/p>\n<p>Avanafil je zn\u00e1m\u00fd sv\u00fdm rychl\u00fdm n\u00e1stupem, n\u011bkdy funguje ji\u017e za 15 minut, tak\u017ee je p\u0159ita\u017eliv\u00fd pro ty, kte\u0159\u00ed hledaj\u00ed okam\u017eit\u00e9 v\u00fdsledky. Vardenafil, podobn\u011b jako sildenafil, obvykle vy\u017eaduje asi 30 a\u017e 60 minut, ne\u017e za\u010dne \u00fa\u010dinkovat. Tyto odchylky v dob\u00e1ch n\u00e1stupu hraj\u00ed z\u00e1sadn\u00ed roli p\u0159i personalizaci mo\u017enost\u00ed l\u00e9\u010dby na z\u00e1klad\u011b \u017eivotn\u00edho stylu a preferenc\u00ed na\u010dasov\u00e1n\u00ed.<\/p>\n<h2>Hodnocen\u00ed trv\u00e1n\u00ed \u00fa\u010dinnosti l\u00e9\u010dby ED<\/h2>\n<p>Doba \u00fa\u010dinnosti je dal\u0161\u00edm kritick\u00fdm faktorem p\u0159i v\u00fdb\u011bru l\u00e9ku na ED. Tadalafil je zn\u00e1m\u00fd pro sv\u00e9 dlouhotrvaj\u00edc\u00ed \u00fa\u010dinky, kter\u00e9 se mohou prodlou\u017eit a\u017e na 36 hodin, d\u00edky \u010demu\u017e si vyslou\u017eil p\u0159ezd\u00edvku &quot;v\u00edkendov\u00e1 pilulka.&quot; Toto prodlou\u017een\u00e9 trv\u00e1n\u00ed umo\u017e\u0148uje v\u011bt\u0161\u00ed spont\u00e1nnost a svobodu p\u0159i pl\u00e1nov\u00e1n\u00ed sexu\u00e1ln\u00edch aktivit.<\/p>\n<p>Na rozd\u00edl od toho sildenafil a vardenafil maj\u00ed tendenci trvat asi 4 a\u017e 6 hodin, co\u017e poskytuje krat\u0161\u00ed p\u0159\u00edle\u017eitost, ale st\u00e1le dosta\u010duj\u00edc\u00ed pro v\u011bt\u0161inu u\u017eivatel\u016f. Avanafil nab\u00edz\u00ed dobu trv\u00e1n\u00ed asi 6 hodin, podobn\u011b jako sildenafil a vardenafil, ale v kombinaci s rychl\u00fdm n\u00e1stupem p\u0159edstavuje jedine\u010dnou rovnov\u00e1hu mezi bezprost\u0159ednost\u00ed a \u00fa\u010dinnost\u00ed.<\/p>\n<h2>Faktory ovliv\u0148uj\u00edc\u00ed vhodnost l\u00e9k\u016f na ED<\/h2>\n<p>Vhodnost r\u016fzn\u00fdch l\u00e9k\u016f na ED ovliv\u0148uje n\u011bkolik faktor\u016f, v\u010detn\u011b individu\u00e1ln\u00edho zdravotn\u00edho stavu, \u017eivotn\u00edho stylu a osobn\u00edch preferenc\u00ed. Nap\u0159\u00edklad prodlou\u017een\u00e9 trv\u00e1n\u00ed tadalafilu m\u016f\u017ee b\u00fdt v\u00fdhodn\u00e9 pro ty, kte\u0159\u00ed necht\u011bj\u00ed p\u0159esn\u011b pl\u00e1novat na\u010dasov\u00e1n\u00ed intimity, zat\u00edmco sildenafil m\u016f\u017ee b\u00fdt vhodn\u011bj\u0161\u00ed pro ty, kte\u0159\u00ed preferuj\u00ed krat\u0161\u00ed a p\u0159edv\u00eddateln\u011bj\u0161\u00ed okna.<\/p>\n<p>Krom\u011b toho m\u016f\u017ee v\u00fdb\u011br l\u00e9k\u016f ovlivnit p\u0159\u00edtomnost ur\u010dit\u00fdch zdravotn\u00edch stav\u016f, jako je hypertenze nebo cukrovka. N\u011bkter\u00e9 l\u00e9ky mohou interagovat s jin\u00fdmi l\u00e9ky, tak\u017ee je nezbytn\u00e9 konzultovat s poskytovatelem zdravotn\u00ed p\u00e9\u010de, aby byla zaji\u0161t\u011bna bezpe\u010dnost a \u00fa\u010dinnost. Osobn\u00ed preference t\u00fdkaj\u00edc\u00ed se doby n\u00e1stupu a trv\u00e1n\u00ed tak\u00e9 hraj\u00ed z\u00e1sadn\u00ed roli p\u0159i ur\u010dov\u00e1n\u00ed nejlep\u0161\u00edho p\u0159izp\u016fsoben\u00ed.<\/p>\n<h2>Podrobn\u00fd pr\u016fvodce objedn\u00e1n\u00edm ED Medicine online<\/h2>\n<p>Objedn\u00e1v\u00e1n\u00ed l\u00e9k\u016f na ED online zahrnuje n\u011bkolik krok\u016f k zaji\u0161t\u011bn\u00ed bezpe\u010dn\u00e9ho a informovan\u00e9ho n\u00e1kupu. Za\u010dn\u011bte pr\u016fzkumem renomovan\u00fdch internetov\u00fdch l\u00e9k\u00e1ren, kter\u00e9 vy\u017eaduj\u00ed p\u0159edpis, proto\u017ee to je kl\u00ed\u010dov\u00fd ukazatel legitimity. Je d\u016fle\u017eit\u00e9 m\u00edt p\u0159edpis nebo se poradit s licencovan\u00fdm zdravotnick\u00fdm pracovn\u00edkem prost\u0159ednictv\u00edm telemedic\u00ednsk\u00fdch slu\u017eeb, kter\u00e9 nab\u00edz\u00ed mnoho online l\u00e9k\u00e1ren.<\/p>\n<p>Jakmile je identifikov\u00e1na vhodn\u00e1 l\u00e9k\u00e1rna, vytvo\u0159te si <a href=\"https:\/\/lekarnaonline24.cz\/\">https:\/\/lekarnaonline24.cz\/<\/a> \u00fa\u010det a v p\u0159\u00edpad\u011b pot\u0159eby nahrajte sv\u016fj p\u0159edpis. Vyberte po\u017eadovan\u00fd l\u00e9k a d\u00e1vkov\u00e1n\u00ed a pokra\u010dujte k pokladn\u011b. P\u0159ed dokon\u010den\u00edm n\u00e1kupu si nezapome\u0148te zkontrolovat v\u0161echny podrobnosti objedn\u00e1vky, v\u010detn\u011b informac\u00ed o doprav\u011b a cen\u011b. Nakonec potvr\u010fte objedn\u00e1vku a vy\u010dkejte na potvrzovac\u00ed email s dodac\u00edmi \u00fadaji.<\/p>\n<h2>Zaji\u0161t\u011bn\u00ed bezpe\u010dn\u00fdch a bezpe\u010dn\u00fdch n\u00e1kup\u016f online<\/h2>\n<p>Bezpe\u010dnost a zabezpe\u010den\u00ed jsou p\u0159i n\u00e1kupu l\u00e9k\u016f online nejd\u016fle\u017eit\u011bj\u0161\u00ed. V\u017edy si ov\u011b\u0159te, zda m\u00e1 l\u00e9k\u00e1rna licenci a zda p\u016fsob\u00ed v r\u00e1mci regula\u010dn\u00edch r\u00e1mc\u016f stanoven\u00fdch zdravotnick\u00fdmi \u00fa\u0159ady. Hledejte online recenze a hodnocen\u00ed, abyste mohli posoudit spokojenost z\u00e1kazn\u00edk\u016f a spolehlivost l\u00e9k\u00e1rny.<\/p>\n<p>K ochran\u011b finan\u010dn\u00edch informac\u00ed pou\u017e\u00edvejte zabezpe\u010den\u00e9 platebn\u00ed metody, jako jsou kreditn\u00ed karty nebo d\u016fv\u011bryhodn\u00e9 platebn\u00ed platformy. D\u00e1le se ujist\u011bte, \u017ee webov\u00e1 str\u00e1nka pou\u017e\u00edv\u00e1 \u0161ifrovac\u00ed technologii ozna\u010denou jako &quot;https&quot; v URL k ochran\u011b osobn\u00edch \u00fadaj\u016f b\u011bhem transakc\u00ed.<\/p>\n<h2>Mo\u017enosti dod\u00e1n\u00ed l\u00e9k\u016f na ED: Co o\u010dek\u00e1vat<\/h2>\n<p>Internetov\u00e9 l\u00e9k\u00e1rny obvykle nab\u00edzej\u00ed \u0159adu mo\u017enost\u00ed doru\u010den\u00ed, aby vyhovovaly r\u016fzn\u00fdm pot\u0159eb\u00e1m a preferenc\u00edm. Standardn\u00ed doprava je obvykle nejekonomi\u010dt\u011bj\u0161\u00ed mo\u017enost\u00ed, i kdy\u017e m\u016f\u017ee trvat n\u011bkolik dn\u00ed, ne\u017e l\u00e9ky doraz\u00ed. Pro ty, kte\u0159\u00ed pot\u0159ebuj\u00ed l\u00e9ky nal\u00e9hav\u011bji, mohou b\u00fdt za p\u0159\u00edplatek k dispozici expresn\u00ed nebo no\u010dn\u00ed p\u0159epravy.<\/p>\n<p>Diskr\u00e9tn\u00ed balen\u00ed je b\u011b\u017enou funkc\u00ed nab\u00edzenou online l\u00e9k\u00e1rnami, kter\u00e1 zaji\u0161\u0165uje soukrom\u00ed a d\u016fv\u011brnost. To je zvl\u00e1\u0161t\u011b d\u016fle\u017eit\u00e9 u l\u00e9k\u016f na ED, kde diskr\u00e9tnost m\u016f\u017ee b\u00fdt pro mnoho jedinc\u016f v\u00fdznamn\u00fdm probl\u00e9mem.<\/p>\n<h2>Pr\u00e1vn\u00ed aspekty p\u0159i n\u00e1kupu l\u00e9k\u016f na ED online<\/h2>\n<p>N\u00e1kup l\u00e9k\u016f na ED online zahrnuje n\u011bkolik pr\u00e1vn\u00edch aspekt\u016f. Je d\u016fle\u017eit\u00e9 zajistit, aby internetov\u00e1 l\u00e9k\u00e1rna fungovala leg\u00e1ln\u011b a byla v souladu s m\u00edstn\u00edmi p\u0159edpisy. V mnoha regionech je k n\u00e1kupu l\u00e9k\u016f na ED ze z\u00e1kona vy\u017eadov\u00e1n p\u0159edpis a n\u00e1kup ze zdroj\u016f, kter\u00e9 tento po\u017eadavek obch\u00e1zej\u00ed, m\u016f\u017ee p\u0159edstavovat pr\u00e1vn\u00ed rizika a zdravotn\u00ed nebezpe\u010d\u00ed.<\/p>\n<p>Bu\u010fte si v\u011bdomi z\u00e1kon\u016f t\u00fdkaj\u00edc\u00edch se dovozu l\u00e9k\u016f ve va\u0161\u00ed zemi, proto\u017ee n\u011bkter\u00e9 regiony maj\u00ed p\u0159\u00edsn\u00e1 na\u0159\u00edzen\u00ed t\u00fdkaj\u00edc\u00ed se dovozu farmaceutick\u00fdch produkt\u016f. Spolupr\u00e1ce s renomovan\u00fdmi l\u00e9k\u00e1rnami, kter\u00e9 dodr\u017euj\u00ed tato na\u0159\u00edzen\u00ed, je nezbytn\u00e1, aby se p\u0159ede\u0161lo pr\u00e1vn\u00edm komplikac\u00edm.<\/p>\n<h2>Jak ov\u011b\u0159it pravost l\u00e9k\u016f na ED<\/h2>\n<p>Autenticita je v\u00fdznamn\u00fdm probl\u00e9mem p\u0159i n\u00e1kupu l\u00e9k\u016f na ED online, proto\u017ee pad\u011blan\u00e9 l\u00e9ky mohou b\u00fdt ne\u00fa\u010dinn\u00e9 nebo \u0161kodliv\u00e9. Chcete-li ov\u011b\u0159it pravost, vyhledejte l\u00e9k\u00e1rny, kter\u00e9 odeb\u00edraj\u00ed sv\u00e9 l\u00e9ky p\u0159\u00edmo od d\u016fv\u011bryhodn\u00fdch v\u00fdrobc\u016f. Obal by m\u011bl b\u00fdt neporu\u0161en\u00fd a obsahovat jasn\u00e9 ozna\u010den\u00ed s \u010d\u00edsly \u0161ar\u017e\u00ed a datem expirace.<\/p>\n<p>Konzultace se zdravotnick\u00fdm pracovn\u00edkem m\u016f\u017ee tak\u00e9 poskytnout jistotu, proto\u017ee m\u016f\u017ee pomoci ov\u011b\u0159it legitimitu l\u00e9ku a poradit s jak\u00fdmikoli obavami t\u00fdkaj\u00edc\u00edmi se jeho vzhledu nebo \u00fa\u010dinnosti. N\u011bkte\u0159\u00ed v\u00fdrobci nav\u00edc na obalech poskytuj\u00ed jedine\u010dn\u00e9 k\u00f3dy, kter\u00e9 lze ov\u011b\u0159it na jejich ofici\u00e1ln\u00edch webov\u00fdch str\u00e1nk\u00e1ch pro potvrzen\u00ed pravosti.<\/p>\n<h2>Konzultace se zdravotnick\u00fdmi odborn\u00edky pro l\u00e9\u010dbu ED<\/h2>\n<p>Konzultace se zdravotnick\u00fdm pracovn\u00edkem je kritick\u00fdm krokem v l\u00e9\u010db\u011b ED. L\u00e9ka\u0159 m\u016f\u017ee poskytnout spr\u00e1vnou diagn\u00f3zu, vylou\u010dit z\u00e1kladn\u00ed onemocn\u011bn\u00ed a doporu\u010dit nejvhodn\u011bj\u0161\u00ed l\u00e9\u010dbu. Mohou tak\u00e9 poradit ohledn\u011b potenci\u00e1ln\u00edch interakc\u00ed s jin\u00fdmi l\u00e9ky a upravit d\u00e1vkov\u00e1n\u00ed podle pot\u0159eby.<\/p>\n<p>Telemedic\u00edna usnadnila ne\u017e kdy jindy konzultace se zdravotn\u00edky z pohodl\u00ed domova. Mnoho online l\u00e9k\u00e1ren nab\u00edz\u00ed slu\u017eby telehealth, kter\u00e9 pacient\u016fm umo\u017e\u0148uj\u00ed p\u0159ij\u00edmat recepty bez osobn\u00ed n\u00e1v\u0161t\u011bvy. Tato dostupnost zaji\u0161\u0165uje, \u017ee jednotlivci obdr\u017e\u00ed odborn\u00e9 poradenstv\u00ed p\u0159izp\u016fsoben\u00e9 jejich specifick\u00fdm zdravotn\u00edm pot\u0159eb\u00e1m.<\/p>\n<h2>\u0158\u00edzen\u00ed o\u010dek\u00e1v\u00e1n\u00ed: Realistick\u00e9 v\u00fdsledky l\u00e9k\u016f na ED<\/h2>\n<p>Zat\u00edmco l\u00e9ky na ED mohou b\u00fdt vysoce \u00fa\u010dinn\u00e9, je d\u016fle\u017eit\u00e9 \u0159\u00eddit o\u010dek\u00e1v\u00e1n\u00ed ohledn\u011b jejich v\u00fdsledk\u016f. Tyto l\u00e9ky pom\u00e1haj\u00ed dos\u00e1hnout a udr\u017eet erekci, ale nezvy\u0161uj\u00ed libido ani sexu\u00e1ln\u00ed touhu. \u00da\u010dinnost se tak\u00e9 m\u016f\u017ee li\u0161it v z\u00e1vislosti na individu\u00e1ln\u00edch faktorech, jako je celkov\u00fd zdravotn\u00ed stav, psychick\u00fd stav a p\u0159\u00edtomnost dal\u0161\u00edch zdravotn\u00edch pot\u00ed\u017e\u00ed.<\/p>\n<p>Je nezbytn\u00e9 pochopit, \u017ee l\u00e9ky na erektiln\u00ed dysfunkci nejsou l\u00e9kem na erektiln\u00ed dysfunkci, ale sp\u00ed\u0161e l\u00e9\u010dbou, kter\u00e1 m\u016f\u017ee pomoci zvl\u00e1dnout p\u0159\u00edznaky. Otev\u0159en\u00e1 komunikace s partnerem a zdravotnick\u00fdm pracovn\u00edkem m\u016f\u017ee zlep\u0161it v\u00fdsledky l\u00e9\u010dby t\u00edm, \u017ee se zam\u011b\u0159\u00ed na jak\u00e9koli psychologick\u00e9 nebo vztahov\u00e9 faktory p\u0159isp\u00edvaj\u00edc\u00ed k ED.<\/p>\n<h2>Potenci\u00e1ln\u00ed vedlej\u0161\u00ed \u00fa\u010dinky a interakce l\u00e9k\u016f na ED<\/h2>\n<p>Stejn\u011b jako v\u0161echny l\u00e9ky mohou l\u00e9ky na ED zp\u016fsobovat ne\u017e\u00e1douc\u00ed \u00fa\u010dinky, i kdy\u017e jsou obecn\u011b dob\u0159e sn\u00e1\u0161eny. Mezi \u010dast\u00e9 ne\u017e\u00e1douc\u00ed \u00fa\u010dinky pat\u0159\u00ed bolesti hlavy, n\u00e1valy horka, ucpan\u00fd nos a poruchy tr\u00e1ven\u00ed. Z\u00e1va\u017en\u011bj\u0161\u00ed ne\u017e\u00e1douc\u00ed \u00fa\u010dinky jsou vz\u00e1cn\u00e9, ale mohou zahrnovat ztr\u00e1tu zraku nebo sluchu a priapismus, prodlou\u017eenou erekci, kter\u00e1 vy\u017eaduje l\u00e9ka\u0159skou p\u00e9\u010di.<\/p>\n<p>D\u016fle\u017eit\u00fdm hlediskem jsou tak\u00e9 l\u00e9kov\u00e9 interakce, zejm\u00e9na s nitr\u00e1ty b\u011b\u017en\u011b p\u0159edepisovan\u00fdmi pro bolest na hrudi, proto\u017ee tato kombinace m\u016f\u017ee v\u00e9st k nebezpe\u010dn\u00e9mu poklesu krevn\u00edho tlaku. Je d\u016fle\u017eit\u00e9 prodiskutovat v\u0161echny l\u00e9ky a dopl\u0148ky s poskytovatelem zdravotn\u00ed p\u00e9\u010de, abyste se vyhnuli ne\u017e\u00e1douc\u00edm interakc\u00edm a zajistili bezpe\u010dn\u00e9 pou\u017e\u00edv\u00e1n\u00ed.<\/p>\n<h2>Srovn\u00e1n\u00ed n\u00e1klad\u016f na l\u00e9ky ED Online<\/h2>\n<p>N\u00e1klady na l\u00e9ky na ED se mohou v\u00fdrazn\u011b li\u0161it v z\u00e1vislosti na zna\u010dce, d\u00e1vkov\u00e1n\u00ed a l\u00e9k\u00e1rn\u011b. Generick\u00e9 verze, jako je sildenafil pro Viagru, jsou obvykle cenov\u011b dostupn\u011bj\u0161\u00ed p\u0159i zachov\u00e1n\u00ed stejn\u00e9 \u00fa\u010dinnosti jako jejich zna\u010dkov\u00e9 prot\u011bj\u0161ky. Nakupov\u00e1n\u00ed a porovn\u00e1v\u00e1n\u00ed cen z r\u016fzn\u00fdch internetov\u00fdch l\u00e9k\u00e1ren m\u016f\u017ee v\u00e9st k \u00faspo\u0159e n\u00e1klad\u016f.<\/p>\n<p>N\u011bkter\u00e9 l\u00e9k\u00e1rny nab\u00edzej\u00ed slevy nebo p\u0159edplatn\u00e9, kter\u00e9 poskytuj\u00ed l\u00e9ky za sn\u00ed\u017eenou sazbu. Je v\u0161ak nezbytn\u00e9 zajistit, aby \u00faspory n\u00e1klad\u016f nebyly na \u00fakor kvality nebo autenticity. V\u017edy si ov\u011b\u0159te, \u017ee l\u00e9k\u00e1rna je seri\u00f3zn\u00ed a \u017ee l\u00e9ky poch\u00e1zej\u00ed od legitimn\u00edch v\u00fdrobc\u016f.<\/p>\n<h2>D\u016fle\u017eitost soukrom\u00ed a d\u016fv\u011brnosti p\u0159i n\u00e1kupech ED<\/h2>\n<p>Soukrom\u00ed je pro mnoho jednotlivc\u016f, kte\u0159\u00ed si kupuj\u00ed l\u00e9ky na ED, v\u00fdznamn\u00fdm probl\u00e9mem. Renomovan\u00e9 internetov\u00e9 l\u00e9k\u00e1rny to ch\u00e1pou a podnikaj\u00ed kroky k ochran\u011b soukrom\u00ed z\u00e1kazn\u00edk\u016f, jako jsou diskr\u00e9tn\u00ed balen\u00ed a bezpe\u010dn\u00e9 platebn\u00ed procesy. Dodr\u017euj\u00ed tak\u00e9 p\u0159\u00edsn\u00e9 z\u00e1sady d\u016fv\u011brnosti, \u010d\u00edm\u017e zaji\u0161\u0165uj\u00ed ochranu osobn\u00edch a l\u00e9ka\u0159sk\u00fdch informac\u00ed.<\/p>\n<p>Pacienti by se m\u011bli c\u00edtit pohodln\u011b p\u0159i projedn\u00e1v\u00e1n\u00ed sv\u00e9ho stavu a l\u00e9\u010dby s poskytovateli zdravotn\u00ed p\u00e9\u010de s v\u011bdom\u00edm, \u017ee je respektov\u00e1no jejich soukrom\u00ed. Toto uji\u0161t\u011bn\u00ed m\u016f\u017ee v\u00e9st k lep\u0161\u00edm zdravotn\u00edm v\u00fdsledk\u016fm, proto\u017ee jednotlivci s v\u011bt\u0161\u00ed pravd\u011bpodobnost\u00ed vyhledaj\u00ed pomoc, kterou pot\u0159ebuj\u00ed, bez strachu z vystaven\u00ed nebo \u00fasudku.<\/p>\n<h2>Budouc\u00ed trendy v dostupnosti a technologii online ED medic\u00edny<\/h2>\n<p>Oblast online n\u00e1kupu l\u00e9k\u016f na ED se rychle vyv\u00edj\u00ed, p\u0159i\u010dem\u017e technologie hraje v\u00fdznamnou roli p\u0159i zlep\u0161ov\u00e1n\u00ed dostupnosti a pohodl\u00ed. Pokroky v telemedic\u00edn\u011b usnad\u0148uj\u00ed pacient\u016fm p\u0159ij\u00edm\u00e1n\u00ed recept\u016f a konzultac\u00ed, ani\u017e by museli opustit domov, a zlep\u0161uj\u00ed celkovou zku\u0161enost pacient\u016f.<\/p>\n<p>Pokud jde o budoucnost, inovace v syst\u00e9mech pod\u00e1v\u00e1n\u00ed l\u00e9k\u016f a v\u00fdvoj nov\u00fdch l\u00e9k\u016f na ED slibuj\u00ed roz\u0161\u00ed\u0159en\u00ed mo\u017enost\u00ed l\u00e9\u010dby. Vzhledem k tomu, \u017ee online platformy neust\u00e1le rostou a p\u0159izp\u016fsobuj\u00ed se, budou pravd\u011bpodobn\u011b nab\u00edzet personalizovan\u011bj\u0161\u00ed a efektivn\u011bj\u0161\u00ed slu\u017eby, co\u017e jednotlivc\u016fm usnadn\u00ed efektivn\u011b a diskr\u00e9tn\u011b spravovat sv\u016fj stav.<\/p>\n","protected":false},"excerpt":{"rendered":"<p>V\u00fdb\u011br l\u00e9ku na ED online: porovn\u00e1n\u00ed n\u00e1stupu, trv\u00e1n\u00ed a vhodnosti: objedn\u00e1v\u00e1n\u00ed a dod\u00e1n\u00ed krok za [&hellip;]<\/p>\n","protected":false},"author":1,"featured_media":0,"parent":0,"menu_order":0,"comment_status":"closed","ping_status":"closed","template":"","meta":{"footnotes":""},"class_list":["post-36194","page","type-page","status-publish","hentry"],"_links":{"self":[{"href":"https:\/\/pematekfcvac.unisel.edu.my\/index.php?rest_route=\/wp\/v2\/pages\/36194","targetHints":{"allow":["GET"]}}],"collection":[{"href":"https:\/\/pematekfcvac.unisel.edu.my\/index.php?rest_route=\/wp\/v2\/pages"}],"about":[{"href":"https:\/\/pematekfcvac.unisel.edu.my\/index.php?rest_route=\/wp\/v2\/types\/page"}],"author":[{"embeddable":true,"href":"https:\/\/pematekfcvac.unisel.edu.my\/index.php?rest_route=\/wp\/v2\/users\/1"}],"replies":[{"embeddable":true,"href":"https:\/\/pematekfcvac.unisel.edu.my\/index.php?rest_route=%2Fwp%2Fv2%2Fcomments&post=36194"}],"version-history":[{"count":1,"href":"https:\/\/pematekfcvac.unisel.edu.my\/index.php?rest_route=\/wp\/v2\/pages\/36194\/revisions"}],"predecessor-version":[{"id":36195,"href":"https:\/\/pematekfcvac.unisel.edu.my\/index.php?rest_route=\/wp\/v2\/pages\/36194\/revisions\/36195"}],"wp:attachment":[{"href":"https:\/\/pematekfcvac.unisel.edu.my\/index.php?rest_route=%2Fwp%2Fv2%2Fmedia&parent=36194"}],"curies":[{"name":"wp","href":"https:\/\/api.w.org\/{rel}","templated":true}]}}