{"id":36374,"date":"2026-03-24T11:00:29","date_gmt":"2026-03-24T11:00:29","guid":{"rendered":"https:\/\/pematekfcvac.unisel.edu.my\/?page_id=36374"},"modified":"2026-03-24T11:00:29","modified_gmt":"2026-03-24T11:00:29","slug":"razumijevanje-xarelta-i-njegovog-generickog-oblika","status":"publish","type":"page","link":"https:\/\/pematekfcvac.unisel.edu.my\/?page_id=36374","title":{"rendered":"Razumijevanje Xarelta i njegovog generi\u010dkog oblika"},"content":{"rendered":"<h1>Xarelto Generic za probleme s bubrezima: smjernice<\/h1>\n<p>Ovaj \u010dlanak istra\u017euje upotrebu lijeka Xarelto i njegovih generi\u010dkih alternativa u bolesnika s problemima s bubrezima, usredoto\u010duju\u0107i se na prilagodbe doziranja, potencijalne rizike i strategije lije\u010denja pacijenata.<\/p>\n<h2>Razumijevanje Xarelta i njegovog generi\u010dkog oblika<\/h2>\n<p>Xarelto, generi\u010dki poznat kao rivaroksaban, na\u0161iroko je kori\u0161ten antikoagulans koji se propisuje za sprje\u010davanje krvnih ugru\u0161aka u raznim medicinskim stanjima, poput fibrilacije atrija, duboke venske tromboze i plu\u0107ne embolije. Za razliku od tradicionalnih antikoagulansa poput varfarina, Xarelto djeluje tako da inhibira faktor u procesu zgru\u0161avanja krvi poznat kao faktor Xa. Ovaj ciljani pristup u\u010dinio ga je popularnim izborom me\u0111u pru\u017eateljima zdravstvenih usluga zbog njegove jednostavne upotrebe i smanjene potrebe za redovitim pra\u0107enjem.<\/p>\n<p>Generici lijeka Xarelto postali su dostupni, nude\u0107i pacijentima pristupa\u010dnije mogu\u0107nosti u smislu cijene, a istovremeno odr\u017eavaju\u0107i isti profil u\u010dinkovitosti i sigurnosti. Ovi generici sadr\u017ee isti aktivni sastojak, rivaroksaban, i podlije\u017eu rigoroznom testiranju kako bi se osiguralo da zadovoljavaju iste standarde kao i poznati lijekovi. Pacijenti koji prelaze na generi\u010dku verziju mogu o\u010dekivati \u200b\u200bsli\u010dne terapijske dobrobiti s potencijalno manjim financijskim optere\u0107enjem.<\/p>\n<h2>Kako rad bubrega utje\u010de na metabolizam lijeka Xarelto<\/h2>\n<p>Bubrezi igraju klju\u010dnu ulogu u izlu\u010divanju mnogih lijekova, uklju\u010duju\u0107i Xarelto. Lijek se djelomi\u010dno eliminira putem bubrega, \u0161to zna\u010di da oslabljena funkcija bubrega mo\u017ee utjecati na na\u010din na koji se lijek obra\u0111uje i uklanja iz tijela. U bolesnika sa smanjenom funkcijom bubrega, Xarelto se mo\u017ee akumulirati do vi\u0161ih razina, pove\u0107avaju\u0107i rizik od komplikacija krvarenja.<\/p>\n<p>O\u0161te\u0107enje bubrega mo\u017ee se klasificirati u razli\u010dite faze, od blagih do te\u0161kih, na temelju brzine glomerularne filtracije (GFR), mjere koliko dobro bubrezi filtriraju krv. Razumijevanje ovih faza klju\u010dno je za pru\u017eatelje zdravstvenih usluga kako bi donosili informirane odluke o propisivanju Xarelta i prilago\u0111avanju doza u skladu s tim. Time se osigurava da pacijenti dobiju terapijske dobrobiti lijeka uz smanjenje potencijalnih rizika.<\/p>\n<h2>Prilagodbe doze za bolesnike s o\u0161te\u0107enjem bubrega<\/h2>\n<p>Za bolesnike s o\u0161te\u0107enjem bubrega, prilagodbe doze lijeka Xarelto klju\u010dne su za odr\u017eavanje u\u010dinkovitosti uz smanjenje rizika od nuspojava. Tipi\u010dno, preporu\u010dena doza lijeka Xarelto mo\u017ee se smanjiti u bolesnika s umjerenim do te\u0161kim o\u0161te\u0107enjem bubrega. Na primjer, u bolesnika s klirensom kreatinina od 30 do 49 ml\/min, mo\u017ee se preporu\u010diti ni\u017ea doza.<\/p>\n<p>Lije\u010dnici \u010desto provode redovite testove bubre\u017ene funkcije kako bi odredili odgovaraju\u0107u dozu za svakog pacijenta, uzimaju\u0107i u obzir \u010dimbenike kao \u0161to su dob, te\u017eina i op\u0107e zdravlje. Ove prilagodbe poma\u017eu sprije\u010diti rizik od krvarenja, \u0161to mo\u017ee biti posebno opasno u kontekstu oslabljene funkcije bubrega. Prilagodbom doze, pru\u017eatelji usluga mogu ponuditi personalizirani pristup antikoagulantnoj terapiji.<\/p>\n<h2>Usporedba Xarelta i njegovih generi\u010dkih alternativa<\/h2>\n<p>Uvo\u0111enje generi\u010dkih alternativa Xareltu pru\u017eilo je pacijentima vi\u0161e mogu\u0107nosti, \u010desto po ni\u017eoj cijeni. Ovi generici su bioekvivalentni poznatim lijekovima, \u0161to zna\u010di da isporu\u010duju istu koli\u010dinu aktivnog sastojka u krvotok tijekom istog razdoblja. Ova ekvivalentnost osigurava da se pacijenti mogu prebaciti na generi\u010dki lijek bez gubitka terapeutskih prednosti Xarelta.<\/p>\n<p>Me\u0111utim, neki pacijenti i pru\u017eatelji zdravstvenih usluga mogu biti zabrinuti oko u\u010dinkovitosti i sigurnosti generi\u010dkih lijekova. Va\u017eno je napomenuti da generi\u010dki lijekovi prolaze strogu regulatornu kontrolu kako bi zadovoljili potrebne standarde. Studije su pokazale da generi\u010dki rivaroksaban nudi sli\u010dne klini\u010dke ishode i sigurnosne profile kao i njegova robna marka, pru\u017eaju\u0107i sigurnost pacijentima koji razmatraju ovu opciju.<\/p>\n<h2>Potencijalni rizici Xarelta kod bolesnika s bubre\u017enim problemima<\/h2>\n<p>Iako je Xarelto u\u010dinkovit <a href=\"https:\/\/ljekarnaonline.com\/xarelto-genericki-online-bez-recepta\">Xarelto Generi\u010dki 20mg Online<\/a> u sprje\u010davanju krvnih ugru\u0161aka, predstavlja poseban rizik za bolesnike s bubre\u017enim problemima. Primarna briga u ovoj populaciji je pove\u0107ani rizik od krvarenja zbog nakupljanja lijeka u tijelu kada je bubre\u017eni klirens poreme\u0107en. Ovaj rizik je pove\u0107an u bolesnika s te\u0161kim o\u0161te\u0107enjem bubrega ili onih s drugim popratnim stanjima.<\/p>\n<p>Bolesnici s problemima s bubrezima tako\u0111er mogu akutnije osjetiti druge nuspojave Xarelta, poput gastrointestinalnog krvarenja ili smanjene funkcije trombocita. Za pru\u017eatelje zdravstvenih usluga klju\u010dno je procijeniti omjer rizika i koristi za svakog pacijenta i razmotriti alternativne antikoagulanse ako je potrebno. Ovaj individualizirani pristup poma\u017ee ubla\u017eiti potencijalne rizike povezane s Xareltom u bolesnika s kompromitiranom funkcijom bubrega.<\/p>\n<h2>Pra\u0107enje funkcije bubrega dok ste na Xareltu<\/h2>\n<p>Redovito pra\u0107enje funkcije bubrega klju\u010dno je za bolesnike koji uzimaju Xarelto, osobito za one s poznatim o\u0161te\u0107enjem bubrega. Lije\u010dnici obi\u010dno koriste krvne pretrage za mjerenje razine kreatinina i izra\u010dunavanje brzine glomerularne filtracije (GFR), \u0161to daje uvid u to koliko dobro bubrezi funkcioniraju.<\/p>\n<p>Pra\u0107enje nije klju\u010dno samo za prilagodbu doze, ve\u0107 i za rano otkrivanje bilo kakvog pada bubre\u017ene funkcije. Ovaj proaktivni pristup omogu\u0107uje pravovremenu intervenciju, kao \u0161to je prilagodba doze ili razmatranje prelaska na alternativni antikoagulans. Pa\u017eljivim pra\u0107enjem zdravlja bubrega, pru\u017eatelji zdravstvenih usluga mogu pomo\u0107i u osiguravanju sigurnog i u\u010dinkovitog upravljanja antikoagulacijskom terapijom.<\/p>\n<h2>Alternative Xareltu za pacijente s problemima s bubrezima<\/h2>\n<p>Za bolesnike sa zna\u010dajnim o\u0161te\u0107enjem bubrega mogu se razmotriti alternativni antikoagulansi. Varfarin, stariji antikoagulans, mo\u017ee biti opcija jer se druga\u010dije metabolizira i njegovi se u\u010dinci mogu lak\u0161e pratiti i poni\u0161titi. Za razliku od Xarelta, varfarin zahtijeva redovito testiranje krvi kako bi se pratili njegovi u\u010dinci, \u0161to mo\u017ee biti i ograni\u010denje i korist u lije\u010denju slo\u017eenih slu\u010dajeva.<\/p>\n<p>Noviji antikoagulansi, kao \u0161to je apiksaban, mogu ponuditi profil koji je pogodniji za bubrege, budu\u0107i da manje ovise o bubre\u017enom klirensu u usporedbi s Xareltom. Pru\u017eatelji zdravstvenih usluga mogu odabrati ove alternative na temelju \u010dimbenika pojedina\u010dnog pacijenta i ukupnog profila rizika. Odluka bi trebala uklju\u010divati \u200b\u200btemeljit razgovor s pacijentom o dobrobitima i mogu\u0107im rizicima svake opcije.<\/p>\n<h2>Klini\u010dka ispitivanja i studije o Xareltu kod o\u0161te\u0107enja bubrega<\/h2>\n<p>Nekoliko klini\u010dkih ispitivanja ispitalo je upotrebu lijeka Xarelto u bolesnika s o\u0161te\u0107enjem bubrega, daju\u0107i dragocjene uvide u njegovu sigurnost i u\u010dinkovitost. Te se studije \u010desto usredoto\u010duju na farmakokinetiku lijeka, procjenjuju\u0107i kako se apsorbira, distribuira, metabolizira i izlu\u010duje u osoba s razli\u010ditim stupnjevima bubre\u017ene funkcije.<\/p>\n<p>Istra\u017eivanja su pokazala da, iako se Xarelto mo\u017ee sigurno koristiti u bolesnika s blagim do umjerenim o\u0161te\u0107enjem bubrega, potreban je oprez kod onih s te\u0161kim problemima s bubrezima. Studije koje su u tijeku nastavljaju istra\u017eivati \u200b\u200boptimalne strategije doziranja i dugoro\u010dne ishode za te pacijente, pridonose\u0107i nijansiranijem razumijevanju antikoagulacijske terapije u ovoj populaciji.<\/p>\n<h2>Upravljanje nuspojavama Xarelta kod bolesti bubrega<\/h2>\n<p>Upravljanje nuspojavama u bolesnika s bole\u0161\u0107u bubrega koji uzimaju Xarelto zahtijeva posebnu pozornost na interakcije lijekova i cjelokupno zdravlje bolesnika. Uobi\u010dajene nuspojave, poput krvarenja ili gastrointestinalne nelagode, mogu biti izra\u017eenije u ovoj skupini, zahtijevaju\u0107i pa\u017eljivo pra\u0107enje i mogu\u0107u intervenciju.<\/p>\n<p>Pacijentima se savjetuje da sve neobi\u010dne simptome odmah prijave svom lije\u010dniku. Prilagodbe re\u017eima prehrane, hidratacije i lijekova \u010desto mogu pomo\u0107i u ubla\u017eavanju nuspojava. U nekim slu\u010dajevima mo\u017ee biti potrebno prebacivanje na alternativni lijek s povoljnijim sigurnosnim profilom. U\u010dinkovita komunikacija izme\u0111u pacijenata i pru\u017eatelja zdravstvenih usluga klju\u010dna je za upravljanje nuspojavama i osiguranje najboljih mogu\u0107ih ishoda.<\/p>\n<h2>Uloga pru\u017eatelja zdravstvenih usluga u upravljanju lijekom Xarelto<\/h2>\n<p>Pru\u017eatelji zdravstvenih usluga igraju klju\u010dnu ulogu u lije\u010denju pacijenata na Xareltu, osobito onih s bubre\u017enim problemima. Njihove odgovornosti uklju\u010duju procjenu funkcije bubrega, odre\u0111ivanje odgovaraju\u0107ih doza i pra\u0107enje nuspojava. Tako\u0111er moraju educirati pacijente o va\u017enosti pridr\u017eavanja rasporeda uzimanja lijekova i mogu\u0107im znakovima komplikacija.<\/p>\n<p>Pru\u017eatelji usluga moraju biti informirani o najnovijim istra\u017eivanjima i smjernicama u vezi s antikoagulacijskom terapijom u bolesnika s o\u0161te\u0107enjem bubrega. Na taj na\u010din mogu ponuditi preporuke utemeljene na dokazima i po potrebi prilagoditi planove lije\u010denja. Ovaj proaktivni pristup osigurava da pacijenti dobiju optimalnu skrb prilago\u0111enu njihovim specifi\u010dnim potrebama i zdravstvenom stanju.<\/p>\n<h2>Iskustva pacijenata: Xarelto i zdravlje bubrega<\/h2>\n<p>Iskustva pacijenata s Xareltom mogu se uvelike razlikovati, osobito me\u0111u onima s problemima s bubrezima. Neki pacijenti prijavljuju uspje\u0161no upravljanje svojim stanjem uz minimalne nuspojave, dok se drugi mogu susresti s izazovima poput poja\u010danog krvarenja ili pote\u0161ko\u0107a u upravljanju nuspojavama.<\/p>\n<p>Razmjena iskustava putem grupa za podr\u0161ku pacijentima ili foruma mo\u017ee pru\u017eiti vrijedne uvide i podr\u0161ku. Ove platforme omogu\u0107uju pojedincima da razgovaraju o svojim problemima, razmjenjuju strategije za upravljanje nuspojavama i u\u010de od drugih koji se suo\u010davaju sa sli\u010dnim zdravstvenim izazovima. Takav anga\u017eman zajednice mo\u017ee osna\u017eiti pacijente da donose informirane odluke o svojim mogu\u0107nostima lije\u010denja.<\/p>\n<h2>Smjernice za sigurnu upotrebu lijeka Xarelto u bubre\u017enih bolesnika<\/h2>\n<p>Smjernice za sigurnu uporabu lijeka Xarelto u bolesnika s o\u0161te\u0107enjem bubrega obi\u010dno nagla\u0161avaju va\u017enost individualiziranih planova lije\u010denja. Ove smjernice preporu\u010duju redovito pra\u0107enje funkcije bubrega, odgovaraju\u0107e prilagodbe doze i razmatranje alternativnih antikoagulansa kada je potrebno.<\/p>\n<p>Pru\u017eatelji zdravstvenih usluga poti\u010du se da slijede utvr\u0111ene protokole i uzmu u obzir najnovija istra\u017eivanja pri dono\u0161enju odluka o lije\u010denju. Edukacija pacijenata tako\u0111er je kriti\u010dna komponenta ovih smjernica, jer su informirani pacijenti bolje opremljeni za upravljanje svojim zdravljem i pridr\u017eavanje planova lije\u010denja. Pridr\u017eavaju\u0107i se ovih na\u010dela, pru\u017eatelji usluga mogu pobolj\u0161ati sigurnost pacijenata i u\u010dinkovitost lije\u010denja.<\/p>\n<h2>Budu\u0107i razvoj antikoagulansa za o\u0161te\u0107enje bubrega<\/h2>\n<p>Budu\u0107nost antikoagulacijske terapije u bolesnika s o\u0161te\u0107enjem bubrega izgleda obe\u0107avaju\u0107e, s istra\u017eivanjem u tijeku s ciljem razvoja novih lijekova i pobolj\u0161anja postoje\u0107ih tretmana. Inovacije u formulaciji i isporuci lijekova mogu dovesti do u\u010dinkovitijih i sigurnijih opcija za bolesnike s kompromitiranom funkcijom bubrega.<\/p>\n<p>Istra\u017eiva\u010di tako\u0111er istra\u017euju potencijal za personalizirane medicinske pristupe, koji prilago\u0111avaju lije\u010denje na temelju genetskih profila i profila biomarkera. Takav napredak mogao bi revolucionirati antikoagulacijsku terapiju, nude\u0107i preciznija i u\u010dinkovitija rje\u0161enja za bolesnike s o\u0161te\u0107enjem bubrega. Kako se ovi razvoji odvijaju, oni imaju potencijal za zna\u010dajno pobolj\u0161anje kvalitete skrbi i ishoda za ovu ranjivu populaciju pacijenata.<\/p>\n","protected":false},"excerpt":{"rendered":"<p>Xarelto Generic za probleme s bubrezima: smjernice Ovaj \u010dlanak istra\u017euje upotrebu lijeka Xarelto i njegovih [&hellip;]<\/p>\n","protected":false},"author":1,"featured_media":0,"parent":0,"menu_order":0,"comment_status":"closed","ping_status":"closed","template":"","meta":{"footnotes":""},"class_list":["post-36374","page","type-page","status-publish","hentry"],"_links":{"self":[{"href":"https:\/\/pematekfcvac.unisel.edu.my\/index.php?rest_route=\/wp\/v2\/pages\/36374","targetHints":{"allow":["GET"]}}],"collection":[{"href":"https:\/\/pematekfcvac.unisel.edu.my\/index.php?rest_route=\/wp\/v2\/pages"}],"about":[{"href":"https:\/\/pematekfcvac.unisel.edu.my\/index.php?rest_route=\/wp\/v2\/types\/page"}],"author":[{"embeddable":true,"href":"https:\/\/pematekfcvac.unisel.edu.my\/index.php?rest_route=\/wp\/v2\/users\/1"}],"replies":[{"embeddable":true,"href":"https:\/\/pematekfcvac.unisel.edu.my\/index.php?rest_route=%2Fwp%2Fv2%2Fcomments&post=36374"}],"version-history":[{"count":1,"href":"https:\/\/pematekfcvac.unisel.edu.my\/index.php?rest_route=\/wp\/v2\/pages\/36374\/revisions"}],"predecessor-version":[{"id":36375,"href":"https:\/\/pematekfcvac.unisel.edu.my\/index.php?rest_route=\/wp\/v2\/pages\/36374\/revisions\/36375"}],"wp:attachment":[{"href":"https:\/\/pematekfcvac.unisel.edu.my\/index.php?rest_route=%2Fwp%2Fv2%2Fmedia&parent=36374"}],"curies":[{"name":"wp","href":"https:\/\/api.w.org\/{rel}","templated":true}]}}