{"id":36575,"date":"2026-03-24T11:53:02","date_gmt":"2026-03-24T11:53:02","guid":{"rendered":"https:\/\/pematekfcvac.unisel.edu.my\/?page_id=36575"},"modified":"2026-03-24T11:53:02","modified_gmt":"2026-03-24T11:53:02","slug":"ustrezni-pogoji-shranjevanja-za-strattera-generic","status":"publish","type":"page","link":"https:\/\/pematekfcvac.unisel.edu.my\/?page_id=36575","title":{"rendered":"Ustrezni pogoji shranjevanja za Strattera Generic"},"content":{"rendered":"<h1>Kako shraniti, potovati in ponovno napolniti Strattera Generic<\/h1>\n<p>Zagotavljanje pravilnega ravnanja z zdravilom Strattera Generic je bistvenega pomena za ohranjanje njegove u\u010dinkovitosti, bodisi doma, na poti ali pri ponovnem polnjenju receptov.<\/p>\n<h2>Ustrezni pogoji shranjevanja za Strattera Generic<\/h2>\n<p>Strattera Generic, tako kot \u0161tevilna druga zdravila, zahteva posebne pogoje za ohranitev u\u010dinkovitosti. Doma ga je treba hraniti na varnem mestu, po mo\u017enosti izven dosega otrok in hi\u0161nih ljubljen\u010dkov. Idealen prostor za shranjevanje je suha, temna omara ali predal, ki ni izpostavljen temperaturnim nihanjem.<\/p>\n<p>Klju\u010dnega pomena je, da Strattere ne shranjujete v kopalni\u0161kih omaricah, kjer je lahko vla\u017enost visoka zaradi prh in kopeli. Tudi kuhinje so lahko problemati\u010dne zaradi toplote kuhalnih naprav. Namesto tega izberite mesto, ki je vse leto stalno hladno in suho.<\/p>\n<h2>Temperaturne smernice za shranjevanje Strattera<\/h2>\n<p>Ohranjanje pravilne temperature je bistvenega pomena za ohranitev celovitosti Strattera Generic. Na splo\u0161no ga je treba hraniti pri sobni temperaturi, ki sega od 20 \u00b0C do 25 \u00b0C (68 \u00b0F do 77 \u00b0F). Kratka odstopanja izven tega obmo\u010dja so sprejemljiva, vendar jih je treba \u010dim bolj zmanj\u0161ati.<\/p>\n<p>Izpostavljenost visokim temperaturam, kot je pu\u0161\u010danje zdravila v avtu poleti, lahko bistveno zmanj\u0161a njegovo u\u010dinkovitost. Nasprotno pa lahko pogoji zmrzovanja tudi destabilizirajo spojine. Zato vedno spremljajte okolje, v katerem je Strattera, da zagotovite, da ostane v priporo\u010denem temperaturnem obmo\u010dju.<\/p>\n<h2>Za\u0161\u010dita Strattere pred vlago in svetlobo<\/h2>\n<p>Vlaga in svetloba lahko negativno vplivata na stabilnost \u0161tevilnih zdravil, vklju\u010dno z zdravilom Strattera Generic. Za za\u0161\u010dito pred temi elementi poskrbite, da bo zdravilo shranjeno v originalni embala\u017ei, ki je posebej zasnovana tako, da zagotavlja pregrado pred svetlobo in vlago.<\/p>\n<p>Poleg tega je priporo\u010dljivo, da je posoda tesno zaprta in shranjena stran od oken ali neposredne son\u010dne svetlobe. \u010ce je originalna embala\u017ea ogro\u017eena, razmislite o prenosu zdravila v zaprto, neprozorno posodo, ki ponuja podobne za\u0161\u010ditne lastnosti.<\/p>\n<h2>Potovanje s Strattero: Bistveni nasveti<\/h2>\n<p>Potovanje z zdravili zahteva skrbno na\u010drtovanje, da se zagotovi kontinuiteta zdravljenja in upo\u0161tevanje shem odmerjanja. Za\u010dnite tako, da pripravite ustrezno zalogo Strattera Generic, pri \u010demer upo\u0161tevajte morebitne zamude pri potovanju. Kot previdnostni ukrep je pametno imeti pri sebi zdravila za nekaj dodatnih dni.<\/p>\n<p>Zdravila vedno imejte v ro\u010dni torbi namesto v oddani prtljagi, ki se lahko izgubi ali je izpostavljena ekstremnim temperaturam. Poleg tega je kopija va\u0161ega recepta ali zdravni\u0161kega izvida lahko koristna, \u010de morate varnostniku na letali\u0161\u010du ali carinikom razlo\u017eiti potrebo po zdravilu.<\/p>\n<h2>Pakiranje Strattere za letalski prevoz in varnostne preglede<\/h2>\n<p>Med letenjem poskrbite, da bo Strattera <a href=\"https:\/\/hitnadostava.si\/kupiti-strattera-genericni-na-spletu-brez-recepta\">https:\/\/hitnadostava.si\/kupiti-strattera-genericni-na-spletu-brez-recepta<\/a> Generic zlahka dostopna, \u010de jo boste morali predlo\u017eiti med varnostnimi pregledi. Najbolje je, da zdravilo pustite v originalni embala\u017ei, skupaj z va\u0161im imenom in podatki o receptu, da se izognete morebitni zmedi z letali\u0161kim varnostnim osebjem.<\/p>\n<p>Medtem ko ve\u010dina letali\u0161\u010d ne zahteva, da so zdravila v originalnih posodah, lahko, \u010de so pravilno ozna\u010dena, olaj\u0161a postopek. Poleg tega se predhodno posvetujte z letalskim prevoznikom ali organom za prevoz, da razumete morebitne posebne predpise ali dokumentacijo, ki je potrebna za prena\u0161anje zdravil na recept.<\/p>\n<h2>Upravljanje razporedov odmerjanja zdravila Strattera med potovanjem<\/h2>\n<p>Potovanje \u010dez \u010dasovne pasove lahko zaplete urnike jemanja zdravil. Na\u010drtujte vnaprej tako, da postopoma prilagodite \u010das odmerjanja, da se uskladi z lokalnim \u010dasom va\u0161ega cilja. To lahko pomeni, da boste v dneh pred potovanjem vzeli odmerke malo prej ali pozneje kot obi\u010dajno.<\/p>\n<p>Za dalj\u0161a potovanja je lahko podroben razpored jemanja zdravil neprecenljiv. Uporabite alarme ali opomnike na va\u0161i mobilni napravi, da pomagate vzdr\u017eevati dosledne \u010dase odmerjanja, s \u010dimer zagotovite, da va\u0161 terapevtski re\u017eim ostane neprekinjen kljub spremembam v rutini.<\/p>\n<h2>Pravni vidiki mednarodnega potovanja s Strattero<\/h2>\n<p>Ko potujete v tujino, je pomembno, da razi\u0161\u010dete pravni status Strattera Generic v ciljni dr\u017eavi. Nekatere dr\u017eave imajo stroge predpise glede uvoza zdravil na recept in obve\u0161\u010denost lahko prepre\u010di morebitna pravna vpra\u0161anja.<\/p>\n<p>Posvetujte se z veleposlani\u0161tvom ali konzulatom dr\u017eave, ki jo obiskujete, za posebna navodila o pravilih za uvoz zdravil. V nekaterih primerih bo morda od va\u0161ega zdravnika potrebna dodatna dokumentacija, da utemelji va\u0161o potrebo po zdravilu.<\/p>\n<h2>Kako ponovno napolniti Strattera Generic: korak za korakom<\/h2>\n<p>Ponovno polnjenje Strattera Generic je na splo\u0161no preprosto, \u0161e posebej, \u010de na\u010drtujete vnaprej. Za\u010dnite s spremljanjem preostale zaloge in na\u010drtovanjem polnjenja, preden vam popolnoma zmanjka. Za potrditev razpolo\u017eljivosti zdravila se predhodno obrnite na svojo lekarno.<\/p>\n<p>\u010ce naletite na te\u017eave, kot je recept, ki je potekel, se obrnite na svojega zdravstvenega delavca za podalj\u0161anje. \u0160tevilne ordinacije zdaj ponujajo digitalne re\u0161itve za podalj\u0161anje recepta, ki lahko pospe\u0161ijo postopek in zagotovijo, da nemoteno vzdr\u017eujete re\u017eim jemanja zdravil.<\/p>\n<h2>Usklajevanje z lekarnami za polnila Strattera<\/h2>\n<p>Razvijanje dobrega odnosa z va\u0161o lekarno je lahko koristno pri ponovnem polnjenju Strattera Generic. Redna komunikacija vam lahko pomaga, da ostanete obve\u0161\u010deni o razpolo\u017eljivosti in morebitnih spremembah v postopkih predpisovanja receptov. Nekatere lekarne ponujajo programe samodejnega polnjenja, ki lahko \u0161e poenostavijo postopek.<\/p>\n<p>Prav tako je koristno poznati delovni \u010das lekarne, \u0161e posebej, \u010de morate uskladiti prevzeme s svojim urnikom. \u010ce potujete ali kako druga\u010de ne morete osebno prevzeti zdravil, se pozanimajte o mo\u017enostih dostave, ki bi lahko bile na voljo.<\/p>\n<h2>Uporaba aplikacij na recept za polnjenje Strattera<\/h2>\n<p>V digitalni dobi so aplikacije na recept postale dragoceno orodje za upravljanje polnjenja zdravil. Te aplikacije lahko poenostavijo postopek z zagotavljanjem opomnikov, sledenjem va\u0161i zalogi zdravil in celo olaj\u0161anjem neposredne komunikacije z va\u0161o lekarno.<\/p>\n<p>Razi\u0161\u010dite razpolo\u017eljive aplikacije in poi\u0161\u010dite tisto, ki se dobro integrira z va\u0161o lekarno in ponuja funkcije, ki ustrezajo va\u0161im potrebam. Tak\u0161ne aplikacije so lahko \u0161e posebej uporabne, \u010de imate ve\u010d receptov za upravljanje, s \u010dimer zagotovite, da nobenega ne spregledate ali pozabite.<\/p>\n<h2>Zavarovanje in stro\u0161ki za polnila Strattera<\/h2>\n<p>Stro\u0161ki Strattera Generic se lahko razlikujejo glede na va\u0161e zavarovalno kritje. Razumevanje podrobnosti va\u0161e politike vam lahko pomaga predvideti stro\u0161ke in se izogniti nepri\u010dakovanim izdatkom. \u010ce va\u0161 zavarovalni na\u010drt vklju\u010duje kritje zdravil na recept, preverite, ali je Strattera vklju\u010dena in kak\u0161en del je pokrit.<\/p>\n<p>Za tiste brez zavarovanja ali z omejenim kritjem je lahko koristna razprava o generi\u010dnih alternativah ali mo\u017enostih prihranka s farmacevtom. Nekatere lekarne ponujajo programe popustov ali pla\u010dilne na\u010drte, ki lahko pomagajo narediti zdravila cenovno ugodnej\u0161a.<\/p>\n<h2>Razumevanje roka uporabnosti in izteka Strattere<\/h2>\n<p>Kot vsa zdravila ima tudi zdravilo Strattera Generic rok uporabnosti, ki dolo\u010da njegovo u\u010dinkovitost skozi \u010das. Pomembno je, da se zavedate roka uporabnosti, ki je natisnjen na embala\u017ei, in se ga dosledno dr\u017eite. Uporaba zdravila Strattera po izteku roka uporabnosti lahko povzro\u010di zmanj\u0161ano u\u010dinkovitost in mo\u017ena tveganja za zdravje.<\/p>\n<p>\u010ce imate neuporabljena zdravila, ki se bli\u017eajo izteku roka uporabnosti, se posvetujte s svojim zdravstvenim delavcem o najbolj\u0161em ukrepanju. Lahko vam svetujejo, ali so potrebne kakr\u0161ne koli prilagoditve va\u0161ega recepta ali na\u010drta zdravljenja.<\/p>\n<h2>Odstranitev neuporabljenih ali pote\u010denih zdravil Strattera<\/h2>\n<p>Pravilno odstranjevanje zdravila Strattera Generic s prete\u010denim rokom uporabe ali neuporabljenega zdravila Strattera Generic je bistvenega pomena zaradi varnosti in okolja. Nikoli ne odplakujte zdravil v strani\u0161\u010dno \u0161koljko ali jih zlijte v odtoke, saj lahko to povzro\u010di kontaminacijo vode. Namesto tega poi\u0161\u010dite lokalne programe za prevzem ali dolo\u010dena mesta za odlaganje zdravil.<\/p>\n<p>\u010ce te mo\u017enosti niso na voljo, se posvetujte s farmacevtom za navodila o varnih metodah odstranjevanja. \u0160tevilne lekarne ponujajo storitve vra\u010dila ali lahko zagotovijo posebna navodila, kako zavre\u010di zdravila v gospodinjske smeti, pri \u010demer zagotovijo, da niso dostopna otrokom ali hi\u0161nim ljubljen\u010dkom.<\/p>\n","protected":false},"excerpt":{"rendered":"<p>Kako shraniti, potovati in ponovno napolniti Strattera Generic Zagotavljanje pravilnega ravnanja z zdravilom Strattera Generic [&hellip;]<\/p>\n","protected":false},"author":1,"featured_media":0,"parent":0,"menu_order":0,"comment_status":"closed","ping_status":"closed","template":"","meta":{"footnotes":""},"class_list":["post-36575","page","type-page","status-publish","hentry"],"_links":{"self":[{"href":"https:\/\/pematekfcvac.unisel.edu.my\/index.php?rest_route=\/wp\/v2\/pages\/36575","targetHints":{"allow":["GET"]}}],"collection":[{"href":"https:\/\/pematekfcvac.unisel.edu.my\/index.php?rest_route=\/wp\/v2\/pages"}],"about":[{"href":"https:\/\/pematekfcvac.unisel.edu.my\/index.php?rest_route=\/wp\/v2\/types\/page"}],"author":[{"embeddable":true,"href":"https:\/\/pematekfcvac.unisel.edu.my\/index.php?rest_route=\/wp\/v2\/users\/1"}],"replies":[{"embeddable":true,"href":"https:\/\/pematekfcvac.unisel.edu.my\/index.php?rest_route=%2Fwp%2Fv2%2Fcomments&post=36575"}],"version-history":[{"count":1,"href":"https:\/\/pematekfcvac.unisel.edu.my\/index.php?rest_route=\/wp\/v2\/pages\/36575\/revisions"}],"predecessor-version":[{"id":36576,"href":"https:\/\/pematekfcvac.unisel.edu.my\/index.php?rest_route=\/wp\/v2\/pages\/36575\/revisions\/36576"}],"wp:attachment":[{"href":"https:\/\/pematekfcvac.unisel.edu.my\/index.php?rest_route=%2Fwp%2Fv2%2Fmedia&parent=36575"}],"curies":[{"name":"wp","href":"https:\/\/api.w.org\/{rel}","templated":true}]}}