{"id":39057,"date":"2026-03-24T23:10:49","date_gmt":"2026-03-24T23:10:49","guid":{"rendered":"https:\/\/pematekfcvac.unisel.edu.my\/?page_id=39057"},"modified":"2026-03-24T23:10:49","modified_gmt":"2026-03-24T23:10:49","slug":"spravne-podmienky-skladovania-pre-ventolin-generic","status":"publish","type":"page","link":"https:\/\/pematekfcvac.unisel.edu.my\/?page_id=39057","title":{"rendered":"Spr\u00e1vne podmienky skladovania pre Ventolin Generic"},"content":{"rendered":"<h1>Ako skladova\u0165, cestova\u0165 a dop\u013a\u0148a\u0165 Ventolin Generic<\/h1>\n<p>Pochopenie z\u00e1kladov skladovania, cestovania a dop\u013a\u0148ania v\u00e1\u0161ho inhal\u00e1tora Ventolin Generic je k\u013e\u00fa\u010dov\u00e9 pre \u00fa\u010dinn\u00fa lie\u010dbu astmy.<\/p>\n<h2>Spr\u00e1vne podmienky skladovania pre Ventolin Generic<\/h2>\n<p>Ventolin Generic, rovnako ako in\u00e9 lieky, vy\u017eaduje \u0161pecifick\u00e9 podmienky skladovania, aby si zachovala svoju \u00fa\u010dinnos\u0165. Je d\u00f4le\u017eit\u00e9 uchov\u00e1va\u0165 inhal\u00e1tor na chladnom a suchom mieste mimo priameho slne\u010dn\u00e9ho \u017eiarenia. Ide\u00e1lne skladovacie prostredie zabra\u0148uje znehodnoteniu lieku a zais\u0165uje, \u017ee v pr\u00edpade potreby poskytne o\u010dak\u00e1van\u00fa \u00fa\u013eavu.<\/p>\n<p>Vyhnite sa skladovaniu Ventolinu na miestach n\u00e1chyln\u00fdch na kol\u00edsanie teploty, ako s\u00fa k\u00fape\u013ene alebo vozidl\u00e1. Vlhkos\u0165 a teplo v t\u00fdchto prostrediach m\u00f4\u017eu ohrozi\u0165 integritu lieku. Namiesto toho si vyberte stabiln\u00e9 prostredie, ako je z\u00e1suvka alebo skri\u0148a v sp\u00e1lni, aby bol v\u00e1\u0161 inhal\u00e1tor v bezpe\u010d\u00ed.<\/p>\n<h2>Pokyny pre teplotu pre inhal\u00e1tory Ventolin<\/h2>\n<p>Udr\u017eiavanie spr\u00e1vnej teploty pre v\u00e1\u0161 inhal\u00e1tor Ventolin je \u017eivotne d\u00f4le\u017eit\u00e9. V\u00fdrobca zvy\u010dajne odpor\u00fa\u010da udr\u017eiava\u0165 inhal\u00e1tor pri teplote medzi 15 \u00b0C a 30 \u00b0C. Vystavenie inhal\u00e1tora teplot\u00e1m mimo tohto rozsahu m\u00f4\u017ee zn\u00ed\u017ei\u0165 jeho \u00fa\u010dinnos\u0165. Napr\u00edklad extr\u00e9mny chlad m\u00f4\u017ee sp\u00f4sobi\u0165 zahustenie lieku, zatia\u013e \u010do extr\u00e9mne teplo m\u00f4\u017ee vies\u0165 k vyparovaniu hnacieho plynu.<\/p>\n<p>Ak \u017eijete v oblasti s extr\u00e9mnymi poveternostn\u00fdmi podmienkami, zv\u00e1\u017ete pou\u017eitie puzdra s regulovanou teplotou na ulo\u017eenie inhal\u00e1tora Ventolin. Tak\u00e9to pr\u00edpady m\u00f4\u017eu pom\u00f4c\u0165 udr\u017ea\u0165 inhal\u00e1tor v odpor\u00fa\u010danom teplotnom rozsahu, \u010d\u00edm sa zabezpe\u010d\u00ed, \u017ee zostane funk\u010dn\u00fd, ke\u010f ho najviac potrebujete.<\/p>\n<h2>Ochrana Ventolinu pred vlhkos\u0165ou a svetlom<\/h2>\n<p>Vlhkos\u0165 a svetlo s\u00fa \u0161kodliv\u00e9 pre \u00fa\u010dinnos\u0165 inhal\u00e1torov Ventolin. Nadmern\u00e1 vlhkos\u0165 m\u00f4\u017ee vies\u0165 k zhlukovaniu lieku, zatia\u013e \u010do dlhodob\u00e9 vystavenie svetlu m\u00f4\u017ee znehodnoti\u0165 akt\u00edvne zlo\u017eky. Aby ste ochr\u00e1nili svoj inhal\u00e1tor, v\u017edy ho uchov\u00e1vajte v p\u00f4vodnom obale, k\u00fdm ho nebudete pripraven\u00ed pou\u017ei\u0165.<\/p>\n<p>Ak sa nach\u00e1dzate vo vlhkom prostred\u00ed, zv\u00e1\u017ete pou\u017eitie s\u00e1\u010dku s vys\u00fa\u0161adlom vo va\u0161om skladovacom priestore, ktor\u00fd absorbuje prebyto\u010dn\u00fa vlhkos\u0165. Okrem toho uchov\u00e1vajte inhal\u00e1tor na tienenom mieste, najm\u00e4 ak ste vonku alebo v bl\u00edzkosti okien. Dodr\u017ean\u00edm t\u00fdchto opatren\u00ed m\u00f4\u017eete zaisti\u0165, \u017ee v\u00e1\u0161 inhal\u00e1tor zostane \u00fa\u010dinn\u00fd a pripraven\u00fd na pou\u017eitie.<\/p>\n<h2>Cestovanie s Ventolinom: \u010co potrebujete vedie\u0165<\/h2>\n<p>Cestovanie s inhal\u00e1torom Ventolin si vy\u017eaduje ur\u010dit\u00e9 pl\u00e1novanie, aby sa zabezpe\u010dilo, \u017ee zostane dostupn\u00fd a \u00fa\u010dinn\u00fd. Pred cestou si overte predpisy va\u0161ej destin\u00e1cie t\u00fdkaj\u00face sa liekov na predpis. Niektor\u00e9 krajiny maj\u00fa \u0161pecifick\u00e9 pravidl\u00e1 t\u00fdkaj\u00face sa nosenia inhal\u00e1torov, preto je rozumn\u00e9 si ich vopred overi\u0165.<\/p>\n<p>V\u017edy noste k\u00f3piu svojho predpisu alebo pozn\u00e1mku od svojho poskytovate\u013ea zdravotnej starostlivosti. T\u00e1to dokument\u00e1cia m\u00f4\u017ee by\u0165 neocenite\u013en\u00e1, ak sa po\u010das cestovania stretnete s ak\u00fdmiko\u013evek ot\u00e1zkami alebo probl\u00e9mami. By\u0165 pripraven\u00fd pom\u00e1ha predch\u00e1dza\u0165 mo\u017en\u00fdm oneskoreniam a zais\u0165uje, \u017ee budete ma\u0165 k dispoz\u00edcii potrebn\u00e9 lieky.<\/p>\n<h2>Predpisy TSA pre prepravu Ventolina na letoch<\/h2>\n<p>\u00darad pre bezpe\u010dnos\u0165 dopravy (TSA) povo\u013euje pasa\u017eierom prev\u00e1\u017ea\u0165 medic\u00ednsky potrebn\u00e9 predmety, ako s\u00fa inhal\u00e1tory Ventolin, cez bezpe\u010dnostn\u00e9 kontroln\u00e9 body. Je v\u0161ak nevyhnutn\u00e9 ozn\u00e1mi\u0165 v\u00e1\u0161 inhal\u00e1tor \u00faradn\u00edkom TSA. Uchov\u00e1vanie v p\u00f4vodnom obale s etiketou na predpis m\u00f4\u017ee u\u013eah\u010di\u0165 proces skr\u00edningu.<\/p>\n<p>Ke\u010f\u017ee inhal\u00e1tory sa pova\u017euj\u00fa za tekut\u00e9 <a href=\"https:\/\/lekarneonline.net\/ventolin-genericke-bez-predpisu\">https:\/\/lekarneonline.net\/ventolin-genericke-bez-predpisu<\/a> lieky, m\u00f4\u017eete ich nosi\u0165 v pr\u00edru\u010dnej ta\u0161ke. S\u00fa vy\u0148at\u00e9 zo \u0161tandardn\u00fdch obmedzen\u00ed na tekutiny, ale je rozumn\u00e9 ich zabali\u0165 oddelene do prieh\u013eadn\u00e9ho, \u200b\u200buzatv\u00e1rate\u013en\u00e9ho vrecka, aby ste mali \u013eahk\u00fd pr\u00edstup po\u010das bezpe\u010dnostn\u00fdch kontrol.<\/p>\n<h2>Zaba\u013ete si Ventolin do cestovnej ta\u0161ky<\/h2>\n<p>Pri balen\u00ed cestovnej ta\u0161ky umiestnite inhal\u00e1tor Ventolin na \u013eahko dostupn\u00e9 miesto. To zais\u0165uje, \u017ee ho m\u00f4\u017eete v pr\u00edpade potreby po\u010das cesty r\u00fdchlo z\u00edska\u0165. Zv\u00e1\u017ete pou\u017eitie \u0161peci\u00e1lneho vrecka v ta\u0161ke na ochranu inhal\u00e1tora pred rozdrven\u00edm alebo po\u0161koden\u00edm in\u00fdmi predmetmi.<\/p>\n<p>Pre v\u00e4\u010d\u0161iu bezpe\u010dnos\u0165 m\u00f4\u017eete pou\u017ei\u0165 cestovn\u00e9 puzdro navrhnut\u00e9 \u0161peci\u00e1lne pre inhal\u00e1tory. Tieto pr\u00edpady \u010dasto poskytuj\u00fa dodato\u010dn\u00fa ochranu pred n\u00e1razmi a faktormi prostredia, ako s\u00fa kol\u00edsanie teploty, ktor\u00e9 by mohli ovplyvni\u0165 \u00fa\u010dinnos\u0165 inhal\u00e1tora.<\/p>\n<h2>Udr\u017eiavanie dostupnosti Ventolinu po\u010das cestovania<\/h2>\n<p>Pr\u00edstupnos\u0165 je pri cestovan\u00ed s Ventolinom k\u013e\u00fa\u010dov\u00e1, najm\u00e4 ak ste n\u00e1chyln\u00ed na astmatick\u00e9 z\u00e1chvaty vyvolan\u00e9 zmenami prostredia alebo \u00farovn\u00ed aktivity. Majte inhal\u00e1tor v\u017edy na dosah, \u010di u\u017e ste v lietadle, v aute alebo sa prech\u00e1dzate.<\/p>\n<p>Ak cestujete so spolo\u010dn\u00edkom, uistite sa, \u017ee vie, kde sa v\u00e1\u0161 inhal\u00e1tor nach\u00e1dza a ako v\u00e1m m\u00f4\u017ee pom\u00f4c\u0165 v pr\u00edpade n\u00fadze. By\u0165 pripraven\u00fd a ma\u0165 svoj inhal\u00e1tor k dispoz\u00edcii m\u00f4\u017ee znamena\u0165 ve\u013ek\u00fd rozdiel v efekt\u00edvnom zvl\u00e1dan\u00ed neo\u010dak\u00e1van\u00fdch pr\u00edznakov astmy.<\/p>\n<h2>Ako doplni\u0165 svoj predpis Ventolin<\/h2>\n<p>Doplnenie v\u00e1\u0161ho predpisu Ventolin je jednoduch\u00fd proces, ale pl\u00e1novanie je nevyhnutn\u00e9, aby ste sa vyhli vy\u010derpaniu. V\u00e4\u010d\u0161ina lek\u00e1rn\u00ed umo\u017e\u0148uje dop\u013a\u0148anie receptov prostredn\u00edctvom svojich online syst\u00e9mov alebo telefonicky. Nastavte si pripomienky, kedy je potrebn\u00e9 doplni\u0165 v\u00e1\u0161 predpis, aby ste zabezpe\u010dili kontinuitu lie\u010dby astmy.<\/p>\n<p>Odpor\u00fa\u010da sa spusti\u0165 proces dopl\u0148ovania nieko\u013eko dn\u00ed predt\u00fdm, ako sa vy\u010derp\u00e1 v\u00e1\u0161 s\u00fa\u010dasn\u00fd inhal\u00e1tor. Toto obdobie vyrovn\u00e1vacej pam\u00e4te umo\u017e\u0148uje ak\u00e9ko\u013evek oneskorenia pri spracovan\u00ed alebo neo\u010dak\u00e1van\u00e9 probl\u00e9my, ktor\u00e9 m\u00f4\u017eu nasta\u0165, \u010d\u00edm sa zabezpe\u010d\u00ed nepretr\u017eit\u00fd pr\u00edstup k liekom.<\/p>\n<h2>Pochopenie po\u017eiadaviek na predpis pre Ventolin<\/h2>\n<p>Ventolin je liek na predpis, \u010do znamen\u00e1, \u017ee na jeho z\u00edskanie potrebujete platn\u00fd predpis od poskytovate\u013ea zdravotnej starostlivosti. Tento predpis je nevyhnutn\u00fd na zabezpe\u010denie toho, aby ste dostali vhodn\u00e9 d\u00e1vkovanie a zlo\u017eenie pre va\u0161e \u0161pecifick\u00e9 potreby.<\/p>\n<p>V\u00e1\u0161 poskytovate\u013e zdravotnej starostlivosti pos\u00fadi v\u00e1\u0161 stav a ur\u010d\u00ed najlep\u0161\u00ed pl\u00e1n lie\u010dby, ktor\u00fd m\u00f4\u017ee zah\u0155\u0148a\u0165 Ventolin. Pravideln\u00e9 n\u00e1sledn\u00e9 stretnutia s\u00fa \u010dasto potrebn\u00e9 na sledovanie kontroly astmy a na vykonanie v\u0161etk\u00fdch potrebn\u00fdch \u00faprav v\u00e1\u0161ho predpisu.<\/p>\n<h2>H\u013eadanie lek\u00e1rn\u00ed, ktor\u00e9 skladuj\u00fa generikum Ventolin<\/h2>\n<p>Nie v\u0161etky lek\u00e1rne m\u00f4\u017eu ma\u0165 na sklade generick\u00fa verziu Ventolinu, tak\u017ee je u\u017eito\u010dn\u00e9 identifikova\u0165 tie, ktor\u00e9 ju maj\u00fa. Za\u010dnite kontrolou vo ve\u013ek\u00fdch re\u0165azcoch lek\u00e1rn\u00ed, preto\u017ee je pravdepodobnej\u0161ie, \u017ee bud\u00fa ma\u0165 konzistentn\u00e9 dod\u00e1vky. Okrem toho m\u00f4\u017eu by\u0165 pohodlnou mo\u017enos\u0165ou online lek\u00e1rne, ktor\u00e9 pon\u00fakaj\u00fa slu\u017eby don\u00e1\u0161ky domov.<\/p>\n<p>Pri v\u00fdbere lek\u00e1rne zv\u00e1\u017ete faktory, ako je lokalita, prev\u00e1dzkov\u00e1 doba a \u010di pon\u00faka poradenstvo v oblasti liekov. Tieto aspekty m\u00f4\u017eu zlep\u0161i\u0165 va\u0161u celkov\u00fa sk\u00fasenos\u0165 a zabezpe\u010di\u0165, \u017ee dostanete komplexn\u00fa podporu pri zvl\u00e1dan\u00ed astmy.<\/p>\n<h2>Spr\u00e1va z\u00e1sob Ventol\u00ednu pri cestovan\u00ed do zahrani\u010dia<\/h2>\n<p>Cestovanie s Ventolinom do zahrani\u010dia si vy\u017eaduje \u010fal\u0161iu pr\u00edpravu. Presk\u00famajte dostupnos\u0165 lieku Ventolin alebo jeho ekvivalentu vo va\u0161ej cie\u013eovej krajine, preto\u017ee predpisy a n\u00e1zvy zna\u010diek sa m\u00f4\u017eu l\u00ed\u0161i\u0165. Vopred kontaktujte miestne lek\u00e1rne alebo poskytovate\u013eov zdravotnej starostlivosti, aby ste pochopili ich po\u017eiadavky.<\/p>\n<p>Prineste si so sebou dostato\u010dn\u00fa z\u00e1sobu Ventolinu, ktor\u00e1 v\u00e1m vysta\u010d\u00ed na cel\u00fa cestu, plus nie\u010do navy\u0161e na pokrytie neo\u010dak\u00e1van\u00fdch me\u0161kan\u00ed. Navy\u0161e, ak cestujete do neanglicky hovoriacej krajiny, majte pri sebe prelo\u017een\u00fa verziu svojho predpisu. Tento pr\u00edpravok zais\u0165uje, \u017ee m\u00e1te pr\u00edstup k liekom, ktor\u00e9 potrebujete, bez preru\u0161enia.<\/p>\n<h2>Tipy, ako sa vyhn\u00fa\u0165 nedostatku Ventol\u00ednu<\/h2>\n<p>Aby ste predi\u0161li nedostatku Ventolinu, bu\u010fte informovan\u00ed o \u00farovniach z\u00e1sob va\u0161ej lek\u00e1rne a mo\u017en\u00fdch probl\u00e9moch s dod\u00e1vate\u013esk\u00fdm re\u0165azcom. Niektor\u00e9 lek\u00e1rne pon\u00fakaj\u00fa slu\u017eby upozornen\u00ed, ke\u010f v\u00e1m doch\u00e1dza liek, \u010do v\u00e1m m\u00f4\u017ee pom\u00f4c\u0165 predv\u00edda\u0165 a pl\u00e1nova\u0165 doplnenie.<\/p>\n<p>Zv\u00e1\u017ete ponechanie si z\u00e1lo\u017en\u00e9ho inhal\u00e1tora, najm\u00e4 ak m\u00e1te \u010dast\u00e9 pr\u00edznaky astmy alebo pl\u00e1nujete cestova\u0165. T\u00e1to z\u00e1loha zais\u0165uje, \u017ee v\u00e1s nikdy nezasko\u010d\u00ed n\u00e1hly nedostatok alebo oneskorenie pri z\u00edskavan\u00ed liekov.<\/p>\n<h2>Bezpe\u010dnostn\u00e9 tipy na pou\u017e\u00edvanie inhal\u00e1torov Ventolin<\/h2>\n<p>Bezpe\u010dn\u00e9 pou\u017e\u00edvanie inhal\u00e1torov Ventolin je nevyhnutn\u00e9 pre \u00fa\u010dinn\u00fa lie\u010dbu astmy. V\u017edy sa ria\u010fte pokynmi poskytnut\u00fdmi poskytovate\u013eom zdravotnej starostlivosti a obalom inhal\u00e1tora. Spr\u00e1vna technika zais\u0165uje, \u017ee liek sa efekt\u00edvne dostane do p\u013e\u00fac.<\/p>\n<p>Pravidelne kontrolujte d\u00e1tum exspir\u00e1cie inhal\u00e1tora a po\u010d\u00edtadlo d\u00e1vok, ak je k dispoz\u00edcii, aby ste sa vyhli pou\u017eitiu exspirovan\u00e9ho alebo pr\u00e1zdneho inhal\u00e1tora. Ak zaznamen\u00e1te ak\u00e9ko\u013evek nezvy\u010dajn\u00e9 ved\u013eaj\u0161ie \u00fa\u010dinky alebo ak sa zd\u00e1, \u017ee inhal\u00e1tor nefunguje pod\u013ea o\u010dak\u00e1vania, okam\u017eite sa pora\u010fte so svoj\u00edm poskytovate\u013eom zdravotnej starostlivosti.<\/p>\n<h2>Rozpozna\u0165, kedy h\u013eada\u0165 n\u00e1hradn\u00fa n\u00e1pl\u0148 Ventolin<\/h2>\n<p>Rozpoznanie, kedy h\u013eada\u0165 n\u00e1pl\u0148 Ventolin, je rozhoduj\u00face pre udr\u017eanie kontroly nad va\u0161ou astmou. Medzi pr\u00edznaky patr\u00ed zn\u00ed\u017eenie \u00fa\u010dinnosti inhal\u00e1tora alebo ke\u010f po\u010d\u00edtadlo d\u00e1vok ukazuje, \u017ee sa bl\u00ed\u017eite ku koncu z\u00e1sob. Okrem toho, ak \u010dasto pou\u017e\u00edvate inhal\u00e1tor viac, ako je predp\u00edsan\u00e9, pora\u010fte sa so svoj\u00edm poskytovate\u013eom zdravotnej starostlivosti, aby ste prehodnotili svoj pl\u00e1n lie\u010dby.<\/p>\n<p>Je tie\u017e d\u00f4le\u017eit\u00e9 pozorne sledova\u0165 va\u0161e pr\u00edznaky. Ak spozorujete zv\u00fd\u0161en\u00fa frekvenciu alebo z\u00e1va\u017enos\u0165 va\u0161ich astmatick\u00fdch z\u00e1chvatov, m\u00f4\u017ee to znamena\u0165, \u017ee v\u00e1\u0161 s\u00fa\u010dasn\u00fd liek potrebuje \u00fapravu alebo \u017ee sa bl\u00ed\u017ei doplnenie.<\/p>\n<h2>Alternat\u00edvne rie\u0161enia, ak Ventolin nie je k dispoz\u00edcii<\/h2>\n<p>Ak Ventolin nie je k dispoz\u00edcii, obr\u00e1\u0165te sa na svojho poskytovate\u013ea zdravotnej starostlivosti o alternat\u00edvne rie\u0161enia. M\u00f4\u017eu odporu\u010di\u0165 in\u00e9 bronchodilatanci\u00e1 alebo lieky, ktor\u00e9 m\u00f4\u017eu poskytn\u00fa\u0165 podobn\u00fa \u00fa\u013eavu. Je d\u00f4le\u017eit\u00e9 ma\u0165 zaveden\u00fd alternat\u00edvny pl\u00e1n na efekt\u00edvne zvl\u00e1dnutie astmy.<\/p>\n<p>V\u017edy prediskutujte ak\u00e9ko\u013evek zmeny v\u00e1\u0161ho lie\u010debn\u00e9ho re\u017eimu so svoj\u00edm poskytovate\u013eom zdravotnej starostlivosti. M\u00f4\u017eu v\u00e1s navies\u0165 na najlep\u0161ie alternat\u00edvy a zabezpe\u010di\u0165, aby ste na\u010falej dost\u00e1vali optim\u00e1lnu starostlivos\u0165 o astmu, aj ke\u010f je v\u00e1\u0161 preferovan\u00fd liek do\u010dasne nedostupn\u00fd.<\/p>\n","protected":false},"excerpt":{"rendered":"<p>Ako skladova\u0165, cestova\u0165 a dop\u013a\u0148a\u0165 Ventolin Generic Pochopenie z\u00e1kladov skladovania, cestovania a dop\u013a\u0148ania v\u00e1\u0161ho inhal\u00e1tora [&hellip;]<\/p>\n","protected":false},"author":1,"featured_media":0,"parent":0,"menu_order":0,"comment_status":"closed","ping_status":"closed","template":"","meta":{"footnotes":""},"class_list":["post-39057","page","type-page","status-publish","hentry"],"_links":{"self":[{"href":"https:\/\/pematekfcvac.unisel.edu.my\/index.php?rest_route=\/wp\/v2\/pages\/39057","targetHints":{"allow":["GET"]}}],"collection":[{"href":"https:\/\/pematekfcvac.unisel.edu.my\/index.php?rest_route=\/wp\/v2\/pages"}],"about":[{"href":"https:\/\/pematekfcvac.unisel.edu.my\/index.php?rest_route=\/wp\/v2\/types\/page"}],"author":[{"embeddable":true,"href":"https:\/\/pematekfcvac.unisel.edu.my\/index.php?rest_route=\/wp\/v2\/users\/1"}],"replies":[{"embeddable":true,"href":"https:\/\/pematekfcvac.unisel.edu.my\/index.php?rest_route=%2Fwp%2Fv2%2Fcomments&post=39057"}],"version-history":[{"count":1,"href":"https:\/\/pematekfcvac.unisel.edu.my\/index.php?rest_route=\/wp\/v2\/pages\/39057\/revisions"}],"predecessor-version":[{"id":39058,"href":"https:\/\/pematekfcvac.unisel.edu.my\/index.php?rest_route=\/wp\/v2\/pages\/39057\/revisions\/39058"}],"wp:attachment":[{"href":"https:\/\/pematekfcvac.unisel.edu.my\/index.php?rest_route=%2Fwp%2Fv2%2Fmedia&parent=39057"}],"curies":[{"name":"wp","href":"https:\/\/api.w.org\/{rel}","templated":true}]}}