{"id":39093,"date":"2026-03-24T23:17:38","date_gmt":"2026-03-24T23:17:38","guid":{"rendered":"https:\/\/pematekfcvac.unisel.edu.my\/?page_id=39093"},"modified":"2026-03-24T23:17:38","modified_gmt":"2026-03-24T23:17:38","slug":"co-je-amoxicilin-a-ako-to-funguje","status":"publish","type":"page","link":"https:\/\/pematekfcvac.unisel.edu.my\/?page_id=39093","title":{"rendered":"\u010co je amoxicil\u00edn a ako to funguje?"},"content":{"rendered":"<h1>\u010cast\u00e9 ot\u00e1zky o amoxicil\u00edne: zodpovedan\u00fdch 10 najd\u00f4le\u017eitej\u0161\u00edch ot\u00e1zok<\/h1>\n<p>Tento \u010dl\u00e1nok poskytuje komplexn\u00e9 odpovede na naj\u010dastej\u0161ie ot\u00e1zky o amoxicil\u00edne a pon\u00faka preh\u013ead o jeho pou\u017eit\u00ed, \u00fa\u010dinnosti a bezpe\u010dnostn\u00fdch aspektoch.<\/p>\n<h2>\u010co je amoxicil\u00edn a ako to funguje?<\/h2>\n<p>Amoxicil\u00edn je \u0161iroko pou\u017e\u00edvan\u00e9 antibiotikum a \u010dlen penicil\u00ednovej triedy liekov. Je ur\u010den\u00fd na boj proti bakteri\u00e1lnym infekci\u00e1m inhib\u00edciou rastu bakt\u00e9ri\u00ed. Mechanizmus jej \u00fa\u010dinnosti spo\u010d\u00edva v zasahovan\u00ed do schopnosti bakt\u00e9ri\u00ed vytv\u00e1ra\u0165 bunkov\u00e9 steny, ktor\u00e9 s\u00fa nevyhnutn\u00e9 pre ich pre\u017eitie. Zabr\u00e1nen\u00edm synt\u00e9zy bunkovej steny vedie amoxicil\u00edn k oslabeniu a pr\u00edpadnej smrti bakt\u00e9ri\u00ed.<\/p>\n<p>Toto antibiotikum je obzvl\u00e1\u0161\u0165 \u00fa\u010dinn\u00e9 proti \u0161irok\u00e9mu spektru bakteri\u00e1lnych kme\u0148ov, \u010do z neho rob\u00ed preferovan\u00fa vo\u013ebu na lie\u010dbu r\u00f4znych infekci\u00ed. Jeho schopnos\u0165 zamera\u0165 sa na \u0161pecifick\u00e9 enz\u00fdmy v bakteri\u00e1lnych bunk\u00e1ch, zn\u00e1me ako prote\u00edny via\u017euce penicil\u00edn, podporuje jeho \u00falohu pri nar\u00fa\u0161an\u00ed integrity bakteri\u00e1lnych bunkov\u00fdch stien. V\u00fdsledkom je, \u017ee amoxicil\u00edn je pri spr\u00e1vnom pou\u017e\u00edvan\u00ed vysoko \u00fa\u010dinn\u00fd pri eradik\u00e1cii infekci\u00ed.<\/p>\n<h2>Ak\u00e9 s\u00fa be\u017en\u00e9 pou\u017eitia amoxicil\u00ednu?<\/h2>\n<p>Amoxicil\u00edn sa prim\u00e1rne predpisuje na lie\u010dbu r\u00f4znych bakteri\u00e1lnych infekci\u00ed. Patria sem infekcie d\u00fdchac\u00edch ciest, ako je pneum\u00f3nia a bronchit\u00edda, ako aj infekcie u\u0161\u00ed, nosa a hrdla, ako je tonzilit\u00edda a sinusit\u00edda. Amoxicil\u00edn je navy\u0161e \u00fa\u010dinn\u00fd pri lie\u010dbe infekci\u00ed mo\u010dov\u00fdch ciest, ko\u017en\u00fdch infekci\u00ed a niektor\u00fdch pohlavne prenosn\u00fdch chor\u00f4b.<\/p>\n<p>V oblasti stomatol\u00f3gie sa Amoxicil\u00edn \u010dasto predpisuje na prevenciu bakteri\u00e1lnej endokardit\u00eddy u pacientov podstupuj\u00facich stomatologick\u00e9 z\u00e1kroky. Jeho \u0161irokospektr\u00e1lne schopnosti z neho robia v\u0161estrann\u00e9 antibiotikum, ktor\u00e9 sa vyu\u017e\u00edva v medic\u00edne dospel\u00fdch aj det\u00ed. Jeho pou\u017eitie by v\u0161ak malo by\u0165 v\u017edy zalo\u017een\u00e9 na potvrdenej bakteri\u00e1lnej infekcii, preto\u017ee je ne\u00fa\u010dinn\u00e9 proti v\u00edrusov\u00fdm infekci\u00e1m.<\/p>\n<h2>Ako sa m\u00e1 u\u017e\u00edva\u0165 amoxicil\u00edn?<\/h2>\n<p>Amoxicil\u00edn sa zvy\u010dajne pod\u00e1va peror\u00e1lne, dostupn\u00fd vo forme tabliet, kaps\u00fal a tekut\u00fdch suspenzi\u00ed. D\u00e1vkovanie a trvanie lie\u010dby z\u00e1vis\u00ed od \u0161pecifickej infekcie, ktor\u00e1 sa m\u00e1 lie\u010di\u0165, od veku pacienta, hmotnosti a funkcie obli\u010diek. Je d\u00f4le\u017eit\u00e9 presne dodr\u017eiava\u0165 pokyny predpisuj\u00faceho lek\u00e1ra, aby sa zabezpe\u010dila \u00fa\u010dinnos\u0165 antibiotika a minimalizovalo sa riziko vzniku rezistencie.<\/p>\n<p>Amoxicil\u00edn sa m\u00e1 zvy\u010dajne u\u017e\u00edva\u0165 v rovnomerne rozlo\u017een\u00fdch intervaloch, aby sa udr\u017eala kon\u0161tantn\u00e1 hladina v krvnom obehu. M\u00f4\u017ee sa u\u017e\u00edva\u0165 s jedlom alebo bez jedla, hoci jeho u\u017e\u00edvanie s jedlom m\u00f4\u017ee zn\u00ed\u017ei\u0165 potenci\u00e1lne \u017eal\u00fado\u010dn\u00e9 \u0165a\u017ekosti. Absolvovanie celej k\u00fary antibiot\u00edk je nevyhnutn\u00e9, aj ke\u010f sa sympt\u00f3my zlep\u0161ia pred ukon\u010den\u00edm lie\u010dby, aby sa zabezpe\u010dila \u00fapln\u00e1 eradik\u00e1cia infekcie.<\/p>\n<h2>Ak\u00e9 s\u00fa mo\u017en\u00e9 ved\u013eaj\u0161ie \u00fa\u010dinky amoxicil\u00ednu?<\/h2>\n<p>Zatia\u013e \u010do amoxicil\u00edn je <a href=\"https:\/\/slovenskolekaren.com\/kupit-amoxil-genericke-online-bez-lekarskeho-predpisu\">Amoxicil\u00edn Bez Predpisu<\/a> vo v\u0161eobecnosti dobre tolerovan\u00fd, u niektor\u00fdch jedincov sa m\u00f4\u017eu vyskytn\u00fa\u0165 ved\u013eaj\u0161ie \u00fa\u010dinky. \u010cast\u00e9 ved\u013eaj\u0161ie \u00fa\u010dinky zah\u0155\u0148aj\u00fa gastrointestin\u00e1lne probl\u00e9my, ako je nevo\u013enos\u0165, vracanie, hna\u010dka a boles\u0165 brucha. Tieto pr\u00edznaky s\u00fa zvy\u010dajne mierne a vymizn\u00fa po ukon\u010den\u00ed lie\u010dby.<\/p>\n<p>V zriedkav\u00fdch pr\u00edpadoch sa m\u00f4\u017eu vyskytn\u00fa\u0165 z\u00e1va\u017enej\u0161ie ved\u013eaj\u0161ie \u00fa\u010dinky vr\u00e1tane alergick\u00fdch reakci\u00ed charakterizovan\u00fdch vyr\u00e1\u017ekou, svrben\u00edm alebo opuchom, najm\u00e4 tv\u00e1re a jazyka. Anafylaxia, aj ke\u010f je extr\u00e9mne zriedkav\u00e1, je z\u00e1va\u017en\u00e1 alergick\u00e1 reakcia vy\u017eaduj\u00faca okam\u017eit\u00fa lek\u00e1rsku pomoc. Pacienti, u ktor\u00fdch sa vyskytn\u00fa nezvy\u010dajn\u00e9 alebo z\u00e1va\u017en\u00e9 ved\u013eaj\u0161ie \u00fa\u010dinky, by sa mali bezodkladne obr\u00e1ti\u0165 na svojho poskytovate\u013ea zdravotnej starostlivosti.<\/p>\n<h2>Amoxicil\u00edn sa m\u00f4\u017ee u\u017e\u00edva\u0165 po\u010das tehotenstva?<\/h2>\n<p>Amoxicil\u00edn sa vo v\u0161eobecnosti pova\u017euje za bezpe\u010dn\u00fd na pou\u017eitie po\u010das tehotenstva, klasifikovan\u00fd FDA ako liek kateg\u00f3rie B, \u010do v \u0161t\u00fadi\u00e1ch na zvierat\u00e1ch nenazna\u010duje \u017eiadne zn\u00e1mky po\u0161kodenia plodu. Pre tehotn\u00e9 \u017eeny je v\u0161ak v\u017edy k\u013e\u00fa\u010dov\u00e9, aby sa poradili so svoj\u00edm poskytovate\u013eom zdravotnej starostlivosti predt\u00fdm, ako za\u010dn\u00fa u\u017e\u00edva\u0165 ak\u00fdko\u013evek liek vr\u00e1tane amoxicil\u00ednu.<\/p>\n<p>Rozhodnutie predp\u00edsa\u0165 Amoxicil\u00edn po\u010das tehotenstva je zvy\u010dajne zalo\u017een\u00e9 na anal\u00fdze rizika a pr\u00ednosu, kde potenci\u00e1lne pr\u00ednosy lie\u010dby bakteri\u00e1lnej infekcie preva\u017euj\u00fa nad ak\u00fdmiko\u013evek potenci\u00e1lnymi rizikami pre matku a plod. Tehotn\u00e9 \u017eeny by mali prediskutova\u0165 v\u0161etky mo\u017enosti lie\u010dby a obavy so svoj\u00edm poskytovate\u013eom zdravotnej starostlivosti, aby zabezpe\u010dili \u010do najlep\u0161ie v\u00fdsledky pre matku aj die\u0165a.<\/p>\n<h2>Ako amoxicil\u00edn interaguje s in\u00fdmi liekmi?<\/h2>\n<p>Amoxicil\u00edn m\u00f4\u017ee interagova\u0165 s r\u00f4znymi liekmi a potenci\u00e1lne meni\u0165 ich \u00fa\u010dinky. Je zn\u00e1me, \u017ee interaguje s antikoagulanciami, ako je warfar\u00edn, \u010d\u00edm sa zvy\u0161uje riziko krv\u00e1cania. Pacienti u\u017e\u00edvaj\u00faci antikoagulanci\u00e1 musia by\u0165 starostlivo sledovan\u00ed, ak im bol predp\u00edsan\u00fd amoxicil\u00edn, aby sa v pr\u00edpade potreby upravili d\u00e1vky.<\/p>\n<p>Okrem toho m\u00f4\u017ee amoxicil\u00edn zn\u00ed\u017ei\u0165 \u00fa\u010dinnos\u0165 peror\u00e1lnych kontracept\u00edv, hoci tento \u00fa\u010dinok nie je dobre zdokumentovan\u00fd. Pacientky, ktor\u00e9 u\u017e\u00edvaj\u00fa antikoncep\u010dn\u00e9 tabletky, maj\u00fa po\u010das u\u017e\u00edvania amoxicil\u00ednu zv\u00e1\u017ei\u0165 \u010fal\u0161ie antikoncep\u010dn\u00e9 met\u00f3dy. Je d\u00f4le\u017eit\u00e9, aby pacienti informovali svojho poskytovate\u013ea zdravotnej starostlivosti o v\u0161etk\u00fdch liekoch a doplnkoch, ktor\u00e9 u\u017e\u00edvaj\u00fa, aby sa predi\u0161lo mo\u017en\u00fdm interakci\u00e1m.<\/p>\n<h2>\u010co m\u00e1m robi\u0165, ak mi ch\u00fdba d\u00e1vka amoxicil\u00ednu?<\/h2>\n<p>Ak sa vynech\u00e1 d\u00e1vka amoxicil\u00ednu, m\u00e1 sa u\u017ei\u0165 \u010do najsk\u00f4r. Ak je v\u0161ak u\u017e takmer \u010das na \u010fal\u0161iu pl\u00e1novan\u00fa d\u00e1vku, vynechan\u00fa d\u00e1vku treba presko\u010di\u0165 a pokra\u010dova\u0165 v pravidelnom d\u00e1vkovacom re\u017eime. Zdvojn\u00e1sobenie d\u00e1vok na kompenz\u00e1ciu vynechanej d\u00e1vky sa neodpor\u00fa\u010da, preto\u017ee to m\u00f4\u017ee zv\u00fd\u0161i\u0165 riziko ved\u013eaj\u0161\u00edch \u00fa\u010dinkov.<\/p>\n<p>Pre \u00fa\u010dinnos\u0165 antibiotika je d\u00f4le\u017eit\u00e9 udr\u017eiava\u0165 konzistentn\u00fd d\u00e1vkovac\u00ed re\u017eim. Nastavenie pripomenut\u00ed alebo pou\u017e\u00edvanie aplik\u00e1ci\u00ed na spr\u00e1vu liekov m\u00f4\u017ee pom\u00f4c\u0165 zabezpe\u010di\u0165, aby sa d\u00e1vky u\u017e\u00edvali v\u010das, \u010d\u00edm sa zv\u00fd\u0161i \u00faspe\u0161nos\u0165 lie\u010dby a zn\u00ed\u017ei sa pravdepodobnos\u0165 vzniku rezistencie.<\/p>\n<h2>Je amoxicil\u00edn bezpe\u010dn\u00fd pre deti?<\/h2>\n<p>Amoxicil\u00edn sa pova\u017euje za bezpe\u010dn\u00fd a \u00fa\u010dinn\u00fd na lie\u010dbu bakteri\u00e1lnych infekci\u00ed u det\u00ed. Jeho d\u00e1vkovanie v pediatrick\u00fdch pr\u00edpadoch sa starostlivo vypo\u010d\u00edta na z\u00e1klade hmotnosti die\u0165a\u0165a a z\u00e1va\u017enosti infekcie. Kvapaln\u00e1 suspenzn\u00e1 forma je obzvl\u00e1\u0161\u0165 vhodn\u00e1 pre deti a umo\u017e\u0148uje jednoduch\u00e9 pod\u00e1vanie.<\/p>\n<p>Pediatri \u010dasto predpisuj\u00fa amoxicil\u00edn na be\u017en\u00e9 detsk\u00e9 infekcie, ako s\u00fa infekcie u\u0161\u00ed a streptokokov\u00e9 infekcie hrdla. Rodi\u010dia by sa mali uisti\u0165, \u017ee sa dokon\u010dila cel\u00e1 lie\u010dba a mali by sa poradi\u0165 s lek\u00e1rom svojho die\u0165a\u0165a, ak sa vyskytn\u00fa nejak\u00e9 ved\u013eaj\u0161ie \u00fa\u010dinky alebo ak sa stav die\u0165a\u0165a nezlep\u0161\u00ed.<\/p>\n<h2>Ako dlho trv\u00e1, k\u00fdm amoxicil\u00edn za\u010dne \u00fa\u010dinkova\u0165?<\/h2>\n<p>N\u00e1stup \u00fa\u010dinkov amoxicil\u00ednu z\u00e1vis\u00ed od typu a z\u00e1va\u017enosti lie\u010denej infekcie. Vo v\u0161eobecnosti si pacienti m\u00f4\u017eu v\u0161imn\u00fa\u0165 zlep\u0161enie sympt\u00f3mov do 48 a\u017e 72 hod\u00edn od za\u010diatku lie\u010dby. Je v\u0161ak d\u00f4le\u017eit\u00e9 dokon\u010di\u0165 cel\u00fd predp\u00edsan\u00fd kurz, aby sa zabezpe\u010dila \u00fapln\u00e1 eradik\u00e1cia infekcie.<\/p>\n<p>V pr\u00edpadoch, ke\u010f pr\u00edznaky pretrv\u00e1vaj\u00fa po nieko\u013ek\u00fdch d\u0148och lie\u010dby alebo sa zhor\u0161uj\u00fa, je d\u00f4le\u017eit\u00e9 poradi\u0165 sa s poskytovate\u013eom zdravotnej starostlivosti. Mo\u017eno bude potrebn\u00e9 prehodnoti\u0165 situ\u00e1ciu a zv\u00e1\u017ei\u0165 alternat\u00edvnu lie\u010dbu, ak s\u00fa bakt\u00e9rie rezistentn\u00e9 na amoxicil\u00edn alebo ak existuje in\u00e1 z\u00e1kladn\u00e1 pr\u00ed\u010dina sympt\u00f3mov.<\/p>\n<h2>M\u00f4\u017ee amoxicil\u00edn lie\u010di\u0165 v\u00edrusov\u00e9 infekcie?<\/h2>\n<p>Amoxicil\u00edn je ne\u00fa\u010dinn\u00fd proti v\u00edrusov\u00fdm infekci\u00e1m, ako je be\u017en\u00e9 prechladnutie, chr\u00edpka alebo v\u00edrusov\u00e9 bolesti hrdla. Antibiotik\u00e1, vr\u00e1tane amoxicil\u00ednu, sa zameriavaj\u00fa na bakt\u00e9rie a nemaj\u00fa \u017eiadny \u00fa\u010dinok na v\u00edrusy. Zneu\u017e\u00edvanie antibiot\u00edk na v\u00edrusov\u00e9 infekcie m\u00f4\u017ee prispie\u0165 k rezistencii na antibiotik\u00e1, \u010do je rast\u00faci probl\u00e9m verejn\u00e9ho zdravia.<\/p>\n<p>Pacienti by sa mali vyh\u00fdba\u0165 \u017eiadostiam o antibiotik\u00e1 na v\u00edrusov\u00e9 ochorenia a namiesto toho by sa mali riadi\u0165 odpor\u00fa\u010daniami symptomatickej lie\u010dby. Poskytovatelia zdravotnej starostlivosti m\u00f4\u017eu pon\u00faknu\u0165 rady t\u00fdkaj\u00face sa zvl\u00e1dania sympt\u00f3mov a prevencie \u0161\u00edrenia v\u00edrusov\u00fdch infekci\u00ed prostredn\u00edctvom spr\u00e1vnej hygienickej praxe a o\u010dkovania.<\/p>\n<h2>Ako sa m\u00e1 amoxicil\u00edn uchov\u00e1va\u0165?<\/h2>\n<p>Tablety a kapsuly amoxicil\u00ednu by sa mali uchov\u00e1va\u0165 pri izbovej teplote, mimo dosahu vlhkosti a tepla, aby sa zachovala ich \u00fa\u010dinnos\u0165. Tekut\u00e1 forma v\u0161ak vy\u017eaduje chladenie a v\u0161etky nepou\u017eit\u00e9 \u010dasti by sa mali po 14 d\u0148och zlikvidova\u0165, aby sa zabr\u00e1nilo degrad\u00e1cii a strate \u00fa\u010dinnosti.<\/p>\n<p>Spr\u00e1vne skladovanie liekov je nevyhnutn\u00e9 na zabezpe\u010denie ich \u00fa\u010dinnosti a bezpe\u010dnosti. Pacienti by si mali v\u017edy skontrolova\u0165 d\u00e1tum exspir\u00e1cie na svojich liekoch a poradi\u0165 sa so svoj\u00edm lek\u00e1rnikom, ak maj\u00fa nejak\u00e9 ot\u00e1zky o po\u017eiadavk\u00e1ch na uchov\u00e1vanie alebo likvid\u00e1ciu liekov po expir\u00e1cii.<\/p>\n","protected":false},"excerpt":{"rendered":"<p>\u010cast\u00e9 ot\u00e1zky o amoxicil\u00edne: zodpovedan\u00fdch 10 najd\u00f4le\u017eitej\u0161\u00edch ot\u00e1zok Tento \u010dl\u00e1nok poskytuje komplexn\u00e9 odpovede na naj\u010dastej\u0161ie [&hellip;]<\/p>\n","protected":false},"author":1,"featured_media":0,"parent":0,"menu_order":0,"comment_status":"closed","ping_status":"closed","template":"","meta":{"footnotes":""},"class_list":["post-39093","page","type-page","status-publish","hentry"],"_links":{"self":[{"href":"https:\/\/pematekfcvac.unisel.edu.my\/index.php?rest_route=\/wp\/v2\/pages\/39093","targetHints":{"allow":["GET"]}}],"collection":[{"href":"https:\/\/pematekfcvac.unisel.edu.my\/index.php?rest_route=\/wp\/v2\/pages"}],"about":[{"href":"https:\/\/pematekfcvac.unisel.edu.my\/index.php?rest_route=\/wp\/v2\/types\/page"}],"author":[{"embeddable":true,"href":"https:\/\/pematekfcvac.unisel.edu.my\/index.php?rest_route=\/wp\/v2\/users\/1"}],"replies":[{"embeddable":true,"href":"https:\/\/pematekfcvac.unisel.edu.my\/index.php?rest_route=%2Fwp%2Fv2%2Fcomments&post=39093"}],"version-history":[{"count":1,"href":"https:\/\/pematekfcvac.unisel.edu.my\/index.php?rest_route=\/wp\/v2\/pages\/39093\/revisions"}],"predecessor-version":[{"id":39094,"href":"https:\/\/pematekfcvac.unisel.edu.my\/index.php?rest_route=\/wp\/v2\/pages\/39093\/revisions\/39094"}],"wp:attachment":[{"href":"https:\/\/pematekfcvac.unisel.edu.my\/index.php?rest_route=%2Fwp%2Fv2%2Fmedia&parent=39093"}],"curies":[{"name":"wp","href":"https:\/\/api.w.org\/{rel}","templated":true}]}}