{"id":39106,"date":"2026-03-24T23:21:25","date_gmt":"2026-03-24T23:21:25","guid":{"rendered":"https:\/\/pematekfcvac.unisel.edu.my\/?page_id=39106"},"modified":"2026-03-24T23:21:25","modified_gmt":"2026-03-24T23:21:25","slug":"clomidi-ja-selle-kasutuste-moistmine","status":"publish","type":"page","link":"https:\/\/pematekfcvac.unisel.edu.my\/?page_id=39106","title":{"rendered":"Clomidi ja selle kasutuste m\u00f5istmine"},"content":{"rendered":"<h1>Clomid Genericu ostmine veebist: ohutusmeetmed ja tugi<\/h1>\n<p>Clomid Genericu veebis ostmisel navigeerimine n\u00f5uab selle kasutuste m\u00f5istmist, ohutuse tagamist ja usaldusv\u00e4\u00e4rsete allikate valimist.<\/p>\n<h2>Clomidi ja selle kasutuste m\u00f5istmine<\/h2>\n<p>Clomid v\u00f5i klomifeentsitraat on ravim, mida kasutatakse peamiselt naiste viljatuse raviks. See toimib stimuleerides ovulatsiooni, mis on \u00fclioluline neile, kellel on anovulatsiooni v\u00f5i muude ovulatsioonih\u00e4irete t\u00f5ttu raskusi rasestumisega. Kuigi seda kasutatakse peamiselt naiste viljakuse ravis, kirjutatakse Clomid m\u00f5nikord meestele v\u00e4lja teatud t\u00fc\u00fcpi meeste viljatuse raviks, suurendades testosterooni taset.<\/p>\n<p>Ravim toimib, meelitades aju m\u00f5tlema, et \u00f6strogeeni tase kehas on madalam kui see on, mis viib folliikuleid stimuleeriva hormooni (FSH) ja luteiniseeriva hormooni (LH) tootmise suurenemiseni. Need hormoonid stimuleerivad seej\u00e4rel munasarju munarakke tootma, muutes Clomidi t\u00f5husaks ovulatsiooni esilekutsujaks. Clomidi mehhanismi m\u00f5istmine on \u00fclioluline neile, kes kaaluvad selle kasutamist, tagades, et nad on informeeritud sellest, kuidas see v\u00f5ib nende viljakuse teekonda aidata.<\/p>\n<h2>Clomid Genericu veebist ostmise eelised<\/h2>\n<p>Clomid Genericu veebist ostmine pakub mitmeid eeliseid, eelk\u00f5ige mugavust ja v\u00f5imalikku kulude kokkuhoidu. Paljud inimesed hindavad ravimite tellimise lihtsust oma kodust, v\u00e4ltides vajadust f\u00fc\u00fcsiliselt apteeki k\u00fclastada. Lisaks on ravimite geneerilised versioonid sageli madalama hinnaga v\u00f5rreldes nende kaubam\u00e4rgiga analoogidega, muutes viljakusravi laiemale publikule k\u00e4ttesaadavamaks.<\/p>\n<p>Interneti-apteegid v\u00f5ivad pakkuda ka paremat juurdep\u00e4\u00e4su teabele Clomidi kohta, sealhulgas patsientide arvustustele ja \u00fcksikasjalikele tootekirjeldustele, mis v\u00f5ib olla kasulik tarbijatele, kes soovivad teha teadlikke otsuseid. Kasudega kaasnevad aga ka kohustused, kuna tarbijad peavad tagama, et nad hangivad oma ravimid seaduslikelt ja turvalistelt veebipakkujatelt.<\/p>\n<h2>Mainekate Interneti-apteekide tuvastamine<\/h2>\n<p>Maineka Interneti-apteegi tuvastamine on oluline samm Clomid Genericu turvalise ostmise tagamisel. Tarbijad peaksid otsima apteeke, mis n\u00f5uavad retsepti, sest see on tugev legitiimsuse n\u00e4itaja. Veebisaidid, mis pakuvad Clomidi ilma retseptita m\u00fc\u00fca, peaksid heiskama punased lipud, kuna need ei pruugi j\u00e4rgida vajalikke ohutus- ja eetikastandardeid.<\/p>\n<p>Tuntud apteekidel on sageli selge kontaktteave ja f\u00fc\u00fcsiline aadress. Samuti peaksid nad pakkuma klienditeenindust, et lahendada k\u00f5ik mured v\u00f5i k\u00fcsimused. Apteegi usaldusv\u00e4\u00e4rsust v\u00f5ivad n\u00e4idata ka tunnustatud asutuste sertifikaadid, nagu \u00dchendkuningriigis General Pharmaceutical Council (GPhC) v\u00f5i samav\u00e4\u00e4rsed organisatsioonid teistes riikides.<\/p>\n<h2>Autentsete Clomidi geneeriliste toodete tunnustamine<\/h2>\n<p>Clomid Generic toodete autentsuse tagamine on oluline, et v\u00e4ltida v\u00f5ltsitud ravimeid, mis v\u00f5ivad olla ebaefektiivsed v\u00f5i kahjulikud. \u00d5igusp\u00e4rastel toodetel peaks olema n\u00f5uetekohane m\u00e4rgistus, sealhulgas toimeaine, annus ja tootja andmed. Pakend peab olema suletud ja v\u00f5ltsimiskindel, et v\u00e4ltida saastumist v\u00f5i muudatusi.<\/p>\n<p>Tarbijad saavad autentsust kontrollida, kontrollides toote partiinumbrit ja aegumiskuup\u00e4eva. Soovitatav on v\u00f5rrelda neid teabega, mis on saadaval tootja veebisaidil v\u00f5i otse tootjaga \u00fchendust v\u00f5ttes. Tuntud ja mainekatest Interneti-apteekidest ostmine v\u00e4hendab veelgi v\u00f5ltsitud toodetega kokku puutumise ohtu.<\/p>\n<h2>Ohutusabin\u00f5ud ravimite veebist ostmisel<\/h2>\n<p>Internetist ravimite ostmisel on ettevaatusabin\u00f5ud esmat\u00e4htsad. Tarbijad peaksid tagama, et nende isiklik ja finantsteave on kaitstud, kontrollides turvalisi makseviise ja kr\u00fcpteeritud veebisaite. Otsige URL-e, mis algavad t\u00e4hega &quot;https&quot; ja tabaluku ikoon brauseri aadressiribal turvalise saidi indikaatorina.<\/p>\n<p>Lisaks on m\u00f5istlik v\u00e4ltida tehinguid, mis <a href=\"https:\/\/turvalineravim.com\/clomid-generic-kulu-ilma-retseptita\">https:\/\/turvalineravim.com\/clomid-generic-kulu-ilma-retseptita<\/a> tunduvad liiga head, et t\u00f5si olla, kuna need v\u00f5ivad viidata v\u00f5ltsitud v\u00f5i ebakvaliteetsetele toodetele. Tarbijad peaksid olema ettevaatlikud ka veebisaitide suhtes, mis lubavad \u00fcle\u00f6\u00f6 tarnet, kuna see v\u00f5ib t\u00e4hendada, et apteek ei pruugi j\u00e4rgida \u00f5igeid v\u00e4ljastamisprotseduure.<\/p>\n<h2>\u00d5iguslikud kaalutlused Clomidi veebist ostmisel<\/h2>\n<p>Clomidi veebis ostmise \u00f5igusmaastiku m\u00f5istmine on \u00fclioluline. Paljudes riikides on Clomid ainult retseptiravim, mis t\u00e4hendab, et selle ostmine ilma kehtiva retseptita litsentseeritud tervishoiuteenuse osutajalt on ebaseaduslik. Tarbijad peaksid olema teadlikud oma piirkonna seadustest, et v\u00e4ltida v\u00f5imalikke \u00f5iguslikke probleeme.<\/p>\n<p>Lisaks v\u00f5ib ravimite importimisel teisest riigist olla ka \u00f5iguslikke tagaj\u00e4rgi. Tollieeskirjad v\u00f5ivad keelata teatud ravimite impordi v\u00f5i n\u00f5uda eridokumente. Tarbijad peaksid neid eeskirju p\u00f5hjalikult uurima, et tagada vastavus ja v\u00e4ltida karistusi v\u00f5i ravimi konfiskeerimist.<\/p>\n<h2>Kuidas kinnitada Interneti-apteekide mandaate<\/h2>\n<p>Interneti-apteegi volikirjade kontrollimine h\u00f5lmab tunnustatud tervishoiuasutuste sertifikaatide kontrollimist. N\u00e4iteks \u00dchendkuningriigis peaksid apteegid olema registreeritud General Pharmaceutical Councilis (GPhC). Sarnased reguleerivad asutused on ka teistes riikides ja nende veebisaitidel on sageli kataloogid, kus tarbijad saavad kontrollida apteegi legitiimsust.<\/p>\n<p>Tarbijad saavad vaadata ka klientide arvustusi ja hinnanguid s\u00f5ltumatutelt veebisaitidelt. Need \u00fclevaated v\u00f5ivad anda \u00fclevaate apteegi t\u00f6\u00f6kindlusest, teenuse kvaliteedist ja toodete autentsusest. Lisaks v\u00f5ib konkreetsete k\u00fcsimuste esitamiseks apteegi poole p\u00f6\u00f6rdumine aidata hinnata nende professionaalsust ja l\u00e4bipaistvust.<\/p>\n<h2>V\u00f5imalikud riskid Clomid Genericu veebist ostmisel<\/h2>\n<p>Clomid Genericu veebist ostmisega kaasnevad mitmed riskid, eriti halva mainega allikatest. V\u00f5ltsitud ravimid kujutavad endast m\u00e4rkimisv\u00e4\u00e4rset ohtu, kuna need v\u00f5ivad sisaldada valesid annuseid v\u00f5i kahjulikke aineid. Need v\u00f5ivad p\u00f5hjustada ebaefektiivset ravi v\u00f5i negatiivseid tervisem\u00f5jusid.<\/p>\n<p>Teine oht on v\u00f5imalikud isiku- ja finantsandmetega seotud rikkumised. Turvamata veebisaidid v\u00f5ivad tundlikku teavet ohustada, p\u00f5hjustades identiteedivargust v\u00f5i finantspettust. Tarbijad peavad olema valvsad ja valima ainult neid apteeke, mis n\u00e4itavad \u00fcles suurt p\u00fchendumust andmeturbele.<\/p>\n<h2>Samme turvaliste veebitehingute tagamiseks<\/h2>\n<p>Turvaliste veebitehingute tagamiseks peaksid tarbijad kasutama turvalisi makseviise, n\u00e4iteks krediitkaarte v\u00f5i ostja kaitset pakkuvaid makseteenuseid. V\u00e4ltige otseste panga\u00fclekannete v\u00f5i makseviiside kasutamist, mille puhul pole vaidluse korral v\u00f5imalik p\u00f6\u00f6rduda.<\/p>\n<p>Samuti on kasulik s\u00e4ilitada arvestust k\u00f5igi tehingute, sealhulgas tellimuste kinnituste ja apteegiga suhtlemise kohta. See dokumentatsioon v\u00f5ib olla otsustava t\u00e4htsusega ostuprotsessi ajal v\u00f5i p\u00e4rast seda tekkida v\u00f5ivate probleemide lahendamisel. Tarkvara ja viiruset\u00f5rjeprogrammide ajakohasena hoidmine v\u00f5ib k\u00fcberohtude eest veelgi paremini kaitsta.<\/p>\n<h2>Veebiarvustuste roll apteekide valikul<\/h2>\n<p>Interneti-arvustused m\u00e4ngivad apteegi valimisel olulist rolli. Need annavad \u00fclevaate teiste klientide kogemustest, tuues esile nii apteegi teenuse kui ka tootekvaliteedi positiivseid ja negatiivseid k\u00fclgi. Tarbijad peaksid otsima arvustustes \u00fchtseid mustreid, et tuvastada v\u00f5imalikud punased lipud v\u00f5i kiiduv\u00e4\u00e4rt tavad.<\/p>\n<p>Kuigi \u00fcksikud arvustused v\u00f5ivad olla kasulikud, on oluline arvestada \u00fcldist hinnangut ja arvustuste arvu. K\u00f5rge reitingu ja arvukate arvustustega apteek on tavaliselt usaldusv\u00e4\u00e4rsem kui apteek, millel on vaid k\u00e4put\u00e4ie arvustuste p\u00f5hjal t\u00e4iuslik hind. Arvustuste tasakaalustamine muude kontrollietappidega tagab apteegi igak\u00fclgse hinnangu.<\/p>\n<h2>Klienditoe valikud veebiostude jaoks<\/h2>\n<p>T\u00f5hus klienditugi on maineka Interneti-apteegi tunnus. Kvaliteetsed apteegid pakuvad klientidele p\u00e4ringute ja probleemide lahendamiseks erinevaid tugiv\u00f5imalusi, nagu telefon, e-post ja reaalajas vestlus. Kiired ja abistavad vastused v\u00f5ivad oluliselt parandada ostukogemust ja pakkuda tarbijatele kindlustunnet.<\/p>\n<p>Enne ostu sooritamist peaksid tarbijad testima apteegi kliendituge, esitades k\u00fcsimusi toote, saatmis- v\u00f5i makseviiside kohta. Vastuse kvaliteet ja kiirus v\u00f5ivad n\u00e4idata apteegi p\u00fchendumust klientide rahulolule ja teenindusele.<\/p>\n<h2>Clomidi annustamise ja manustamise m\u00f5istmine<\/h2>\n<p>Clomidi \u00f5ige annuse ja manustamise m\u00f5istmine on selle t\u00f5hususe ja ohutuse jaoks oluline. Tavaliselt manustatakse Clomidi ts\u00fcklitena, tavaliste re\u017eiimide korral alustatakse 50 mg-st p\u00e4evas viie j\u00e4rjestikuse p\u00e4eva jooksul. Kui ovulatsiooni ei toimu, v\u00f5ib annust kohandada j\u00e4rgmiste ts\u00fcklite jooksul arsti j\u00e4relevalve all.<\/p>\n<p>Manustamine peaks langema kokku menstruaalts\u00fckliga, tavaliselt algab see viiendal p\u00e4eval p\u00e4rast menstruatsiooni algust. On \u00fclioluline j\u00e4rgida t\u00e4pselt tervishoiuteenuse osutaja juhiseid ja teatada neile viivitamatult ootamatutest k\u00f5rvaltoimetest v\u00f5i ovulatsiooni puudumisest. Patsiendid ei tohi kunagi ise annust kohandada ilma arstiga n\u00f5u pidamata.<\/p>\n<h2>Clomidi k\u00f5rvaltoimete juhtimine<\/h2>\n<p>Kuigi Clomid on \u00fcldiselt h\u00e4sti talutav, v\u00f5ib see m\u00f5nel inimesel p\u00f5hjustada k\u00f5rvaltoimeid. Levinud k\u00f5rvaltoimed on kuumahood, meeleolu k\u00f5ikumine, puhitus ja rindade hellus. Need toimed on tavaliselt kerged ja ajutised, kuid neid tuleb j\u00e4lgida.<\/p>\n<p>Harvadel juhtudel v\u00f5ib Clomid p\u00f5hjustada raskemaid k\u00f5rvaltoimeid, nagu n\u00e4gemish\u00e4ired v\u00f5i munasarjade h\u00fcperstimulatsiooni s\u00fcndroom (OHSS). Raskete s\u00fcmptomitega patsiendid peaksid viivitamatult p\u00f6\u00f6rduma arsti poole. Tervishoiuteenuse osutaja regulaarne j\u00e4lgimine v\u00f5ib aidata neid k\u00f5rvaltoimeid t\u00f5husalt hallata ja tagada Clomidi ohutu kasutamise.<\/p>\n<h2>Enne ostmist konsulteerige tervishoiut\u00f6\u00f6tajatega<\/h2>\n<p>Tervishoiut\u00f6\u00f6tajaga konsulteerimine enne Clomidi veebist ostmist on ohutu ja t\u00f5husa ravi jaoks \u00fclioluline. Tervishoiuteenuse osutaja saab kinnitada viljatuse diagnoosi ja otsustada, kas Clomid on sobiv ravi. Nad v\u00f5ivad v\u00e4ljastada ka retsepti, mis on sageli vajalik seaduslike veebiostude jaoks.<\/p>\n<p>Tervishoiut\u00f6\u00f6tajad v\u00f5ivad patsiente juhendada ka v\u00f5imalike koostoimete kohta teiste ravimitega ja olemasolevate terviseseisunditega. See tagab tervikliku l\u00e4henemise viljakusravile, seades esikohale patsiendi ohutuse ja suurendades edukate tulemuste t\u00f5en\u00e4osust.<\/p>\n<h2>Alternatiivid Clomid Genericu veebist ostmisele<\/h2>\n<p>Neile, kes kahtlevad Clomidi veebist ostmisel, on mitu alternatiivi. Kohaliku apteegi k\u00fclastamine v\u00f5imaldab vahetult suhelda apteekritega, kes saavad pakkuda personaalset n\u00f5u ja kohest teenindust. See valik v\u00e4listab ka veebitehingute ja kohaletoimetamisega seotud mured.<\/p>\n<p>Lisaks pakuvad m\u00f5ned viljakuskliinikud Clomidi osana oma ravipakettidest, pakkudes ravimeid otse patsientidele. See tagab, et ravim on autentne ja seda manustatakse professionaalse j\u00e4relevalve all. Nende alternatiivide uurimine v\u00f5ib pakkuda meelerahu ja parandada \u00fcldist ravikogemust.<\/p>\n","protected":false},"excerpt":{"rendered":"<p>Clomid Genericu ostmine veebist: ohutusmeetmed ja tugi Clomid Genericu veebis ostmisel navigeerimine n\u00f5uab selle kasutuste [&hellip;]<\/p>\n","protected":false},"author":1,"featured_media":0,"parent":0,"menu_order":0,"comment_status":"closed","ping_status":"closed","template":"","meta":{"footnotes":""},"class_list":["post-39106","page","type-page","status-publish","hentry"],"_links":{"self":[{"href":"https:\/\/pematekfcvac.unisel.edu.my\/index.php?rest_route=\/wp\/v2\/pages\/39106","targetHints":{"allow":["GET"]}}],"collection":[{"href":"https:\/\/pematekfcvac.unisel.edu.my\/index.php?rest_route=\/wp\/v2\/pages"}],"about":[{"href":"https:\/\/pematekfcvac.unisel.edu.my\/index.php?rest_route=\/wp\/v2\/types\/page"}],"author":[{"embeddable":true,"href":"https:\/\/pematekfcvac.unisel.edu.my\/index.php?rest_route=\/wp\/v2\/users\/1"}],"replies":[{"embeddable":true,"href":"https:\/\/pematekfcvac.unisel.edu.my\/index.php?rest_route=%2Fwp%2Fv2%2Fcomments&post=39106"}],"version-history":[{"count":1,"href":"https:\/\/pematekfcvac.unisel.edu.my\/index.php?rest_route=\/wp\/v2\/pages\/39106\/revisions"}],"predecessor-version":[{"id":39107,"href":"https:\/\/pematekfcvac.unisel.edu.my\/index.php?rest_route=\/wp\/v2\/pages\/39106\/revisions\/39107"}],"wp:attachment":[{"href":"https:\/\/pematekfcvac.unisel.edu.my\/index.php?rest_route=%2Fwp%2Fv2%2Fmedia&parent=39106"}],"curies":[{"name":"wp","href":"https:\/\/api.w.org\/{rel}","templated":true}]}}