{"id":39248,"date":"2026-03-24T23:54:28","date_gmt":"2026-03-24T23:54:28","guid":{"rendered":"https:\/\/pematekfcvac.unisel.edu.my\/?page_id=39248"},"modified":"2026-03-24T23:54:28","modified_gmt":"2026-03-24T23:54:28","slug":"prezentare-generala-a-stromectol-generic","status":"publish","type":"page","link":"https:\/\/pematekfcvac.unisel.edu.my\/?page_id=39248","title":{"rendered":"Prezentare general\u0103 a Stromectol Generic"},"content":{"rendered":"<h1>Siguran\u021ba \u0219i efectele secundare ale Stromectol Generic<\/h1>\n<p>\u00cen\u021belegerea siguran\u021bei, a efectelor secundare \u0219i a aplica\u021biilor clinice ale Stromectol Generic este esen\u021bial\u0103 pentru a asigura rezultate eficiente \u0219i sigure ale tratamentului.<\/p>\n<h2>Prezentare general\u0103 a Stromectol Generic<\/h2>\n<p>Stromectol Generic, un medicament antiparazitar utilizat pe scar\u0103 larg\u0103, apar\u021bine unei clase de medicamente cunoscute sub numele de avermectine. Este folosit \u00een principal pentru a trata infec\u021biile cauzate de parazi\u021bi specifici, oferind o alternativ\u0103 rentabil\u0103 la versiunile de marc\u0103. Forma generic\u0103 con\u021bine ingredientul activ ivermectin\u0103, care se afl\u0103 pe pia\u021b\u0103 de c\u00e2teva decenii.<\/p>\n<p>Dezvoltat\u0103 ini\u021bial pentru uz veterinar, ivermectina a c\u00e2\u0219tigat importan\u021b\u0103 pentru aplica\u021biile medicale umane datorit\u0103 profilului s\u0103u de eficacitate \u0219i siguran\u021b\u0103. Organiza\u021bia Mondial\u0103 a S\u0103n\u0103t\u0103\u021bii (OMS) \u00eel include \u00een lista sa de medicamente esen\u021biale, subliniind importan\u021ba sa \u00een combaterea bolilor parazitare la nivel global.<\/p>\n<h2>Mecanismul de ac\u021biune pentru Stromectol<\/h2>\n<p>Eficacitatea Stromectol Generic provine din mecanismul s\u0103u unic de ac\u021biune. Ivermectina func\u021bioneaz\u0103 prin legarea de anumite canale ionice din celulele nervoase \u0219i musculare ale parazi\u021bilor, ceea ce duce la cre\u0219terea permeabilit\u0103\u021bii membranei celulare. Acest lucru duce la paralizia \u0219i moartea parazitului, eradic\u00e2nd eficient infec\u021bia.<\/p>\n<p>Mai mult, toxicitatea selectiv\u0103 a ivermectinei se datoreaz\u0103 afinit\u0103\u021bii sale mari pentru canalele specifice parazi\u021bilor, care sunt absente \u00een celulele umane. Aceast\u0103 specificitate minimizeaz\u0103 efectele adverse asupra gazdei, contribuind la profilul s\u0103u favorabil de siguran\u021b\u0103.<\/p>\n<h2>Utiliz\u0103ri obi\u0219nuite ale Stromectol generic<\/h2>\n<p>Stromectol Generic este prescris \u00een mod obi\u0219nuit pentru tratamentul diferitelor infec\u021bii parazitare. Acestea includ oncocercoza, cunoscut\u0103 \u0219i sub numele de orbire de r\u00e2u, \u0219i filariaza limfatic\u0103. \u00cen plus, este eficient \u00eempotriva strongiloidiazei intestinale, o afec\u021biune cauzat\u0103 de nematodul Strongyloides stercoralis.<\/p>\n<p>Dincolo de utiliz\u0103rile sale tradi\u021bionale, Stromectol a c\u00e2\u0219tigat aten\u021bia pentru poten\u021bialul s\u0103u \u00een tratarea scabiei \u0219i a anumitor alte afec\u021biuni dermatologice, de\u0219i aceste aplica\u021bii pot necesita o validare clinic\u0103 suplimentar\u0103. Activitatea sa antiparazitar\u0103 cu spectru larg \u00eel face un instrument versatil \u00een medicina tropical\u0103.<\/p>\n<h2>Profilul general de siguran\u021b\u0103 al Stromectol<\/h2>\n<p>Siguran\u021ba Stromectol Generic a fost bine documentat\u0103 prin studii clinice extinse \u0219i prin supraveghere dup\u0103 punerea pe pia\u021b\u0103. \u00cen general, este bine tolerat de majoritatea pacien\u021bilor, efectele adverse fiind relativ rare \u0219i u\u0219oare \u00een natur\u0103. Un astfel de profil \u00eel face o op\u021biune preferabil\u0103 pentru interven\u021biile de s\u0103n\u0103tate public\u0103 la scar\u0103 larg\u0103.<\/p>\n<p>\u00cen contextul campaniilor de tratament \u00een mas\u0103, \u00een special \u00een medii rurale sau cu resurse limitate, u\u0219urin\u021ba sa de administrare \u0219i cerin\u021bele minime de monitorizare sporesc utilitatea \u0219i accesibilitatea acestuia. Cu toate acestea, \u00een\u021belegerea \u0219i comunicarea cuprinz\u0103toare a profilului s\u0103u de siguran\u021b\u0103 r\u0103m\u00e2n critice \u00een aceste scenarii.<\/p>\n<h2>Efecte secundare frecvente ale Stromectol Generic<\/h2>\n<p>\u00cen timp ce Stromectol Generic este \u00een general bine tolerat, unii pacien\u021bi pot prezenta reac\u021bii adverse u\u0219oare. Acestea includ de obicei ame\u021beli, grea\u021b\u0103 \u0219i disconfort gastro-intestinal. Durerile de cap \u0219i oboseala sunt alte simptome raportate care tind s\u0103 se rezolve f\u0103r\u0103 interven\u021bie.<\/p>\n<p>Astfel de reac\u021bii adverse sunt <a href=\"https:\/\/ingrijireonline.net\/stromectol-generic-pret-fara-reteta\">Stromectol Generic Cost<\/a> de obicei tranzitorii \u0219i nu necesit\u0103 \u00eentreruperea medicamentului. Pacien\u021bii sunt \u00eencuraja\u021bi s\u0103 r\u0103m\u00e2n\u0103 hidrata\u021bi \u0219i s\u0103 se odihneasc\u0103 dac\u0103 apar aceste simptome, deoarece deseori se reduc \u00een decurs de o zi sau dou\u0103 de la ini\u021bierea tratamentului.<\/p>\n<h2>Efecte secundare grave \u0219i riscuri<\/h2>\n<p>De\u0219i rare, pot ap\u0103rea reac\u021bii adverse grave ale Stromectol Generic. Acestea includ reac\u021bii alergice severe, care se pot manifesta ca erup\u021bie cutanat\u0103, m\u00e2nc\u0103rime sau umflare, \u00een special ale fe\u021bei sau limbii. \u00cen cazuri rare, au fost raportate efecte neurologice, cum ar fi confuzie sau convulsii, necesit\u00e2nd asisten\u021b\u0103 medical\u0103 imediat\u0103.<\/p>\n<p>Utilizarea pe termen lung sau supradozajul poate prezenta riscuri suplimentare, inclusiv afectarea ficatului, subliniind importan\u021ba respect\u0103rii dozelor prescrise \u0219i monitoriz\u0103rii func\u021biei hepatice \u00een timpul cursurilor de tratament prelungite.<\/p>\n<h2>Contraindica\u021bii \u0219i precau\u021bii<\/h2>\n<p>Stromectol Generic este contraindicat persoanelor cu hipersensibilitate cunoscut\u0103 la ivermectin\u0103 sau la oricare dintre componentele sale. \u00cen plus, persoanele cu anumite afec\u021biuni preexistente, cum ar fi boala hepatic\u0103, ar trebui s\u0103 utilizeze medicamentul cu precau\u021bie \u0219i sub supraveghere medical\u0103 atent\u0103.<\/p>\n<p>Femeile \u00eens\u0103rcinate \u0219i care al\u0103pteaz\u0103 trebuie s\u0103-\u0219i consulte furnizorul de asisten\u021b\u0103 medical\u0103 \u00eenainte de a \u00eencepe tratamentul, deoarece siguran\u021ba ivermectinei la aceste popula\u021bii nu este pe deplin stabilit\u0103. Analiza atent\u0103 risc-beneficiu este esen\u021bial\u0103 \u00een astfel de cazuri pentru a asigura o s\u0103n\u0103tate optim\u0103 a mamei \u0219i fetale.<\/p>\n<h2>Interac\u021biuni cu alte medicamente<\/h2>\n<p>Interac\u021biunile poten\u021biale dintre Stromectol Generic \u0219i alte medicamente trebuie evaluate cu aten\u021bie pentru a evita efectele adverse. Utilizarea concomitent\u0103 cu medicamente care afecteaz\u0103 sistemul nervos central, cum ar fi benzodiazepinele, poate cre\u0219te efectele sedative \u0219i trebuie monitorizat\u0103 \u00eendeaproape.<\/p>\n<p>\u00cen plus, pacien\u021bii care iau medicamente metabolizate de ficat, \u00een special cele care implic\u0103 enzimele citocromului P450, ar trebui s\u0103 discute poten\u021bialele interac\u021biuni cu furnizorul lor de asisten\u021b\u0103 medical\u0103 pentru a ajusta dozele \u00een consecin\u021b\u0103 \u0219i pentru a reduce riscurile.<\/p>\n<h2>Stromectol generic \u00een popula\u021bii speciale<\/h2>\n<p>Utilizarea Stromectol Generic la popula\u021bii speciale, cum ar fi v\u00e2rstnicii sau imunodeprima\u021bi, necesit\u0103 o analiz\u0103 atent\u0103. Modific\u0103rile farmacocineticii legate de v\u00e2rst\u0103 pot necesita ajust\u0103ri ale dozelor pentru a preveni toxicitatea, men\u021bin\u00e2nd \u00een acela\u0219i timp eficacitatea.<\/p>\n<p>Pentru pacien\u021bii cu sistem imunitar compromis, riscul de infec\u021bii severe poate justifica o abordare mai agresiv\u0103 a tratamentului, al\u0103turi de o monitorizare atent\u0103 a poten\u021bialelor efecte secundare sau complica\u021bii care decurg din medicament.<\/p>\n<h2>Monitorizare \u0219i urm\u0103rire \u00een timpul tratamentului<\/h2>\n<p>Monitorizarea regulat\u0103 \u00een timpul tratamentului cu Stromectol Generic asigur\u0103 depistarea precoce a efectelor secundare \u0219i evaluarea eficacit\u0103\u021bii terapeutice. Testele ini\u021biale ale func\u021biei hepatice \u0219i evalu\u0103rile periodice de urm\u0103rire sunt recomandate, \u00een special pentru pacien\u021bii cu regimuri de tratament prelungite.<\/p>\n<p>Urm\u0103rirea eficient\u0103 include educarea pacientului cu privire la recunoa\u0219terea semnelor timpurii ale reac\u021biilor adverse \u0219i \u00een\u021belegerea c\u00e2nd s\u0103 solicite sfatul medicului, ceea ce este esen\u021bial pentru men\u021binerea siguran\u021bei \u0219i ob\u021binerea rezultatelor de succes ale tratamentului.<\/p>\n<h2>Gestionarea efectelor secundare acas\u0103<\/h2>\n<p>Pacien\u021bii care se confrunt\u0103 cu efecte secundare u\u0219oare ale Stromectol Generic pot gestiona adesea aceste simptome acas\u0103. Odihna, hidratarea \u0219i remediile f\u0103r\u0103 prescrip\u021bie medical\u0103, cum ar fi antiacidele sau analgezicele, pot atenua disconfortul asociat cu simptomele gastrointestinale sau dureri de cap.<\/p>\n<p>Cu toate acestea, pacien\u021bii sunt sf\u0103tui\u021bi s\u0103 raporteze simptomele persistente sau care se agraveaz\u0103 furnizorului lor de asisten\u021b\u0103 medical\u0103, deoarece acest lucru poate indica necesitatea unei evalu\u0103ri suplimentare sau a ajust\u0103rii tratamentului.<\/p>\n<h2>C\u00e2nd s\u0103 solicita\u021bi asisten\u021b\u0103 medical\u0103<\/h2>\n<p>Asisten\u021ba medical\u0103 imediat\u0103 este garantat\u0103 dac\u0103 pacien\u021bii prezint\u0103 simptome care indic\u0103 o reac\u021bie alergic\u0103 sever\u0103, cum ar fi dificult\u0103\u021bi de respira\u021bie sau umflarea fe\u021bei \u0219i a g\u00e2tului. \u00cen plus, simptomele neurologice, cum ar fi confuzia sau convulsii, ar trebui s\u0103 determine o evaluare urgent\u0103.<\/p>\n<p>Pacien\u021bii trebuie s\u0103 contacteze, de asemenea, furnizorul lor de asisten\u021b\u0103 medical\u0103 dac\u0103 observ\u0103 semne de disfunc\u021bie hepatic\u0103, cum ar fi icter sau urin\u0103 \u00eenchis\u0103 la culoare, deoarece acestea pot necesita interven\u021bie prompt\u0103 pentru a preveni complica\u021biile grave.<\/p>\n<h2>Compararea Stromectol generic cu numele de marc\u0103<\/h2>\n<p>Stromectol Generic ofer\u0103 o alternativ\u0103 rentabil\u0103 la produsele de ivermectin\u0103 de marc\u0103, f\u0103r\u0103 a compromite eficacitatea sau siguran\u021ba. Diferen\u021ba principal\u0103 const\u0103 \u00een pre\u021buri, genericele oferind de obicei economii substan\u021biale, \u00een special \u00een campaniile de tratament la scar\u0103 larg\u0103.<\/p>\n<p>Pacien\u021bii pot fi asigura\u021bi c\u0103 formul\u0103rile generice \u00eendeplinesc acelea\u0219i standarde riguroase de calitate \u0219i bioechivalen\u021b\u0103 ca \u0219i omologii de marc\u0103, asigur\u00e2nd rezultate terapeutice fiabile.<\/p>\n<h2>Experien\u021bele \u0219i m\u0103rturiile pacien\u021bilor<\/h2>\n<p>M\u0103rturiile pacien\u021bilor eviden\u021biaz\u0103 adesea beneficiile Stromectol Generic, \u00een special rolul s\u0103u \u00een atenuarea simptomelor infec\u021biilor parazitare \u0219i \u00eembun\u0103t\u0103\u021birea calit\u0103\u021bii vie\u021bii. Mul\u021bi pacien\u021bi raporteaz\u0103 o ameliorare rapid\u0103 a disconfortului \u0219i o revenire la activit\u0103\u021bile normale dup\u0103 tratament.<\/p>\n<p>De\u0219i experien\u021bele pozitive sunt frecvente, unii pacien\u021bi \u00eemp\u0103rt\u0103\u0219esc \u00eengrijor\u0103ri cu privire la efectele secundare minore, subliniind importan\u021ba unei comunic\u0103ri clare \u00eentre furnizorii de servicii medicale \u0219i pacien\u021bi cu privire la a\u0219tept\u0103ri \u0219i strategiile de management.<\/p>\n<h2>Cercet\u0103ri \u0219i dezvolt\u0103ri viitoare \u00een tratament<\/h2>\n<p>Cercet\u0103rile \u00een curs privind Stromectol Generic continu\u0103 s\u0103 exploreze aplica\u021biile sale poten\u021biale dincolo de infec\u021biile parazitare tradi\u021bionale. Studiile emergente investigheaz\u0103 eficacitatea acestuia \u00een tratarea infec\u021biilor virale \u0219i a altor boli non-parazitare, care ar putea extinde domeniul terapeutic.<\/p>\n<p>Evolu\u021biile \u00een formularea \u0219i metodele de administrare a medicamentelor sunt, de asemenea, promi\u021b\u0103toare pentru \u00eembun\u0103t\u0103\u021birea eficacit\u0103\u021bii \u0219i confortului tratamentului, ceea ce poate duce la \u00eembun\u0103t\u0103\u021birea aderen\u021bei pacientului \u0219i a rezultatelor \u00een diverse contexte clinice.<\/p>\n","protected":false},"excerpt":{"rendered":"<p>Siguran\u021ba \u0219i efectele secundare ale Stromectol Generic \u00cen\u021belegerea siguran\u021bei, a efectelor secundare \u0219i a aplica\u021biilor [&hellip;]<\/p>\n","protected":false},"author":1,"featured_media":0,"parent":0,"menu_order":0,"comment_status":"closed","ping_status":"closed","template":"","meta":{"footnotes":""},"class_list":["post-39248","page","type-page","status-publish","hentry"],"_links":{"self":[{"href":"https:\/\/pematekfcvac.unisel.edu.my\/index.php?rest_route=\/wp\/v2\/pages\/39248","targetHints":{"allow":["GET"]}}],"collection":[{"href":"https:\/\/pematekfcvac.unisel.edu.my\/index.php?rest_route=\/wp\/v2\/pages"}],"about":[{"href":"https:\/\/pematekfcvac.unisel.edu.my\/index.php?rest_route=\/wp\/v2\/types\/page"}],"author":[{"embeddable":true,"href":"https:\/\/pematekfcvac.unisel.edu.my\/index.php?rest_route=\/wp\/v2\/users\/1"}],"replies":[{"embeddable":true,"href":"https:\/\/pematekfcvac.unisel.edu.my\/index.php?rest_route=%2Fwp%2Fv2%2Fcomments&post=39248"}],"version-history":[{"count":1,"href":"https:\/\/pematekfcvac.unisel.edu.my\/index.php?rest_route=\/wp\/v2\/pages\/39248\/revisions"}],"predecessor-version":[{"id":39249,"href":"https:\/\/pematekfcvac.unisel.edu.my\/index.php?rest_route=\/wp\/v2\/pages\/39248\/revisions\/39249"}],"wp:attachment":[{"href":"https:\/\/pematekfcvac.unisel.edu.my\/index.php?rest_route=%2Fwp%2Fv2%2Fmedia&parent=39248"}],"curies":[{"name":"wp","href":"https:\/\/api.w.org\/{rel}","templated":true}]}}