{"id":39274,"date":"2026-03-25T00:00:52","date_gmt":"2026-03-25T00:00:52","guid":{"rendered":"https:\/\/pematekfcvac.unisel.edu.my\/?page_id=39274"},"modified":"2026-03-25T00:00:52","modified_gmt":"2026-03-25T00:00:52","slug":"porozumeni-cenforce-pouziti-a-vyhody","status":"publish","type":"page","link":"https:\/\/pematekfcvac.unisel.edu.my\/?page_id=39274","title":{"rendered":"Porozum\u011bn\u00ed Cenforce: Pou\u017eit\u00ed a v\u00fdhody"},"content":{"rendered":"<h1>Cenforce a hypertenze: m\u016f\u017eete to pou\u017e\u00edt?<\/h1>\n<p>Tento \u010dl\u00e1nek zkoum\u00e1 vztah mezi Cenforce, l\u00e9kem b\u011b\u017en\u011b pou\u017e\u00edvan\u00fdm k l\u00e9\u010db\u011b erektiln\u00ed dysfunkce, a jeho potenci\u00e1ln\u00edm dopadem na jedince s hypertenz\u00ed.<\/p>\n<h2>Porozum\u011bn\u00ed Cenforce: Pou\u017eit\u00ed a v\u00fdhody<\/h2>\n<p>Cenforce je \u0161iroce pou\u017e\u00edvan\u00fd l\u00e9k ur\u010den\u00fd k l\u00e9\u010db\u011b erektiln\u00ed dysfunkce (ED) u mu\u017e\u016f. Obsahuje sildenafil citr\u00e1t, stejnou \u00fa\u010dinnou l\u00e1tku jako ve Viag\u0159e, kter\u00e1 p\u016fsob\u00ed tak, \u017ee zvy\u0161uje pr\u016ftok krve do penisu a pom\u00e1h\u00e1 dos\u00e1hnout a udr\u017eet erekci. Tento l\u00e9k si z\u00edskal oblibu d\u00edky sv\u00e9 \u00fa\u010dinnosti a relativn\u011b rychl\u00e9mu \u00fa\u010dinku, kter\u00fd \u010dasto \u00fa\u010dinkuje b\u011bhem 30 a\u017e 60 minut po po\u017eit\u00ed.<\/p>\n<p>V\u00fdhody Cenforce p\u0159esahuj\u00ed pouh\u00e9 usnadn\u011bn\u00ed erekce. Mnoh\u00fdm to zlep\u0161ilo sebev\u011bdom\u00ed a kvalitu \u017eivota zm\u00edrn\u011bn\u00edm stresu a \u00fazkosti spojen\u00e9 s ED. N\u011bkter\u00e9 studie nav\u00edc nazna\u010duj\u00ed, \u017ee sildenafil citr\u00e1t m\u016f\u017ee m\u00edt potenci\u00e1ln\u00ed vyu\u017eit\u00ed p\u0159i l\u00e9\u010db\u011b jin\u00fdch zdravotn\u00edch stav\u016f, jako je plicn\u00ed arteri\u00e1ln\u00ed hypertenze, kv\u016fli jeho vazodilata\u010dn\u00edm \u00fa\u010dink\u016fm.<\/p>\n<h2>Spojen\u00ed mezi Cenforce a hypertenz\u00ed<\/h2>\n<p>Hypertenze neboli vysok\u00fd krevn\u00ed tlak je stav, kter\u00fd postihuje miliony lid\u00ed po cel\u00e9m sv\u011bt\u011b a \u010dasto vede k z\u00e1va\u017en\u00fdm kardiovaskul\u00e1rn\u00edm probl\u00e9m\u016fm, pokud nen\u00ed spr\u00e1vn\u011b l\u00e9\u010den. Vztah mezi Cenforce a hypertenz\u00ed je zvl\u00e1\u0161t\u011b zaj\u00edmav\u00fd, proto\u017ee oba zahrnuj\u00ed kardiovaskul\u00e1rn\u00ed syst\u00e9m. Vzhledem k tomu, \u017ee Cenforce funguje tak, \u017ee roz\u0161i\u0159uje krevn\u00ed c\u00e9vy, aby zv\u00fd\u0161il pr\u016ftok krve, mohl by potenci\u00e1ln\u011b ovlivnit hladinu krevn\u00edho tlaku.<\/p>\n<p>Zat\u00edmco n\u011bkte\u0159\u00ed pacienti s hypertenz\u00ed mohou pou\u017e\u00edvat p\u0159\u00edpravek Cenforce bez ne\u017e\u00e1douc\u00edch \u00fa\u010dink\u016f, je d\u016fle\u017eit\u00e9 zv\u00e1\u017eit individu\u00e1ln\u00ed zdravotn\u00ed profily. Interakce mezi \u00fa\u010dinky p\u0159\u00edpravku Cenforce na sn\u00ed\u017een\u00ed krevn\u00edho tlaku a antihypertenziv se m\u016f\u017ee li\u0161it, co\u017e vy\u017eaduje pe\u010dliv\u00fd l\u00e9ka\u0159sk\u00fd dohled.<\/p>\n<h2>Jak funguje Cenforce v t\u011ble<\/h2>\n<p>Cenforce funguje inhibic\u00ed enzymu fosfodiester\u00e1zy typu 5 (PDE5). Tato inhibice zabra\u0148uje rozkladu cyklick\u00e9ho guanosinmonofosf\u00e1tu (cGMP), molekuly, kter\u00e1 usnad\u0148uje relaxaci bun\u011bk hladk\u00e9ho svalstva v krevn\u00edch c\u00e9v\u00e1ch, zejm\u00e9na v penisu. V d\u016fsledku toho se krevn\u00ed c\u00e9vy roz\u0161i\u0159uj\u00ed, co\u017e umo\u017e\u0148uje zv\u00fd\u0161en\u00fd pr\u016ftok krve nezbytn\u00fd pro erekci.<\/p>\n<p>Krom\u011b \u00fa\u010dink\u016f na peniln\u00ed tepny m\u016f\u017ee vazodilata\u010dn\u00ed \u00fa\u010dinek p\u0159\u00edpravku Cenforce ovlivnit dal\u0161\u00ed \u010d\u00e1sti t\u011bla, v\u010detn\u011b plicn\u00edho vaskulatury. To je d\u016fvod, pro\u010d se sildenafil n\u011bkdy pou\u017e\u00edv\u00e1 off-label pro stavy, jako je plicn\u00ed hypertenze, i kdy\u017e to vy\u017eaduje l\u00e9ka\u0159sk\u00fd dohled, aby byla zaji\u0161t\u011bna bezpe\u010dnost a \u00fa\u010dinnost.<\/p>\n<h2>Potenci\u00e1ln\u00ed rizika pou\u017e\u00edv\u00e1n\u00ed Cenforce s hypertenz\u00ed<\/h2>\n<p>K pou\u017eit\u00ed p\u0159\u00edpravku Cenforce u pacient\u016f s hypertenz\u00ed je t\u0159eba p\u0159istupovat opatrn\u011b. Jednou z hlavn\u00edch obav je, \u017ee vazodilata\u010dn\u00ed \u00fa\u010dinek p\u0159\u00edpravku Cenforce m\u016f\u017ee v\u00e9st k n\u00e1hl\u00e9mu poklesu krevn\u00edho tlaku, zejm\u00e9na v kombinaci s jin\u00fdmi antihypertenzivy. To m\u016f\u017ee m\u00edt za n\u00e1sledek z\u00e1vrat\u011b, mdloby nebo i z\u00e1va\u017en\u011bj\u0161\u00ed kardiovaskul\u00e1rn\u00ed komplikace.<\/p>\n<p>Krom\u011b toho by m\u011bli b\u00fdt zvl\u00e1\u0161t\u011b opatrn\u00ed jedinci s nekontrolovanou hypertenz\u00ed nebo ti, kte\u0159\u00ed poci\u0165uj\u00ed v\u00fdkyvy krevn\u00edho tlaku. Pe\u010dliv\u00e9 sledov\u00e1n\u00ed a konzultace s poskytovatelem zdravotn\u00ed p\u00e9\u010de jsou z\u00e1sadn\u00ed pro ur\u010den\u00ed, zda je Cenforce pro tyto pacienty bezpe\u010dnou volbou.<\/p>\n<h2>Konzultace s l\u00e9ka\u0159em: O \u010dem diskutovat<\/h2>\n<p>P\u0159ed zah\u00e1jen\u00edm pr\u00e1ce s Cenforce je \u017eivotn\u011b d\u016fle\u017eit\u00e9 d\u016fkladn\u011b prodiskutovat se sv\u00fdm l\u00e9ka\u0159em. T\u00e9mata, kter\u00e1 je t\u0159eba probrat, zahrnuj\u00ed va\u0161i aktu\u00e1ln\u00ed hladinu krevn\u00edho tlaku, l\u00e9ky, kter\u00e9 u\u017e\u00edv\u00e1te, a jakoukoli anamn\u00e9zu kardiovaskul\u00e1rn\u00edch onemocn\u011bn\u00ed. Tyto informace pom\u00e1haj\u00ed l\u00e9ka\u0159i posoudit potenci\u00e1ln\u00ed rizika a p\u0159\u00ednosy pou\u017e\u00edv\u00e1n\u00ed Cenforce ve va\u0161em konkr\u00e9tn\u00edm p\u0159\u00edpad\u011b.<\/p>\n<p>Krom\u011b toho informujte sv\u00e9ho l\u00e9ka\u0159e <a href=\"https:\/\/domaci-lekarna.com\/cenforce-naklady-online-bez-predpisu\">https:\/\/domaci-lekarna.com\/cenforce-naklady-online-bez-predpisu<\/a> o jak\u00fdchkoli p\u0159\u00edznac\u00edch z\u00e1vrat\u011b, bolesti hlavy nebo bolesti na hrudi, proto\u017ee by to mohlo nazna\u010dovat probl\u00e9my, kter\u00e9 je t\u0159eba \u0159e\u0161it, ne\u017e zv\u00e1\u017e\u00edte Cenforce. V\u00e1\u0161 poskytovatel zdravotn\u00ed p\u00e9\u010de m\u016f\u017ee navrhnout pl\u00e1n monitorov\u00e1n\u00ed krevn\u00edho tlaku, aby bylo zaji\u0161t\u011bno, \u017ee z\u016fstane v bezpe\u010dn\u00e9m rozmez\u00ed p\u0159i u\u017e\u00edv\u00e1n\u00ed l\u00e9k\u016f.<\/p>\n<h2>Pokyny pro bezpe\u010dn\u00e9 d\u00e1vkov\u00e1n\u00ed pro Cenforce<\/h2>\n<p>Doporu\u010den\u00e1 po\u010d\u00e1te\u010dn\u00ed d\u00e1vka p\u0159\u00edpravku Cenforce je obvykle 50 mg, ale m\u016f\u017ee se li\u0161it v z\u00e1vislosti na individu\u00e1ln\u00edch zdravotn\u00edch faktorech a z\u00e1va\u017enosti ED. U pacient\u016f s hypertenz\u00ed je \u010dasto vhodn\u00e9 za\u010d\u00edt s ni\u017e\u0161\u00ed d\u00e1vkou, aby se minimalizovalo riziko ne\u017e\u00e1douc\u00edch \u00fa\u010dink\u016f. V\u00e1\u0161 l\u00e9ka\u0159 m\u016f\u017ee upravit d\u00e1vkov\u00e1n\u00ed na z\u00e1klad\u011b va\u0161\u00ed reakce na l\u00e9k a p\u0159\u00edpadn\u00fdch vedlej\u0161\u00edch \u00fa\u010dink\u016f.<\/p>\n<p>Je d\u016fle\u017eit\u00e9, abyste nikdy nep\u0159ekra\u010dovali p\u0159edepsanou d\u00e1vku nebo neu\u017e\u00edvali Cenforce \u010dast\u011bji, ne\u017e je doporu\u010deno. Pokud tak u\u010din\u00edte, zvy\u0161uje se riziko z\u00e1va\u017en\u00fdch ne\u017e\u00e1douc\u00edch \u00fa\u010dink\u016f, zejm\u00e9na u jedinc\u016f s hypertenz\u00ed, kde je \u0159\u00edzen\u00ed krevn\u00edho tlaku z\u00e1sadn\u00ed.<\/p>\n<h2>Alternativn\u00ed l\u00e9\u010dba hypertenze<\/h2>\n<p>Krom\u011b l\u00e9k\u016f, jako je Cenforce, existuje n\u011bkolik alternativn\u00edch zp\u016fsob\u016f l\u00e9\u010dby hypertenze. \u00dapravy \u017eivotn\u00edho stylu, jako je vyv\u00e1\u017een\u00e1 strava, pravideln\u00e1 fyzick\u00e1 aktivita a kontrola hmotnosti, hraj\u00ed v\u00fdznamnou roli p\u0159i kontrole krevn\u00edho tlaku.<\/p>\n<p>V n\u011bkter\u00fdch p\u0159\u00edpadech mohou alternativn\u00ed terapie, jako je akupunktura, j\u00f3ga nebo meditace, pomoci sn\u00ed\u017eit hladinu stresu a n\u00e1sledn\u011b krevn\u00ed tlak. Ty by v\u0161ak m\u011bly tradi\u010dn\u00ed l\u00e9\u010debn\u00e9 postupy dopl\u0148ovat, nikoli nahrazovat, a pacienti by se m\u011bli p\u0159ed zah\u00e1jen\u00edm jak\u00e9koli nov\u00e9 terapie poradit se sv\u00fdm poskytovatelem zdravotn\u00ed p\u00e9\u010de.<\/p>\n<h2>Zm\u011bny \u017eivotn\u00edho stylu pro \u0159\u00edzen\u00ed hypertenze<\/h2>\n<p>Osvojen\u00ed n\u00e1vyk\u016f zdrav\u011bj\u0161\u00edho \u017eivotn\u00edho stylu m\u016f\u017ee v\u00fdznamn\u011b ovlivnit kontrolu krevn\u00edho tlaku. Doporu\u010duje se strava bohat\u00e1 na ovoce, zeleninu, celozrnn\u00e9 v\u00fdrobky a libov\u00e9 b\u00edlkoviny s n\u00edzk\u00fdm obsahem sod\u00edku a nasycen\u00fdch tuk\u016f. Dieta DASH (Dietary Approaches to Stop Hypertension) je zvl\u00e1\u0161t\u011b \u00fa\u010dinn\u00e1 pro ty, kte\u0159\u00ed cht\u011bj\u00ed sn\u00ed\u017eit sv\u016fj krevn\u00ed tlak.<\/p>\n<p>Pravideln\u00e1 fyzick\u00e1 aktivita, jako je rychl\u00e1 ch\u016fze, j\u00edzda na kole nebo plav\u00e1n\u00ed, m\u016f\u017ee tak\u00e9 pomoci udr\u017eet zdravou hladinu krevn\u00edho tlaku. Za\u010dlen\u011bn\u00ed aktivit sni\u017euj\u00edc\u00edch stres, jako je v\u0161\u00edmavost nebo cvi\u010den\u00ed hlubok\u00e9ho d\u00fdch\u00e1n\u00ed, do va\u0161\u00ed ka\u017edodenn\u00ed rutiny m\u016f\u017ee d\u00e1le podpo\u0159it kardiovaskul\u00e1rn\u00ed zdrav\u00ed.<\/p>\n<h2>Monitorov\u00e1n\u00ed krevn\u00edho tlaku p\u0159i pou\u017e\u00edv\u00e1n\u00ed Cenforce<\/h2>\n<p>Pravideln\u00e9 sledov\u00e1n\u00ed krevn\u00edho tlaku je pro u\u017eivatele Cenforce z\u00e1sadn\u00ed, zvl\u00e1\u0161t\u011b pokud maj\u00ed hypertenzi. Sledov\u00e1n\u00ed hodnot krevn\u00edho tlaku m\u016f\u017ee pomoci identifikovat jak\u00e9koli v\u00fdznamn\u00e9 zm\u011bny, kter\u00e9 mohou vy\u017eadovat l\u00e9ka\u0159skou p\u00e9\u010di. Doporu\u010duje se m\u011b\u0159it krevn\u00ed tlak ka\u017ed\u00fd den ve stejnou dobu a v\u00e9st z\u00e1znam, kter\u00fd m\u016f\u017eete projednat se sv\u00fdm poskytovatelem zdravotn\u00ed p\u00e9\u010de.<\/p>\n<p>Pokud zaznamen\u00e1te trval\u00e9 zv\u00fd\u0161en\u00ed nebo sn\u00ed\u017een\u00ed nam\u011b\u0159en\u00fdch hodnot krevn\u00edho tlaku, okam\u017eit\u011b se pora\u010fte se sv\u00fdm l\u00e9ka\u0159em. K zaji\u0161t\u011bn\u00ed va\u0161eho zdrav\u00ed a bezpe\u010dnosti p\u0159i pou\u017e\u00edv\u00e1n\u00ed Cenforce m\u016f\u017ee b\u00fdt nutn\u00e9 upravit l\u00e9ky nebo \u017eivotn\u00ed styl.<\/p>\n<h2>Rozpozn\u00e1n\u00ed vedlej\u0161\u00edch \u00fa\u010dink\u016f Cenforce<\/h2>\n<p>Stejn\u011b jako v\u0161echny l\u00e9ky m\u016f\u017ee i Cenforce zp\u016fsobit ne\u017e\u00e1douc\u00ed \u00fa\u010dinky, n\u011bkter\u00e9 \u010dast\u011bj\u0161\u00ed ne\u017e jin\u00e9. Mezi m\u00edrn\u00e9 vedlej\u0161\u00ed \u00fa\u010dinky pat\u0159\u00ed bolesti hlavy, n\u00e1valy horka, \u017ealude\u010dn\u00ed nevolnost a ucpan\u00fd nos. Ty obvykle odezn\u00ed, kdy\u017e se va\u0161e t\u011blo p\u0159izp\u016fsob\u00ed medikaci.<\/p>\n<p>Z\u00e1va\u017en\u011bj\u0161\u00ed ne\u017e\u00e1douc\u00ed \u00fa\u010dinky, jako jsou zm\u011bny zraku nebo sluchu, bolest na hrudi nebo erekce trvaj\u00edc\u00ed d\u00e9le ne\u017e \u010dty\u0159i hodiny (priapismus), v\u0161ak vy\u017eaduj\u00ed okam\u017eitou l\u00e9ka\u0159skou pomoc. Uv\u011bdom\u011bn\u00ed si t\u011bchto potenci\u00e1ln\u00edch vedlej\u0161\u00edch \u00fa\u010dink\u016f pom\u00e1h\u00e1 u\u017eivatel\u016fm rychle reagovat, pokud se vyskytnou.<\/p>\n<h2>Interakce mezi Cenforce a jin\u00fdmi l\u00e9ky<\/h2>\n<p>Cenforce m\u016f\u017ee interagovat s \u0159adou l\u00e9k\u016f, potenci\u00e1ln\u011b m\u011bnit jejich \u00fa\u010dinky nebo zvy\u0161ovat riziko ne\u017e\u00e1douc\u00edch reakc\u00ed. Pozoruhodn\u00e9 je, \u017ee dusi\u010dnany, \u010dasto p\u0159edepisovan\u00e9 proti bolesti na hrudi, mohou zp\u016fsobit nebezpe\u010dn\u00fd pokles krevn\u00edho tlaku, kdy\u017e se u\u017e\u00edvaj\u00ed s Cenforce. Jin\u00e9 l\u00e9ky, jako jsou alfa-blok\u00e1tory, pou\u017e\u00edvan\u00e9 k l\u00e9\u010db\u011b vysok\u00e9ho krevn\u00edho tlaku nebo onemocn\u011bn\u00ed prostaty, mohou tak\u00e9 interagovat.<\/p>\n<p>V\u017edy poskytn\u011bte sv\u00e9mu l\u00e9ka\u0159i \u00fapln\u00fd seznam l\u00e9k\u016f a dopl\u0148k\u016f, kter\u00e9 u\u017e\u00edv\u00e1te, abyste posoudili mo\u017en\u00e9 interakce. Tyto informace jsou kl\u00ed\u010dov\u00e9 pro stanoven\u00ed bezpe\u010dn\u00e9ho a \u00fa\u010dinn\u00e9ho l\u00e9\u010debn\u00e9ho pl\u00e1nu.<\/p>\n<h2>Kdy se vyhnout pou\u017eit\u00ed Cenforce<\/h2>\n<p>Existuj\u00ed specifick\u00e9 situace, kdy se pou\u017eit\u00ed Cenforce nedoporu\u010duje. Jedinci se z\u00e1va\u017en\u00fdmi srde\u010dn\u00edmi nebo jatern\u00edmi probl\u00e9my, ned\u00e1vnou anamn\u00e9zou mrtvice nebo srde\u010dn\u00edho infarktu nebo osoby s n\u00edzk\u00fdm krevn\u00edm tlakem by se tomuto l\u00e9ku m\u011bli vyhnout. Cenforce nav\u00edc nen\u00ed vhodn\u00fd pro ty, kte\u0159\u00ed jsou alergi\u010dt\u00ed na sildenafil nebo n\u011bkterou z jeho slo\u017eek.<\/p>\n<p>V\u017edy je d\u016fle\u017eit\u00e9 konzultovat se zdravotn\u00edkem, aby posoudil, zda je Cenforce pro v\u00e1\u0161 stav vhodn\u00fd, s ohledem na v\u00e1\u0161 celkov\u00fd zdravotn\u00ed stav a jak\u00e9koli st\u00e1vaj\u00edc\u00ed zdravotn\u00ed probl\u00e9my.<\/p>\n<h2>Personalizovan\u00e9 pl\u00e1ny l\u00e9\u010dby hypertenze<\/h2>\n<p>Vytvo\u0159en\u00ed personalizovan\u00e9ho l\u00e9\u010debn\u00e9ho pl\u00e1nu pro hypertenzi je nezbytn\u00e9 pro \u00fa\u010dinn\u00e9 zvl\u00e1dnut\u00ed stavu. Tento pl\u00e1n by m\u011bl vz\u00edt v \u00favahu individu\u00e1ln\u00ed zdravotn\u00ed faktory, \u017eivotn\u00ed styl a jak\u00e9koli dal\u0161\u00ed zdravotn\u00ed stavy nebo l\u00e9ky. Spolupr\u00e1ce s poskytovateli zdravotn\u00ed p\u00e9\u010de zaji\u0161\u0165uje, \u017ee pl\u00e1n l\u00e9\u010dby je p\u0159izp\u016fsoben konkr\u00e9tn\u00edm pot\u0159eb\u00e1m.<\/p>\n<p>Pravideln\u00e9 kontroly u sv\u00e9ho l\u00e9ka\u0159e jsou z\u00e1sadn\u00ed pro posouzen\u00ed \u00fa\u010dinnosti l\u00e9\u010debn\u00e9ho pl\u00e1nu a proveden\u00ed nezbytn\u00fdch \u00faprav. Toto pr\u016fb\u011b\u017en\u00e9 hodnocen\u00ed pom\u00e1h\u00e1 udr\u017eovat optim\u00e1ln\u00ed krevn\u00ed tlak a sni\u017euje riziko komplikac\u00ed.<\/p>\n<h2>Nejnov\u011bj\u0161\u00ed v\u00fdzkum Cenforce a hypertenze<\/h2>\n<p>Ned\u00e1vn\u00e9 studie zkoumaly potenci\u00e1ln\u00ed pou\u017eit\u00ed p\u0159\u00edpravku Cenforce u pacient\u016f s hypertenz\u00ed a zkoumaly jeho \u00fa\u010dinnost i bezpe\u010dnost. N\u011bkter\u00e9 v\u00fdzkumy nazna\u010duj\u00ed, \u017ee sildenafil, aktivn\u00ed slo\u017eka p\u0159\u00edpravku Cenforce, m\u016f\u017ee nab\u00eddnout v\u00fdhody nad r\u00e1mec l\u00e9\u010dby ED, jako je zlep\u0161en\u00ed endoteli\u00e1ln\u00ed funkce u pacient\u016f s hypertenz\u00ed.<\/p>\n<p>I kdy\u017e jsou tato zji\u0161t\u011bn\u00ed slibn\u00e1, k pln\u00e9mu pochopen\u00ed d\u016fsledk\u016f pou\u017eit\u00ed Cenforce u pacient\u016f s hypertenz\u00ed jsou zapot\u0159eb\u00ed komplexn\u011bj\u0161\u00ed studie. Prob\u00edhaj\u00edc\u00ed v\u00fdzkum m\u00e1 za c\u00edl poskytnout jasn\u011bj\u0161\u00ed pokyny a zlep\u0161it bezpe\u010dnostn\u00ed profily pro pacienty.<\/p>\n<h2>\u010casto kladen\u00e9 ot\u00e1zky o Cenforce a hypertenzi<\/h2>\n<p>Jak roste z\u00e1jem o pou\u017e\u00edv\u00e1n\u00ed Cenforce mezi lidmi s hypertenz\u00ed, vyvst\u00e1v\u00e1 n\u011bkolik b\u011b\u017en\u00fdch ot\u00e1zek. Pacienti se \u010dasto ptaj\u00ed, jak je bezpe\u010dn\u00e9 kombinovat p\u0159\u00edpravek Cenforce s jejich sou\u010dasn\u00fdmi l\u00e9ky, jak to ovliv\u0148uje jejich krevn\u00ed tlak a jak\u00e9 alternativn\u00ed zp\u016fsoby l\u00e9\u010dby jsou dostupn\u00e9, pokud nen\u00ed p\u0159\u00edpravek Cenforce vhodn\u00fd.<\/p>\n<p>\u0158e\u0161en\u00ed t\u011bchto ot\u00e1zek s poskytovatelem zdravotn\u00ed p\u00e9\u010de je z\u00e1sadn\u00ed. Mohou nab\u00eddnout personalizovan\u00e9 poradenstv\u00ed zalo\u017een\u00e9 na nejnov\u011bj\u0161\u00edch v\u00fdzkumech a klinick\u00fdch pokynech, kter\u00e9 zajist\u00ed, \u017ee pacienti budou \u010dinit informovan\u00e1 rozhodnut\u00ed o mo\u017enostech l\u00e9\u010dby.<\/p>\n","protected":false},"excerpt":{"rendered":"<p>Cenforce a hypertenze: m\u016f\u017eete to pou\u017e\u00edt? Tento \u010dl\u00e1nek zkoum\u00e1 vztah mezi Cenforce, l\u00e9kem b\u011b\u017en\u011b pou\u017e\u00edvan\u00fdm [&hellip;]<\/p>\n","protected":false},"author":1,"featured_media":0,"parent":0,"menu_order":0,"comment_status":"closed","ping_status":"closed","template":"","meta":{"footnotes":""},"class_list":["post-39274","page","type-page","status-publish","hentry"],"_links":{"self":[{"href":"https:\/\/pematekfcvac.unisel.edu.my\/index.php?rest_route=\/wp\/v2\/pages\/39274","targetHints":{"allow":["GET"]}}],"collection":[{"href":"https:\/\/pematekfcvac.unisel.edu.my\/index.php?rest_route=\/wp\/v2\/pages"}],"about":[{"href":"https:\/\/pematekfcvac.unisel.edu.my\/index.php?rest_route=\/wp\/v2\/types\/page"}],"author":[{"embeddable":true,"href":"https:\/\/pematekfcvac.unisel.edu.my\/index.php?rest_route=\/wp\/v2\/users\/1"}],"replies":[{"embeddable":true,"href":"https:\/\/pematekfcvac.unisel.edu.my\/index.php?rest_route=%2Fwp%2Fv2%2Fcomments&post=39274"}],"version-history":[{"count":1,"href":"https:\/\/pematekfcvac.unisel.edu.my\/index.php?rest_route=\/wp\/v2\/pages\/39274\/revisions"}],"predecessor-version":[{"id":39275,"href":"https:\/\/pematekfcvac.unisel.edu.my\/index.php?rest_route=\/wp\/v2\/pages\/39274\/revisions\/39275"}],"wp:attachment":[{"href":"https:\/\/pematekfcvac.unisel.edu.my\/index.php?rest_route=%2Fwp%2Fv2%2Fmedia&parent=39274"}],"curies":[{"name":"wp","href":"https:\/\/api.w.org\/{rel}","templated":true}]}}