{"id":39278,"date":"2026-03-25T00:01:36","date_gmt":"2026-03-25T00:01:36","guid":{"rendered":"https:\/\/pematekfcvac.unisel.edu.my\/?page_id=39278"},"modified":"2026-03-25T00:01:36","modified_gmt":"2026-03-25T00:01:36","slug":"a-viagra-soft-tabs-megertese-osszetetel-es-hasznalat","status":"publish","type":"page","link":"https:\/\/pematekfcvac.unisel.edu.my\/?page_id=39278","title":{"rendered":"A Viagra Soft Tabs meg\u00e9rt\u00e9se: \u00d6sszet\u00e9tel \u00e9s haszn\u00e1lat"},"content":{"rendered":"<h1>Viagra Soft Tabs \u00e9s magas v\u00e9rnyom\u00e1s: tudod haszn\u00e1lni?<\/h1>\n<p>Ez a cikk felt\u00e1rja a Viagra Soft Tabs \u00e9s a magas v\u00e9rnyom\u00e1s k\u00f6z\u00f6tti kapcsolatot, megvizsg\u00e1lja kompatibilit\u00e1sukat, \u00e9s betekint\u00e9st ny\u00fajt a biztons\u00e1gos haszn\u00e1latba.<\/p>\n<h2>A Viagra Soft Tabs meg\u00e9rt\u00e9se: \u00d6sszet\u00e9tel \u00e9s haszn\u00e1lat<\/h2>\n<p>A Viagra Soft Tabs a szildenafil-citr\u00e1t egyik form\u00e1ja, a Viagra hat\u00f3anyaga, amelyet a v\u00e9r\u00e1ramba val\u00f3 gyors felsz\u00edv\u00f3d\u00e1sra terveztek. A hagyom\u00e1nyos tablett\u00e1kkal ellent\u00e9tben ezek a l\u00e1gy f\u00fclek felold\u00f3dnak a sz\u00e1jban, \u00e9s gyorsabb hat\u00e1st biztos\u00edtanak. Els\u0151sorban az erekci\u00f3s diszfunkci\u00f3 (ED) kezel\u00e9s\u00e9re haszn\u00e1lj\u00e1k a p\u00e9nisz v\u00e9r\u00e1raml\u00e1s\u00e1nak fokoz\u00e1s\u00e1val, ami seg\u00edt el\u00e9rni \u00e9s fenntartani az erekci\u00f3t a szexu\u00e1lis stimul\u00e1ci\u00f3 sor\u00e1n.<\/p>\n<p>A puha f\u00fclek k\u00fcl\u00f6n\u00f6sen el\u0151ny\u00f6sek azok sz\u00e1m\u00e1ra, akiknek neh\u00e9zs\u00e9get okoz a tablett\u00e1k lenyel\u00e9se, vagy gyorsabb megold\u00e1sra van sz\u00fcks\u00e9g\u00fck. Mint minden gy\u00f3gyszern\u00e9l, a mell\u00e9khat\u00e1sok kock\u00e1zat\u00e1nak minimaliz\u00e1l\u00e1sa \u00e9rdek\u00e9ben kulcsfontoss\u00e1g\u00fa az el\u0151\u00edrt adagok betart\u00e1sa. A Viagra Soft Tabs \u00f6sszet\u00e9tel\u00e9nek \u00e9s rendeltet\u00e9sszer\u0171 haszn\u00e1lat\u00e1nak meg\u00e9rt\u00e9se l\u00e9tfontoss\u00e1g\u00fa az alkalmass\u00e1guk felm\u00e9r\u00e9s\u00e9hez, k\u00fcl\u00f6n\u00f6sen olyan egy\u00e9nek eset\u00e9ben, akik m\u00e1r megl\u00e9v\u0151 eg\u00e9szs\u00e9g\u00fcgyi \u00e1llapotokkal, p\u00e9ld\u00e1ul magas v\u00e9rnyom\u00e1ssal k\u00fczdenek.<\/p>\n<h2>Hipert\u00f3nia: \u00e1ttekint\u00e9s \u00e9s k\u00f6vetkezm\u00e9nyei<\/h2>\n<p>A hipert\u00f3nia, m\u00e1s n\u00e9ven magas v\u00e9rnyom\u00e1s, egy kr\u00f3nikus betegs\u00e9g, amelyben a v\u00e9rnyom\u00e1s az art\u00e9ri\u00e1kban tart\u00f3san emelkedett. Ez az \u00e1llapot megterhelheti a sz\u00edvet \u00e9s az ereket, n\u00f6velve a sz\u00edvbetegs\u00e9g, a stroke \u00e9s m\u00e1s s\u00falyos eg\u00e9szs\u00e9g\u00fcgyi sz\u00f6v\u0151dm\u00e9nyek kock\u00e1zat\u00e1t. Gyakran a &quot;n\u00e9ma gyilkos,&quot; El\u0151fordulhat, hogy a magas v\u00e9rnyom\u00e1s nem mutat \u00e9szrevehet\u0151 t\u00fcneteket, ez\u00e9rt a rendszeres ellen\u0151rz\u00e9s elengedhetetlen.<\/p>\n<p>A magas v\u00e9rnyom\u00e1s kezel\u00e9se jellemz\u0151en \u00e9letm\u00f3dv\u00e1lt\u00e1st, \u00e9trend-kiigaz\u00edt\u00e1st \u00e9s gy\u00f3gyszeres kezel\u00e9st foglal mag\u00e1ban. A magas v\u00e9rnyom\u00e1s k\u00f6vetkezm\u00e9nyei t\u00falmutatnak a sz\u00edv- \u00e9s \u00e9rrendszeri eg\u00e9szs\u00e9gen, befoly\u00e1solj\u00e1k az \u00e1ltal\u00e1nos j\u00f3l\u00e9tet, \u00e9s n\u00f6velik az olyan \u00e1llapotok kock\u00e1zat\u00e1t, mint az erekci\u00f3s diszfunkci\u00f3. A magas v\u00e9rnyom\u00e1s hat\u00e1s\u00e1nak meg\u00e9rt\u00e9se kulcsfontoss\u00e1g\u00fa azok sz\u00e1m\u00e1ra, akik ED-kezel\u00e9st fontolgatnak, mivel bizonyos gy\u00f3gyszerek k\u00e1rosan k\u00f6lcs\u00f6nhat\u00e1sba l\u00e9phetnek a v\u00e9rnyom\u00e1sszintekkel.<\/p>\n<h2>Hogyan m\u0171k\u00f6dnek a Viagra Soft Tabs a szervezetben<\/h2>\n<p>A Viagra Soft Tabs az 5-\u00f6s t\u00edpus\u00fa foszfodi\u00e9szter\u00e1z (PDE5) nev\u0171 enzim g\u00e1tl\u00e1s\u00e1val fejti ki hat\u00e1s\u00e1t. Ez a g\u00e1tl\u00e1s a p\u00e9nisz ereiben l\u00e9v\u0151 simaizomsejtek ellazul\u00e1s\u00e1hoz vezet, ami lehet\u0151v\u00e9 teszi a fokozott v\u00e9r\u00e1raml\u00e1st \u00e9s a szexu\u00e1lis stimul\u00e1ci\u00f3ra adott v\u00e1laszk\u00e9nt az erekci\u00f3t. A soft tab k\u00e9sz\u00edtm\u00e9ny gyors felsz\u00edv\u00f3d\u00e1sa miatt el\u0151ny\u00f6s v\u00e1laszt\u00e1s azok sz\u00e1m\u00e1ra, akik gyors eredm\u00e9nyekre v\u00e1gynak.<\/p>\n<p>A sz\u00e1jban val\u00f3 felold\u00f3d\u00e1s ut\u00e1n a hat\u00f3anyag felsz\u00edv\u00f3dik a v\u00e9r\u00e1ramba, \u00e9s a hat\u00e1s jellemz\u0151en 15-30 percen bel\u00fcl jelentkezik. A Viagra Soft Tabs m\u0171k\u00f6d\u00e9si mechanizmusa kulcsfontoss\u00e1g\u00fa a m\u00e1s gy\u00f3gyszerekkel val\u00f3 lehets\u00e9ges k\u00f6lcs\u00f6nhat\u00e1sok meg\u00e9rt\u00e9s\u00e9hez, k\u00fcl\u00f6n\u00f6sen azokkal, amelyek befoly\u00e1solj\u00e1k a sz\u00edv- \u00e9s \u00e9rrendszeri funkci\u00f3t.<\/p>\n<h2>A Viagra \u00e9s a v\u00e9rnyom\u00e1s kapcsolata<\/h2>\n<p>A Viagra \u00e9rt\u00e1g\u00edt\u00f3 hat\u00e1sa miatt k\u00f6ztudottan befoly\u00e1solja a v\u00e9rnyom\u00e1st, ami a bead\u00e1s ut\u00e1n \u00e1tmeneti v\u00e9rnyom\u00e1ses\u00e9st okozhat. Ez a hat\u00e1s \u00e1ltal\u00e1ban enyhe \u00e9s \u00e1tmeneti a legt\u00f6bb felhaszn\u00e1l\u00f3n\u00e1l, de kifejezettebb lehet azokn\u00e1l az egy\u00e9nekn\u00e9l, akik m\u00e1r v\u00e9rnyom\u00e1scs\u00f6kkent\u0151 gy\u00f3gyszert szednek.<\/p>\n<p>A hipert\u00f3ni\u00e1s betegek sz\u00e1m\u00e1ra elengedhetetlen a Viagra \u00e9s a v\u00e9rnyom\u00e1s k\u00f6z\u00f6tti k\u00f6lcs\u00f6nhat\u00e1s meg\u00e9rt\u00e9se. M\u00edg a gy\u00f3gyszer biztons\u00e1gosan cs\u00f6kkentheti a v\u00e9rnyom\u00e1st ellen\u0151rz\u00f6tt k\u00f6r\u00fclm\u00e9nyek k\u00f6z\u00f6tt, m\u00e1s \u00e9rt\u00e1g\u00edt\u00f3kkal vagy nitr\u00e1tokkal kombin\u00e1lva vesz\u00e9lyesen alacsony v\u00e9rnyom\u00e1sszinthez vezethet. Ez\u00e9rt a Viagra Soft Tabs ilyen esetekben t\u00f6rt\u00e9n\u0151 haszn\u00e1latakor gondos m\u00e9rlegel\u00e9s \u00e9s orvosi fel\u00fcgyelet javasolt.<\/p>\n<h2>Klinikai vizsg\u00e1latok a Viagra haszn\u00e1lat\u00e1r\u00f3l hipert\u00f3ni\u00e1s betegekben<\/h2>\n<p>K\u00fcl\u00f6nb\u00f6z\u0151 klinikai vizsg\u00e1latok vizsg\u00e1lt\u00e1k a Viagra biztons\u00e1goss\u00e1g\u00e1t \u00e9s hat\u00e1soss\u00e1g\u00e1t hipert\u00f3ni\u00e1s betegekn\u00e9l. Ezek a vizsg\u00e1latok \u00e1ltal\u00e1ban al\u00e1t\u00e1masztj\u00e1k a Viagra alkalmaz\u00e1s\u00e1t az erekci\u00f3s zavarok kezel\u00e9s\u00e9re j\u00f3l kontroll\u00e1lt magas v\u00e9rnyom\u00e1sban szenved\u0151 egy\u00e9nekn\u00e9l. P\u00e9ld\u00e1ul a kutat\u00e1sok azt mutatj\u00e1k, hogy a Viagra nem v\u00e1ltoztatja meg jelent\u0151sen a legt\u00f6bb v\u00e9rnyom\u00e1scs\u00f6kkent\u0151 kezel\u00e9s hat\u00e9konys\u00e1g\u00e1t.<\/p>\n<p>A tanulm\u00e1nyok azonban r\u00e1vil\u00e1g\u00edtanak az egy\u00e9nre szabott <a href=\"https:\/\/megbizhatopatika.net\/viagra-soft-tabs-koltseg-veny-nelkul\">Viagra Soft Tabs K\u00f6lts\u00e9g<\/a> \u00e9rt\u00e9kel\u00e9s fontoss\u00e1g\u00e1ra is, mivel a v\u00e1laszok a magas v\u00e9rnyom\u00e1s s\u00falyoss\u00e1g\u00e1t\u00f3l \u00e9s m\u00e1s eg\u00e9szs\u00e9g\u00fcgyi \u00e1llapotok jelenl\u00e9t\u00e9t\u0151l f\u00fcgg\u0151en v\u00e1ltozhatnak. \u00d6sszess\u00e9g\u00e9ben a klinikai bizony\u00edt\u00e9kok azt sugallj\u00e1k, hogy orvosi ir\u00e1ny\u00edt\u00e1s mellett alkalmazva a Viagra biztons\u00e1gos megold\u00e1s lehet a magas v\u00e9rnyom\u00e1sos betegek sz\u00e1m\u00e1ra.<\/p>\n<h2>A Viagra Soft Tabs magas v\u00e9rnyom\u00e1s eset\u00e9n t\u00f6rt\u00e9n\u0151 haszn\u00e1lat\u00e1nak lehets\u00e9ges kock\u00e1zatai<\/h2>\n<p>M\u00edg a Viagra Soft Tabs el\u0151ny\u00f6kkel j\u00e1rhat az erekci\u00f3s diszfunkci\u00f3ban szenved\u0151k sz\u00e1m\u00e1ra, a magas v\u00e9rnyom\u00e1sban szenved\u0151 betegekn\u00e9l fenn\u00e1ll a kock\u00e1zat. Az els\u0151dleges aggodalom a jelent\u0151s v\u00e9rnyom\u00e1ses\u00e9sek kock\u00e1zata, k\u00fcl\u00f6n\u00f6sen, ha m\u00e1s gy\u00f3gyszerekkel kombin\u00e1lj\u00e1k. Az ilyen k\u00f6lcs\u00f6nhat\u00e1sok olyan t\u00fcnetekhez vezethetnek, mint a sz\u00e9d\u00fcl\u00e9s, \u00e1jul\u00e1s vagy ak\u00e1r sz\u00edvsz\u00f6v\u0151dm\u00e9nyek.<\/p>\n<p>Ezenk\u00edv\u00fcl a nem kontroll\u00e1lt magas v\u00e9rnyom\u00e1sban szenved\u0151 betegeknek \u00f3vatosnak kell lenni\u00fck, mivel az emelkedett v\u00e9rnyom\u00e1s s\u00falyosb\u00edthatja a Viagra mell\u00e9khat\u00e1sait. A kezel\u00e9s megkezd\u00e9se el\u0151tt kritikus fontoss\u00e1g\u00fa az el\u0151ny\u00f6k \u00e9s a kock\u00e1zatok \u00e9rt\u00e9kel\u00e9se, k\u00fcl\u00f6n\u00f6sen \u00f6sszetett k\u00f3rt\u00f6rt\u00e9nettel rendelkez\u0151 egy\u00e9nek eset\u00e9ben.<\/p>\n<h2>\u00d3vint\u00e9zked\u00e9sek hipert\u00f3ni\u00e1s betegek sz\u00e1m\u00e1ra, figyelembe v\u00e9ve a Viagr\u00e1t<\/h2>\n<p>A Viagra Soft Tabs haszn\u00e1lat\u00e1t fontolgat\u00f3 hipert\u00f3ni\u00e1s betegeknek k\u00fcl\u00f6nleges \u00f3vint\u00e9zked\u00e9seket kell tenni\u00fck a biztons\u00e1g \u00e9rdek\u00e9ben. Az eg\u00e9szs\u00e9g\u00fcgyi szolg\u00e1ltat\u00f3val val\u00f3 konzult\u00e1ci\u00f3 elengedhetetlen a megfelel\u0151 d\u00f3zis meghat\u00e1roz\u00e1s\u00e1hoz \u00e9s az esetleges gy\u00f3gyszerk\u00f6lcs\u00f6nhat\u00e1sok felm\u00e9r\u00e9s\u00e9hez. A Viagra bev\u00e9tele el\u0151tt \u00e9s ut\u00e1n rendszeresen ellen\u0151rizni kell a v\u00e9rnyom\u00e1st, hogy korai \u00e9szlelhet\u0151ek legyenek a k\u00e1ros hat\u00e1sok.<\/p>\n<p>A betegeknek tudat\u00e1ban kell lenni\u00fck minden olyan t\u00fcnetnek, amely negat\u00edv reakci\u00f3ra utal, mint p\u00e9ld\u00e1ul er\u0151s fejf\u00e1j\u00e1s vagy mellkasi f\u00e1jdalom, \u00e9s ha ezek el\u0151fordulnak, orvoshoz kell fordulniuk. Ezen \u00f3vint\u00e9zked\u00e9sek betart\u00e1s\u00e1val a hipert\u00f3ni\u00e1s betegek minimaliz\u00e1lhatj\u00e1k kock\u00e1zatukat, \u00e9s biztons\u00e1gosan \u00e9s hat\u00e9konyan haszn\u00e1lhatj\u00e1k a Viagr\u00e1t.<\/p>\n<h2>Konzult\u00e1ljon orvos\u00e1val: alapvet\u0151 k\u00e9rd\u00e9sek<\/h2>\n<p>A Viagra Soft Tabs alkalmaz\u00e1sa el\u0151tt fontos, hogy ny\u00edlt p\u00e1rbesz\u00e9det folytasson orvos\u00e1val. Az alapvet\u0151 k\u00e9rd\u00e9sek k\u00f6z\u00e9 tartozik a jelenlegi gy\u00f3gyszerekkel val\u00f3 lehets\u00e9ges k\u00f6lcs\u00f6nhat\u00e1sok, a megfelel\u0151 adagol\u00e1s \u00e9s a v\u00e9rnyom\u00e1sra gyakorolt \u200b\u200bv\u00e1rhat\u00f3 hat\u00e1sok k\u00e9rd\u00e9se.<\/p>\n<p>Ezenk\u00edv\u00fcl \u00e9rdekl\u0151dj\u00f6n a kezel\u00e9st kieg\u00e9sz\u00edt\u0151 \u00e9letm\u00f3d-m\u00f3dos\u00edt\u00e1sokr\u00f3l \u00e9s a nemk\u00edv\u00e1natos reakci\u00f3k jeleir\u0151l, amelyekre figyelni kell. Ez a vita seg\u00edt \u00e1tfog\u00f3an meg\u00e9rteni a Viagra szerep\u00e9t az erekci\u00f3s diszfunkci\u00f3 kezel\u00e9s\u00e9ben a magas v\u00e9rnyom\u00e1s mellett.<\/p>\n<h2>Hipert\u00f3ni\u00e1s betegek mereved\u00e9si zavar\u00e1nak alternat\u00edv kezel\u00e9sei<\/h2>\n<p>A Viagra Soft Tabs alternat\u00edv\u00e1j\u00e1t keres\u0151 hipert\u00f3ni\u00e1s betegek sz\u00e1m\u00e1ra sz\u00e1mos lehet\u0151s\u00e9g \u00e1ll rendelkez\u00e9sre. Ide tartoznak az egy\u00e9b PDE5-g\u00e1tl\u00f3k, mint p\u00e9ld\u00e1ul a tadalafil vagy a vardenafil, amelyek elt\u00e9r\u0151 farmakokinetikai profillal rendelkeznek, \u00e9s bizonyos szem\u00e9lyek sz\u00e1m\u00e1ra jobban megfelelhetnek. A nem gy\u00f3gyszeres kezel\u00e9sek, mint p\u00e9ld\u00e1ul a v\u00e1kuumos erekci\u00f3s eszk\u00f6z\u00f6k vagy a p\u00e9niszinjekci\u00f3k olyan alternat\u00edv\u00e1kat k\u00edn\u00e1lnak, amelyek elker\u00fclik a sziszt\u00e9m\u00e1s gy\u00f3gyszerk\u00f6lcs\u00f6nhat\u00e1sokat.<\/p>\n<p>A tan\u00e1csad\u00e1s vagy a ter\u00e1pia szint\u00e9n hat\u00e9kony lehet, k\u00fcl\u00f6n\u00f6sen akkor, ha pszichol\u00f3giai t\u00e9nyez\u0151k hozz\u00e1j\u00e1rulnak az erekci\u00f3s zavarokhoz. Ezen alternat\u00edv\u00e1k eg\u00e9szs\u00e9g\u00fcgyi szolg\u00e1ltat\u00f3val t\u00f6rt\u00e9n\u0151 felt\u00e1r\u00e1sa testreszabott megold\u00e1sokat k\u00edn\u00e1lhat, amelyek \u00f6sszhangban vannak az egy\u00e9ni eg\u00e9szs\u00e9g\u00fcgyi sz\u00fcks\u00e9gletekkel \u00e9s preferenci\u00e1kkal.<\/p>\n<h2>\u00c9letm\u00f3dbeli v\u00e1ltoztat\u00e1sok a magas v\u00e9rnyom\u00e1s \u00e9s a mereved\u00e9si zavarok kezel\u00e9s\u00e9re<\/h2>\n<p>Az \u00e9letm\u00f3dbeli v\u00e1ltoztat\u00e1sok jelent\u0151s hat\u00e1ssal lehetnek mind a magas v\u00e9rnyom\u00e1sra, mind a mereved\u00e9si zavarokra. A rendszeres fizikai aktivit\u00e1s, a gy\u00fcm\u00f6lcs\u00f6kben \u00e9s z\u00f6lds\u00e9gekben gazdag kiegyens\u00falyozott \u00e9trend, valamint az eg\u00e9szs\u00e9ges tests\u00faly meg\u0151rz\u00e9se alapvet\u0151 l\u00e9p\u00e9sek a v\u00e9rnyom\u00e1s term\u00e9szetes kezel\u00e9s\u00e9ben. A n\u00e1triumbevitel cs\u00f6kkent\u00e9se \u00e9s az alkoholfogyaszt\u00e1s m\u00e9rs\u00e9kl\u00e9se tov\u00e1bb t\u00e1mogathatja ezeket az er\u0151fesz\u00edt\u00e9seket.<\/p>\n<p>A stresszkezel\u00e9s olyan technik\u00e1kon kereszt\u00fcl, mint a j\u00f3ga vagy a medit\u00e1ci\u00f3, szint\u00e9n jav\u00edthatja az \u00e1ltal\u00e1nos j\u00f3l\u00e9tet, potenci\u00e1lisan jav\u00edtva az erekci\u00f3s funkci\u00f3t. Ezen \u00e9letm\u00f3dbeli v\u00e1ltoztat\u00e1sok elfogad\u00e1s\u00e1val az egy\u00e9nek jobb eg\u00e9szs\u00e9g\u00fcgyi eredm\u00e9nyeket \u00e9rhetnek el, \u00e9s esetleg cs\u00f6kkenthetik a gy\u00f3gyszerf\u00fcgg\u0151s\u00e9g\u00fcket mindk\u00e9t \u00e1llapot eset\u00e9n.<\/p>\n<h2>Gy\u00f3gyszerk\u00f6lcs\u00f6nhat\u00e1sok: mit kell ker\u00fclni<\/h2>\n<p>A Viagra Soft Tabs haszn\u00e1latakor bizonyos gy\u00f3gyszereket ker\u00fclni kell a lehets\u00e9ges k\u00f6lcs\u00f6nhat\u00e1sok miatt. A mellkasi f\u00e1jdalomra gyakran fel\u00edrt nitr\u00e1tok \u00e9s a prosztataprobl\u00e9m\u00e1k vagy a magas v\u00e9rnyom\u00e1s kezel\u00e9s\u00e9re haszn\u00e1lt alfa-blokkol\u00f3k jelent\u0151s v\u00e9rnyom\u00e1ses\u00e9st okozhatnak, ha Viagr\u00e1val kombin\u00e1lj\u00e1k.<\/p>\n<p>Alapvet\u0151 fontoss\u00e1g\u00fa, hogy az \u00f6sszes jelenlegi gy\u00f3gyszert fel\u00fclvizsg\u00e1lja egy eg\u00e9szs\u00e9g\u00fcgyi szolg\u00e1ltat\u00f3val az interakci\u00f3s kock\u00e1zatok azonos\u00edt\u00e1sa \u00e9s cs\u00f6kkent\u00e9se \u00e9rdek\u00e9ben. Ez az \u00f3vint\u00e9zked\u00e9s seg\u00edt megel\u0151zni a k\u00e1ros hat\u00e1sokat, \u00e9s biztos\u00edtja, hogy a Viagra biztons\u00e1gosan \u00e9s hat\u00e9konyan haszn\u00e1lhat\u00f3 legyen.<\/p>\n<h2>V\u00e9rnyom\u00e1s ellen\u0151rz\u00e9se Viagra Soft Tabs haszn\u00e1lata k\u00f6zben<\/h2>\n<p>A v\u00e9rnyom\u00e1s rendszeres ellen\u0151rz\u00e9se kulcsfontoss\u00e1g\u00fa a Viagra Soft Tabs-t haszn\u00e1l\u00f3 betegek, k\u00fcl\u00f6n\u00f6sen a magas v\u00e9rnyom\u00e1sban szenved\u0151k sz\u00e1m\u00e1ra. A v\u00e9rnyom\u00e1s\u00e9rt\u00e9kek nyomon k\u00f6vet\u00e9se a gy\u00f3gyszer bev\u00e9tele el\u0151tt \u00e9s ut\u00e1n seg\u00edthet \u00e9szlelni az esetleges v\u00e1ltoz\u00e1sokat, \u00e9s sz\u00fcks\u00e9g szerint m\u00f3dos\u00edtani a kezel\u00e9st.<\/p>\n<p>A megb\u00edzhat\u00f3 otthoni v\u00e9rnyom\u00e1sm\u00e9r\u0151be val\u00f3 befektet\u00e9s lehet\u0151v\u00e9 teszi a k\u00f6vetkezetes nyomon k\u00f6vet\u00e9st, \u00e9s \u00e9rt\u00e9kes inform\u00e1ci\u00f3kkal szolg\u00e1l az eg\u00e9szs\u00e9g\u00fcgyi szolg\u00e1ltat\u00f3k sz\u00e1m\u00e1ra a kezel\u00e9si tervek szem\u00e9lyre szab\u00e1s\u00e1hoz. Ez a proakt\u00edv megk\u00f6zel\u00edt\u00e9s n\u00f6velheti a biztons\u00e1got \u00e9s a hat\u00e9konys\u00e1got a Viagra Soft Tabs haszn\u00e1lata sor\u00e1n.<\/p>\n<h2>Val\u00f3s tapasztalatok: Hipert\u00f3ni\u00e1s betegek besz\u00e1mol\u00f3i<\/h2>\n<p>Sok hipert\u00f3ni\u00e1s beteg megosztotta tapasztalatait a Viagra Soft Tabs haszn\u00e1lat\u00e1val, \u00e9rt\u00e9kes betekint\u00e9st ny\u00fajtva annak gyakorlati haszn\u00e1lat\u00e1ba. N\u00e9h\u00e1nyan jelent\u0151s javul\u00e1sr\u00f3l sz\u00e1molnak be az erekci\u00f3s funkci\u00f3ban \u00e9s az el\u00e9gedetts\u00e9gben minim\u00e1lis mell\u00e9khat\u00e1sokkal, siker\u00fcket a gondos adagol\u00e1snak \u00e9s monitoroz\u00e1snak tulajdon\u00edtj\u00e1k.<\/p>\n<p>M\u00e1sok hangs\u00falyozz\u00e1k az orvosi \u00fatmutat\u00e1s fontoss\u00e1g\u00e1t, megjegyezve, hogy a magas v\u00e9rnyom\u00e1s kezel\u00e9s\u00e9nek m\u00f3dos\u00edt\u00e1s\u00e1ra volt sz\u00fcks\u00e9g a Viagra hozz\u00e1ad\u00e1s\u00e1hoz. Ezek az aj\u00e1nl\u00e1sok r\u00e1vil\u00e1g\u00edtanak a tapasztalatok sokf\u00e9les\u00e9g\u00e9re \u00e9s a szem\u00e9lyre szabott ell\u00e1t\u00e1s fontoss\u00e1g\u00e1ra a magas v\u00e9rnyom\u00e1s mellett az erekci\u00f3s diszfunkci\u00f3 kezel\u00e9s\u00e9ben.<\/p>\n<h2>A Viagra \u00e9s a hipert\u00f3nia j\u00f6v\u0151beli kutat\u00e1sa<\/h2>\n<p>A folyamatban l\u00e9v\u0151 kutat\u00e1sok tov\u00e1bbra is a Viagra \u00e9s a magas v\u00e9rnyom\u00e1s k\u00f6z\u00f6tti kapcsolat felt\u00e1r\u00e1s\u00e1t c\u00e9lozz\u00e1k, hogy jobban meg\u00e9rts\u00e9k \u00e9s jav\u00edts\u00e1k a kezel\u00e9si protokollokat. A j\u00f6v\u0151beni tanulm\u00e1nyok a hossz\u00fa t\u00e1v\u00fa biztons\u00e1gra, az optim\u00e1lis adagol\u00e1si strat\u00e9gi\u00e1kra \u00e9s a magas v\u00e9rnyom\u00e1sos popul\u00e1ci\u00f3kra szabott \u00faj k\u00e9sz\u00edtm\u00e9nyek kifejleszt\u00e9s\u00e9re \u00f6sszpontos\u00edthatnak.<\/p>\n<p>A tudom\u00e1ny el\u0151rehaladt\u00e1val ezek a felismer\u00e9sek finomabb ir\u00e1nyelvekhez \u00e9s kib\u0151v\u00edtett kezel\u00e9si lehet\u0151s\u00e9gekhez vezethetnek, amelyek mind az erekci\u00f3s diszfunkci\u00f3ban, mind a magas v\u00e9rnyom\u00e1sban szenved\u0151k sz\u00e1m\u00e1ra el\u0151ny\u00f6sek. A folyamatos kutat\u00e1s l\u00e9tfontoss\u00e1g\u00fa a ter\u00e1pi\u00e1s k\u00f6rnyezet fejleszt\u00e9s\u00e9hez \u00e9s a betegek kimenetel\u00e9nek jav\u00edt\u00e1s\u00e1hoz.<\/p>\n<h2>K\u00f6vetkeztet\u00e9s: Az el\u0151ny\u00f6k \u00e9s kock\u00e1zatok egyens\u00falya<\/h2>\n<p>A Viagra Soft Tabs \u00e9letk\u00e9pes megold\u00e1st k\u00edn\u00e1l magas v\u00e9rnyom\u00e1sos betegek mereved\u00e9si zavarainak kezel\u00e9s\u00e9re, gyors felsz\u00edv\u00f3d\u00e1st \u00e9s hat\u00e9kony eredm\u00e9nyeket k\u00edn\u00e1lva. A lehets\u00e9ges kock\u00e1zatok azonban, k\u00fcl\u00f6n\u00f6sen a v\u00e9rnyom\u00e1ssal kapcsolatos k\u00f6lcs\u00f6nhat\u00e1sok tekintet\u00e9ben, alapos m\u00e9rlegel\u00e9st \u00e9s orvosi fel\u00fcgyeletet ig\u00e9nyelnek.<\/p>\n<p>Az el\u0151ny\u00f6k \u00e9s kock\u00e1zatok egyens\u00falyba hoz\u00e1sa \u00e1tfog\u00f3 megk\u00f6zel\u00edt\u00e9st ig\u00e9nyel, amely mag\u00e1ban foglalja az \u00e9letm\u00f3dv\u00e1lt\u00e1st, az alternat\u00edv ter\u00e1pi\u00e1kat \u00e9s az eg\u00e9szs\u00e9g\u00fcgyi szolg\u00e1ltat\u00f3kkal val\u00f3 ny\u00edlt kommunik\u00e1ci\u00f3t. Ezzel a betegek jobb szexu\u00e1lis eg\u00e9szs\u00e9get \u00e9rhetnek el, mik\u00f6zben biztons\u00e1gosan kezelik a magas v\u00e9rnyom\u00e1st.<\/p>\n","protected":false},"excerpt":{"rendered":"<p>Viagra Soft Tabs \u00e9s magas v\u00e9rnyom\u00e1s: tudod haszn\u00e1lni? Ez a cikk felt\u00e1rja a Viagra Soft [&hellip;]<\/p>\n","protected":false},"author":1,"featured_media":0,"parent":0,"menu_order":0,"comment_status":"closed","ping_status":"closed","template":"","meta":{"footnotes":""},"class_list":["post-39278","page","type-page","status-publish","hentry"],"_links":{"self":[{"href":"https:\/\/pematekfcvac.unisel.edu.my\/index.php?rest_route=\/wp\/v2\/pages\/39278","targetHints":{"allow":["GET"]}}],"collection":[{"href":"https:\/\/pematekfcvac.unisel.edu.my\/index.php?rest_route=\/wp\/v2\/pages"}],"about":[{"href":"https:\/\/pematekfcvac.unisel.edu.my\/index.php?rest_route=\/wp\/v2\/types\/page"}],"author":[{"embeddable":true,"href":"https:\/\/pematekfcvac.unisel.edu.my\/index.php?rest_route=\/wp\/v2\/users\/1"}],"replies":[{"embeddable":true,"href":"https:\/\/pematekfcvac.unisel.edu.my\/index.php?rest_route=%2Fwp%2Fv2%2Fcomments&post=39278"}],"version-history":[{"count":1,"href":"https:\/\/pematekfcvac.unisel.edu.my\/index.php?rest_route=\/wp\/v2\/pages\/39278\/revisions"}],"predecessor-version":[{"id":39279,"href":"https:\/\/pematekfcvac.unisel.edu.my\/index.php?rest_route=\/wp\/v2\/pages\/39278\/revisions\/39279"}],"wp:attachment":[{"href":"https:\/\/pematekfcvac.unisel.edu.my\/index.php?rest_route=%2Fwp%2Fv2%2Fmedia&parent=39278"}],"curies":[{"name":"wp","href":"https:\/\/api.w.org\/{rel}","templated":true}]}}