{"id":39314,"date":"2026-03-25T00:11:00","date_gmt":"2026-03-25T00:11:00","guid":{"rendered":"https:\/\/pematekfcvac.unisel.edu.my\/?page_id=39314"},"modified":"2026-03-25T00:11:00","modified_gmt":"2026-03-25T00:11:00","slug":"co-to-jest-cialis-professional-i-jak-dziala","status":"publish","type":"page","link":"https:\/\/pematekfcvac.unisel.edu.my\/?page_id=39314","title":{"rendered":"Co to jest Cialis Professional i jak dzia\u0142a?"},"content":{"rendered":"<h1>Cz\u0119sto zadawane pytania dotycz\u0105ce Cialis Professional<\/h1>\n<p>Cialis Professional to dobrze znany lek stosowany w leczeniu zaburze\u0144 erekcji, jednak pojawia si\u0119 wiele pyta\u0144 dotycz\u0105cych jego stosowania i skuteczno\u015bci.<\/p>\n<h2>Co to jest Cialis Professional i jak dzia\u0142a?<\/h2>\n<p>Cialis Professional to lek na recept\u0119 stosowany g\u0142\u00f3wnie w leczeniu zaburze\u0144 erekcji (ED) u m\u0119\u017cczyzn. Zawiera substancj\u0119 czynn\u0105 tadalafil, kt\u00f3ry nale\u017cy do klasy lek\u00f3w zwanych inhibitorami fosfodiesterazy typu 5 (PDE5). Leki te dzia\u0142aj\u0105 poprzez zwi\u0119kszenie przep\u0142ywu krwi do pr\u0105cia, u\u0142atwiaj\u0105c osi\u0105gni\u0119cie i utrzymanie erekcji podczas stymulacji seksualnej.<\/p>\n<p>Mechanizm dzia\u0142ania polega na hamowaniu enzymu PDE5, kt\u00f3ry rozk\u0142ada cGMP \u2013 substancj\u0119 chemiczn\u0105 rozlu\u017aniaj\u0105c\u0105 mi\u0119\u015bnie g\u0142adkie i rozszerzaj\u0105c\u0105 naczynia krwiono\u015bne. Blokuj\u0105c PDE5, Cialis Professional zwi\u0119ksza poziom cGMP, promuj\u0105c lepszy przep\u0142yw krwi i powoduj\u0105c popraw\u0119 funkcji erekcji. Nale\u017cy pami\u0119ta\u0107, \u017ce aby lek by\u0142 skuteczny, wymagane jest podniecenie seksualne.<\/p>\n<h2>Czym Cialis Professional r\u00f3\u017cni si\u0119 od zwyk\u0142ego Cialis?<\/h2>\n<p>Chocia\u017c zar\u00f3wno Cialis Professional, jak i zwyk\u0142y Cialis zawieraj\u0105 t\u0119 sam\u0105 substancj\u0119 czynn\u0105, tadalafil, istniej\u0105 mi\u0119dzy nimi pewne r\u00f3\u017cnice. Cialis Professional jest sprzedawany jako ulepszona wersja, cz\u0119sto reklamowana ze wzgl\u0119du na szybszy pocz\u0105tek dzia\u0142ania i d\u0142u\u017cszy czas trwania efektu. Niekt\u00f3rzy pacjenci zg\u0142aszaj\u0105, \u017ce Cialis Professional dzia\u0142a szybciej ni\u017c wersja standardowa, potencjalnie pozwalaj\u0105c na wi\u0119ksz\u0105 spontaniczno\u015b\u0107.<\/p>\n<p>Kolejna r\u00f3\u017cnica polega na formule Cialis Professional, o kt\u00f3rym twierdzi si\u0119, \u017ce ma ulepszone w\u0142a\u015bciwo\u015bci wch\u0142aniania. Jednak\u017ce r\u00f3\u017cnice te mog\u0105 si\u0119 r\u00f3\u017cni\u0107 u poszczeg\u00f3lnych os\u00f3b i zaleca si\u0119, aby u\u017cytkownicy skonsultowali si\u0119 z podmiotami \u015bwiadcz\u0105cymi opiek\u0119 zdrowotn\u0105 w celu ustalenia, kt\u00f3ry preparat najlepiej odpowiada ich potrzebom.<\/p>\n<h2>Jakie s\u0105 zalecane dawkowanie Cialis Professional?<\/h2>\n<p>Cialis Professional jest og\u00f3lnie dost\u0119pny w dawkach 20 mg. Zalecana dawka dla wi\u0119kszo\u015bci os\u00f3b to 20 mg przyjmowane na oko\u0142o 30 minut do godziny przed aktywno\u015bci\u0105 seksualn\u0105. Bardzo wa\u017cne jest, aby nie przekracza\u0107 jednej dawki w ci\u0105gu 24 godzin, aby unikn\u0105\u0107 potencjalnych skutk\u00f3w ubocznych lub reakcji niepo\u017c\u0105danych.<\/p>\n<p>W przypadku niekt\u00f3rych os\u00f3b, na przyk\u0142ad os\u00f3b cierpi\u0105cych na choroby wsp\u00f3\u0142istniej\u0105ce lub przyjmuj\u0105cych inne leki, pracownik s\u0142u\u017cby zdrowia mo\u017ce zaleci\u0107 inn\u0105 strategi\u0119 dawkowania. Aby zapewni\u0107 bezpieczne i skuteczne stosowanie leku, nale\u017cy zawsze post\u0119powa\u0107 zgodnie ze wskaz\u00f3wkami pracownika s\u0142u\u017cby zdrowia.<\/p>\n<h2>Jak d\u0142ugo utrzymuje si\u0119 dzia\u0142anie Cialis Professional?<\/h2>\n<p>Efekty Cialis Professional mog\u0105 utrzymywa\u0107 si\u0119 znacznie d\u0142u\u017cej ni\u017c w przypadku innych lek\u00f3w na zaburzenia erekcji. U\u017cytkownicy cz\u0119sto zg\u0142aszaj\u0105, \u017ce efekty mog\u0105 by\u0107 odczuwalne nawet do 36 godzin, co pozwala na wi\u0119ksze okno mo\u017cliwo\u015bci aktywno\u015bci seksualnej. Ten wyd\u0142u\u017cony czas dzia\u0142ania jest dla wielu u\u017cytkownik\u00f3w jedn\u0105 z atrakcyjnych cech Cialis Professional.<\/p>\n<p>Przed\u0142u\u017cony efekt nie oznacza ci\u0105g\u0142ej erekcji, ale raczej lepsz\u0105 zdolno\u015b\u0107 do osi\u0105gni\u0119cia erekcji w okresie skutecznego dzia\u0142ania. Aby unikn\u0105\u0107 potencjalnego ryzyka dla zdrowia, wa\u017cne jest przestrzeganie przepisanej dawki i nie przyjmowanie dawki wi\u0119kszej ni\u017c zalecana.<\/p>\n<h2>Czy s\u0105 jakie\u015b cz\u0119ste skutki uboczne zwi\u0105zane z Cialis Professional??<\/h2>\n<p>Jak ka\u017cdy lek, Cialis Professional mo\u017ce u niekt\u00f3rych os\u00f3b powodowa\u0107 dzia\u0142ania niepo\u017c\u0105dane. Cz\u0119ste dzia\u0142ania niepo\u017c\u0105dane obejmuj\u0105 b\u00f3le g\u0142owy, uderzenia gor\u0105ca, niestrawno\u015b\u0107, przekrwienie nosa i zawroty g\u0142owy. Objawy te s\u0105 zwykle \u0142agodne i zwykle ust\u0119puj\u0105 w miar\u0119 przyzwyczajania si\u0119 organizmu do leku.<\/p>\n<p>Mog\u0105 wyst\u0105pi\u0107 powa\u017cniejsze dzia\u0142ania niepo\u017c\u0105dane, cho\u0107 <a href=\"https:\/\/dostawa-lekow.pl\/kupic-cialis-professional-bez-recepty\">https:\/\/dostawa-lekow.pl\/kupic-cialis-professional-bez-recepty<\/a> rzadkie. Nale\u017c\u0105 do nich nag\u0142a utrata wzroku, problemy ze s\u0142uchem i erekcja trwaj\u0105ca d\u0142u\u017cej ni\u017c cztery godziny, stan zwany priapizmem, kt\u00f3ry wymaga natychmiastowej pomocy lekarskiej. Je\u015bli wyst\u0105pi\u0105 jakiekolwiek powa\u017cne skutki uboczne, bardzo wa\u017cne jest, aby natychmiast zwr\u00f3ci\u0107 si\u0119 o pomoc lekarsk\u0105.<\/p>\n<h2>Czy Cialis Professional mo\u017cna \u0142\u0105czy\u0107 z innymi lekami??<\/h2>\n<p>Przed za\u017cyciem Cialis Professional nale\u017cy om\u00f3wi\u0107 z lekarzem wszelkie inne przyjmowane leki, poniewa\u017c mog\u0105 wyst\u0105pi\u0107 interakcje. Niekt\u00f3re leki, takie jak azotany stosowane na b\u00f3l w klatce piersiowej, mog\u0105 powodowa\u0107 niebezpieczny spadek ci\u015bnienia krwi w po\u0142\u0105czeniu z Cialis Professional.<\/p>\n<p>Inne leki, kt\u00f3re mog\u0105 wchodzi\u0107 w interakcje, obejmuj\u0105 alfa-blokery, leki przeciwnadci\u015bnieniowe oraz niekt\u00f3re leki przeciwgrzybicze i antybiotyki. Lekarz b\u0119dzie w stanie doradzi\u0107, czy Cialis Professional mo\u017cna bezpiecznie stosowa\u0107 z istniej\u0105cymi lekami lub czy konieczne jest dostosowanie.<\/p>\n<h2>Jakie \u015brodki ostro\u017cno\u015bci nale\u017cy zachowa\u0107 przed zastosowaniem Cialis Professional?<\/h2>\n<p>Przed u\u017cyciem Cialis Professional nale\u017cy wzi\u0105\u0107 pod uwag\u0119 kilka \u015brodk\u00f3w ostro\u017cno\u015bci. Osoby z chorobami uk\u0142adu kr\u0105\u017cenia, zaburzeniami czynno\u015bci w\u0105troby lub nerek lub po udarze powinny skonsultowa\u0107 si\u0119 z lekarzem w celu oceny ryzyka i korzy\u015bci zwi\u0105zanych ze stosowaniem tego leku.<\/p>\n<p>Dodatkowo ostro\u017cno\u015b\u0107 powinny zachowa\u0107 osoby cierpi\u0105ce na deformacje anatomiczne pr\u0105cia lub schorzenia predysponuj\u0105ce do priapizmu. Wa\u017cne jest r\u00f3wnie\u017c, aby poinformowa\u0107 lekarza przepisuj\u0105cego o wszelkich alergiach lub innych schorzeniach, aby zapewni\u0107 bezpieczne stosowanie.<\/p>\n<h2>Czy Cialis Professional jest odpowiedni dla ka\u017cdego??<\/h2>\n<p>Cialis Professional nie jest odpowiedni dla ka\u017cdego. Jest szczeg\u00f3lnie wskazany dla doros\u0142ych m\u0119\u017cczyzn z zaburzeniami erekcji i nie jest zalecany dla kobiet i dzieci. Osoby z pewnymi schorzeniami lub osoby przyjmuj\u0105ce sprzeczne leki mog\u0105 nie by\u0107 odpowiednimi kandydatami do tego leczenia.<\/p>\n<p>Zawsze zaleca si\u0119 poddanie si\u0119 kompleksowej ocenie lekarskiej przed rozpocz\u0119ciem stosowania Cialis Professional, aby upewni\u0107 si\u0119, \u017ce jest on odpowiedni i bezpieczny dla konkretnego profilu zdrowotnego danej osoby.<\/p>\n<h2>Jak nale\u017cy przechowywa\u0107 Cialis Professional?<\/h2>\n<p>W\u0142a\u015bciwe przechowywanie Cialis Professional jest kluczowe dla utrzymania jego skuteczno\u015bci. Lek nale\u017cy przechowywa\u0107 w oryginalnym opakowaniu, w temperaturze pokojowej, z dala od wilgoci i ciep\u0142a. Nie nale\u017cy go przechowywa\u0107 w \u0142azience ani w innych miejscach o du\u017cej wilgotno\u015bci.<\/p>\n<p>Ponadto wa\u017cne jest, aby przechowywa\u0107 Cialis Professional poza zasi\u0119giem dzieci i zwierz\u0105t, aby zapobiec przypadkowemu po\u0142kni\u0119ciu. W przypadku jakichkolwiek w\u0105tpliwo\u015bci dotycz\u0105cych prawid\u0142owego przechowywania, dodatkowe wskaz\u00f3wki mo\u017cna uzyska\u0107 po konsultacji z farmaceut\u0105.<\/p>\n<h2>Czy s\u0105 jakie\u015b czynniki zwi\u0105zane ze stylem \u017cycia, kt\u00f3re wp\u0142ywaj\u0105 na skuteczno\u015b\u0107 Cialis Professional??<\/h2>\n<p>Czynniki zwi\u0105zane ze stylem \u017cycia mog\u0105 rzeczywi\u015bcie wp\u0142ywa\u0107 na skuteczno\u015b\u0107 Cialis Professional. Zdrowy tryb \u017cycia, w tym regularne \u0107wiczenia, zbilansowana dieta i wystarczaj\u0105ca ilo\u015b\u0107 snu, mog\u0105 zwi\u0119kszy\u0107 og\u00f3ln\u0105 skuteczno\u015b\u0107 leku.<\/p>\n<p>Z drugiej strony czynniki takie jak palenie tytoniu, nadmierne spo\u017cycie alkoholu i za\u017cywanie narkotyk\u00f3w mog\u0105 zmniejsza\u0107 jego skuteczno\u015b\u0107. Radzenie sobie ze stresem i utrzymywanie prawid\u0142owej wagi r\u00f3wnie\u017c mo\u017ce pozytywnie wp\u0142yn\u0105\u0107 na wyniki leczenia.<\/p>\n<h2>Co powinienem zrobi\u0107 w przypadku pomini\u0119cia dawki Cialis Professional??<\/h2>\n<p>Cialis Professional zazwyczaj przyjmuje si\u0119 w razie potrzeby przed aktywno\u015bci\u0105 seksualn\u0105, dlatego koncepcja pomini\u0119tej dawki ma mniejsze zastosowanie w por\u00f3wnaniu z przyjmowanymi codziennie lekami. Je\u017celi jednak pomini\u0119to zaplanowan\u0105 dawk\u0119, nale\u017cy j\u0105 przyj\u0105\u0107 tak szybko, jak to mo\u017cliwe, je\u015bli przewiduje si\u0119 aktywno\u015b\u0107 seksualn\u0105.<\/p>\n<p>Wa\u017cne jest, aby nie podwaja\u0107 dawek w celu zrekompensowania pomini\u0119tej dawki, poniewa\u017c mo\u017ce to zwi\u0119kszy\u0107 ryzyko wyst\u0105pienia dzia\u0142a\u0144 niepo\u017c\u0105danych. Przestrzeganie zalecanych wytycznych ma kluczowe znaczenie dla bezpiecze\u0144stwa i skuteczno\u015bci.<\/p>\n<h2>Czy spo\u017cycie alkoholu mo\u017ce mie\u0107 wp\u0142yw na skuteczno\u015b\u0107 Cialis Professional??<\/h2>\n<p>Spo\u017cywanie alkoholu rzeczywi\u015bcie mo\u017ce mie\u0107 wp\u0142yw na skuteczno\u015b\u0107 Cialis Professional. Chocia\u017c umiarkowane picie mo\u017ce nie mie\u0107 znacz\u0105cego wp\u0142ywu na dzia\u0142anie leku, nadmierne spo\u017cycie alkoholu mo\u017ce upo\u015bledzi\u0107 zdolno\u015b\u0107 do osi\u0105gni\u0119cia erekcji i mo\u017ce zwi\u0119kszy\u0107 prawdopodobie\u0144stwo wyst\u0105pienia dzia\u0142a\u0144 niepo\u017c\u0105danych, takich jak zawroty g\u0142owy i b\u00f3le g\u0142owy.<\/p>\n<p>Aby zoptymalizowa\u0107 skuteczno\u015b\u0107 Cialis Professional, wskazane jest ograniczenie spo\u017cycia alkoholu. Om\u00f3wienie picia alkoholu z lekarzem mo\u017ce zapewni\u0107 spersonalizowane wskaz\u00f3wki i najlepsze wyniki leczenia.<\/p>\n<h2>Czy istnieje r\u00f3\u017cnica w cenie pomi\u0119dzy Cialis Professional a innymi lekami na zaburzenia erekcji??<\/h2>\n<p>Cena Cialis Professional mo\u017ce si\u0119 r\u00f3\u017cni\u0107 w zale\u017cno\u015bci od czynnik\u00f3w takich jak apteka, zakres ubezpieczenia i lokalizacja geograficzna. Og\u00f3lnie rzecz bior\u0105c, cena mo\u017ce by\u0107 podobna do innych markowych zabieg\u00f3w na zaburzenia erekcji, ale potencjalnie wy\u017csza ni\u017c wersje generyczne.<\/p>\n<p>Dla os\u00f3b niepokoj\u0105cych si\u0119 kosztami om\u00f3wienie alternatywnych rozwi\u0105za\u0144 ze podmiotem \u015bwiadcz\u0105cym opiek\u0119 zdrowotn\u0105 lub zbadanie opcji generycznych mo\u017ce zapewni\u0107 ta\u0144sze rozwi\u0105zania bez uszczerbku dla skuteczno\u015bci.<\/p>\n<h2>Jak mog\u0119 bezpiecznie kupi\u0107 Cialis Professional?<\/h2>\n<p>Bezpieczny zakup Cialis Professional wi\u0105\u017ce si\u0119 z uzyskaniem go za po\u015brednictwem licencjonowanego podmiotu \u015bwiadcz\u0105cego opiek\u0119 zdrowotn\u0105 lub farmaceuty. Bardzo wa\u017cne jest, aby unika\u0107 \u017ar\u00f3de\u0142 internetowych, kt\u00f3re nie wymagaj\u0105 recepty, poniewa\u017c mog\u0105 sprzedawa\u0107 podrobione lub niebezpieczne produkty.<\/p>\n<p>Konsultacja z lekarzem gwarantuje, \u017ce lek b\u0119dzie odpowiedni dla Twojego stanu zdrowia i \u017ce otrzymasz w\u0142a\u015bciw\u0105 dawk\u0119. Zawsze sprawdzaj legalno\u015b\u0107 apteki lub dostawcy, aby zapewni\u0107 bezpiecze\u0144stwo i autentyczno\u015b\u0107.<\/p>\n<h2>O czym powinienem porozmawia\u0107 z lekarzem przed rozpocz\u0119ciem stosowania Cialis Professional?<\/h2>\n<p>Przed rozpocz\u0119ciem stosowania Cialis Professional wa\u017cne jest, aby om\u00f3wi\u0107 z lekarzem ca\u0142\u0105 histori\u0119 medyczn\u0105. Obejmuje to wszelkie aktualnie przyjmowane leki, podstawowe schorzenia i wszelkie wcze\u015bniejsze do\u015bwiadczenia z leczeniem zaburze\u0144 erekcji.<\/p>\n<p>Ponadto om\u00f3wienie czynnik\u00f3w zwi\u0105zanych ze stylem \u017cycia, takich jak dieta, aktywno\u015b\u0107 fizyczna i spo\u017cycie alkoholu, mo\u017ce pom\u00f3c lekarzowi w dostosowaniu porady w celu uzyskania optymalnych wynik\u00f3w. Otwarto\u015b\u0107 na temat wszystkich aspekt\u00f3w Twojego zdrowia umo\u017cliwi Twojemu lekarzowi zapewnienie najlepszej opieki i wskaz\u00f3wek dotycz\u0105cych skutecznego stosowania Cialis Professional.<\/p>\n","protected":false},"excerpt":{"rendered":"<p>Cz\u0119sto zadawane pytania dotycz\u0105ce Cialis Professional Cialis Professional to dobrze znany lek stosowany w leczeniu [&hellip;]<\/p>\n","protected":false},"author":1,"featured_media":0,"parent":0,"menu_order":0,"comment_status":"closed","ping_status":"closed","template":"","meta":{"footnotes":""},"class_list":["post-39314","page","type-page","status-publish","hentry"],"_links":{"self":[{"href":"https:\/\/pematekfcvac.unisel.edu.my\/index.php?rest_route=\/wp\/v2\/pages\/39314","targetHints":{"allow":["GET"]}}],"collection":[{"href":"https:\/\/pematekfcvac.unisel.edu.my\/index.php?rest_route=\/wp\/v2\/pages"}],"about":[{"href":"https:\/\/pematekfcvac.unisel.edu.my\/index.php?rest_route=\/wp\/v2\/types\/page"}],"author":[{"embeddable":true,"href":"https:\/\/pematekfcvac.unisel.edu.my\/index.php?rest_route=\/wp\/v2\/users\/1"}],"replies":[{"embeddable":true,"href":"https:\/\/pematekfcvac.unisel.edu.my\/index.php?rest_route=%2Fwp%2Fv2%2Fcomments&post=39314"}],"version-history":[{"count":1,"href":"https:\/\/pematekfcvac.unisel.edu.my\/index.php?rest_route=\/wp\/v2\/pages\/39314\/revisions"}],"predecessor-version":[{"id":39315,"href":"https:\/\/pematekfcvac.unisel.edu.my\/index.php?rest_route=\/wp\/v2\/pages\/39314\/revisions\/39315"}],"wp:attachment":[{"href":"https:\/\/pematekfcvac.unisel.edu.my\/index.php?rest_route=%2Fwp%2Fv2%2Fmedia&parent=39314"}],"curies":[{"name":"wp","href":"https:\/\/api.w.org\/{rel}","templated":true}]}}