{"id":39324,"date":"2026-03-25T00:14:34","date_gmt":"2026-03-25T00:14:34","guid":{"rendered":"https:\/\/pematekfcvac.unisel.edu.my\/?page_id=39324"},"modified":"2026-03-25T00:14:34","modified_gmt":"2026-03-25T00:14:34","slug":"forsta-cenforce-en-oversikt","status":"publish","type":"page","link":"https:\/\/pematekfcvac.unisel.edu.my\/?page_id=39324","title":{"rendered":"F\u00f6rst\u00e5 Cenforce: En \u00f6versikt"},"content":{"rendered":"<h1>N\u00e4r Cenforce ordineras och hur det fungerar<\/h1>\n<p>Cenforce \u00e4r ett l\u00e4kemedel som ofta ordineras f\u00f6r erektil dysfunktion och andra tillst\u00e5nd, och att f\u00f6rst\u00e5 dess anv\u00e4ndning och effekter \u00e4r avg\u00f6rande f\u00f6r s\u00e4ker och effektiv behandling.<\/p>\n<h2>F\u00f6rst\u00e5 Cenforce: En \u00f6versikt<\/h2>\n<p>Cenforce \u00e4r ett farmaceutiskt l\u00e4kemedel som fr\u00e4mst anv\u00e4nds f\u00f6r att behandla erektil dysfunktion (ED) hos m\u00e4n. Det tillh\u00f6r en klass av l\u00e4kemedel som kallas fosfodiesteras typ 5 (PDE5) h\u00e4mmare. Dessa l\u00e4kemedel f\u00f6rst\u00e4rker effekterna av kv\u00e4veoxid, en naturlig kemikalie som kroppen producerar f\u00f6r att slappna av musklerna i penis. Detta leder till \u00f6kat blodfl\u00f6de och en erektion som svar p\u00e5 sexuell stimulering.<\/p>\n<p>Ursprungligen utvecklad f\u00f6r att ta itu med kardiovaskul\u00e4ra problem, Cenforce har vunnit popularitet p\u00e5 grund av dess effektivitet i att hantera ED. Det finns i olika doser och former, vilket m\u00f6jligg\u00f6r flexibilitet beroende p\u00e5 patientens behov och sv\u00e5righetsgraden av deras tillst\u00e5nd. Trots dess utbredda anv\u00e4ndning \u00e4r det viktigt att f\u00f6rst\u00e5 dess specifika till\u00e4mpningar och potentiella effekter f\u00f6r alla som \u00f6verv\u00e4ger denna medicin.<\/p>\n<h2>Tillst\u00e5nd som behandlas av Cenforce<\/h2>\n<p>Medan Cenforce huvudsakligen ordineras f\u00f6r erektil dysfunktion, anv\u00e4nds det ocks\u00e5 f\u00f6r att behandla andra medicinska tillst\u00e5nd. En av dessa \u00e4r pulmonell arteriell hypertension (PAH), ett tillst\u00e5nd som k\u00e4nnetecknas av h\u00f6gt blodtryck i lungornas art\u00e4rer. Genom att slappna av i blodk\u00e4rlen kan Cenforce minska arbetsbelastningen p\u00e5 hj\u00e4rtat, f\u00f6rb\u00e4ttra f\u00f6rm\u00e5gan att tr\u00e4na och minska symtom som \u00e4r f\u00f6rknippade med PAH.<\/p>\n<p>Dessutom har det gjorts studier och off-label anv\u00e4ndningar av Cenforce f\u00f6r tillst\u00e5nd relaterade till sexuell dysfunktion hos kvinnor, \u00e4ven om dessa \u00e4r mindre vanliga och kr\u00e4ver noggrann medicinsk tillsyn. Dess till\u00e4mpning inom dessa omr\u00e5den framh\u00e4ver l\u00e4kemedlets m\u00e5ngsidighet, men understryker ocks\u00e5 vikten av professionell v\u00e4gledning f\u00f6r att undvika negativa effekter och s\u00e4kerst\u00e4lla l\u00e4mplig anv\u00e4ndning.<\/p>\n<h2>Verkningsmekanism: Hur Cenforce fungerar<\/h2>\n<p>Cenforce fungerar genom att h\u00e4mma enzymet PDE5 som finns i blodk\u00e4rlens v\u00e4ggar. N\u00e4r PDE5 d\u00e4mpas \u00f6kar niv\u00e5erna av cykliskt guanosinmonofosfat (cGMP), vilket leder till avslappning av glatt muskulatur i blodk\u00e4rlen. Denna avslappning m\u00f6jligg\u00f6r f\u00f6rb\u00e4ttrat blodfl\u00f6de, s\u00e4rskilt till penisregionen, vilket underl\u00e4ttar en erektion i n\u00e4rvaro av sexuell upphetsning.<\/p>\n<p>Det \u00e4r viktigt att notera att Cenforce inte automatiskt framkallar en erektion; sexuell stimulans \u00e4r n\u00f6dv\u00e4ndig f\u00f6r att det ska vara effektivt. Denna verkningsmekanism hj\u00e4lper inte bara till att behandla erektil dysfunktion utan ger ocks\u00e5 terapeutiska f\u00f6rdelar vid tillst\u00e5nd som pulmonell arteriell hypertoni genom att s\u00e4nka pulmonellt blodtryck.<\/p>\n<h2>Doseringsriktlinjer f\u00f6r Cenforce<\/h2>\n<p>Den l\u00e4mpliga dosen av Cenforce varierar beroende p\u00e5 individens h\u00e4lsostatus, sv\u00e5righetsgraden av det tillst\u00e5nd som behandlas och deras svar p\u00e5 medicinen. Vanligtvis \u00e4r Cenforce tillg\u00e4nglig i doser fr\u00e5n 25 mg till 200 mg. Det tas vanligtvis cirka 30 minuter till en timme f\u00f6re sexuell aktivitet, men dess effektivitet kan vara upp till fyra timmar.<\/p>\n<p>F\u00f6r pulmonell arteriell hypertoni kan doseringsregimen skilja sig och kr\u00e4ver vanligtvis medicinsk \u00f6vervakning f\u00f6r att skr\u00e4ddarsy dosen efter patientens specifika behov. Det \u00e4r viktigt f\u00f6r individer att strikt f\u00f6lja den f\u00f6reskrivna dosen f\u00f6r att minimera risken f\u00f6r biverkningar och s\u00e4kerst\u00e4lla l\u00e4kemedlets effekt.<\/p>\n<h2>Cenforce och erektil dysfunktion behandling<\/h2>\n<p>Erektil dysfunktion kan vara ett pl\u00e5gsamt tillst\u00e5nd som p\u00e5verkar inte bara den sexuella h\u00e4lsan utan ocks\u00e5 det psykiska v\u00e4lbefinnandet. Cenforce har blivit en h\u00f6rnsten i behandlingen av ED, och erbjuder en p\u00e5litlig l\u00f6sning som hj\u00e4lper till att \u00e5terst\u00e4lla sexuell funktion och f\u00f6rtroende hos drabbade individer.<\/p>\n<p>Cenforces framg\u00e5ng vid behandling av ED <a href=\"https:\/\/apotek-i-sverige.se\/kop-cenforce-online-utan-recept\">Best\u00e4llning Cenforce 25mg<\/a> beror till stor del p\u00e5 dess f\u00f6rm\u00e5ga att f\u00f6rb\u00e4ttra blodfl\u00f6det till penis, vilket g\u00f6r det m\u00f6jligt att uppn\u00e5 och bibeh\u00e5lla en erektion tillr\u00e4cklig f\u00f6r samlag. Detta har betydande konsekvenser f\u00f6r att f\u00f6rb\u00e4ttra livskvaliteten och relationerna f\u00f6r dem som drabbas av erektil dysfunktion.<\/p>\n<h2>Cenforce f\u00f6r pulmonell arteriell hypertoni<\/h2>\n<p>F\u00f6rutom sin roll vid behandling av erektil dysfunktion, ordineras Cenforce ocks\u00e5 f\u00f6r pulmonell arteriell hypertoni &#8211; ett tillst\u00e5nd som resulterar i \u00f6kat blodtryck i lungornas art\u00e4rer. Genom att vidga lungart\u00e4rerna minskar Cenforce hj\u00e4rtats arbetsbelastning, f\u00f6rb\u00e4ttrar tr\u00e4ningskapaciteten och lindrar symtom som andn\u00f6d och tr\u00f6tthet.<\/p>\n<p>F\u00f6r patienter med PAH kan Cenforce vara en kritisk del av en omfattande behandlingsplan. Det anv\u00e4nds ofta i kombination med andra terapier f\u00f6r att uppn\u00e5 optimala resultat. Dess anv\u00e4ndning i detta sammanhang kr\u00e4ver dock noggrann \u00f6vervakning av sjukv\u00e5rdspersonal f\u00f6r att s\u00e4kerst\u00e4lla s\u00e4kerhet och effekt.<\/p>\n<h2>Potentiella biverkningar av Cenforce<\/h2>\n<p>Som alla l\u00e4kemedel kan Cenforce orsaka biverkningar, \u00e4ven om inte alla upplever dem. Vanliga biverkningar inkluderar huvudv\u00e4rk, rodnad, matsm\u00e4ltningsbesv\u00e4r, n\u00e4st\u00e4ppa och yrsel. Dessa \u00e4r vanligtvis milda och tenderar att minska n\u00e4r kroppen anpassar sig till medicinen.<\/p>\n<p>I s\u00e4llsynta fall kan allvarligare biverkningar uppst\u00e5, s\u00e5som pl\u00f6tslig synf\u00f6rlust, h\u00f6rselproblem eller en erektion som varar l\u00e4ngre \u00e4n fyra timmar, k\u00e4nd som priapism. Dessa kr\u00e4ver omedelbar l\u00e4karv\u00e5rd. Att f\u00f6rst\u00e5 dessa potentiella risker hj\u00e4lper anv\u00e4ndare att fatta v\u00e4lgrundade beslut om sin behandling och hantera eventuella negativa effekter effektivt.<\/p>\n<h2>F\u00f6rsiktighets\u00e5tg\u00e4rder och kontraindikationer f\u00f6r Cenforce<\/h2>\n<p>Vissa f\u00f6rsiktighets\u00e5tg\u00e4rder b\u00f6r iakttas n\u00e4r du anv\u00e4nder Cenforce. Det \u00e4r kontraindicerat hos personer som tar nitrater mot br\u00f6stsm\u00e4rtor, eftersom kombinationen kan leda till ett farligt blodtrycksfall. Dessutom b\u00f6r de med allvarliga kardiovaskul\u00e4ra st\u00f6rningar eller betydande lever- och njursvikt undvika denna medicin om inte annat rekommenderas av en v\u00e5rdgivare.<\/p>\n<p>Det \u00e4r avg\u00f6rande att diskutera alla medicinska tillst\u00e5nd och mediciner med en v\u00e5rdgivare innan du startar Cenforce. Detta s\u00e4kerst\u00e4ller att alla potentiella interaktioner eller risker identifieras och hanteras p\u00e5 l\u00e4mpligt s\u00e4tt, vilket skyddar patientens h\u00e4lsa och v\u00e4lbefinnande.<\/p>\n<h2>Cenforce interaktion med andra mediciner<\/h2>\n<p>Cenforce kan interagera med olika mediciner, som antingen kan f\u00f6rst\u00e4rka eller minska dess effekter. Anm\u00e4rkningsv\u00e4rda interaktioner inkluderar de med nitrater, alfa-blockerare, blodtryckss\u00e4nkande medel och vissa antifungala och antibiotikamediciner. Dessa kan leda till betydande f\u00f6r\u00e4ndringar i blodtrycket eller orsaka andra biverkningar.<\/p>\n<p>F\u00f6r att undvika skadliga interaktioner \u00e4r det viktigt f\u00f6r patienter att tillhandah\u00e5lla en omfattande lista \u00f6ver alla mediciner och kosttillskott de tar till sin v\u00e5rdgivare. Detta m\u00f6jligg\u00f6r noggrann planering och justering av behandlingsregimer f\u00f6r att s\u00e4kerst\u00e4lla s\u00e4kerhet och effekt.<\/p>\n<h2>Att j\u00e4mf\u00f6ra Cenforce med andra l\u00e4kemedel mot erektil dysfunktion<\/h2>\n<p>Cenforce j\u00e4mf\u00f6rs ofta med andra PDE5-h\u00e4mmare som Viagra, Cialis och Levitra. Var och en av dessa mediciner delar en liknande verkningsmekanism men skiljer sig i fr\u00e5ga om debut, varaktighet och biverkningsprofiler. Till exempel, medan Viagra och Cenforce har en liknande verkanstid, kan Cialis vara upp till 36 timmar, vilket ger ett l\u00e4ngre f\u00f6nster f\u00f6r sexuell aktivitet.<\/p>\n<p>Att v\u00e4lja r\u00e4tt medicin beror p\u00e5 individuella behov och preferenser, s\u00e5v\u00e4l som specifika h\u00e4lso\u00f6verv\u00e4ganden. Faktorer som tidpunkten f\u00f6r sexuell aktivitet, anv\u00e4ndningsfrekvens och f\u00f6rekomsten av andra medicinska tillst\u00e5nd kan p\u00e5verka beslutet. Samr\u00e5d med en v\u00e5rdgivare kan hj\u00e4lpa till att best\u00e4mma det l\u00e4mpligaste alternativet.<\/p>\n<h2>Patientutl\u00e5tanden och erfarenheter med Cenforce<\/h2>\n<p>M\u00e5nga patienter har rapporterat positiva erfarenheter av Cenforce och noterat f\u00f6rb\u00e4ttringar i erektil funktion och \u00f6vergripande livskvalitet. F\u00f6r vissa har medicinen \u00e5terst\u00e4llt f\u00f6rtroendet och intimiteten i relationer, som tidigare p\u00e5verkats av erektil dysfunktion.<\/p>\n<p>Men som med alla l\u00e4kemedel kan upplevelserna variera. Vissa patienter kan st\u00f6ta p\u00e5 biverkningar eller uppt\u00e4cka att medicinen inte fungerar s\u00e5 bra som f\u00f6rv\u00e4ntat. Att dela erfarenheter och diskutera dem med en v\u00e5rdgivare kan ge v\u00e4rdefulla insikter och hj\u00e4lpa till att l\u00f6sa alla problem som uppst\u00e5r under behandlingen.<\/p>\n<h2>Dietens och livsstilens roll n\u00e4r du tar Cenforce<\/h2>\n<p>Kost och livsstil kan avsev\u00e4rt p\u00e5verka effektiviteten av Cenforce. En balanserad kost som st\u00f6der den allm\u00e4nna kardiovaskul\u00e4ra h\u00e4lsan \u00e4r f\u00f6rdelaktig, eftersom den kan f\u00f6rb\u00e4ttra l\u00e4kemedlets effektivitet. Att minska intaget av alkohol och sluta r\u00f6ka kan ocks\u00e5 f\u00f6rb\u00e4ttra resultaten, eftersom dessa faktorer kan negativt p\u00e5verka blodfl\u00f6det och erektil funktion.<\/p>\n<p>Att inf\u00f6rliva regelbunden fysisk aktivitet och hantera stress genom tekniker som mindfulness eller terapi kan ytterligare st\u00f6dja behandling med Cenforce. Dessa livsstilsf\u00f6r\u00e4ndringar f\u00f6rb\u00e4ttrar inte bara l\u00e4kemedlets effektivitet utan bidrar ocks\u00e5 till b\u00e4ttre \u00f6vergripande h\u00e4lsa och v\u00e4lbefinnande.<\/p>\n<h2>Hur man s\u00e4kert k\u00f6per Cenforce Online<\/h2>\n<p>Med framv\u00e4xten av onlineapotek har det blivit mer tillg\u00e4ngligt att k\u00f6pa Cenforce. Det \u00e4r dock avg\u00f6rande att se till att medicinen kommer fr\u00e5n v\u00e4lrenommerade k\u00e4llor. Oreglerade onlines\u00e4ljare kan erbjuda f\u00f6rfalskade eller underm\u00e5liga produkter, vilket inneb\u00e4r betydande h\u00e4lsorisker.<\/p>\n<p>F\u00f6r att s\u00e4kert k\u00f6pa Cenforce online, leta efter licensierade apotek som kr\u00e4ver recept. Att leta efter ackrediteringssigill eller godk\u00e4nnande fr\u00e5n tillsynsmyndigheter kan hj\u00e4lpa till att verifiera apotekets legitimitet. Att konsultera en v\u00e5rdgivare f\u00f6r rekommendationer kan ocks\u00e5 ge v\u00e4gledning och trygghet.<\/p>\n<h2>Konsultera sjukv\u00e5rdspersonal om Cenforce-anv\u00e4ndning<\/h2>\n<p>Innan behandling med Cenforce p\u00e5b\u00f6rjas \u00e4r det viktigt att konsultera en sjukv\u00e5rdspersonal. De kan ge en omfattande utv\u00e4rdering av patientens h\u00e4lsotillst\u00e5nd, ge r\u00e5d om l\u00e4mplig dosering och \u00f6vervaka eventuella biverkningar eller interaktioner med andra mediciner.<\/p>\n<p>L\u00f6pande kommunikation med en v\u00e5rdgivare s\u00e4kerst\u00e4ller att alla f\u00f6r\u00e4ndringar i h\u00e4lsa eller l\u00e4kemedelsanv\u00e4ndning omedelbart \u00e5tg\u00e4rdas. Detta samarbetss\u00e4tt hj\u00e4lper till att optimera behandlingsresultat och uppr\u00e4tth\u00e5ller patients\u00e4kerheten under hela anv\u00e4ndningen av Cenforce.<\/p>\n<h2>Framtida utveckling inom Cenforce och liknande mediciner<\/h2>\n<p>Forskning om PDE5-h\u00e4mmare som Cenforce forts\u00e4tter att utvecklas, med forskare som utforskar nya formuleringar och leveransmetoder som kan \u00f6ka deras effektivitet och minska biverkningar. Framsteg inom bioteknik kan leda till mer personliga behandlingsalternativ som tillgodoser individuella genetiska profiler, vilket ytterligare f\u00f6rb\u00e4ttrar l\u00e4kemedlets effektivitet.<\/p>\n<p>Dessutom p\u00e5g\u00e5r det en p\u00e5g\u00e5ende unders\u00f6kning av de potentiella till\u00e4mpningarna av Cenforce ut\u00f6ver erektil dysfunktion och pulmonell arteriell hypertoni. N\u00e4r v\u00e5r f\u00f6rst\u00e5else f\u00f6r dessa mediciner v\u00e4xer kan de erbjuda nya terapeutiska m\u00f6jligheter, vilket breddar deras inverkan p\u00e5 patienternas h\u00e4lsa och livskvalitet.<\/p>\n","protected":false},"excerpt":{"rendered":"<p>N\u00e4r Cenforce ordineras och hur det fungerar Cenforce \u00e4r ett l\u00e4kemedel som ofta ordineras f\u00f6r [&hellip;]<\/p>\n","protected":false},"author":1,"featured_media":0,"parent":0,"menu_order":0,"comment_status":"closed","ping_status":"closed","template":"","meta":{"footnotes":""},"class_list":["post-39324","page","type-page","status-publish","hentry"],"_links":{"self":[{"href":"https:\/\/pematekfcvac.unisel.edu.my\/index.php?rest_route=\/wp\/v2\/pages\/39324","targetHints":{"allow":["GET"]}}],"collection":[{"href":"https:\/\/pematekfcvac.unisel.edu.my\/index.php?rest_route=\/wp\/v2\/pages"}],"about":[{"href":"https:\/\/pematekfcvac.unisel.edu.my\/index.php?rest_route=\/wp\/v2\/types\/page"}],"author":[{"embeddable":true,"href":"https:\/\/pematekfcvac.unisel.edu.my\/index.php?rest_route=\/wp\/v2\/users\/1"}],"replies":[{"embeddable":true,"href":"https:\/\/pematekfcvac.unisel.edu.my\/index.php?rest_route=%2Fwp%2Fv2%2Fcomments&post=39324"}],"version-history":[{"count":1,"href":"https:\/\/pematekfcvac.unisel.edu.my\/index.php?rest_route=\/wp\/v2\/pages\/39324\/revisions"}],"predecessor-version":[{"id":39325,"href":"https:\/\/pematekfcvac.unisel.edu.my\/index.php?rest_route=\/wp\/v2\/pages\/39324\/revisions\/39325"}],"wp:attachment":[{"href":"https:\/\/pematekfcvac.unisel.edu.my\/index.php?rest_route=%2Fwp%2Fv2%2Fmedia&parent=39324"}],"curies":[{"name":"wp","href":"https:\/\/api.w.org\/{rel}","templated":true}]}}