{"id":39340,"date":"2026-03-25T00:19:16","date_gmt":"2026-03-25T00:19:16","guid":{"rendered":"https:\/\/pematekfcvac.unisel.edu.my\/?page_id=39340"},"modified":"2026-03-25T00:19:16","modified_gmt":"2026-03-25T00:19:16","slug":"intelegerea-tadalista-super-active-si-utilizarile-sale","status":"publish","type":"page","link":"https:\/\/pematekfcvac.unisel.edu.my\/?page_id=39340","title":{"rendered":"\u00cen\u021belegerea Tadalista Super Active \u0219i utiliz\u0103rile sale"},"content":{"rendered":"<h1>Planificare de weekend cu Tadalista Super Active: calendar, mese \u0219i alcool<\/h1>\n<p>Planificarea unui weekend cu Tadalista Super Active implic\u0103 \u00een\u021belegerea timpului acestuia, a interac\u021biunilor dietetice \u0219i a modului \u00een care alcoolul \u00eei poate afecta eficacitatea.<\/p>\n<h2>\u00cen\u021belegerea Tadalista Super Active \u0219i utiliz\u0103rile sale<\/h2>\n<p>Tadalista Super Active este un medicament utilizat \u00een principal pentru a trata disfunc\u021bia erectil\u0103 (DE). Con\u021bine ingredientul activ Tadalafil, care apar\u021bine unei clase de medicamente cunoscute sub numele de inhibitori ai fosfodiesterazei de tip 5 (PDE5). Prin cre\u0219terea fluxului de s\u00e2nge c\u0103tre penis, Tadalista Super Active faciliteaz\u0103 ob\u021binerea \u0219i men\u021binerea unei erec\u021bii \u00een timpul stimul\u0103rii sexuale. Acest medicament este apreciat \u00een special pentru debutul s\u0103u rapid \u0219i durata prelungit\u0103 de ac\u021biune, ceea ce \u00eel face o alegere popular\u0103 pentru persoanele care caut\u0103 flexibilitate \u00een activitatea lor sexual\u0103.<\/p>\n<p>Spre deosebire de alte tratamente ED, Tadalista Super Active este formulat ca o capsul\u0103 de gel, conceput\u0103 pentru o absorb\u021bie mai rapid\u0103 \u00een fluxul sanguin. Aceast\u0103 formul\u0103 unic\u0103 \u00eei permite s\u0103 \u00eenceap\u0103 s\u0103 func\u021bioneze mai repede dec\u00e2t tabletele standard, f\u0103c\u00e2ndu-l ideal pentru utilizare spontan\u0103. Este important de re\u021binut c\u0103, de\u0219i Tadalista Super Active poate ajuta la ob\u021binerea unei erec\u021bii, nu vindec\u0103 disfunc\u021bia erectil\u0103 \u0219i nu cre\u0219te dorin\u021ba sexual\u0103. Ca \u0219i \u00een cazul oric\u0103rui medicament, acesta trebuie utilizat \u00een mod responsabil \u0219i \u00een consultare cu un furnizor de asisten\u021b\u0103 medical\u0103.<\/p>\n<h2>Momentul ideal pentru a lua Tadalista Super Active<\/h2>\n<p>Momentul de administrare a Tadalista Super Active este crucial pentru eficacitatea acestuia. \u00cen general, se recomand\u0103 s\u0103 lua\u021bi medicamentul cu aproximativ 30 de minute \u00eenainte de activitatea sexual\u0103 planificat\u0103. Acest lucru permite ca ingredientul activ, Tadalafil, s\u0103 fie absorbit \u00een fluxul sanguin \u0219i s\u0103 \u00eenceap\u0103 s\u0103 func\u021bioneze. Av\u00e2nd \u00een vedere absorb\u021bia sa rapid\u0103, mul\u021bi utilizatori constat\u0103 c\u0103 se pot bucura de beneficiile sale mai devreme dec\u00e2t cu alte medicamente ED.<\/p>\n<p>Mai mult, efectele Tadalista Super Active pot dura p\u00e2n\u0103 la 36 de ore, oferind o fereastr\u0103 considerabil\u0103 de oportunitate pentru activitatea sexual\u0103. Aceast\u0103 durat\u0103 prelungit\u0103 de ac\u021biune ofer\u0103 utilizatorilor o mai mare flexibilitate \u0219i mai pu\u021bin\u0103 presiune pentru a-\u0219i cronometra exact activit\u0103\u021bile. Cu toate acestea, este recomandabil s\u0103 nu lua\u021bi mai mult de o doz\u0103 \u00eentr-o perioad\u0103 de 24 de ore pentru a evita poten\u021biale efecte secundare sau supradozaj.<\/p>\n<h2>Cum afecteaz\u0103 mesele eficacitatea Tadalista Super Active<\/h2>\n<p>Spre deosebire de alte medicamente ED, Tadalista Super Active poate fi luat cu sau f\u0103r\u0103 alimente. Cu toate acestea, este important s\u0103 se ia \u00een considerare tipul \u0219i cantitatea de alimente consumate \u00een timpul lu\u0103rii medicamentului. O mas\u0103 grea, bogat\u0103 \u00een gr\u0103simi poate \u00eencetini absorb\u021bia tadalafilului, \u00eent\u00e2rziind poten\u021bial debutul s\u0103u de ac\u021biune. Prin urmare, poate fi benefic s\u0103 evita\u021bi mesele deosebit de bogate dac\u0103 inten\u021biona\u021bi s\u0103 utiliza\u021bi Tadalista Super Active la scurt timp dup\u0103 aceea.<\/p>\n<p>\u00cen schimb, o mas\u0103 u\u0219oar\u0103 poate s\u0103 nu afecteze \u00een mod semnificativ absorb\u021bia medicamentului, permi\u021b\u00e2ndu-i s\u0103 func\u021bioneze conform inten\u021biei. Utilizatorii ar trebui s\u0103 experimenteze cu ceea ce func\u021bioneaz\u0103 cel mai bine pentru ei, \u021bin\u00e2nd cont de r\u0103spunsul corpului lor la diferite tipuri de alimente. Men\u021binerea unei alimenta\u021bii echilibrate poate sus\u021bine, de asemenea, s\u0103n\u0103tatea general\u0103, care beneficiaz\u0103 indirect de performan\u021ba \u0219i satisfac\u021bia sexual\u0103.<\/p>\n<h2>Alimente recomandate atunci c\u00e2nd utiliza\u021bi Tadalista Super Active<\/h2>\n<p>Pentru rezultate optime cu Tadalista Super Active, \u00eencorporarea anumitor alimente \u00een dieta ta poate fi avantajoas\u0103. Alimentele bogate \u00een antioxidan\u021bi, cum ar fi fructele de p\u0103dure \u0219i legumele cu frunze verzi, pot \u00eembun\u0103t\u0103\u021bi s\u0103n\u0103tatea cardiovascular\u0103, ceea ce este benefic pentru func\u021bia erectil\u0103. \u00cen plus, alimentele bogate \u00een acizi gra\u0219i omega-3, cum ar fi somonul \u0219i nucile, sus\u021bin fluxul sanguin s\u0103n\u0103tos, care este crucial pentru eficacitatea Tadalista Super Active.<\/p>\n<p>Pe de alt\u0103 parte, poate fi prudent s\u0103 se limiteze aportul de alimente care sunt bogate \u00een gr\u0103simi trans \u0219i zaharuri, deoarece acestea pot avea un impact negativ asupra s\u0103n\u0103t\u0103\u021bii cardiovasculare \u0219i pot reduce eficacitatea medicamentului. Men\u021binerea unei diete bogate \u00een cereale integrale, proteine \u200b\u200bslabe \u0219i o varietate de fructe \u0219i legume poate sus\u021bine \u00een general eficacitatea Tadalista Super Active \u0219i poate contribui la un stil de via\u021b\u0103 s\u0103n\u0103tos.<\/p>\n<h2>Consumul de alcool \u0219i Tadalista Super Active: Ce trebuie s\u0103 \u0219ti\u021bi<\/h2>\n<p>Consumul de alcool poate afecta eficacitatea <a href=\"https:\/\/farmaciedirecta.com\/tadalista-super-activa-pret-online-fara-reteta\">Tadalista Super Activ\u0103 Cost<\/a> Tadalista Super Active \u00een mai multe moduri. \u00cen timp ce consumul moderat de alcool este \u00een general considerat sigur, consumul excesiv de alcool poate duce la o sc\u0103dere a eficacit\u0103\u021bii medicamentului. Alcoolul este un deprimant \u0219i poate afecta func\u021bia sexual\u0103 de la sine, contracar\u00e2nd poten\u021bial beneficiile Tadalista Super Active.<\/p>\n<p>\u00cen plus, alcoolul poate cre\u0219te riscul anumitor reac\u021bii adverse asociate cu Tadalista Super Active, cum ar fi ame\u021beli sau tensiune arterial\u0103 sc\u0103zut\u0103. Prin urmare, este recomandabil s\u0103 limita\u021bi consumul de alcool atunci c\u00e2nd inten\u021biona\u021bi s\u0103 utiliza\u021bi acest medicament, asigur\u00e2ndu-v\u0103 c\u0103 eficacitatea acestuia nu este compromis\u0103. \u00cen\u021belegerea propriei toleran\u021be \u0219i modul \u00een care alcoolul v\u0103 afecteaz\u0103 corpul v\u0103 poate ajuta s\u0103 lua\u021bi decizii informate.<\/p>\n<h2>Echilibrarea Tadalista Super Active cu b\u0103utura social\u0103<\/h2>\n<p>Mul\u021bi oameni se bucur\u0103 de b\u0103utura social\u0103 ca parte a activit\u0103\u021bilor lor de weekend \u0219i este posibil s\u0103 echilibra\u021bi acest lucru cu utilizarea Tadalista Super Active. Cheia este modera\u021bia. Consumul de una sau dou\u0103 b\u0103uturi este pu\u021bin probabil s\u0103 interfereze semnificativ cu performan\u021ba medicamentului, mai ales dac\u0103 e\u0219ti con\u0219tient de r\u0103spunsul organismului t\u0103u at\u00e2t la alcool, c\u00e2t \u0219i la Tadalista Super Active.<\/p>\n<p>Alegerea unor b\u0103uturi cu con\u021binut mai sc\u0103zut de alcool poate ajuta, de asemenea, la atenuarea oric\u0103ror poten\u021biale interac\u021biuni. Pentru cei preocupa\u021bi de men\u021binerea performan\u021belor optime, poate fi \u00een\u021belept s\u0103 alterna\u021bi b\u0103uturile alcoolice cu ap\u0103 sau b\u0103uturi nealcoolice. Proced\u00e2nd astfel, v\u0103 pute\u021bi bucura de \u00eent\u00e2lniri sociale f\u0103r\u0103 a compromite eficacitatea Tadalista Super Active.<\/p>\n<h2>Efecte secundare poten\u021biale \u0219i cum s\u0103 le gestiona\u021bi<\/h2>\n<p>Ca \u0219i \u00een cazul oric\u0103rui medicament, Tadalista Super Active poate provoca reac\u021bii adverse. Efectele secundare frecvente includ dureri de cap, \u00eenro\u0219irea fe\u021bei, congestia nazal\u0103 \u0219i indigestia. Acestea sunt de obicei u\u0219oare \u0219i tind s\u0103 se diminueze pe m\u0103sur\u0103 ce organismul se adapteaz\u0103 la medicamente. Men\u021binerea hidratat\u0103 \u0219i odihn\u0103 poate atenua unele dintre aceste simptome.<\/p>\n<p>\u00cen cazuri rare, pot ap\u0103rea reac\u021bii adverse mai grave, cum ar fi modific\u0103ri ale vederii, pierderea brusc\u0103 a auzului sau erec\u021bii prelungite care dureaz\u0103 mai mult de patru ore (priapism). Dac\u0103 apare oricare dintre acestea, este esen\u021bial s\u0103 solicita\u021bi imediat asisten\u021b\u0103 medical\u0103. Pentru a reduce riscul de efecte secundare, respecta\u021bi doza prescris\u0103 \u0219i consulta\u021bi-v\u0103 cu un furnizor de asisten\u021b\u0103 medical\u0103 dac\u0103 ave\u021bi orice afec\u021biune de baz\u0103 sau lua\u021bi alte medicamente.<\/p>\n<h2>Planific\u0103 un weekend romantic cu Tadalista Super Active<\/h2>\n<p>Un weekend romantic poate fi \u00eembun\u0103t\u0103\u021bit cu utilizarea strategic\u0103 a Tadalista Super Active. \u00cencepe\u021bi prin a lua \u00een considerare momentul activit\u0103\u021bilor dvs. \u0219i modul \u00een care medicamentul se \u00eencadreaz\u0103 \u00een programul dvs. Deoarece Tadalista Super Active ofer\u0103 o fereastr\u0103 generoas\u0103 de eficacitate, permite o abordare relaxat\u0103 \u0219i spontan\u0103 a intimit\u0103\u021bii.<\/p>\n<p>Lua\u021bi \u00een considerare crearea unui mediu care s\u0103 sus\u021bin\u0103 relaxarea \u0219i dragostea, cum ar fi planificarea activit\u0103\u021bilor captivante, cina la un restaurant preferat sau crearea unei atmosfere confortabile \u00een cazarea dvs. Prin alinierea utiliz\u0103rii Tadalista Super Active cu aceste elemente, v\u0103 pute\u021bi asigura c\u0103 weekendul dvs. este memorabil \u0219i satisf\u0103c\u0103tor pentru dvs. \u0219i partenerul dvs.<\/p>\n<h2>Sfaturi de siguran\u021b\u0103 pentru utilizarea Tadalista Super Active<\/h2>\n<p>Asigurarea siguran\u021bei \u00een timpul utiliz\u0103rii Tadalista Super Active este esen\u021bial\u0103. \u00cen primul r\u00e2nd, urma\u021bi \u00eentotdeauna instruc\u021biunile de dozare furnizate de furnizorul dumneavoastr\u0103 de asisten\u021b\u0103 medical\u0103. Evita\u021bi combinarea Tadalista Super Active cu al\u021bi inhibitori PDE5 sau medicamente similare, deoarece acest lucru poate cre\u0219te riscul de reac\u021bii adverse.<\/p>\n<p>De asemenea, este esen\u021bial s\u0103 fii con\u0219tient de eventualele interac\u021biuni cu alte medicamente pe care le po\u021bi lua. Informa\u021bi medicul despre toate medicamentele \u0219i suplimentele pe care le utiliza\u021bi pentru a evita orice interac\u021biuni d\u0103un\u0103toare. \u00cen plus, persoanele cu anumite afec\u021biuni de s\u0103n\u0103tate, cum ar fi boli severe de inim\u0103 sau tensiune arterial\u0103 sc\u0103zut\u0103, ar trebui s\u0103 consulte un furnizor de asisten\u021b\u0103 medical\u0103 \u00eenainte de a utiliza Tadalista Super Active pentru a evalua siguran\u021ba \u0219i adecvarea acestuia.<\/p>\n<h2>Experien\u021be \u0219i m\u0103rturii ale utilizatorilor<\/h2>\n<p>Mul\u021bi utilizatori Tadalista Super Active raporteaz\u0103 experien\u021be pozitive, subliniind debutul rapid \u0219i efectele de durat\u0103 ca beneficii majore. Utilizatorii apreciaz\u0103 comoditatea formei de capsule de gel, care este mai u\u0219or de \u00eenghi\u021bit \u0219i se pare c\u0103 ac\u021bioneaz\u0103 mai rapid \u00een compara\u021bie cu tabletele tradi\u021bionale.<\/p>\n<p>M\u0103rturiile men\u021bioneaz\u0103 adesea cre\u0219terea \u00eencrederii \u0219i satisfac\u021biei \u00een rela\u021biile lor sexuale, atribuind aceste \u00eembun\u0103t\u0103\u021biri fiabilit\u0103\u021bii \u0219i eficacit\u0103\u021bii Tadalista Super Active. \u00cen timp ce experien\u021bele individuale variaz\u0103, consensul general \u00een r\u00e2ndul utilizatorilor este c\u0103 medicamentul \u00eembun\u0103t\u0103\u021be\u0219te semnificativ \u00eent\u00e2lnirile intime.<\/p>\n<h2>Consulta\u021bi un medic \u00eenainte de a utiliza Tadalista Super Active<\/h2>\n<p>Consultarea unui profesionist din domeniul s\u0103n\u0103t\u0103\u021bii \u00eenainte de a \u00eencepe Tadalista Super Active este crucial\u0103. Un medic v\u0103 poate evalua starea de s\u0103n\u0103tate \u0219i poate determina dac\u0103 acest medicament este potrivit pentru dvs. Ele pot oferi, de asemenea, \u00eendrum\u0103ri cu privire la doza corect\u0103 \u0219i orice m\u0103suri de precau\u021bie necesare pe baza istoricului dumneavoastr\u0103 medical.<\/p>\n<p>\u00cen timpul consult\u0103rii, fi\u021bi deschis cu privire la orice afec\u021biuni de s\u0103n\u0103tate sau medicamentele pe care le lua\u021bi \u00een prezent. Aceste informa\u021bii sunt vitale pentru ca medicul s\u0103 ia o decizie informat\u0103 cu privire la utilizarea Tadalista Super Active. Urm\u0103ririle regulate v\u0103 pot ajuta, de asemenea, s\u0103 v\u0103 monitoriza\u021bi r\u0103spunsul la medicament \u0219i s\u0103 face\u021bi orice ajust\u0103ri necesare.<\/p>\n<h2>\u00centreb\u0103ri frecvente despre utilizarea Tadalista Super Active<\/h2>\n<p>\u00centreb\u0103rile frecvente despre Tadalista Super Active se \u00eenv\u00e2rt adesea \u00een jurul timpului, interac\u021biunilor dietetice \u0219i efectelor secundare. Utilizatorii \u00eentreab\u0103 frecvent c\u00e2t dureaz\u0103 medicamentul, r\u0103spunsul fiind de p\u00e2n\u0103 la 36 de ore, oferind o perioad\u0103 flexibil\u0103 pentru activitatea sexual\u0103.<\/p>\n<p>Alte \u00eentreb\u0103ri se pot referi la impactul alimentelor \u0219i alcoolului asupra eficacit\u0103\u021bii acestora. Dup\u0103 cum sa men\u021bionat, mesele grele \u0219i alcoolul excesiv \u00eei pot \u00eent\u00e2rzia sau reduce eficacitatea. \u00cen\u021belegerea acestor factori \u0219i modul \u00een care interac\u021bioneaz\u0103 cu medicamentul poate ajuta utilizatorii s\u0103-\u0219i maximizeze experien\u021ba cu Tadalista Super Active.<\/p>\n<h2>Alternative la Tadalista Super Active pentru planificarea weekendului<\/h2>\n<p>Pentru cei care caut\u0103 alternative la Tadalista Super Active, alte medicamente ED includ Viagra (Sildenafil), Levitra (Vardenafil) \u0219i Cialis (de asemenea Tadalafil, dar \u00eentr-o formul\u0103 diferit\u0103). Fiecare dintre acestea are propriet\u0103\u021bi unice \u00een ceea ce prive\u0219te timpul \u0219i durata de debut, permi\u021b\u00e2nd utilizatorilor s\u0103 aleag\u0103 \u00een func\u021bie de preferin\u021bele \u0219i nevoile lor.<\/p>\n<p>\u00cen plus, schimb\u0103rile stilului de via\u021b\u0103, cum ar fi exerci\u021biile regulate, o diet\u0103 s\u0103n\u0103toas\u0103 \u0219i reducerea stresului, pot \u00eembun\u0103t\u0103\u021bi func\u021bia erectil\u0103 \u0219i bun\u0103starea general\u0103. Pentru unele persoane, aceste ajust\u0103ri pot reduce cu totul nevoia de medicamente. Consultarea unui furnizor de asisten\u021b\u0103 medical\u0103 poate ajuta la determinarea celei mai potrivite abord\u0103ri pentru gestionarea disfunc\u021biei erectile.<\/p>\n<h2>Considera\u021bii pe termen lung pentru utilizarea Tadalista Super Active<\/h2>\n<p>Utilizarea pe termen lung a Tadalista Super Active necesit\u0103 o analiz\u0103 atent\u0103 a impactului s\u0103u asupra s\u0103n\u0103t\u0103\u021bii dumneavoastr\u0103. Controalele regulate la un furnizor de asisten\u021b\u0103 medical\u0103 pot asigura c\u0103 medicamentul r\u0103m\u00e2ne sigur \u0219i eficient pentru utilizare continu\u0103. Monitorizarea oric\u0103ror modific\u0103ri ale st\u0103rii de s\u0103n\u0103tate sau apari\u021bia reac\u021biilor adverse este esen\u021bial\u0103 pentru men\u021binerea beneficiilor acestuia.<\/p>\n<p>\u00cen plus, \u00een\u021belegerea necesit\u0103\u021bii poten\u021biale de ajust\u0103ri ale dozelor \u00een timp poate ajuta la adaptarea tratamentului la nevoile dumneavoastr\u0103 \u00een evolu\u021bie. Comunicarea deschis\u0103 cu medicul dumneavoastr\u0103 despre experien\u021bele dumneavoastr\u0103 \u0219i orice \u00eengrijorare poate duce la un plan de tratament mai eficient \u0219i satisf\u0103c\u0103tor. Ca \u0219i \u00een cazul oric\u0103rui medicament, utilizarea pe termen lung ar trebui ghidat\u0103 de sfaturi medicale profesionale pentru a asigura siguran\u021ba \u0219i eficacitatea.<\/p>\n","protected":false},"excerpt":{"rendered":"<p>Planificare de weekend cu Tadalista Super Active: calendar, mese \u0219i alcool Planificarea unui weekend cu [&hellip;]<\/p>\n","protected":false},"author":1,"featured_media":0,"parent":0,"menu_order":0,"comment_status":"closed","ping_status":"closed","template":"","meta":{"footnotes":""},"class_list":["post-39340","page","type-page","status-publish","hentry"],"_links":{"self":[{"href":"https:\/\/pematekfcvac.unisel.edu.my\/index.php?rest_route=\/wp\/v2\/pages\/39340","targetHints":{"allow":["GET"]}}],"collection":[{"href":"https:\/\/pematekfcvac.unisel.edu.my\/index.php?rest_route=\/wp\/v2\/pages"}],"about":[{"href":"https:\/\/pematekfcvac.unisel.edu.my\/index.php?rest_route=\/wp\/v2\/types\/page"}],"author":[{"embeddable":true,"href":"https:\/\/pematekfcvac.unisel.edu.my\/index.php?rest_route=\/wp\/v2\/users\/1"}],"replies":[{"embeddable":true,"href":"https:\/\/pematekfcvac.unisel.edu.my\/index.php?rest_route=%2Fwp%2Fv2%2Fcomments&post=39340"}],"version-history":[{"count":1,"href":"https:\/\/pematekfcvac.unisel.edu.my\/index.php?rest_route=\/wp\/v2\/pages\/39340\/revisions"}],"predecessor-version":[{"id":39341,"href":"https:\/\/pematekfcvac.unisel.edu.my\/index.php?rest_route=\/wp\/v2\/pages\/39340\/revisions\/39341"}],"wp:attachment":[{"href":"https:\/\/pematekfcvac.unisel.edu.my\/index.php?rest_route=%2Fwp%2Fv2%2Fmedia&parent=39340"}],"curies":[{"name":"wp","href":"https:\/\/api.w.org\/{rel}","templated":true}]}}