{"id":39352,"date":"2026-03-25T00:24:06","date_gmt":"2026-03-25T00:24:06","guid":{"rendered":"https:\/\/pematekfcvac.unisel.edu.my\/?page_id=39352"},"modified":"2026-03-25T00:24:06","modified_gmt":"2026-03-25T00:24:06","slug":"pochopenie-erektilnej-dysfunkcie-a-jej-pricin","status":"publish","type":"page","link":"https:\/\/pematekfcvac.unisel.edu.my\/?page_id=39352","title":{"rendered":"Pochopenie erektilnej dysfunkcie a jej pr\u00ed\u010din"},"content":{"rendered":"<h1>V\u00fdber lieku na ED online: porovnanie n\u00e1stupu, trvania a vhodnosti: vydanie, ktor\u00e9 b\u00fara m\u00fdty<\/h1>\n<p>Tento komplexn\u00fd sprievodca sk\u00fama zlo\u017eitos\u0165 v\u00fdberu spr\u00e1vneho lieku na erektiln\u00fa dysfunkciu online, b\u00fara m\u00fdty a poskytuje preh\u013ead o n\u00e1stupe, trvan\u00ed a vhodnosti.<\/p>\n<h2>Pochopenie erektilnej dysfunkcie a jej pr\u00ed\u010din<\/h2>\n<p>Erektiln\u00e1 dysfunkcia (ED) je be\u017en\u00fd stav, ktor\u00fd postihuje mili\u00f3ny mu\u017eov na celom svete. Je charakterizovan\u00e1 neschopnos\u0165ou dosiahnu\u0165 alebo udr\u017ea\u0165 erekciu dostato\u010dn\u00fa na uspokojiv\u00fd sexu\u00e1lny v\u00fdkon. Hoci sa m\u00f4\u017ee vyskytn\u00fa\u0165 v akomko\u013evek veku, \u010dastej\u0161ie sa vyskytuje u star\u0161\u00edch mu\u017eov. K n\u00e1stupu ED prispieva nieko\u013eko faktorov vr\u00e1tane fyzick\u00fdch stavov, ako je cukrovka, kardiovaskul\u00e1rne ochorenia a obezita, ako aj psychologick\u00fdch faktorov, ako je stres, \u00fazkos\u0165 a depresia.<\/p>\n<p>Pochopenie z\u00e1kladn\u00fdch pr\u00ed\u010din ED je rozhoduj\u00face pri ur\u010dovan\u00ed naj\u00fa\u010dinnej\u0161ej lie\u010dby. Vo\u013eby \u017eivotn\u00e9ho \u0161t\u00fdlu, ako je faj\u010denie a nadmern\u00e1 konzum\u00e1cia alkoholu, m\u00f4\u017eu tento stav zhor\u0161i\u0165. Podobne niektor\u00e9 lieky a oper\u00e1cie m\u00f4\u017eu prispie\u0165 k probl\u00e9mom s erekciou. Na identifik\u00e1ciu \u0161pecifickej pr\u00ed\u010diny a prisp\u00f4sobenie lie\u010dby je \u010dasto potrebn\u00e9 komplexn\u00e9 vy\u0161etrenie poskytovate\u013eom zdravotnej starostlivosti.<\/p>\n<h2>Preh\u013ead liekov ED dostupn\u00fdch online<\/h2>\n<p>Dostupnos\u0165 liekov na ED online sp\u00f4sobila revol\u00faciu v tom, ako mu\u017ei pristupuj\u00fa k lie\u010dbe. K dispoz\u00edcii je nieko\u013eko mo\u017enost\u00ed, ka\u017ed\u00e1 s odli\u0161n\u00fdm mechanizmom \u00fa\u010dinku. Najzn\u00e1mej\u0161ie s\u00fa inhib\u00edtory fosfodiester\u00e1zy typu 5 (PDE5), vr\u00e1tane sildenafilu (Viagra), tadalafilu (Cialis), vardenafilu (Levitra) a avanafilu (Stendra). Tieto lieky p\u00f4sobia tak, \u017ee zvy\u0161uj\u00fa prietok krvi do penisu, \u010d\u00edm u\u013eah\u010duj\u00fa erekciu ako odpove\u010f na sexu\u00e1lnu stimul\u00e1ciu.<\/p>\n<p>Okrem inhib\u00edtorov PDE5 s\u00fa dostupn\u00e9 aj in\u00e9 lie\u010dby, ako je alprostadil, ktor\u00fd sa m\u00f4\u017ee pod\u00e1va\u0165 ako injekcia alebo ako uretr\u00e1lny \u010dap\u00edk. Niektor\u00ed mu\u017ei m\u00f4\u017eu pova\u017eova\u0165 topick\u00e9 kr\u00e9my alebo alternat\u00edvne doplnky za pr\u00ed\u0165a\u017eliv\u00e9, hoci tieto mo\u017enosti zvy\u010dajne vy\u017eaduj\u00fa viac vedeck\u00e9ho overenia. Pre pou\u017e\u00edvate\u013eov je nevyhnutn\u00e9, aby sa poradili so zdravotn\u00edckymi pracovn\u00edkmi predt\u00fdm, ako sa rozhodn\u00fa pre \u0161pecifick\u00fa lie\u010dbu, aby sa zabezpe\u010dila jej \u00fa\u010dinnos\u0165 a bezpe\u010dnos\u0165.<\/p>\n<h2>Porovnanie \u010dasov n\u00e1stupu liekov na ED<\/h2>\n<p>Jedn\u00fdm z kritick\u00fdch faktorov pri v\u00fdbere lieku na ED je jeho \u010das n\u00e1stupu &#8211; ako r\u00fdchlo za\u010dne p\u00f4sobi\u0165 po po\u017eit\u00ed. Napr\u00edklad sildenafil zvy\u010dajne \u00fa\u010dinkuje do 30 a\u017e 60 min\u00fat. Tadalafil, na druhej strane, m\u00f4\u017ee trva\u0165 o nie\u010do dlh\u0161ie, pribli\u017ene 30 min\u00fat a\u017e 2 hodiny, ale pon\u00faka flexibilitu v\u010faka dlh\u0161iemu trvaniu \u00fa\u010dinku.<\/p>\n<p>Vardenafil m\u00e1 podobn\u00fd \u010das n\u00e1stupu ako sildenafil, \u010dasto sa prejav\u00ed v priebehu 30 a\u017e 60 min\u00fat. Avanafil je zn\u00e1my svojim r\u00fdchlym n\u00e1stupom, pri\u010dom \u00fa\u010dinky s\u00fa badate\u013en\u00e9 u\u017e za 15 min\u00fat. V\u00fdber lieku \u010dasto z\u00e1vis\u00ed od individu\u00e1lnych preferenci\u00ed a spont\u00e1nnosti sexu\u00e1lnej aktivity. Je d\u00f4le\u017eit\u00e9 poznamena\u0165, \u017ee tieto lieky vy\u017eaduj\u00fa sexu\u00e1lne vzru\u0161enie, aby boli \u00fa\u010dinn\u00e9.<\/p>\n<h2>Trvanie \u00fa\u010dinnosti: Kr\u00e1tkodob\u00e9 vs. dlhotrvaj\u00face lieky na ED<\/h2>\n<p>\u010eal\u0161\u00edm d\u00f4le\u017eit\u00fdm aspektom lie\u010dby ED je, ako dlho trvaj\u00fa \u00fa\u010dinky. Sildenafil a vardenafil zvy\u010dajne poskytuj\u00fa \u00fa\u013eavu pribli\u017ene \u0161tyri a\u017e \u0161es\u0165 hod\u00edn, v\u010faka \u010domu s\u00fa vhodn\u00e9 na pl\u00e1novan\u00e9 sexu\u00e1lne stretnutia. Avanafil pon\u00faka podobn\u00fa dobu trvania, ale s r\u00fdchlej\u0161\u00edm n\u00e1stupom, \u010d\u00edm vyhovuje t\u00fdm, ktor\u00ed h\u013eadaj\u00fa viac spont\u00e1nnosti.<\/p>\n<p>Tadalafil vynik\u00e1 pred\u013a\u017een\u00fdm trvan\u00edm a\u017e 36 hod\u00edn, \u010d\u00edm si vysl\u00fa\u017eil prez\u00fdvku &quot;v\u00edkendov\u00e1 tabletka.&quot; Toto roz\u0161\u00edren\u00e9 okno umo\u017e\u0148uje prirodzenej\u0161ie na\u010dasovanie sexu\u00e1lnej aktivity bez potreby presne na\u010dasova\u0165 u\u017e\u00edvanie lieku. V kone\u010dnom d\u00f4sledku by rozhodnutie medzi kr\u00e1tkodobou a dlhotrvaj\u00facou medik\u00e1ciou malo by\u0165 zalo\u017een\u00e9 na preferenci\u00e1ch \u017eivotn\u00e9ho \u0161t\u00fdlu a frekvencii sexu\u00e1lnej aktivity.<\/p>\n<h2>Faktory vhodnosti: Vek, zdravie a \u017eivotn\u00fd \u0161t\u00fdl<\/h2>\n<p>Pri v\u00fdbere lieku na ED <a href=\"https:\/\/slovenskolekaren.com\/\">https:\/\/slovenskolekaren.com\/<\/a> zohr\u00e1vaj\u00fa v\u00fdznamn\u00fa \u00falohu osobn\u00e9 faktory, ako je vek, celkov\u00fd zdravotn\u00fd stav a v\u00fdber \u017eivotn\u00e9ho \u0161t\u00fdlu. Star\u0161\u00ed jedinci alebo \u013eudia s chronick\u00fdmi zdravotn\u00fdmi probl\u00e9mami m\u00f4\u017eu ma\u0165 \u0161pecifick\u00e9 potreby alebo obmedzenia. Napr\u00edklad jedinci s kardiovaskul\u00e1rnymi probl\u00e9mami musia by\u0165 opatrn\u00ed pri pou\u017e\u00edvan\u00ed liekov na ED kv\u00f4li potenci\u00e1lnym interakci\u00e1m s liekmi na srdce.<\/p>\n<p>Faktory \u017eivotn\u00e9ho \u0161t\u00fdlu, ako je strava a cvi\u010denie, tie\u017e ovplyv\u0148uj\u00fa \u00fa\u010dinnos\u0165 t\u00fdchto lie\u010debn\u00fdch postupov. Obezita a sedav\u00fd \u017eivotn\u00fd \u0161t\u00fdl m\u00f4\u017eu prispie\u0165 k ED, ale zlep\u0161enie t\u00fdchto oblast\u00ed m\u00f4\u017ee zv\u00fd\u0161i\u0165 \u00fa\u010dinnos\u0165 liekov. D\u00f4kladn\u00e1 konzult\u00e1cia s poskytovate\u013eom zdravotnej starostlivosti m\u00f4\u017ee pom\u00f4c\u0165 ur\u010di\u0165 najvhodnej\u0161\u00ed liek na z\u00e1klade t\u00fdchto individu\u00e1lnych faktorov.<\/p>\n<h2>Be\u017en\u00e9 m\u00fdty o liekoch na ED boli vyvr\u00e1ten\u00e9<\/h2>\n<p>Okolo liekov na ED existuje mno\u017estvo m\u00fdtov, ktor\u00e9 s\u00fa udr\u017eiavan\u00e9 dezinform\u00e1ciami a stigmatiz\u00e1ciou. Jednou z be\u017en\u00fdch myln\u00fdch predst\u00e1v je, \u017ee tieto lieky m\u00f4\u017eu sp\u00f4sobi\u0165 erekciu bez sexu\u00e1lneho vzru\u0161enia. V skuto\u010dnosti lieky na ED vy\u017eaduj\u00fa sexu\u00e1lnu stimul\u00e1ciu, aby boli \u00fa\u010dinn\u00e9.<\/p>\n<p>\u010eal\u0161\u00edm m\u00fdtom je, \u017ee lieky na ED s\u00fa n\u00e1vykov\u00e9 alebo m\u00f4\u017eu by\u0165 pou\u017eit\u00e9 rekrea\u010dne na zv\u00fd\u0161enie sexu\u00e1lnej v\u00fdkonnosti u \u013eud\u00ed bez ED. Tieto presved\u010denia s\u00fa nepodlo\u017een\u00e9 a m\u00f4\u017eu vies\u0165 k zneu\u017eitiu liekov, \u010do m\u00f4\u017ee sp\u00f4sobi\u0165 zdravotn\u00e9 rizik\u00e1. Je d\u00f4le\u017eit\u00e9 pristupova\u0165 k t\u00fdmto liekom s jasn\u00fdm pochopen\u00edm ich \u00fa\u010delu a obmedzen\u00ed.<\/p>\n<h2>Bezpe\u010dnos\u0165 a ved\u013eaj\u0161ie \u00fa\u010dinky: \u010co m\u00f4\u017eete o\u010dak\u00e1va\u0165<\/h2>\n<p>Zatia\u013e \u010do lieky na ED s\u00fa vo v\u0161eobecnosti bezpe\u010dn\u00e9 pre v\u00e4\u010d\u0161inu pou\u017e\u00edvate\u013eov, m\u00f4\u017eu sp\u00f4sobi\u0165 ved\u013eaj\u0161ie \u00fa\u010dinky. \u010cast\u00e9 ved\u013eaj\u0161ie \u00fa\u010dinky zah\u0155\u0148aj\u00fa bolesti hlavy, n\u00e1valy hor\u00fa\u010davy, upchat\u00fd nos a z\u00e1vraty. Tieto s\u00fa zvy\u010dajne mierne a prechodn\u00e9. Z\u00e1va\u017enej\u0161ie ved\u013eaj\u0161ie \u00fa\u010dinky, ako s\u00fa zmeny videnia alebo priapizmus (pred\u013a\u017een\u00e1 erekcia), s\u00fa zriedkav\u00e9, ale vy\u017eaduj\u00fa si okam\u017eit\u00fa lek\u00e1rsku pomoc.<\/p>\n<p>Je d\u00f4le\u017eit\u00e9, aby si u\u017e\u00edvatelia boli vedom\u00ed potenci\u00e1lnych interakci\u00ed s in\u00fdmi liekmi, najm\u00e4 s dusi\u010dnanmi pou\u017e\u00edvan\u00fdmi na srdcov\u00e9 ochorenia, ktor\u00e9 m\u00f4\u017eu vies\u0165 k nebezpe\u010dn\u00fdm poklesom krvn\u00e9ho tlaku. Konzult\u00e1cia s poskytovate\u013eom zdravotnej starostlivosti pred za\u010dat\u00edm akejko\u013evek lie\u010dby ED je nevyhnutn\u00e1 na minimaliz\u00e1ciu riz\u00edk a zaistenie bezpe\u010dn\u00e9ho pou\u017e\u00edvania.<\/p>\n<h2>\u00daloha online konzult\u00e1ci\u00ed pri v\u00fdbere medic\u00edny ED<\/h2>\n<p>Online konzult\u00e1cie sa stali neoddelite\u013enou s\u00fa\u010das\u0165ou pr\u00edstupu k lie\u010dbe ED. Pon\u00fakaj\u00fa pohodln\u00fd a diskr\u00e9tny sp\u00f4sob, ako m\u00f4\u017eu jednotlivci prediskutova\u0165 svoje sympt\u00f3my a anamn\u00e9zu s kvalifikovan\u00fdmi zdravotn\u00edckymi pracovn\u00edkmi. Tieto konzult\u00e1cie zvy\u010dajne zah\u0155\u0148aj\u00fa zodpovedanie s\u00e9rie ot\u00e1zok na pos\u00fadenie vhodnosti lie\u010dby ED.<\/p>\n<p>Vyu\u017eit\u00edm platforiem telemedic\u00edny m\u00f4\u017eu mu\u017ei dost\u00e1va\u0165 recepty bez potreby osobnej n\u00e1v\u0161tevy, \u010do \u0161etr\u00ed \u010das a zni\u017euje potenci\u00e1lne rozpaky. Je v\u0161ak d\u00f4le\u017eit\u00e9 zabezpe\u010di\u0165, aby bola slu\u017eba online legit\u00edmna a aby konzult\u00e1cie vykon\u00e1vali licencovan\u00ed odborn\u00edci, aby sa zaru\u010dila bezpe\u010dnos\u0165 a \u00fa\u010dinnos\u0165 predp\u00edsanej lie\u010dby.<\/p>\n<h2>Pr\u00e1vne aspekty pri n\u00e1kupe ED Medicine online<\/h2>\n<p>N\u00e1kup liekov na ED online zah\u0155\u0148a nieko\u013eko pr\u00e1vnych \u00favah. Je nevyhnutn\u00e9 zabezpe\u010di\u0165, aby lek\u00e1re\u0148 mala licenciu a fungovala v pr\u00e1vnom r\u00e1mci krajiny kupuj\u00faceho. Na mnoh\u00fdch miestach je na leg\u00e1lny n\u00e1kup t\u00fdchto liekov potrebn\u00fd predpis od licencovan\u00e9ho poskytovate\u013ea zdravotnej starostlivosti.<\/p>\n<p>Neleg\u00e1lne online lek\u00e1rne m\u00f4\u017eu pon\u00faka\u0165 falo\u0161n\u00e9 lieky, ktor\u00e9 m\u00f4\u017eu by\u0165 ne\u00fa\u010dinn\u00e9 alebo dokonca \u0161kodliv\u00e9. Kupuj\u00faci by si mali d\u00e1va\u0165 pozor na webov\u00e9 str\u00e1nky pon\u00fakaj\u00face lieky bez lek\u00e1rskeho predpisu alebo za v\u00fdrazne ni\u017e\u0161ie ceny ako \u0161tandardn\u00e9, preto\u017ee \u010dasto ide o varovn\u00e9 sign\u00e1ly pre podvodn\u00e9 oper\u00e1cie.<\/p>\n<h2>Ako identifikova\u0165 legit\u00edmne online lek\u00e1rne na lieky na ED<\/h2>\n<p>Na zabezpe\u010denie bezpe\u010dn\u00e9ho n\u00e1kupu liekov na ED online je k\u013e\u00fa\u010dov\u00e1 identifik\u00e1cia legit\u00edmnych lek\u00e1rn\u00ed. Autentick\u00e9 online lek\u00e1rne bud\u00fa vy\u017eadova\u0165 lek\u00e1rsky predpis a na konzult\u00e1cie bud\u00fa ma\u0165 k dispoz\u00edcii licencovan\u00e9ho lek\u00e1rnika. Mali by poskytn\u00fa\u0165 jasn\u00e9 kontaktn\u00e9 inform\u00e1cie vr\u00e1tane fyzickej adresy a telef\u00f3nneho \u010d\u00edsla.<\/p>\n<p>Overenie legit\u00edmnosti m\u00f4\u017ee pom\u00f4c\u0165 aj kontrola certifik\u00e1cie od uzn\u00e1van\u00fdch \u00faradov lek\u00e1rn\u00ed alebo \u00faradov. Z\u00e1kazn\u00edcke recenzie a referencie m\u00f4\u017eu poskytn\u00fa\u0165 \u010fal\u0161\u00ed poh\u013ead na spo\u013eahlivos\u0165 a kvalitu slu\u017eieb lek\u00e1rne. Dodr\u017ean\u00edm t\u00fdchto opatren\u00ed m\u00f4\u017eu kupuj\u00faci minimalizova\u0165 riziko n\u00e1kupu falo\u0161n\u00fdch alebo nebezpe\u010dn\u00fdch liekov.<\/p>\n<h2>Porovnanie n\u00e1kladov: n\u00e1kupy online v porovnan\u00ed s tradi\u010dn\u00fdmi lek\u00e1r\u0148ami<\/h2>\n<p>Jednou z v\u00fdhod n\u00e1kupu liekov na ED online je potenci\u00e1lna \u00faspora n\u00e1kladov. Online lek\u00e1rne \u010dasto pon\u00fakaj\u00fa konkuren\u010dn\u00e9 ceny z d\u00f4vodu ni\u017e\u0161\u00edch re\u017eijn\u00fdch n\u00e1kladov a m\u00f4\u017eu poskytova\u0165 z\u013eavy na hromadn\u00e9 n\u00e1kupy alebo predplatn\u00e9.<\/p>\n<p>Je v\u0161ak d\u00f4le\u017eit\u00e9 zv\u00e1\u017ei\u0165 tieto \u00faspory a potenci\u00e1lne rizik\u00e1 n\u00e1kupu z nelegit\u00edmnych zdrojov. Tradi\u010dn\u00e9 lek\u00e1rne, aj ke\u010f s\u00fa mo\u017eno drah\u0161ie, pon\u00fakaj\u00fa osobn\u00e9 konzult\u00e1cie a okam\u017eit\u00fd pr\u00edstup k liekom, \u010do m\u00f4\u017ee by\u0165 pre za\u010d\u00ednaj\u00facich pou\u017e\u00edvate\u013eov upokojuj\u00face.<\/p>\n<h2>U\u017e\u00edvate\u013esk\u00e9 recenzie a referencie: \u010co v\u00e1m m\u00f4\u017eu poveda\u0165<\/h2>\n<p>U\u017e\u00edvate\u013esk\u00e9 recenzie a posudky m\u00f4\u017eu poskytn\u00fa\u0165 cenn\u00e9 inform\u00e1cie o \u00fa\u010dinnosti a pou\u017e\u00edvate\u013esk\u00fdch sk\u00fasenostiach r\u00f4znych liekov na ED. M\u00f4\u017eu zd\u00f4razni\u0165 be\u017en\u00e9 ved\u013eaj\u0161ie \u00fa\u010dinky a skuto\u010dn\u00fd n\u00e1stup a trvanie \u00fa\u010dinkov, \u010do pom\u00e1ha potenci\u00e1lnym pou\u017e\u00edvate\u013eom robi\u0165 informovan\u00e9 rozhodnutia.<\/p>\n<p>Je v\u0161ak d\u00f4le\u017eit\u00e9 pristupova\u0165 k recenzi\u00e1m s kritick\u00fdm poh\u013eadom, preto\u017ee individu\u00e1lne sk\u00fasenosti sa m\u00f4\u017eu zna\u010dne l\u00ed\u0161i\u0165. Overen\u00e9 recenzie z renomovan\u00fdch zdrojov alebo f\u00f3r zameran\u00fdch na zdravie mu\u017eov s\u00fa vo v\u0161eobecnosti spo\u013eahlivej\u0161ie ako anonymn\u00e9 online koment\u00e1re. Zhroma\u017eden\u00edm r\u00f4znych poh\u013eadov m\u00f4\u017eu pou\u017e\u00edvatelia lep\u0161ie pochopi\u0165 potenci\u00e1lne v\u00fdhody a nev\u00fdhody zvolenej lie\u010dby.<\/p>\n<h2>Alternat\u00edvna lie\u010dba ED: Beyond Medikation<\/h2>\n<p>Zatia\u013e \u010do lieky s\u00fa be\u017enou lie\u010dbou ED, dostupn\u00e9 s\u00fa aj alternat\u00edvne terapie. \u00dapravy \u017eivotn\u00e9ho \u0161t\u00fdlu, ako je vylep\u0161en\u00e1 strava, pravideln\u00e9 cvi\u010denie a zvl\u00e1danie stresu, m\u00f4\u017eu v\u00fdrazne ovplyvni\u0165 erektiln\u00fa funkciu. Poradenstvo alebo terapia m\u00f4\u017ee oslovi\u0165 psychologick\u00fdch prispievate\u013eov k ED a zlep\u0161i\u0165 celkov\u00e9 sexu\u00e1lne zdravie.<\/p>\n<p>Okrem toho zariadenia, ako s\u00fa v\u00e1kuov\u00e9 erek\u010dn\u00e9 pumpy alebo peniln\u00e9 implant\u00e1ty, s\u00fa \u017eivotaschopn\u00fdmi mo\u017enos\u0165ami pre t\u00fdch, ktor\u00ed nereaguj\u00fa na lieky. K pr\u00edrodn\u00fdm doplnkom, hoci s\u00fa popul\u00e1rne, by sa malo pristupova\u0165 opatrne kv\u00f4li r\u00f4znym profilom \u00fa\u010dinnosti a bezpe\u010dnosti. V\u017edy sa odpor\u00fa\u010da prediskutova\u0165 alternat\u00edvne sp\u00f4soby lie\u010dby s poskytovate\u013eom zdravotnej starostlivosti, aby ste sa uistili, \u017ee s\u00fa vhodn\u00e9 a \u00fa\u010dinn\u00e9.<\/p>\n<h2>Bud\u00face trendy v lie\u010dbe ED a online dostupnos\u0165<\/h2>\n<p>Oblas\u0165 lie\u010dby ED sa neust\u00e1le vyv\u00edja a prebieha v\u00fdskum nov\u00fdch liekov a met\u00f3d pod\u00e1vania. Inov\u00e1cie, ako s\u00fa rozpustn\u00e9 tablety alebo r\u00fdchlo p\u00f4sobiace g\u00e9ly, s\u00fa vo v\u00fdvoji, ktor\u00fdch cie\u013eom je zv\u00fd\u0161i\u0165 pohodlie a \u00fa\u010dinnos\u0165. Pokroky v telemedic\u00edne tie\u017e roz\u0161iruj\u00fa dostupnos\u0165 lie\u010dby ED na celom svete.<\/p>\n<p>Ako technol\u00f3gia postupuje, personalizovan\u00e1 medic\u00edna prisp\u00f4soben\u00e1 individu\u00e1lnym genetick\u00fdm profilom m\u00f4\u017ee sp\u00f4sobi\u0165 revol\u00faciu v sp\u00f4sobe lie\u010dby ED a pon\u00faka presnej\u0161ie a efekt\u00edvnej\u0161ie rie\u0161enia. Rast\u00faca integr\u00e1cia AI do zdravotnej starostlivosti m\u00f4\u017ee \u010falej zefekt\u00edvni\u0165 proces diagnostiky a predpisovania lie\u010dby, \u010d\u00edm sa mu\u017eom u\u013eah\u010d\u00ed pr\u00edstup k pomoci, ktor\u00fa potrebuj\u00fa.<\/p>\n","protected":false},"excerpt":{"rendered":"<p>V\u00fdber lieku na ED online: porovnanie n\u00e1stupu, trvania a vhodnosti: vydanie, ktor\u00e9 b\u00fara m\u00fdty Tento [&hellip;]<\/p>\n","protected":false},"author":1,"featured_media":0,"parent":0,"menu_order":0,"comment_status":"closed","ping_status":"closed","template":"","meta":{"footnotes":""},"class_list":["post-39352","page","type-page","status-publish","hentry"],"_links":{"self":[{"href":"https:\/\/pematekfcvac.unisel.edu.my\/index.php?rest_route=\/wp\/v2\/pages\/39352","targetHints":{"allow":["GET"]}}],"collection":[{"href":"https:\/\/pematekfcvac.unisel.edu.my\/index.php?rest_route=\/wp\/v2\/pages"}],"about":[{"href":"https:\/\/pematekfcvac.unisel.edu.my\/index.php?rest_route=\/wp\/v2\/types\/page"}],"author":[{"embeddable":true,"href":"https:\/\/pematekfcvac.unisel.edu.my\/index.php?rest_route=\/wp\/v2\/users\/1"}],"replies":[{"embeddable":true,"href":"https:\/\/pematekfcvac.unisel.edu.my\/index.php?rest_route=%2Fwp%2Fv2%2Fcomments&post=39352"}],"version-history":[{"count":1,"href":"https:\/\/pematekfcvac.unisel.edu.my\/index.php?rest_route=\/wp\/v2\/pages\/39352\/revisions"}],"predecessor-version":[{"id":39353,"href":"https:\/\/pematekfcvac.unisel.edu.my\/index.php?rest_route=\/wp\/v2\/pages\/39352\/revisions\/39353"}],"wp:attachment":[{"href":"https:\/\/pematekfcvac.unisel.edu.my\/index.php?rest_route=%2Fwp%2Fv2%2Fmedia&parent=39352"}],"curies":[{"name":"wp","href":"https:\/\/api.w.org\/{rel}","templated":true}]}}