{"id":39388,"date":"2026-03-25T00:33:11","date_gmt":"2026-03-25T00:33:11","guid":{"rendered":"https:\/\/pematekfcvac.unisel.edu.my\/?page_id=39388"},"modified":"2026-03-25T00:33:11","modified_gmt":"2026-03-25T00:33:11","slug":"cialis-super-active-mita-sinun-tulee-tietaa","status":"publish","type":"page","link":"https:\/\/pematekfcvac.unisel.edu.my\/?page_id=39388","title":{"rendered":"Cialis Super Active: mit\u00e4 sinun tulee tiet\u00e4\u00e4"},"content":{"rendered":"<h1>Viikonlopun suunnittelu Cialis Super Activen kanssa: ajoitus, ateriat ja alkoholi<\/h1>\n<p>Cialis Super Active tarjoaa joustavan ja tehokkaan ratkaisun erektioh\u00e4iri\u00f6\u00f6n, mutta sen ajoituksen, ruokavalion vuorovaikutusten ja alkoholin k\u00e4yt\u00f6n ymm\u00e4rt\u00e4minen on ratkaisevan t\u00e4rke\u00e4\u00e4 optimaalisten tulosten saavuttamiseksi romanttisen viikonlopun aikana.<\/p>\n<h2>Cialis Super Active: mit\u00e4 sinun tulee tiet\u00e4\u00e4<\/h2>\n<p>Cialis Super Active on tehokas l\u00e4\u00e4ke, joka on suunniteltu erektioh\u00e4iri\u00f6iden (ED) hoitoon. Se on edistyneempi versio suositusta Cialis-br\u00e4ndist\u00e4, joka on suunniteltu toimimaan nopeammin ja tarjoamaan pidemp\u00e4\u00e4n kest\u00e4vi\u00e4 vaikutuksia. Ensisijainen vaikuttava aine on tadalafiili, fosfodiesteraasityypin 5 (PDE5) est\u00e4j\u00e4, joka auttaa lis\u00e4\u00e4m\u00e4\u00e4n verenkiertoa penikseen ja helpottaa erektiota yhdistettyn\u00e4 seksuaaliseen stimulaatioon.<\/p>\n<p>T\u00e4m\u00e4 l\u00e4\u00e4ke on saatavana pehme\u00e4n\u00e4 geelikapselina, joka mahdollistaa nopeamman imeytymisen verenkiertoon perinteisiin tabletteihin verrattuna. T\u00e4m\u00e4n nopean alkamisen ansiosta Cialis Super Active on ensisijainen valinta monille, jotka haluavat s\u00e4ilytt\u00e4\u00e4 spontaanisuuden intiimeiss\u00e4 kohtaamisissaan. Sen k\u00e4ytt\u00f6\u00e4 on kuitenkin harkittava huolellisesti kiinnitt\u00e4en huomiota tekij\u00f6ihin, kuten ajoitukseen, aterioihin ja alkoholin nauttimiseen.<\/p>\n<h2>Optimaalinen ajoitus Cialis Super Activen ottamiseen<\/h2>\n<p>Ratkaiseva osa Cialis Super Activen tehokkaassa k\u00e4yt\u00f6ss\u00e4 on optimaalisen l\u00e4\u00e4kkeen oton ajoituksen ymm\u00e4rt\u00e4minen. On suositeltavaa ottaa kapseli noin 15-30 minuuttia ennen seksiin ryhtymist\u00e4. T\u00e4m\u00e4 ajoitus mahdollistaa l\u00e4\u00e4kkeen imeytymisen tehokkaasti ja alkaa toimia tarkoitetulla tavalla.<\/p>\n<p>Toisin kuin muut tiukkaa aikataulua vaativat ED-l\u00e4\u00e4kkeet, Cialis Super Active tarjoaa joustavuutta, sill\u00e4 sen vaikutukset voivat kest\u00e4\u00e4 jopa 36 tuntia. T\u00e4m\u00e4 pidennetty kesto mahdollistaa rennomman l\u00e4hestymistavan l\u00e4heisyyteen, jolloin pariskunnat voivat suunnitella toimintaansa koko viikonlopun ajan ilman v\u00e4lit\u00f6nt\u00e4 ajoituksen painetta.<\/p>\n<h2>Kuinka Cialis Super Active toimii ja sen edut<\/h2>\n<p>Cialis Super Active toimii est\u00e4m\u00e4ll\u00e4 PDE5-entsyymi\u00e4, joka on vastuussa verenkierron s\u00e4\u00e4telyst\u00e4 peniksess\u00e4. Salpaamalla t\u00e4m\u00e4n entsyymin l\u00e4\u00e4kitys tehostaa luonnollista erektiovastetta seksuaaliseen stimulaatioon ja varmistaa kiinte\u00e4n ja pitk\u00e4kestoisen erektion.<\/p>\n<p>Yksi Cialis Super Activen merkitt\u00e4vist\u00e4 eduista on sen kyky yll\u00e4pit\u00e4\u00e4 tehokkuutta pidemm\u00e4n ajan verrattuna muihin ED-hoitoihin. T\u00e4m\u00e4 laajennettu mahdollisuus on erityisen edullinen k\u00e4ytt\u00e4jille, jotka haluavat nauttia spontaaneista ja tihe\u00e4mm\u00e4st\u00e4 seksuaalisesta toiminnasta ilman lis\u00e4annostuksia.<\/p>\n<h2>Ateriaa koskevia n\u00e4k\u00f6kohtia k\u00e4ytett\u00e4ess\u00e4 Cialis Super Activea<\/h2>\n<p>Vaikka Cialis Super Active tunnetaan nopeasta imeytymisest\u00e4, ruoan l\u00e4sn\u00e4olo mahalaukussa voi vaikuttaa sen tehoon. Kevyet ateriat tai v\u00e4lipalat ovat yleens\u00e4 hyv\u00e4ksytt\u00e4vi\u00e4, mutta on suositeltavaa v\u00e4ltt\u00e4\u00e4 runsasta ruuan sy\u00f6mist\u00e4 l\u00e4hell\u00e4 kulutusajankohtaa.<\/p>\n<p>Tasapainoinen ruokavalio ei ainoastaan \u200b\u200btue yleist\u00e4 terveytt\u00e4, vaan my\u00f6s optimoi ED-l\u00e4\u00e4kityksen tehokkuutta. Romanttista iltaa suunnitteleville v\u00e4h\u00e4rasvaisia \u200b\u200bproteiineja ja kasviksia sis\u00e4lt\u00e4v\u00e4 ateria voi t\u00e4ydent\u00e4\u00e4 Cialis Super Activen k\u00e4ytt\u00f6\u00e4 est\u00e4m\u00e4tt\u00e4 sen imeytymist\u00e4.<\/p>\n<h2>Rasvaisen aterian vaikutukset Cialis Super Activessa<\/h2>\n<p>Runsasrasvaisen aterian nauttiminen ennen Cialis Super Activen ottamista tai pian sen j\u00e4lkeen voi hidastaa l\u00e4\u00e4kkeen tehoa. Rasvat voivat hidastaa ruoansulatusta ja imeytymist\u00e4, mik\u00e4 saattaa v\u00e4hent\u00e4\u00e4 l\u00e4\u00e4kkeen tehoa haluttuun aikaan.<\/p>\n<p>Parhaan tuloksen saavuttamiseksi on suositeltavaa <a href=\"https:\/\/helppoapteekki.com\/ostaa-cialis-super-active-ilman-reseptia\">https:\/\/helppoapteekki.com\/ostaa-cialis-super-active-ilman-reseptia<\/a> ajoittaa raskaammat ateriat eri aikaan vuorokaudesta ja varmistaa, ett\u00e4 l\u00e4\u00e4ke otetaan tyhj\u00e4\u00e4n tai kevyesti t\u00e4ytettyyn vatsaan. T\u00e4m\u00e4 l\u00e4hestymistapa auttaa yll\u00e4pit\u00e4m\u00e4\u00e4n Cialis Super Activen tunnetun nopean toiminnan alkamisen, jolloin k\u00e4ytt\u00e4j\u00e4t voivat nauttia sen kaikista eduista ilman tarpeettomia viivytyksi\u00e4.<\/p>\n<h2>Alkoholin kulutus ja Cialis Super Active: mit\u00e4 tulee v\u00e4ltt\u00e4\u00e4<\/h2>\n<p>Vaikka maltillista alkoholink\u00e4ytt\u00f6\u00e4 pidet\u00e4\u00e4n usein turvallisena, on t\u00e4rke\u00e4\u00e4 olla varovainen, kun sit\u00e4 yhdistet\u00e4\u00e4n Cialis Super Activen kanssa. Liiallinen juominen voi lis\u00e4t\u00e4 sivuvaikutusten, kuten huimauksen, p\u00e4\u00e4ns\u00e4ryn tai verenpaineen laskun, todenn\u00e4k\u00f6isyytt\u00e4.<\/p>\n<p>Alkoholi on masennusl\u00e4\u00e4ke, ja suurina m\u00e4\u00e4rin\u00e4 se voi torjua ED-l\u00e4\u00e4kityksen vaikutuksia. Nautinnollisen ja turvallisen kokemuksen varmistamiseksi k\u00e4ytt\u00e4jien tulee rajoittaa alkoholin saantiaan ja pysy\u00e4 nesteytettyn\u00e4 tasapainottamalla alkoholipitoiset juomat veden tai alkoholittomien vaihtoehtojen kanssa.<\/p>\n<h2>Cialis Super Activen yleisten sivuvaikutusten hallinta<\/h2>\n<p>Kuten kaikki l\u00e4\u00e4kkeet, Cialis Super Active voi aiheuttaa haittavaikutuksia joillekin henkil\u00f6ille. Yleisi\u00e4 sivuvaikutuksia ovat p\u00e4\u00e4ns\u00e4rky, ruoansulatush\u00e4iri\u00f6t, selk\u00e4kipu ja punoitus. N\u00e4m\u00e4 oireet ovat tyypillisesti lievi\u00e4 ja h\u00e4vi\u00e4v\u00e4t ilman toimenpiteit\u00e4.<\/p>\n<p>Tapauksissa, joissa sivuvaikutukset jatkuvat tai niist\u00e4 tulee kiusallisia, k\u00e4ytt\u00e4jien tulee neuvotella terveydenhuollon ammattilaisten kanssa. Annoksen tai ajoituksen muuttaminen voi lievitt\u00e4\u00e4 n\u00e4it\u00e4 ongelmia, mik\u00e4 mahdollistaa l\u00e4\u00e4kkeen k\u00e4yt\u00f6n jatkamisen ilman ep\u00e4mukavuutta.<\/p>\n<h2>Cialis Super Activen ja muiden l\u00e4\u00e4kkeiden v\u00e4liset vuorovaikutukset<\/h2>\n<p>On t\u00e4rke\u00e4\u00e4 olla tietoinen mahdollisista yhteisvaikutuksista Cialis Super Activen ja muiden l\u00e4\u00e4kkeiden v\u00e4lill\u00e4. Jotkut l\u00e4\u00e4kkeet, erityisesti syd\u00e4nsairauksiin k\u00e4ytett\u00e4v\u00e4t nitraatit, voivat aiheuttaa vaarallisia verenpaineen laskuja, kun niit\u00e4 k\u00e4ytet\u00e4\u00e4n tadalafiilin kanssa.<\/p>\n<p>Ennen Cialis Super Activen aloittamista ihmisten tulee toimittaa terveydenhuollon tarjoajilleen t\u00e4ydellinen luettelo k\u00e4ytt\u00e4mist\u00e4\u00e4n l\u00e4\u00e4kkeist\u00e4 ja lis\u00e4ravinteista. N\u00e4m\u00e4 tiedot mahdollistavat perusteellisen arvioinnin mahdollisista yhteisvaikutuksista ja takaavat l\u00e4\u00e4kkeen turvallisen k\u00e4yt\u00f6n.<\/p>\n<h2>Suunnittele romanttinen viikonloppu Cialis Super Activen kanssa<\/h2>\n<p>Romanttisen viikonlopun suunnitteleminen Cialis Super Activen k\u00e4yt\u00f6n aikana voi parantaa molempien kumppanien kokemusta. Pidentynyt toiminnan kesto mahdollistaa joustavuuden intiimien hetkien ajoittamisessa ja varmistaa, ett\u00e4 romantiikka menee ajoitusrajoitusten edelle.<\/p>\n<p>Saadakseen kaiken irti viikonlopusta pariskunnat voivat osallistua toimintaan, joka edist\u00e4\u00e4 yhteytt\u00e4, kuten ruokailla suosikkiravintolassa, tutkia uusia paikkoja tai nauttia hiljaisesta illasta yhdess\u00e4. Valmistautuminen ja l\u00e4\u00e4kkeen toiminnan ymm\u00e4rt\u00e4minen voi edist\u00e4\u00e4 tyydytt\u00e4v\u00e4mp\u00e4\u00e4 ja rennompaa kokemusta.<\/p>\n<h2>Vinkkej\u00e4 Cialis Super Activen tehokkuuden parantamiseen<\/h2>\n<p>Cialis Super Activen tehokkuuden parantamiseksi k\u00e4ytt\u00e4jien tulee varmistaa, ett\u00e4 heid\u00e4n yleiskuntonsa on hyv\u00e4. S\u00e4\u00e4nn\u00f6llinen liikunta, tasapainoinen ruokavalio ja riitt\u00e4v\u00e4 uni voivat kaikki parantaa kehon vastetta l\u00e4\u00e4kkeisiin.<\/p>\n<p>Lis\u00e4ksi stressin hallinta ja avoimen vuorovaikutuksen yll\u00e4pit\u00e4minen kumppanin kanssa voivat vahvistaa henkist\u00e4 ja fyysist\u00e4 yhteytt\u00e4, mik\u00e4 tukee entisest\u00e4\u00e4n l\u00e4\u00e4kkeen tehoa. Ruokavalio- ja alkoholin\u00e4k\u00f6kohtien huomioiminen on my\u00f6s ratkaisevassa roolissa tulosten optimoinnissa.<\/p>\n<h2>Turvallisuusvarotoimet k\u00e4ytett\u00e4ess\u00e4 Cialis Super Activea<\/h2>\n<p>Turvallisuus on ensiarvoisen t\u00e4rke\u00e4\u00e4 k\u00e4ytett\u00e4ess\u00e4 Cialis Super Activea. K\u00e4ytt\u00e4jien tulee noudattaa m\u00e4\u00e4r\u00e4ttyj\u00e4 annoksia ja v\u00e4ltt\u00e4\u00e4 useiden ED-l\u00e4\u00e4kkeiden ottamista samanaikaisesti, ellei terveydenhuollon tarjoaja niin neuvo.<\/p>\n<p>Henkil\u00f6iden, joilla on perussairauksia, kuten syd\u00e4n- ja verisuonitauteja, tulee neuvotella l\u00e4\u00e4k\u00e4rins\u00e4 kanssa ennen l\u00e4\u00e4kityksen aloittamista. Mahdollisten haittavaikutusten tarkkaileminen ja l\u00e4\u00e4k\u00e4rin pikainen hakeminen voi est\u00e4\u00e4 komplikaatioita ja varmistaa turvallisen k\u00e4yt\u00f6n.<\/p>\n<h2>Cialis Super Activen pitk\u00e4aikainen k\u00e4ytt\u00f6: mit\u00e4 odottaa<\/h2>\n<p>Cialis Super Activen pitk\u00e4aikaista k\u00e4ytt\u00f6\u00e4 pidet\u00e4\u00e4n yleens\u00e4 turvallisena useimmille henkil\u00f6ille, mik\u00e4li sit\u00e4 k\u00e4ytet\u00e4\u00e4n terveydenhuollon ammattilaisen ohjeiden mukaisesti. S\u00e4\u00e4nn\u00f6lliset tarkastukset voivat auttaa arvioimaan l\u00e4\u00e4kkeen tehokkuutta ja ratkaisemaan kaikki esiin tulevat huolenaiheet.<\/p>\n<p>Jotkut k\u00e4ytt\u00e4j\u00e4t voivat kokea muutoksia vasteessaan l\u00e4\u00e4kkeeseen ajan my\u00f6t\u00e4. Jos l\u00e4\u00e4kitys heikkenee, terveydenhuollon tarjoajan kuuleminen voi auttaa m\u00e4\u00e4ritt\u00e4m\u00e4\u00e4n, ovatko annoksen muuttaminen tai vaihtoehtoiset hoidot tarpeen.<\/p>\n<h2>Milloin neuvotella l\u00e4\u00e4k\u00e4rin kanssa Cialis Super Activesta?<\/h2>\n<p>L\u00e4\u00e4k\u00e4rin konsultointi on ratkaisevan t\u00e4rke\u00e4\u00e4, jos henkil\u00f6ll\u00e4 on vakavia tai jatkuvia sivuvaikutuksia tai jos l\u00e4\u00e4kitys ei n\u00e4yt\u00e4 tehoavan. Terveydenhuollon tarjoaja voi arvioida tilanteen uudelleen ottaen huomioon muut terveystekij\u00e4t, jotka voivat vaikuttaa l\u00e4\u00e4kkeen tehoon.<\/p>\n<p>S\u00e4\u00e4nn\u00f6lliset l\u00e4\u00e4k\u00e4rik\u00e4ynnit ovat my\u00f6s suositeltavaa niille, jotka k\u00e4ytt\u00e4v\u00e4t Cialis Super Active -hoitoa pitk\u00e4\u00e4n, mik\u00e4 varmistaa hoidon turvallisuuden ja tehokkuuden jatkuvan.<\/p>\n<h2>K\u00e4ytt\u00e4jien kokemuksia ja kokemuksia Cialis Super Activesta<\/h2>\n<p>Monet Cialis Super Activen k\u00e4ytt\u00e4j\u00e4t raportoivat positiivisista kokemuksista, ja he korostavat l\u00e4\u00e4kkeen nopeaa alkamista ja pitkittyneit\u00e4 kestoja t\u00e4rkeimpin\u00e4 etuina. Kertomuksissa korostetaan usein parempaa el\u00e4m\u00e4nlaatua ja parisuhdetyytyv\u00e4isyytt\u00e4, joka johtuu ED-oireiden tehokkaasta hoidosta.<\/p>\n<p>Kokemukset voivat kuitenkin vaihdella, ja jotkut k\u00e4ytt\u00e4j\u00e4t voivat kohdata haasteita sivuvaikutuksista tai vuorovaikutuksista. Kokemusten jakaminen foorumeilla tai terveydenhuollon tarjoajien kanssa voi tarjota tukea ja opastusta samankaltaisten ongelmien ratkaisemiseen.<\/p>\n<h2>Usein kysyttyj\u00e4 kysymyksi\u00e4 Cialis Super Activesta<\/h2>\n<p>Yksil\u00f6ill\u00e4 on usein useita kysymyksi\u00e4 Cialis Super Activen k\u00e4yt\u00f6st\u00e4. Yleisi\u00e4 tiedusteluja ovat huoli annostuksesta, mahdollisista sivuvaikutuksista ja yhteisvaikutuksista alkoholin tai muiden l\u00e4\u00e4kkeiden kanssa. N\u00e4ihin kysymyksiin vastaaminen terveydenhuollon ammattilaisen kanssa voi tarjota selkeytt\u00e4 ja varmuutta.<\/p>\n<p>Cialis Super Activen toiminnan monimutkaisuuden ymm\u00e4rt\u00e4minen ja sen rooli erektioh\u00e4iri\u00f6iden hoidossa voi antaa k\u00e4ytt\u00e4jille mahdollisuuden tehd\u00e4 tietoisia p\u00e4\u00e4t\u00f6ksi\u00e4, mik\u00e4 parantaa heid\u00e4n yleist\u00e4 kokemustaan \u200b\u200bl\u00e4\u00e4kkeest\u00e4.<\/p>\n","protected":false},"excerpt":{"rendered":"<p>Viikonlopun suunnittelu Cialis Super Activen kanssa: ajoitus, ateriat ja alkoholi Cialis Super Active tarjoaa joustavan [&hellip;]<\/p>\n","protected":false},"author":1,"featured_media":0,"parent":0,"menu_order":0,"comment_status":"closed","ping_status":"closed","template":"","meta":{"footnotes":""},"class_list":["post-39388","page","type-page","status-publish","hentry"],"_links":{"self":[{"href":"https:\/\/pematekfcvac.unisel.edu.my\/index.php?rest_route=\/wp\/v2\/pages\/39388","targetHints":{"allow":["GET"]}}],"collection":[{"href":"https:\/\/pematekfcvac.unisel.edu.my\/index.php?rest_route=\/wp\/v2\/pages"}],"about":[{"href":"https:\/\/pematekfcvac.unisel.edu.my\/index.php?rest_route=\/wp\/v2\/types\/page"}],"author":[{"embeddable":true,"href":"https:\/\/pematekfcvac.unisel.edu.my\/index.php?rest_route=\/wp\/v2\/users\/1"}],"replies":[{"embeddable":true,"href":"https:\/\/pematekfcvac.unisel.edu.my\/index.php?rest_route=%2Fwp%2Fv2%2Fcomments&post=39388"}],"version-history":[{"count":1,"href":"https:\/\/pematekfcvac.unisel.edu.my\/index.php?rest_route=\/wp\/v2\/pages\/39388\/revisions"}],"predecessor-version":[{"id":39389,"href":"https:\/\/pematekfcvac.unisel.edu.my\/index.php?rest_route=\/wp\/v2\/pages\/39388\/revisions\/39389"}],"wp:attachment":[{"href":"https:\/\/pematekfcvac.unisel.edu.my\/index.php?rest_route=%2Fwp%2Fv2%2Fmedia&parent=39388"}],"curies":[{"name":"wp","href":"https:\/\/api.w.org\/{rel}","templated":true}]}}