{"id":39404,"date":"2026-03-25T00:37:34","date_gmt":"2026-03-25T00:37:34","guid":{"rendered":"https:\/\/pematekfcvac.unisel.edu.my\/?page_id=39404"},"modified":"2026-03-25T00:37:34","modified_gmt":"2026-03-25T00:37:34","slug":"uvod-u-olumiant-generic-i-njegovu-upotrebu","status":"publish","type":"page","link":"https:\/\/pematekfcvac.unisel.edu.my\/?page_id=39404","title":{"rendered":"Uvod u Olumiant Generic i njegovu upotrebu"},"content":{"rendered":"<h1>Pri\u010de pacijenata: \u0161to ljudi izvje\u0161tavaju o Olumiant Genericu<\/h1>\n<p>Istra\u017euju\u0107i stvarna iskustva pacijenata s lijekom Olumiant Generic, ovaj \u010dlanak istra\u017euje njegovu u\u010dinkovitost, nuspojave i utjecaj na kvalitetu \u017eivota, nude\u0107i uvid u razli\u010dite pri\u010de onih koji ga koriste za lije\u010denje.<\/p>\n<h2>Uvod u Olumiant Generic i njegovu upotrebu<\/h2>\n<p>Olumiant Generic, lijek koji se primarno koristi za lije\u010denje reumatoidnog artritisa, privla\u010di pozornost zbog svoje u\u010dinkovitosti u upravljanju simptomima kao \u0161to su bolovi u zglobovima, oteklina i uko\u010denost. Kao inhibitor Janus kinaze (JAK), djeluje tako \u0161to ometa puteve koji dovode do upale, nude\u0107i olak\u0161anje pacijentima s autoimunim stanjima. Iako se tradicionalno povezuje s reumatoidnim artritisom, njegova se primjena pro\u0161iruje na druga upalna stanja, \u0161to ga \u010dini svestranom opcijom u terapeutskom krajoliku.<\/p>\n<p>Generi\u010dka verzija Olumianta nudi pristupa\u010dniju alternativu svojoj robnoj marki, \u010dine\u0107i ga dostupnim \u0161iroj demografiji pacijenata. Ovaj pomak prema generi\u010dkim lijekovima dio je \u0161ireg trenda u zdravstvu usmjerenog na smanjenje tro\u0161kova uz odr\u017eavanje u\u010dinkovitosti lije\u010denja. Kako se pacijenti sve vi\u0161e odlu\u010duju za generi\u010dke lijekove, razumijevanje njihovih iskustava postaje presudno za budu\u0107e korisnike i pru\u017eatelje zdravstvenih usluga.<\/p>\n<h2>Iskustva s Olumiant Generikom za reumatoidni artritis<\/h2>\n<p>Mnogi pacijenti s reumatoidnim artritisom prijavljuju zna\u010dajna pobolj\u0161anja simptoma nakon po\u010detka lije\u010denja lijekom Olumiant Generic. Nekima je lijek promijenio \u017eivot, omogu\u0107iv\u0161i im da ponovno steknu pokretljivost i obavljaju svakodnevne aktivnosti bez iscrpljuju\u0107e boli koju su neko\u0107 iskusili. Pacijenti \u010desto opisuju smanjenje jutarnje uko\u010denosti i sveukupne boli u zglobovima, \u0161to doprinosi pobolj\u0161anoj kvaliteti \u017eivota.<\/p>\n<p>Me\u0111utim, prijelaz na Olumiant Generic nije bez izazova. Neki pacijenti bilje\u017ee po\u010detno razdoblje prilagodbe u kojem simptomi mogu fluktuirati prije stabilizacije. Tijekom tog vremena, pa\u017eljivo pra\u0107enje od strane zdravstvenih radnika je klju\u010dno kako bi se lije\u010denje prilagodilo potrebama svakog pojedinca. Op\u0107enito, korisnici se sla\u017eu da iako putovanje mo\u017ee zapo\u010deti neizvjesno, krajnji rezultati \u010desto su vrijedni truda.<\/p>\n<h2>Povratne informacije pacijenata o u\u010dinkovitosti Olumiant Generic<\/h2>\n<p>U\u010dinkovitost lijeka Olumiant Generic bila je sredi\u0161nja to\u010dka rasprava me\u0111u pacijentima. Mnogi navode da u\u010dinkovito upravlja njihovim simptomima, ponekad \u010dak i bolje od prethodnih tretmana koje su isprobali. \u010cesto se isti\u010de sposobnost lijeka da brzo smanji upalu, a neki pacijenti do\u017eive primjetna pobolj\u0161anja unutar nekoliko tjedana.<\/p>\n<p>Unato\u010d tim pozitivnim izvje\u0161\u0107ima, nemaju svi pacijenti istu razinu u\u010dinkovitosti. \u010cimbenici kao \u0161to su ozbiljnost bolesti, istodobni lijekovi i individualni zdravstveni profili mogu utjecati na ishode. Ova varijabilnost nagla\u0161ava va\u017enost personaliziranih planova lije\u010denja i stalnih konzultacija s pru\u017eateljima zdravstvenih usluga kako bi se osigurali najbolji mogu\u0107i rezultati.<\/p>\n<h2>Uobi\u010dajene nuspojave koje su prijavili korisnici<\/h2>\n<p>Kao i svi drugi lijekovi, Olumiant Generic povezan je s nizom nuspojava. Naj\u010de\u0161\u0107e prijavljeni uklju\u010duju glavobolje, infekcije gornjih di\u0161nih putova i mu\u010dninu. Iako su op\u0107enito blagi, nekim pacijentima mogu smetati, osobito tijekom po\u010detnih faza lije\u010denja.<\/p>\n<p>Zabilje\u017eene su i te\u017ee nuspojave, iako rijetke. To uklju\u010duje promjene u broju krvnih stanica i razinama jetrenih enzima, \u0161to zahtijeva redovite pretrage krvi za pra\u0107enje zdravlja pacijenta. Pacijentima se savjetuje da odmah obavijeste svoje lije\u010dnike o svim neobi\u010dnim simptomima kako bi u\u010dinkovito upravljali ovim rizicima.<\/p>\n<h2>Dugotrajna uporaba: Pri\u010de pacijenata i ishodi<\/h2>\n<p>Dugotrajna uporaba lijeka Olumiant Generic bila je izvor olak\u0161anja i zabrinutosti za pacijente. Mnogi smatraju da dugotrajno lije\u010denje dovodi do stalne kontrole simptoma i pobolj\u0161ane sposobnosti uklju\u010divanja u dnevne aktivnosti. Nekima je ova produ\u017eena uporaba klju\u010dna za odr\u017eavanje kvalitete \u017eivota godinama, a ne samo mjesecima.<\/p>\n<p>Me\u0111utim, postoji zabrinutost zbog potencijalnih <a href=\"https:\/\/zdravaapoteka24.com\/kupiti-olumiant-genericki-bez-recepta\">https:\/\/zdravaapoteka24.com\/kupiti-olumiant-genericki-bez-recepta<\/a> dugoro\u010dnih u\u010dinaka JAK inhibitora. Neki pacijenti brinu o kumulativnim u\u010dincima lijeka, osobito u odnosu na funkciju imunolo\u0161kog sustava. Ove zabrinutosti nagla\u0161avaju potrebu za stalnim istra\u017eivanjem i edukacijom pacijenata kako bi se odgovorilo na nesigurnosti i pru\u017eilo uvjeravanje.<\/p>\n<h2>Usporedba Olumiant Generic s markiranim verzijama<\/h2>\n<p>Uspore\u0111uju\u0107i Olumiant Generic s njegovim brendiranim analogom, mnogi pacijenti smatraju da generik nudi usporedivu u\u010dinkovitost po ni\u017eoj cijeni. Ova isplativost zna\u010dajna je prednost za one koji nemaju sveobuhvatno osiguranje ili one koji \u017eele smanjiti svoje tro\u0161kove lije\u010denja.<\/p>\n<p>Me\u0111utim, neki pacijenti uo\u010davaju razlike u u\u010dinkovitosti ili nuspojavama izme\u0111u generi\u010dkih i markiranih verzija. Iako su te razlike \u010desto subjektivne, one mogu utjecati na pacijentove sklonosti i pridr\u017eavanje lije\u010denja. Naposljetku, izbor pacijenata je vo\u0111en individualnim iskustvima i preporukama lije\u010dnika.<\/p>\n<h2>Utjecaj na kvalitetu \u017eivota: stvarne pri\u010de<\/h2>\n<p>Pri\u010de pacijenata iz stvarnog \u017eivota ilustriraju dubok utjecaj koji Olumiant Generic mo\u017ee imati na kvalitetu \u017eivota. Pacijenti \u010desto opisuju ponovno stjecanje neovisnosti i sudjelovanje u aktivnostima koje vole, od vrtlarstva do igre s unucima, bez stalnog straha od boli ili umora.<\/p>\n<p>Ovi narativi nagla\u0161avaju emocionalne i psiholo\u0161ke dobrobiti u\u010dinkovitog upravljanja simptomima. Osim fizi\u010dkog zdravlja, sposobnost potpunog uklju\u010divanja u \u017eivotne trenutke zna\u010dajno pridonosi op\u0107oj dobrobiti i zadovoljstvu lije\u010denjem.<\/p>\n<h2>Upravljanje o\u010dekivanjima: \u0160to pacijenti \u017eele da znaju<\/h2>\n<p>Pacijenti \u010desto izra\u017eavaju \u017eelju za jasnijim informacijama prije po\u010detka lije\u010denja lijekom Olumiant Generic. Mnogi bi \u017eeljeli da su znali vi\u0161e o mogu\u0107im nuspojavama i vremenu koje bi moglo biti potrebno da se vide rezultati. Ovo ih je znanje moglo bolje pripremiti za po\u010detne faze lije\u010denja.<\/p>\n<p>\u0160tovi\u0161e, klju\u010dno je razumijevanje da odgovori na lijekove mogu uvelike varirati. Pacijenti koji su dobro informirani o rasponu mogu\u0107ih ishoda imaju tendenciju pozitivnijeg iskustva, jer mogu postaviti realna o\u010dekivanja i bolje su opremljeni za rje\u0161avanje svih izazova koji se pojave.<\/p>\n<h2>Podr\u0161ka pacijentima i resursi za korisnike Olumianta<\/h2>\n<p>Mre\u017ee podr\u0161ke igraju klju\u010dnu ulogu u lije\u010denju korisnika Olumiant Generica. Forumi pacijenata i grupe za podr\u0161ku pru\u017eaju platforme za razmjenu iskustava, davanje savjeta i pru\u017eanje emocionalne podr\u0161ke. Ove zajednice mogu biti neprocjenjive, osobito za nove korisnike koji se snalaze u slo\u017eenosti lije\u010denja.<\/p>\n<p>Pru\u017eatelji zdravstvenih usluga tako\u0111er igraju zna\u010dajnu ulogu, nude\u0107i smjernice i uvjeravanja. Redovite konzultacije i pristup edukativnim resursima osiguravaju da pacijenti ostanu informirani i osje\u0107aju podr\u0161ku tijekom cijelog svog puta lije\u010denja. Ovaj sveobuhvatni sustav podr\u0161ke klju\u010dan je za poticanje pozitivnih iskustava pacijenata.<\/p>\n<h2>Pri\u010de o prelasku na Olumiant Generic s drugih tretmana<\/h2>\n<p>Prelazak na Olumiant Generic s drugih tretmana zna\u010dajna je odluka za mnoge pacijente. Oni koji su promijenili lijek \u010desto navode da su to u\u010dinili zbog neadekvatnog olak\u0161anja od prethodnih lijekova ili previsokih tro\u0161kova. Prijelaz mo\u017ee biti zastra\u0161uju\u0107i, ali mnogi ga smatraju vrijednim nakon \u0161to do\u017eive pobolj\u0161anu kontrolu simptoma.<\/p>\n<p>Me\u0111utim, promjena nije bez izazova. Pacijenti se moraju prilagoditi novom re\u017eimu uzimanja lijekova i \u010desto se suo\u010davaju s po\u010detnim razdobljem neizvjesnosti. Podr\u0161ka pru\u017eatelja zdravstvenih usluga i zajednica vr\u0161njaka klju\u010dna je tijekom ovog vremena kako bi se osigurao nesmetan prijelaz i rije\u0161ili problemi koji se pojave.<\/p>\n<h2>Uloga pru\u017eatelja zdravstvenih usluga u iskustvima pacijenata<\/h2>\n<p>Pru\u017eatelji zdravstvenih usluga klju\u010dni su u oblikovanju iskustava pacijenata s Olumiant Genericom. Od po\u010detnih konzultacija do kontinuiranog upravljanja lije\u010denjem, njihova stru\u010dnost i podr\u0161ka su neprocjenjivi. Pru\u017eatelji usluga poma\u017eu postaviti realna o\u010dekivanja, prate nuspojave i prilago\u0111avaju planove lije\u010denja prema potrebi, osiguravaju\u0107i da svaki pacijent dobije personaliziranu skrb.<\/p>\n<p>Komunikacija izme\u0111u pacijenata i pru\u017eatelja usluga klju\u010dna je za uspje\u0161ne ishode lije\u010denja. Vjerojatnije je da \u0107e se pacijenti koji osje\u0107aju da ih njihov zdravstveni tim \u010duje i razumije vjerojatnije pridr\u017eavati se planova lije\u010denja i posti\u0107i pozitivne rezultate. Ovaj suradni\u010dki pristup kamen je temeljac u\u010dinkovite i suosje\u0107ajne skrbi.<\/p>\n<h2>Financijska razmatranja: Stajali\u0161ta pacijenata o tro\u0161kovima<\/h2>\n<p>Tro\u0161ak lijekova je zna\u010dajan problem za mnoge pacijente koji uzimaju Olumiant Generic. Iako je generi\u010dka verzija cjenovno pristupa\u010dnija od one s robnom markom, ona i dalje predstavlja zna\u010dajnu financijsku obvezu, osobito za one bez osiguranja. Pacijenti \u010desto odva\u017eu tro\u0161ak u odnosu na potencijalne koristi, uzimaju\u0107i u obzir \u010dimbenike kao \u0161to su pobolj\u0161ana kvaliteta \u017eivota i smanjene potrebe za zdravstvenom skrbi.<\/p>\n<p>Neki pacijenti tra\u017ee financijsku pomo\u0107 kroz programe podr\u0161ke ili usluge pomo\u0107i pacijentima koje nude farmaceutske tvrtke. Ovi resursi mogu ubla\u017eiti financijski stres i osigurati da pacijenti ne moraju birati izme\u0111u svog zdravlja i svoje financijske dobrobiti.<\/p>\n<h2>Personalizirani planovi lije\u010denja: Prilagodba upotrebe Olumianta<\/h2>\n<p>Personalizirani planovi lije\u010denja klju\u010dni su za maksimiziranje prednosti lijeka Olumiant Generic. Pru\u017eatelji zdravstvenih usluga uzimaju u obzir razli\u010dite \u010dimbenike, uklju\u010duju\u0107i povijest zdravlja pacijenta, trenutne simptome i \u017eivotne potrebe, kako bi prilagodili planove lije\u010denja. Ovaj personalizirani pristup osigurava da pacijenti dobiju najprikladniju skrb za svoje jedinstvene okolnosti.<\/p>\n<p>Prilagodbe doziranja i rasporeda lije\u010denja uobi\u010dajene su kako pacijenti reagiraju na lijekove. Ova fleksibilnost omogu\u0107uje optimalnu kontrolu simptoma uz smanjenje nuspojava. Pacijenti koji su aktivno uklju\u010deni u planiranje lije\u010denja \u010desto imaju bolje rezultate i ve\u0107e zadovoljstvo svojom njegom.<\/p>\n<h2>Budu\u0107e smjernice: nade pacijenata za Olumiant Generic<\/h2>\n<p>Gledaju\u0107i u budu\u0107nost, pacijenti izra\u017eavaju nadu u nastavak pobolj\u0161anja u\u010dinkovitosti i pristupa\u010dnosti lijeka Olumiant Generic. Mnogi su optimisti\u010dni u vezi s teku\u0107im istra\u017eiva\u010dkim i razvojnim naporima usmjerenim na pobolj\u0161anje ishoda lije\u010denja i \u0161irenje terapeutskih primjena.<\/p>\n<p>Pacijenti se tako\u0111er nadaju pove\u0107anoj svijesti i razumijevanju svojih iskustava me\u0111u pru\u017eateljima zdravstvenih usluga i \u0161iroj javnosti. Ova svijest mo\u017ee dovesti do vi\u0161e empati\u010dne skrbi i podr\u0161ke, u kona\u010dnici pobolj\u0161avaju\u0107i iskustvo lije\u010denja za sada\u0161nje i budu\u0107e korisnike Olumiant Generic.<\/p>\n<h2>Zaklju\u010dak: Klju\u010dni zaklju\u010dci iz pri\u010da pacijenata<\/h2>\n<p>Pri\u010de pacijenata o lijeku Olumiant Generic pru\u017eaju vrijedan uvid u utjecaj lijeka na njihove \u017eivote. Od pobolj\u0161anog upravljanja simptomima do izazova nuspojava, ove pri\u010de isti\u010du razli\u010dita iskustva onih koji se oslanjaju na ovaj tretman. Kroz zajedni\u010dke pri\u010de, pacijenti dobivaju podr\u0161ku i perspektivu, osna\u017euju\u0107i ih da donose informirane odluke o svojoj zdravstvenoj skrbi.<\/p>\n<p>U kona\u010dnici, iskustva korisnika Olumiant Generica nagla\u0161avaju va\u017enost personalizirane skrbi, otvorene komunikacije s pru\u017eateljima zdravstvenih usluga i pristupa resursima podr\u0161ke. Kako medicinska zajednica nastavlja u\u010diti iz ovih pri\u010da pacijenata, cilj ostaje pobolj\u0161ati kvalitetu skrbi i ishode za sve koji tra\u017ee olak\u0161anje od reumatoidnog artritisa i drugih upalnih stanja.<\/p>\n","protected":false},"excerpt":{"rendered":"<p>Pri\u010de pacijenata: \u0161to ljudi izvje\u0161tavaju o Olumiant Genericu Istra\u017euju\u0107i stvarna iskustva pacijenata s lijekom Olumiant [&hellip;]<\/p>\n","protected":false},"author":1,"featured_media":0,"parent":0,"menu_order":0,"comment_status":"closed","ping_status":"closed","template":"","meta":{"footnotes":""},"class_list":["post-39404","page","type-page","status-publish","hentry"],"_links":{"self":[{"href":"https:\/\/pematekfcvac.unisel.edu.my\/index.php?rest_route=\/wp\/v2\/pages\/39404","targetHints":{"allow":["GET"]}}],"collection":[{"href":"https:\/\/pematekfcvac.unisel.edu.my\/index.php?rest_route=\/wp\/v2\/pages"}],"about":[{"href":"https:\/\/pematekfcvac.unisel.edu.my\/index.php?rest_route=\/wp\/v2\/types\/page"}],"author":[{"embeddable":true,"href":"https:\/\/pematekfcvac.unisel.edu.my\/index.php?rest_route=\/wp\/v2\/users\/1"}],"replies":[{"embeddable":true,"href":"https:\/\/pematekfcvac.unisel.edu.my\/index.php?rest_route=%2Fwp%2Fv2%2Fcomments&post=39404"}],"version-history":[{"count":1,"href":"https:\/\/pematekfcvac.unisel.edu.my\/index.php?rest_route=\/wp\/v2\/pages\/39404\/revisions"}],"predecessor-version":[{"id":39405,"href":"https:\/\/pematekfcvac.unisel.edu.my\/index.php?rest_route=\/wp\/v2\/pages\/39404\/revisions\/39405"}],"wp:attachment":[{"href":"https:\/\/pematekfcvac.unisel.edu.my\/index.php?rest_route=%2Fwp%2Fv2%2Fmedia&parent=39404"}],"curies":[{"name":"wp","href":"https:\/\/api.w.org\/{rel}","templated":true}]}}