{"id":39454,"date":"2026-03-25T00:52:25","date_gmt":"2026-03-25T00:52:25","guid":{"rendered":"https:\/\/pematekfcvac.unisel.edu.my\/?page_id=39454"},"modified":"2026-03-25T00:52:25","modified_gmt":"2026-03-25T00:52:25","slug":"intelegerea-aralen-generic-o-privire-de-ansamblu","status":"publish","type":"page","link":"https:\/\/pematekfcvac.unisel.edu.my\/?page_id=39454","title":{"rendered":"\u00cen\u021belegerea Aralen Generic: O privire de ansamblu"},"content":{"rendered":"<h1>Mituri \u0219i fapte despre Aralen Generic<\/h1>\n<p>Aralen Generic, un medicament utilizat pe scar\u0103 larg\u0103, este \u00eenconjurat de numeroase mituri \u0219i concep\u021bii gre\u0219ite care adesea eclipseaz\u0103 faptele \u0219i aplica\u021biile dovedite.<\/p>\n<h2>\u00cen\u021belegerea Aralen Generic: O privire de ansamblu<\/h2>\n<p>Aralen Generic este un medicament utilizat \u00een principal pentru prevenirea \u0219i tratamentul malariei. Este o alternativ\u0103 rentabil\u0103 la medicamentul de marc\u0103 Aralen, cunoscut \u0219i sub numele de fosfat de clorochin\u0103. Malaria, o boal\u0103 care pune via\u021ba \u00een pericol, cauzat\u0103 de parazi\u021bi transmisi prin mu\u0219c\u0103turile \u021b\u00e2n\u021barilor infecta\u021bi, r\u0103m\u00e2ne o problem\u0103 semnificativ\u0103 de s\u0103n\u0103tate \u00een multe p\u0103r\u021bi ale lumii. Aralen Generic joac\u0103 un rol crucial \u00een combaterea acestei boli, \u00een special \u00een regiunile \u00een care malaria este endemic\u0103.<\/p>\n<p>Pe l\u00e2ng\u0103 propriet\u0103\u021bile sale antimalarice, Aralen Generic este uneori prescris pentru alte afec\u021biuni medicale, inclusiv anumite tulbur\u0103ri autoimune. Ca medicament generic, ofer\u0103 acelea\u0219i beneficii terapeutice ca \u0219i versiunea de marc\u0103, dar la un cost mai mic, f\u0103c\u00e2ndu-l accesibil unei popula\u021bii mai largi. \u00cen\u021belegerea aplica\u021biilor \u0219i limit\u0103rilor sale este esen\u021bial\u0103 at\u00e2t pentru furnizorii de servicii medicale, c\u00e2t \u0219i pentru pacien\u021bi.<\/p>\n<h2>Istoria \u0219i dezvoltarea Aralenului generic<\/h2>\n<p>Dezvoltarea Aralen Generic are la baz\u0103 descoperirea clorochinei la mijlocul secolului al XX-lea. Derivat\u0103 ini\u021bial din chinin\u0103, un alcaloid g\u0103sit \u00een coaja arborelui de china, clorochina a reprezentat un progres semnificativ \u00een lupta \u00eempotriva malariei. Versiunea de marc\u0103, Aralen, a fost introdus\u0103 \u00een anii 1940 \u0219i a devenit rapid un element de baz\u0103 \u00een tratamentul malariei datorit\u0103 eficacit\u0103\u021bii \u0219i profilului de efecte secundare relativ sc\u0103zute.<\/p>\n<p>Pe m\u0103sur\u0103 ce protec\u021biile brevetului au expirat, versiunile generice ale clorochinei, cum ar fi Aralen Generic, au devenit disponibile, permi\u021b\u00e2nd o utilizare mai pe scar\u0103 larg\u0103. Disponibilitatea unei forme generice a fost esen\u021bial\u0103 \u00een ini\u021biativele globale \u00een domeniul s\u0103n\u0103t\u0103\u021bii care vizeaz\u0103 controlul \u0219i eradicarea malariei, \u00een special \u00een mediile cu resurse reduse, unde bugetele pentru asisten\u021ba medical\u0103 sunt \u00eentinse.<\/p>\n<h2>Mituri comune care \u00eenconjoar\u0103 Aralen Generic<\/h2>\n<p>\u00cen ciuda istoriei lungi de utilizare, Aralen Generic este adesea supus diverselor mituri \u0219i concep\u021bii gre\u0219ite. Un mit comun este c\u0103 medicamentele generice sunt \u00een mod inerent mai pu\u021bin eficiente dec\u00e2t omologii lor de marc\u0103. Aceast\u0103 concep\u021bie gre\u0219it\u0103 poate duce la ezitare sau la refuzul de a utiliza medicamente generice, \u00een ciuda dovezilor care arat\u0103 c\u0103 medicamentele generice trebuie s\u0103 \u00eendeplineasc\u0103 acelea\u0219i standarde de reglementare stricte ca \u0219i medicamentele de marc\u0103.<\/p>\n<p>Un alt mit r\u0103sp\u00e2ndit este c\u0103 Aralen Generic este un remediu pentru orice tip de febr\u0103 sau simptome asem\u0103n\u0103toare gripei. Aceast\u0103 ne\u00een\u021belegere poate duce la utilizarea gre\u0219it\u0103 \u0219i la practici de automedica\u021bie poten\u021bial d\u0103un\u0103toare. Este esen\u021bial s\u0103 subliniem c\u0103 Aralen Generic este conceput special pentru malarie \u0219i ar trebui s\u0103 fie utilizat numai conform instruc\u021biunilor unui profesionist din domeniul s\u0103n\u0103t\u0103\u021bii pentru indica\u021bii aprobate.<\/p>\n<h2>Dezmin\u021birea concep\u021biilor gre\u0219ite despre Aralen Generic<\/h2>\n<p>Pentru a aborda aceste concep\u021bii gre\u0219ite, este important s\u0103 clarific\u0103m faptul c\u0103 medicamentele generice, inclusiv Aralen Generic, con\u021bin acelea\u0219i ingrediente active \u0219i trebuie s\u0103 demonstreze bioechivalen\u021ba fa\u021b\u0103 de omologii lor de marc\u0103. Aceasta \u00eenseamn\u0103 c\u0103 sunt la fel de sigure \u0219i eficiente atunci c\u00e2nd sunt utilizate conform prescrip\u021biei.<\/p>\n<p>Mai mult, de\u0219i Aralen Generic poate fi un tratament antimalaric eficient, nu este eficient \u00eempotriva tuturor tulpinilor de malarie \u0219i nici nu este potrivit pentru to\u021bi pacien\u021bii. Profesioni\u0219tii din domeniul s\u0103n\u0103t\u0103\u021bii trebuie s\u0103 evalueze cu aten\u021bie circumstan\u021bele specifice ale fiec\u0103rui pacient \u00eenainte de a recomanda acest medicament. Educarea pacien\u021bilor cu privire la aceste nuan\u021be este esen\u021bial\u0103 pentru \u00eenl\u0103turarea miturilor \u0219i promovarea practicilor sigure de medicamente.<\/p>\n<h2>Fapte dovedite despre Aralen Generic<\/h2>\n<p>Aralen Generic este sus\u021binut de cercet\u0103ri ample \u0219i studii clinice care afirm\u0103 eficacitatea sa \u00een tratarea malariei. Func\u021bioneaz\u0103 prin interferarea cu cre\u0219terea parazi\u021bilor \u00een celulele ro\u0219ii din s\u00e2nge, oprind astfel progresia bolii. Acest mecanism de ac\u021biune a fost bine documentat \u0219i continu\u0103 s\u0103 formeze baza pentru utilizarea sa \u00een regiunile cu malarie endemic\u0103.<\/p>\n<p>\u00cen plus, profilul de siguran\u021b\u0103 <a href=\"https:\/\/ingrijireonline.net\/aralen-generic-pret-fara-reteta\">https:\/\/ingrijireonline.net\/aralen-generic-pret-fara-reteta<\/a> al Aralen Generic a fost stabilit prin decenii de utilizare. De\u0219i pot ap\u0103rea efecte secundare, acestea sunt \u00een general gestionabile \u0219i dep\u0103\u0219ite de beneficiile prevenirii \u0219i controlului malariei. Pacien\u021bii trebuie informa\u021bi cu privire la poten\u021bialele reac\u021bii adverse \u0219i sf\u0103tui\u021bi s\u0103 solicite asisten\u021b\u0103 medical\u0103 dac\u0103 prezint\u0103 reac\u021bii adverse.<\/p>\n<h2>Aralen generic: utiliz\u0103ri \u0219i aplica\u021bii<\/h2>\n<p>Pe l\u00e2ng\u0103 rolul s\u0103u principal \u00een tratamentul malariei, Aralen Generic este uneori utilizat off-label pentru gestionarea afec\u021biunilor autoimune, cum ar fi artrita reumatoid\u0103 \u0219i lupusul. Propriet\u0103\u021bile sale antiinflamatorii pot ajuta la ameliorarea simptomelor \u00een aceste condi\u021bii, de\u0219i este esen\u021bial ca pacien\u021bii s\u0103 fie monitoriza\u021bi \u00eendeaproape de c\u0103tre profesioni\u0219tii din domeniul s\u0103n\u0103t\u0103\u021bii.<\/p>\n<p>Versatilitatea Aralen Generic se extinde la utilizarea sa \u00een anumite afec\u021biuni dermatologice \u0219i ca instrument de cercetare \u00een studierea diferitelor infec\u021bii parazitare. Cu toate acestea, utilizarea sa \u00een afara tratamentului \u00eempotriva malariei trebuie \u00eentotdeauna ghidat\u0103 de un profesionist medical pentru a asigura siguran\u021ba \u0219i eficacitatea.<\/p>\n<h2>Efectele secundare \u0219i siguran\u021ba Aralen Generic<\/h2>\n<p>Ca toate medicamentele, Aralen Generic este asociat cu o serie de reac\u021bii adverse poten\u021biale. Reac\u021biile adverse raportate frecvent includ tulbur\u0103ri gastro-intestinale, dureri de cap \u0219i ame\u021beli. Aceste simptome sunt de obicei u\u0219oare \u0219i se rezolv\u0103 cu utilizarea continu\u0103 sau ajust\u0103rile dozei.<\/p>\n<p>\u00cen cazuri rare, pot ap\u0103rea efecte secundare mai severe, cum ar fi afectarea retinei sau probleme cardiace, \u00een special \u00een cazul utiliz\u0103rii pe termen lung. Pacien\u021bii care iau Aralen Generic trebuie s\u0103 fie supu\u0219i unor examin\u0103ri oculare regulate \u0219i s\u0103 fie con\u0219tien\u021bi de orice modific\u0103ri ale vederii. Aceste m\u0103suri de precau\u021bie ajut\u0103 la atenuarea riscurilor \u0219i asigur\u0103 siguran\u021ba continu\u0103 a medicamentului.<\/p>\n<h2>Aralen Generic vs. Nume de marc\u0103: diferen\u021be \u0219i asem\u0103n\u0103ri<\/h2>\n<p>Diferen\u021ba principal\u0103 dintre Aralen Generic \u0219i omologul s\u0103u de marc\u0103 const\u0103 \u00een cost. Medicamentele generice sunt de obicei mai accesibile datorit\u0103 cheltuielilor reduse de marketing \u0219i dezvoltare. Acest avantaj financiar le face o op\u021biune atractiv\u0103 at\u00e2t pentru sistemele de s\u0103n\u0103tate, c\u00e2t \u0219i pentru pacien\u021bi.<\/p>\n<p>\u00cen ceea ce prive\u0219te eficacitatea \u0219i siguran\u021ba, nu exist\u0103 nicio diferen\u021b\u0103 semnificativ\u0103 \u00eentre cele dou\u0103. Ambele forme trebuie s\u0103 respecte standardele de calitate stricte stabilite de autorit\u0103\u021bile de reglementare, asigur\u00e2ndu-se c\u0103 ofer\u0103 acelea\u0219i beneficii terapeutice. Pacien\u021bii pot avea \u00eencredere \u00een eficacitatea medicamentelor generice precum Aralen Generic atunci c\u00e2nd sunt utilizate corespunz\u0103tor.<\/p>\n<h2>Rolul Aralen generic \u00een tratarea malariei<\/h2>\n<p>Aralen Generic r\u0103m\u00e2ne o piatr\u0103 de temelie \u00een tratamentul malariei, \u00een special \u00een regiunile \u00een care boala este r\u0103sp\u00e2ndit\u0103. Capacitatea sa de a viza parazitul malariei din celulele ro\u0219ii din s\u00e2nge \u00eentrerupe eficient ciclul infec\u021biei, reduc\u00e2nd simptomele \u0219i prevenind complica\u021biile. Acest lucru este esen\u021bial \u00een zonele cu acces limitat la unit\u0103\u021bile de asisten\u021b\u0103 medical\u0103, unde tratamentul \u00een timp util poate fi diferen\u021ba dintre via\u021b\u0103 \u0219i moarte.<\/p>\n<p>\u00cen ciuda apari\u021biei unor tulpini de malarie rezistente la medicamente, Aralen Generic continu\u0103 s\u0103 fie un instrument valoros \u00een efortul global de combatere a bolii. Cercetarea \u0219i dezvoltarea continu\u0103 urm\u0103resc s\u0103-\u0219i sporeasc\u0103 eficacitatea \u0219i s\u0103 abordeze problemele de rezisten\u021b\u0103, asigur\u00e2nd relevan\u021ba continu\u0103 \u00een protocoalele de tratament al malariei.<\/p>\n<h2>Aralen generic pentru tulbur\u0103ri autoimune: mituri \u0219i fapte<\/h2>\n<p>De\u0219i Aralen Generic nu este un tratament de prim\u0103 linie pentru tulbur\u0103rile autoimune, poate fi o terapie adjuvant\u0103 eficient\u0103 pentru afec\u021biuni precum lupusul \u0219i artrita reumatoid\u0103. Propriet\u0103\u021bile sale antiinflamatorii pot ajuta la gestionarea simptomelor \u0219i la \u00eembun\u0103t\u0103\u021birea calit\u0103\u021bii vie\u021bii pacien\u021bilor cu aceste afec\u021biuni cronice.<\/p>\n<p>Cu toate acestea, miturile \u00een jurul utiliz\u0103rii sale \u00een tulbur\u0103rile autoimune duc adesea la a\u0219tept\u0103ri nerealiste sau la o utilizare gre\u0219it\u0103. Pacien\u021bii trebuie s\u0103 fie con\u0219tien\u021bi de faptul c\u0103, de\u0219i Aralen Generic poate ajuta la gestionarea simptomelor, nu este un remediu pentru aceste tulbur\u0103ri. Supravegherea medical\u0103 este esen\u021bial\u0103 pentru a optimiza rezultatele tratamentului \u0219i pentru a minimiza riscurile.<\/p>\n<h2>Opiniile exper\u021bilor cu privire la eficacitatea generice Aralen<\/h2>\n<p>Profesioni\u0219tii din domeniul s\u0103n\u0103t\u0103\u021bii \u0219i cercet\u0103torii sunt \u00een general de acord cu privire la eficacitatea Aralen Generic \u00een tratarea malariei. Utilizarea sa de lung\u0103 durat\u0103 \u0219i cercet\u0103rile extinse ofer\u0103 o baz\u0103 solid\u0103 pentru aplicarea sa continu\u0103 \u00een terapia antimalaric\u0103. Exper\u021bii recunosc, de asemenea, beneficiile sale poten\u021biale \u00een gestionarea anumitor tulbur\u0103ri autoimune, de\u0219i cu o monitorizare atent\u0103.<\/p>\n<p>Studiile \u00een curs urm\u0103resc s\u0103 exploreze noi aplica\u021bii \u0219i s\u0103 \u00eembun\u0103t\u0103\u021beasc\u0103 protocoalele de tratament existente, asigur\u00e2ndu-se c\u0103 Aralen Generic r\u0103m\u00e2ne o op\u021biune viabil\u0103 \u00een peisajul evolutiv al tratamentului medical. Consensul exper\u021bilor sprijin\u0103 utilizarea acestuia \u00een cadrul liniilor directoare stabilite, subliniind importan\u021ba acestuia at\u00e2t \u00een \u200b\u200bcontextul actual, c\u00e2t \u0219i \u00een cel viitor al asisten\u021bei medicale.<\/p>\n<h2>Aralen generic \u00een contextul medicinei moderne<\/h2>\n<p>\u00cen contextul medicinei moderne, Aralen Generic exemplific\u0103 echilibrul dintre tratamentul rentabil \u0219i eficacitatea terapeutic\u0103. Rolul s\u0103u at\u00e2t \u00een \u200b\u200bprevenirea, c\u00e2t \u0219i \u00een tratarea malariei subliniaz\u0103 importan\u021ba sa \u00een strategiile globale de s\u0103n\u0103tate, \u00een special \u00een mediile cu resurse limitate.<\/p>\n<p>Pe m\u0103sur\u0103 ce sistemele de asisten\u021b\u0103 medical\u0103 se confrunt\u0103 cu o presiune din ce \u00een ce mai mare pentru a oferi tratamente eficiente, gestion\u00e2nd \u00een acela\u0219i timp costurile, medicamentele generice precum Aralen Generic ofer\u0103 o solu\u021bie practic\u0103. Accesibilitatea lor \u0219i profilurile de siguran\u021b\u0103 stabilite le fac o component\u0103 integrant\u0103 a furniz\u0103rii durabile de asisten\u021b\u0103 medical\u0103.<\/p>\n<h2>Experien\u021bele pacien\u021bilor: pove\u0219ti \u0219i m\u0103rturii<\/h2>\n<p>M\u0103rturiile pacien\u021bilor eviden\u021biaz\u0103 adesea impactul pozitiv al Aralen Generic asupra rezultatelor lor de s\u0103n\u0103tate, \u00een special \u00een regiunile cu malarie endemic\u0103. Mul\u021bi pacien\u021bi raporteaz\u0103 o reducere semnificativ\u0103 a simptomelor \u0219i o recuperare rapid\u0103 atunci c\u00e2nd folosesc medicamentul a\u0219a cum este prescris.<\/p>\n<p>Cu toate acestea, unii pacien\u021bi se confrunt\u0103 cu provoc\u0103ri, cum ar fi efecte secundare sau dificult\u0103\u021bi \u00een accesarea medicamentului. Aceste pove\u0219ti subliniaz\u0103 importan\u021ba educa\u021biei \u0219i a sprijinului pacien\u021bilor \u00een asigurarea utiliz\u0103rii sigure \u0219i eficiente a Aralen Generic. \u00cemp\u0103rt\u0103\u0219irea experien\u021belor poate, de asemenea, s\u0103 favorizeze o mai bun\u0103 \u00een\u021belegere a rolului medicamentului \u00een diferite set\u0103ri de tratament.<\/p>\n<h2>Cum s\u0103 identifici medicamentele generice Aralen autentice<\/h2>\n<p>Asigurarea autenticit\u0103\u021bii Aralen Generic este crucial\u0103 pentru eficacitatea \u0219i siguran\u021ba acestuia. Pacien\u021bii \u0219i furnizorii de asisten\u021b\u0103 medical\u0103 ar trebui s\u0103 fie vigilen\u021bi \u00een verificarea sursei \u0219i a calit\u0103\u021bii medicamentului. Aceasta implic\u0103 achizi\u021bionarea de la farmacii de renume \u0219i verificarea etichet\u0103rii corespunz\u0103toare, inclusiv detaliile produc\u0103torului \u0219i datele de expirare.<\/p>\n<p>Medicamentele contraf\u0103cute reprezint\u0103 un risc semnificativ pentru siguran\u021ba pacien\u021bilor, iar eforturile de a combate aceast\u0103 problem\u0103 includ reglement\u0103ri mai stricte \u0219i o transparen\u021b\u0103 \u00eembun\u0103t\u0103\u021bit\u0103 a lan\u021bului de aprovizionare. Pacien\u021bii trebuie sf\u0103tui\u021bi s\u0103 consulte profesioni\u0219tii din domeniul s\u0103n\u0103t\u0103\u021bii dac\u0103 au \u00eendoieli cu privire la autenticitatea medicamentelor lor, asigur\u00e2ndu-se c\u0103 primesc un tratament eficient.<\/p>\n<h2>Perspective de viitor pentru utilizarea \u0219i cercetarea generice Aralen<\/h2>\n<p>Viitorul Aralen Generic const\u0103 \u00een cercet\u0103rile \u00een curs de desf\u0103\u0219urare care vizeaz\u0103 sporirea eficacit\u0103\u021bii sale \u0219i extinderea aplica\u021biilor sale. Oamenii de \u0219tiin\u021b\u0103 exploreaz\u0103 noi formul\u0103ri \u0219i combina\u021bii pentru a dep\u0103\u0219i rezisten\u021ba \u0219i pentru a \u00eembun\u0103t\u0103\u021bi rezultatele pacientului. Aceste eforturi sunt critice \u00een men\u021binerea relevan\u021bei Aralen Generic \u00een fa\u021ba provoc\u0103rilor medicale \u00een evolu\u021bie.<\/p>\n<p>Mai mult, concentrarea global\u0103 pe eradicarea malariei \u0219i \u00eembun\u0103t\u0103\u021birea tratamentelor pentru tulbur\u0103rile autoimune ofer\u0103 oportunit\u0103\u021bi pentru Aralen Generic de a juca un rol esen\u021bial. Investi\u021biile continue \u00een cercetare \u0219i dezvoltare se vor asigura c\u0103 acest medicament r\u0103m\u00e2ne un atu valoros \u00een lupta \u00eempotriva bolilor, beneficiind milioane de oameni din \u00eentreaga lume.<\/p>\n","protected":false},"excerpt":{"rendered":"<p>Mituri \u0219i fapte despre Aralen Generic Aralen Generic, un medicament utilizat pe scar\u0103 larg\u0103, este [&hellip;]<\/p>\n","protected":false},"author":1,"featured_media":0,"parent":0,"menu_order":0,"comment_status":"closed","ping_status":"closed","template":"","meta":{"footnotes":""},"class_list":["post-39454","page","type-page","status-publish","hentry"],"_links":{"self":[{"href":"https:\/\/pematekfcvac.unisel.edu.my\/index.php?rest_route=\/wp\/v2\/pages\/39454","targetHints":{"allow":["GET"]}}],"collection":[{"href":"https:\/\/pematekfcvac.unisel.edu.my\/index.php?rest_route=\/wp\/v2\/pages"}],"about":[{"href":"https:\/\/pematekfcvac.unisel.edu.my\/index.php?rest_route=\/wp\/v2\/types\/page"}],"author":[{"embeddable":true,"href":"https:\/\/pematekfcvac.unisel.edu.my\/index.php?rest_route=\/wp\/v2\/users\/1"}],"replies":[{"embeddable":true,"href":"https:\/\/pematekfcvac.unisel.edu.my\/index.php?rest_route=%2Fwp%2Fv2%2Fcomments&post=39454"}],"version-history":[{"count":1,"href":"https:\/\/pematekfcvac.unisel.edu.my\/index.php?rest_route=\/wp\/v2\/pages\/39454\/revisions"}],"predecessor-version":[{"id":39455,"href":"https:\/\/pematekfcvac.unisel.edu.my\/index.php?rest_route=\/wp\/v2\/pages\/39454\/revisions\/39455"}],"wp:attachment":[{"href":"https:\/\/pematekfcvac.unisel.edu.my\/index.php?rest_route=%2Fwp%2Fv2%2Fmedia&parent=39454"}],"curies":[{"name":"wp","href":"https:\/\/api.w.org\/{rel}","templated":true}]}}