{"id":39486,"date":"2026-03-25T01:00:44","date_gmt":"2026-03-25T01:00:44","guid":{"rendered":"https:\/\/pematekfcvac.unisel.edu.my\/?page_id=39486"},"modified":"2026-03-25T01:00:44","modified_gmt":"2026-03-25T01:00:44","slug":"conditii-de-depozitare-adecvate-pentru-bimat-003","status":"publish","type":"page","link":"https:\/\/pematekfcvac.unisel.edu.my\/?page_id=39486","title":{"rendered":"Condi\u021bii de depozitare adecvate pentru Bimat 0.03%"},"content":{"rendered":"<h1>Cum s\u0103 depozita\u021bi, s\u0103 c\u0103l\u0103tori\u021bi cu \u0219i s\u0103 umple\u021bi Bimat 0.03%<\/h1>\n<p>Bimat 0.03% este o solu\u021bie oftalmic\u0103 delicat\u0103 care necesit\u0103 manipulare atent\u0103, depozitare \u0219i transport pentru a-\u0219i men\u021bine eficacitatea \u0219i siguran\u021ba.<\/p>\n<h2>Condi\u021bii de depozitare adecvate pentru Bimat 0.03%<\/h2>\n<p>Stocarea Bimat 0.03% \u00een mod corespunz\u0103tor este crucial \u00een p\u0103strarea eficacit\u0103\u021bii sale. Solu\u021bia oftalmic\u0103 trebuie p\u0103strat\u0103 \u00eentr-un loc r\u0103coros, uscat, ferit de lumina direct\u0103 a soarelui \u0219i umiditate. Asigurarea c\u0103 zona de depozitare este lipsit\u0103 de fluctua\u021bii extreme de temperatur\u0103 poate preveni degradarea ingredientelor active. Este recomandabil s\u0103 p\u0103stra\u021bi pic\u0103turile oftalmice \u00een ambalajul lor original pentru a le proteja de factorii de mediu care le-ar putea compromite calitatea.<\/p>\n<p>\u00cen plus, zona de depozitare nu trebuie s\u0103 fie la \u00eendem\u00e2na copiilor \u0219i a animalelor de companie pentru a preveni ingestia sau scurgerea accidental\u0103. Se recomand\u0103 un dulap cu medicamente \u00eencuiat sau o zon\u0103 de depozitare medical\u0103 desemnat\u0103 pentru a men\u021bine solu\u021bia \u00een siguran\u021b\u0103 \u0219i accesibil\u0103 numai celor care au nevoie de ea.<\/p>\n<h2>Temperatura ideal\u0103 pentru depozitarea Bimat 0.03%<\/h2>\n<p>Bimat 0.03% ar trebui s\u0103 fie p\u0103strat \u00een mod ideal la temperatura camerei, care variaz\u0103 de obicei \u00eentre 15\u00b0C \u0219i 25\u00b0C (59\u00b0F \u0219i 77\u00b0F). Depozitarea solu\u021biei \u00een acest interval de temperatur\u0103 ajut\u0103 la men\u021binerea stabilit\u0103\u021bii acesteia \u0219i previne descompunerea componentelor sale active. Dac\u0103 este expus\u0103 la temperaturi \u00een afara acestui interval, eficacitatea solu\u021biei se poate diminua, ceea ce duce la beneficii terapeutice reduse.<\/p>\n<p>\u00cen cazurile \u00een care temperatura camerei nu poate fi men\u021binut\u0103, cum ar fi \u00een timpul valurilor de c\u0103ldur\u0103 sau a perioadelor de frig, lua\u021bi \u00een considerare utilizarea unei solu\u021bii de depozitare cu temperatur\u0103 controlat\u0103. O simpl\u0103 cutie izolat\u0103 sau un mic r\u0103citor portabil cu monitor de temperatur\u0103 pot fi eficiente \u00een men\u021binerea condi\u021biilor necesare.<\/p>\n<h2>Ambalare sigur\u0103 pentru c\u0103l\u0103torii cu Bimat 0.03%<\/h2>\n<p>\u00cen timpul c\u0103l\u0103toriilor, asigurarea transportului \u00een siguran\u021b\u0103 al Bimat 0.03% este important pentru a-\u0219i men\u021bine integritatea. Sticla trebuie s\u0103 fie bine \u00eenchis\u0103 pentru a preveni scurgerile \u0219i \u00eenvelit\u0103 \u00een materiale de protec\u021bie, cum ar fi folie cu bule sau o c\u00e2rp\u0103 moale. Acest lucru nu numai c\u0103 protejeaz\u0103 sticla de impactul fizic, dar o izoleaz\u0103 \u0219i de schimb\u0103rile de temperatur\u0103.<\/p>\n<p>Mai mult, plasarea sticlei \u00eempachetate \u00eentr-un recipient robust sau \u00eentr-o pung\u0103 de c\u0103l\u0103torie dedicat\u0103 poate oferi un strat suplimentar de protec\u021bie. Aceast\u0103 metod\u0103 ajut\u0103 la protejarea solu\u021biei \u00eempotriva deterior\u0103rii accidentale \u00een timpul tranzitului, asigur\u00e2nd c\u0103 aceasta ajunge la destina\u021bie \u00een stare optim\u0103.<\/p>\n<h2>Ghid pentru bagaje de m\u00e2n\u0103 pentru Bimat 0.03% \u00een timpul zborurilor<\/h2>\n<p>C\u00e2nd zbori, este indicat s\u0103 p\u0103strezi Bimat 0.03% \u00een bagajul de m\u00e2n\u0103. Acest lucru permite accesul u\u0219or \u00een timpul zborului \u0219i asigur\u0103 c\u0103 solu\u021bia nu este supus\u0103 temperaturilor extreme \u00eent\u00e2lnite adesea \u00een calele de bagaje de cal\u0103. P\u0103strarea acestuia \u00eentr-o pung\u0103 de plastic transparent\u0103, resigilabil\u0103, conform regulilor de securitate aeroportuare, poate facilita trecerea f\u0103r\u0103 probleme prin punctele de control de securitate.<\/p>\n<p>\u00cen plus, de\u021binerea unei copii a re\u021betei \u0219i a unei scrisori de la furnizorul dumneavoastr\u0103 de asisten\u021b\u0103 medical\u0103 poate fi util\u0103 dac\u0103 personalul de securitate al aeroportului are \u00eentreb\u0103ri despre solu\u021bie sau scopul acesteia. Aceast\u0103 documenta\u021bie poate oferi o asigurare \u0219i poate preveni \u00eent\u00e2rzierile inutile.<\/p>\n<h2>Respectarea reglement\u0103rilor TSA pentru Bimat 0.03%<\/h2>\n<p>Transportation Security Administration (TSA) are reglement\u0103ri specifice pentru transportul lichidelor pe zboruri, inclusiv solu\u021bii medicale precum Bimat 0.03%. Solu\u021bia trebuie s\u0103 fie \u00eentr-un recipient de cel mult 100 de mililitri (3.4 uncii), iar toate aceste recipiente ar trebui s\u0103 \u00eencap\u0103 \u00eentr-o pung\u0103 de plastic transparent\u0103 de un litru (de dimensiunea unui sfert). Cu toate acestea, se fac adesea excep\u021bii pentru medicamentele necesare, cu condi\u021bia ca acestea s\u0103 fie declarate personalului de securitate la punctul de control.<\/p>\n<p>Este \u00een\u021belept s\u0103 verifica\u021bi <a href=\"https:\/\/farmacievirtuala.com\/cumpara-bimat-online-fara-reteta\">https:\/\/farmacievirtuala.com\/cumpara-bimat-online-fara-reteta<\/a> site-ul web TSA sau s\u0103 contacta\u021bi compania aerian\u0103 \u00een avans pentru cele mai recente linii directoare, asigur\u00e2nd conformitatea \u0219i u\u0219ur\u00e2ndu-v\u0103 experien\u021ba de c\u0103l\u0103torie. Aminti\u021bi-v\u0103 c\u0103 regulile pot varia u\u0219or de la o \u021bar\u0103 la alta, a\u0219a c\u0103 este esen\u021bial s\u0103 r\u0103m\u00e2ne\u021bi informat atunci c\u00e2nd c\u0103l\u0103tori\u021bi la nivel interna\u021bional.<\/p>\n<h2>Stocarea Bimat 0.03% \u00een clime diferite<\/h2>\n<p>Stocarea Bimat 0.03% \u00een diferite climate pot prezenta provoc\u0103ri distincte. \u00cen climatele calde, este esen\u021bial s\u0103 p\u0103stra\u021bi solu\u021bia departe de sursele de c\u0103ldur\u0103 \u0219i lumina direct\u0103 a soarelui. Mediile cu aer condi\u021bionat sunt ideale sau pute\u021bi utiliza pachete de r\u0103cire special concepute pentru consumabile medicale pentru a men\u021bine o temperatur\u0103 adecvat\u0103.<\/p>\n<p>\u00cen schimb, \u00een \u200b\u200bclimatele mai reci, asigura\u021bi-v\u0103 c\u0103 solu\u021bia nu \u00eenghea\u021b\u0103, deoarece \u00eenghe\u021barea \u00eei poate modifica compozi\u021bia \u0219i o poate face ineficient\u0103. Depozitarea \u00eentr-un recipient izolat poate ajuta la men\u021binerea unei temperaturi stabile, protej\u00e2nd solu\u021bia de vremea rece extrem\u0103.<\/p>\n<h2>Protejarea Bimat 0.03% din expunerea la lumin\u0103<\/h2>\n<p>Expunerea la lumin\u0103, \u00een special la lumina soarelui, poate degrada ingredientele active din Bimat 0.03%, reduc\u00e2ndu-i eficacitatea. Pentru a preveni acest lucru, depozita\u021bi solu\u021bia \u00een ambalajul original, opac, care este conceput pentru a bloca lumina. C\u00e2nd este utilizat, evita\u021bi s\u0103 l\u0103sa\u021bi sticla \u00een zone bine luminate sau l\u00e2ng\u0103 ferestre.<\/p>\n<p>Pentru o protec\u021bie suplimentar\u0103, lua\u021bi \u00een considerare depozitarea sticlei \u00eentr-un spa\u021biu \u00eenchis \u0219i \u00eentunecat, cum ar fi un sertar sau un dulap, atunci c\u00e2nd nu este utilizat. Aceast\u0103 simpl\u0103 precau\u021bie poate prelungi semnificativ durata de valabilitate \u0219i poten\u021ba solu\u021biei.<\/p>\n<h2>Pa\u0219i pentru reumplerea Bimat 0.03% Re\u021bet\u0103<\/h2>\n<p>Reumplerea Bimat-ului 0.Re\u021beta de 03% presupune mai mul\u021bi pa\u0219i. \u00cen primul r\u00e2nd, monitoriza\u021bi-v\u0103 aprovizionarea pentru a v\u0103 asigura c\u0103 ave\u021bi suficient timp pentru a aranja o reumplere \u00eenainte ca sticla actual\u0103 s\u0103 se epuizeze. Contacta\u021bi furnizorul dumneavoastr\u0103 de asisten\u021b\u0103 medical\u0103 pentru a confirma necesitatea unei re\u00eenc\u0103rc\u0103ri \u0219i pentru a ob\u021bine o nou\u0103 re\u021bet\u0103, dac\u0103 este necesar.<\/p>\n<p>Odat\u0103 ce ave\u021bi re\u021beta, decide\u021bi dac\u0103 s\u0103 o completa\u021bi la o farmacie sau online. Dac\u0103 utiliza\u021bi o farmacie, suna\u021bi \u00eenainte pentru a verifica disponibilitatea \u0219i timpul de procesare. Rezerv\u0103rile online pot oferi comoditate \u0219i, eventual, costuri mai mici, dar asigur\u0103-te c\u0103 furnizorul este reputat \u0219i are licen\u021b\u0103 pentru a distribui medicamente.<\/p>\n<h2>Online vs. Rezerve de farmacie pentru Bimat 0.03%<\/h2>\n<p>Alegerea \u00eentre rezerve online \u0219i de farmacie pentru Bimat 0.03% depinde de mai mul\u021bi factori. Farmaciile ofer\u0103 beneficiul accesului imediat \u0219i interac\u021biunii personale cu farmaci\u0219tii care pot oferi sfaturi \u0219i pot r\u0103spunde la orice \u00eentreb\u0103ri. De asemenea, elimin\u0103 timpul de a\u0219teptare asociat cu transportul.<\/p>\n<p>Rezervele online, pe de alt\u0103 parte, ofer\u0103 comoditate, deoarece pot fi comandate de acas\u0103 \u0219i livrate direct la u\u0219\u0103. Acest lucru poate fi deosebit de avantajos pentru cei cu probleme de mobilitate sau cu programe \u00eenc\u0103rcate. Cu toate acestea, este important s\u0103 v\u0103 asigura\u021bi c\u0103 furnizorul online este legitim \u0219i c\u0103 medicamentul provine de la o farmacie autorizat\u0103. Cercet\u0103rile \u0219i recenziile v\u0103 pot ghida \u00een alegerea unui furnizor de \u00eencredere.<\/p>\n<h2>Gestionarea datelor de expirare ale Bimat 0.03%<\/h2>\n<p>Data de expirare a Bimat 0.03% este un factor critic \u00een utilizarea sigur\u0103 \u0219i eficient\u0103. Verifica\u021bi \u00een mod regulat data de expirare imprimat\u0103 pe flacon \u0219i planifica\u021bi-v\u0103 rezervele \u00een consecin\u021b\u0103. Utilizarea solu\u021biei dup\u0103 data de expirare poate duce la o eficacitate redus\u0103 \u0219i poate chiar prezenta riscuri pentru s\u0103n\u0103tate.<\/p>\n<p>Dac\u0103 v\u0103 afla\u021bi cu medicamente expirate, nu le utiliza\u021bi. \u00cen schimb, arunca\u021bi-l conform reglement\u0103rilor locale sau returna\u021bi-l la o farmacie care ofer\u0103 servicii de eliminare \u00een siguran\u021b\u0103. Acest lucru ajut\u0103 la prevenirea utiliz\u0103rii accidentale \u0219i a contamin\u0103rii mediului.<\/p>\n<h2>Recunoa\u0219terea semnelor Bimat 0.03% Degradare<\/h2>\n<p>Identificarea semnelor de degradare \u00een Bimat 0.03% poate preveni tratamentul ineficient. Schimb\u0103rile de culoare, consisten\u021b\u0103 sau miros sunt indicatori cheie c\u0103 solu\u021bia ar putea s\u0103 nu mai fie viabil\u0103. Un aspect tulbure sau separarea lichidului sunt, de asemenea, semne de avertizare.<\/p>\n<p>Dac\u0103 observa\u021bi oricare dintre aceste modific\u0103ri, nu utiliza\u021bi solu\u021bia. \u00cen schimb, consulta\u021bi furnizorul de servicii medicale sau farmacistul pentru sfaturi. Ace\u0219tia pot confirma dac\u0103 medicamentul este sigur de utilizat sau pot recomanda ob\u021binerea unui \u00eenlocuitor.<\/p>\n<h2>Sfaturi pentru men\u021binerea Bimat 0.03% Potenta<\/h2>\n<p>Pentru a men\u021bine poten\u021ba lui Bimat 0.03%, respecta\u021bi instruc\u021biunile de depozitare adecvate, p\u0103str\u00e2nd solu\u021bia la temperatura camerei \u0219i ferit\u0103 de lumin\u0103 \u0219i umiditate. Verifica\u021bi regulat sticla pentru orice modific\u0103ri fizice care ar putea indica degradarea.<\/p>\n<p>\u00cen plus, asigura\u021bi-v\u0103 c\u0103 capacul este bine fixat dup\u0103 fiecare utilizare pentru a preveni contaminarea \u0219i evaporarea. Urmarea acestor pa\u0219i simpli poate ajuta la p\u0103strarea eficacit\u0103\u021bii solu\u021biei, asigur\u00e2ndu-se c\u0103 ofer\u0103 rezultatele terapeutice dorite.<\/p>\n<h2>C\u0103l\u0103torind \u00een str\u0103in\u0103tate cu Bimat 0.03% Restric\u021bii<\/h2>\n<p>C\u00e2nd c\u0103l\u0103tori\u021bi interna\u021bional cu Bimat 0.03%, fi\u021bi con\u0219tien\u021bi de diferitele reglement\u0103ri privind importul de medicamente. Unele \u021b\u0103ri au reguli stricte cu privire la transportul medicamentelor eliberate pe baz\u0103 de re\u021bet\u0103 peste grani\u021be \u0219i este esen\u021bial s\u0103 cerceta\u021bi aceste reglement\u0103ri cu mult \u00eenainte de c\u0103l\u0103torie.<\/p>\n<p>Purta\u021bi o copie a re\u021betei \u0219i o scrisoare de la furnizorul de servicii medicale care detaliaz\u0103 necesitatea medicamentului. Aceast\u0103 documenta\u021bie poate facilita intrarea f\u0103r\u0103 probleme prin vam\u0103 \u0219i poate preveni orice ne\u00een\u021belegeri sau confisc\u0103ri ale medicamentelor dvs.<\/p>\n<h2>Cerin\u021be de prescrip\u021bie pentru Bimat 0.03% rezerve<\/h2>\n<p>Reumplerea unei re\u021bete pentru Bimat 0.03% necesit\u0103 de obicei o re\u021bet\u0103 curent\u0103 \u0219i valabil\u0103 de la un furnizor de asisten\u021b\u0103 medical\u0103. Consulta\u021biile regulate cu specialistul dumneavoastr\u0103 oftalmolog v\u0103 pot asigura c\u0103 re\u021beta dumneavoastr\u0103 r\u0103m\u00e2ne la zi \u0219i c\u0103 solu\u021bia este \u00een continuare cea mai bun\u0103 op\u021biune de tratament pentru starea dumneavoastr\u0103.<\/p>\n<p>Unele regiuni pot permite reumpleri automate, dar este esen\u021bial s\u0103 men\u021bine\u021bi comunicarea cu furnizorul de asisten\u021b\u0103 medical\u0103 pentru a monitoriza progresul tratamentului \u0219i pentru a face orice ajust\u0103ri necesare. Aceast\u0103 abordare proactiv\u0103 asigur\u0103 un tratament continuu \u0219i eficient.<\/p>\n<h2>Manipularea \u0219i eliminarea Bimat 0.03% Ambalare<\/h2>\n<p>Manipularea \u0219i eliminarea corespunz\u0103toare a Bimat 0.Ambalajul 03% este important pentru a asigura siguran\u021ba \u0219i responsabilitatea fa\u021b\u0103 de mediu. Odat\u0103 ce sticla este goal\u0103, cl\u0103ti\u021bi-o pentru a \u00eendep\u0103rta orice reziduu \u00eenainte de a o recicla sau de a o arunca \u00een conformitate cu ghidurile locale de gestionare a de\u0219eurilor.<\/p>\n<p>Dac\u0103 ave\u021bi medicamente neutilizate sau expirate, nu le arunca\u021bi pur \u0219i simplu. Multe farmacii ofer\u0103 programe de preluare care arunc\u0103 \u00een siguran\u021b\u0103 medicamentele, reduc\u00e2nd impactul asupra mediului \u0219i prevenind expunerea accidental\u0103. Participarea la aceste programe este o modalitate responsabil\u0103 de a gestiona produsele farmaceutice neutilizate.<\/p>\n","protected":false},"excerpt":{"rendered":"<p>Cum s\u0103 depozita\u021bi, s\u0103 c\u0103l\u0103tori\u021bi cu \u0219i s\u0103 umple\u021bi Bimat 0.03% Bimat 0.03% este o [&hellip;]<\/p>\n","protected":false},"author":1,"featured_media":0,"parent":0,"menu_order":0,"comment_status":"closed","ping_status":"closed","template":"","meta":{"footnotes":""},"class_list":["post-39486","page","type-page","status-publish","hentry"],"_links":{"self":[{"href":"https:\/\/pematekfcvac.unisel.edu.my\/index.php?rest_route=\/wp\/v2\/pages\/39486","targetHints":{"allow":["GET"]}}],"collection":[{"href":"https:\/\/pematekfcvac.unisel.edu.my\/index.php?rest_route=\/wp\/v2\/pages"}],"about":[{"href":"https:\/\/pematekfcvac.unisel.edu.my\/index.php?rest_route=\/wp\/v2\/types\/page"}],"author":[{"embeddable":true,"href":"https:\/\/pematekfcvac.unisel.edu.my\/index.php?rest_route=\/wp\/v2\/users\/1"}],"replies":[{"embeddable":true,"href":"https:\/\/pematekfcvac.unisel.edu.my\/index.php?rest_route=%2Fwp%2Fv2%2Fcomments&post=39486"}],"version-history":[{"count":1,"href":"https:\/\/pematekfcvac.unisel.edu.my\/index.php?rest_route=\/wp\/v2\/pages\/39486\/revisions"}],"predecessor-version":[{"id":39487,"href":"https:\/\/pematekfcvac.unisel.edu.my\/index.php?rest_route=\/wp\/v2\/pages\/39486\/revisions\/39487"}],"wp:attachment":[{"href":"https:\/\/pematekfcvac.unisel.edu.my\/index.php?rest_route=%2Fwp%2Fv2%2Fmedia&parent=39486"}],"curies":[{"name":"wp","href":"https:\/\/api.w.org\/{rel}","templated":true}]}}