{"id":39582,"date":"2026-03-25T01:24:57","date_gmt":"2026-03-25T01:24:57","guid":{"rendered":"https:\/\/pematekfcvac.unisel.edu.my\/?page_id=39582"},"modified":"2026-03-25T01:24:57","modified_gmt":"2026-03-25T01:24:57","slug":"zrozumienie-avany-do-czego-sluzy","status":"publish","type":"page","link":"https:\/\/pematekfcvac.unisel.edu.my\/?page_id=39582","title":{"rendered":"Zrozumienie Avany: do czego s\u0142u\u017cy?"},"content":{"rendered":"<h1>Avana i nadci\u015bnienie: czy mo\u017cna z niej korzysta\u0107?<\/h1>\n<p>Badanie konsekwencji stosowania leku Avana w leczeniu zaburze\u0144 erekcji u os\u00f3b z nadci\u015bnieniem t\u0119tniczym, ocena bezpiecze\u0144stwa, skutk\u00f3w ubocznych i alternatywnych metod leczenia.<\/p>\n<h2>Zrozumienie Avany: do czego s\u0142u\u017cy?<\/h2>\n<p>Avana, powszechnie znana jako Avanafil, to lek przepisywany g\u0142\u00f3wnie w leczeniu zaburze\u0144 erekcji (ED). Jako inhibitor fosfodiesterazy typu 5 (PDE5) dzia\u0142a poprzez zwi\u0119kszenie przep\u0142ywu krwi do pr\u0105cia, u\u0142atwiaj\u0105c w ten spos\u00f3b erekcj\u0119 w po\u0142\u0105czeniu ze stymulacj\u0105 seksualn\u0105. Avana r\u00f3\u017cni si\u0119 od innych lek\u00f3w na zaburzenia erekcji szybkim pocz\u0105tkiem dzia\u0142ania, cz\u0119sto dzia\u0142aj\u0105cym w ci\u0105gu 15 do 30 minut od spo\u017cycia, co czyni go popularnym wyborem dla os\u00f3b poszukuj\u0105cych szybkich rezultat\u00f3w.<\/p>\n<p>Od czasu zatwierdzenia Avana jest chwalona za skuteczno\u015b\u0107 i stosunkowo \u0142agodny profil skutk\u00f3w ubocznych. W przeciwie\u0144stwie do innych zabieg\u00f3w na zaburzenia erekcji, pozwala na wi\u0119ksz\u0105 spontaniczno\u015b\u0107 ze wzgl\u0119du na szybkie dzia\u0142anie i kr\u00f3tszy czas trwania, kt\u00f3ry zwykle trwa oko\u0142o sze\u015bciu godzin. Ta cecha sprawia, \u017ce \u200b\u200bAvana jest atrakcyjn\u0105 opcj\u0105 dla wielu pacjent\u00f3w, oferuj\u0105c zar\u00f3wno praktyczne, jak i skuteczne rozwi\u0105zanie typowego problemu.<\/p>\n<h2>Zwi\u0105zek mi\u0119dzy Avan\u0105 a ci\u015bnieniem krwi<\/h2>\n<p>Interakcja pomi\u0119dzy lekiem Avana i ci\u015bnieniem krwi jest szczeg\u00f3lnie interesuj\u0105ca ze wzgl\u0119du na spos\u00f3b dzia\u0142ania inhibitor\u00f3w PDE5. Leki te mog\u0105 powodowa\u0107 rozszerzenie naczy\u0144 krwiono\u015bnych lub poszerzenie naczy\u0144 krwiono\u015bnych, co mo\u017ce prowadzi\u0107 do przej\u015bciowego obni\u017cenia ci\u015bnienia krwi. U os\u00f3b z prawid\u0142owym ci\u015bnieniem krwi efekt ten jest zwykle minimalny i dobrze tolerowany. Jednak u os\u00f3b z nadci\u015bnieniem lub wysokim ci\u015bnieniem krwi konsekwencje mog\u0105 by\u0107 bardziej z\u0142o\u017cone.<\/p>\n<p>Nadci\u015bnienie wp\u0142ywa na uk\u0142ad sercowo-naczyniowy i mo\u017ce zwi\u0119ksza\u0107 potencjalne ryzyko w po\u0142\u0105czeniu z lekami takimi jak Avana. Chocia\u017c spadek ci\u015bnienia krwi mo\u017ce by\u0107 korzystny dla niekt\u00f3rych os\u00f3b, mo\u017ce stanowi\u0107 zagro\u017cenie, je\u015bli dana osoba przyjmuje ju\u017c leki przeciwnadci\u015bnieniowe. Zrozumienie tej zale\u017cno\u015bci ma kluczowe znaczenie dla bezpiecznego leczenia obu schorze\u0144 i wymaga starannego rozwa\u017cenia przez podmioty \u015bwiadcz\u0105ce opiek\u0119 zdrowotn\u0105.<\/p>\n<h2>Jak nadci\u015bnienie wp\u0142ywa na wyb\u00f3r lek\u00f3w<\/h2>\n<p>Je\u015bli chodzi o leczenie zaburze\u0144 erekcji u pacjent\u00f3w z nadci\u015bnieniem, przy wyborze lek\u00f3w nale\u017cy zachowa\u0107 szczeg\u00f3ln\u0105 ostro\u017cno\u015b\u0107. Podstawow\u0105 kwesti\u0105 jest zapewnienie, \u017ce leczenie zaburze\u0144 erekcji nie koliduje z leczeniem nadci\u015bnienia. Niekt\u00f3re leki przeciwnadci\u015bnieniowe mog\u0105 zaostrza\u0107 zaburzenia erekcji, przez co wyb\u00f3r leku na zaburzenia erekcji staje si\u0119 jeszcze wa\u017cniejszy.<\/p>\n<p>Lekarze cz\u0119sto musz\u0105 znale\u017a\u0107 r\u00f3wnowag\u0119 mi\u0119dzy skutecznym leczeniem obu schorze\u0144. Musz\u0105 wzi\u0105\u0107 pod uwag\u0119 og\u00f3lny stan zdrowia pacjenta, stopie\u0144 nasilenia nadci\u015bnienia oraz potencjalne interakcje pomi\u0119dzy lekiem Avana a innymi lekami przyjmowanymi przez pacjenta. Proces ten wymaga szczeg\u00f3\u0142owego poznania historii choroby pacjenta i aktualnego schematu leczenia.<\/p>\n<h2>Obawy dotycz\u0105ce bezpiecze\u0144stwa stosowania leku Avana przy nadci\u015bnieniu<\/h2>\n<p>Bezpiecze\u0144stwo jest spraw\u0105 najwy\u017cszej wagi podczas przepisywania leku Avana pacjentom z nadci\u015bnieniem. Podstawowe ryzyko wi\u0105\u017ce si\u0119 z mo\u017cliwo\u015bci\u0105 wyst\u0105pienia znacznych spadk\u00f3w ci\u015bnienia krwi, kt\u00f3re, je\u015bli s\u0105 powa\u017cne, mog\u0105 prowadzi\u0107 do zawrot\u00f3w g\u0142owy, omdlenia lub nawet powa\u017cniejszych zdarze\u0144 sercowo-naczyniowych. Ryzyko to wymaga dok\u0142adnej oceny przez podmioty \u015bwiadcz\u0105ce opiek\u0119 zdrowotn\u0105 w celu ustalenia, czy Avana jest w\u0142a\u015bciwym wyborem dla konkretnego pacjenta.<\/p>\n<p>W niekt\u00f3rych przypadkach mo\u017ce by\u0107 konieczne dostosowanie dawki leku Avana lub leku przeciwnadci\u015bnieniowego stosowanego przez pacjenta, aby z\u0142agodzi\u0107 to ryzyko. \u015acis\u0142e monitorowanie na pocz\u0105tkowych etapach leczenia mo\u017ce pom\u00f3c w szybkiej identyfikacji i wyeliminowaniu wszelkich dzia\u0142a\u0144 niepo\u017c\u0105danych. Istotnym elementem bezpiecznego leczenia jest tak\u017ce edukacja pacjent\u00f3w w zakresie objaw\u00f3w znacz\u0105cych zmian ci\u015bnienia krwi.<\/p>\n<h2>Badania kliniczne na pacjentach Avana i nadci\u015bnieniem<\/h2>\n<p>Badania kliniczne dotycz\u0105ce stosowania preparatu Avana u pacjent\u00f3w z nadci\u015bnieniem dostarczy\u0142y cennych informacji na temat jego bezpiecze\u0144stwa i skuteczno\u015bci. Badania te og\u00f3lnie wykazuj\u0105, \u017ce produkt Avana mo\u017ce by\u0107 bezpiecznie stosowany u pacjent\u00f3w z nadci\u015bnieniem t\u0119tniczym, pod warunkiem ostro\u017cnego prowadzenia leczenia i uwzgl\u0119dnienia indywidualnych czynnik\u00f3w ryzyka.<\/p>\n<p>Jednym z kluczowych odkry\u0107 jest to, <a href=\"https:\/\/aptekakomfort.com\/avana-cena-online-bez-recepty\">https:\/\/aptekakomfort.com\/avana-cena-online-bez-recepty<\/a> \u017ce chocia\u017c Avana rzeczywi\u015bcie powoduje mierzalny spadek ci\u015bnienia krwi, efekt ten jest zazwyczaj \u0142agodny i przemijaj\u0105cy u wi\u0119kszo\u015bci pacjent\u00f3w. Naukowcy podkre\u015blaj\u0105 jednak znaczenie przeprowadzenia dalszych bada\u0144, aby lepiej zrozumie\u0107 d\u0142ugoterminowe skutki i udoskonali\u0107 wytyczne dotycz\u0105ce stosowania w tej populacji. Trwaj\u0105ce badania maj\u0105 na celu identyfikacj\u0119 najbezpieczniejszych protoko\u0142\u00f3w i strategii dawkowania, aby zmaksymalizowa\u0107 korzy\u015bci przy jednoczesnej minimalizacji ryzyka.<\/p>\n<h2>Potencjalne skutki uboczne Avany dla os\u00f3b z nadci\u015bnieniem<\/h2>\n<p>Jak ka\u017cdy lek, Avana mo\u017ce powodowa\u0107 dzia\u0142ania niepo\u017c\u0105dane, kt\u00f3re mog\u0105 by\u0107 bardziej widoczne u os\u00f3b z nadci\u015bnieniem. Cz\u0119ste dzia\u0142ania niepo\u017c\u0105dane obejmuj\u0105 b\u00f3le g\u0142owy, uderzenia gor\u0105ca, przekrwienie nosa i zawroty g\u0142owy. W przypadku pacjent\u00f3w z nadci\u015bnieniem objawy te mog\u0105 by\u0107 spot\u0119gowane przez istniej\u0105cy stan, co mo\u017ce prowadzi\u0107 do powa\u017cniejszego dyskomfortu lub zagro\u017cenia dla zdrowia.<\/p>\n<p>Ci\u0119\u017ckie dzia\u0142ania niepo\u017c\u0105dane, cho\u0107 rzadkie, wymagaj\u0105 natychmiastowej pomocy lekarskiej. Mog\u0105 one obejmowa\u0107 nag\u0142e spadki ci\u015bnienia krwi, b\u00f3l w klatce piersiowej lub d\u0142ugotrwa\u0142e erekcje, zwane priapizmem. Nale\u017cy zaleci\u0107 pacjentom, aby w przypadku wyst\u0105pienia kt\u00f3regokolwiek z tych objaw\u00f3w niezw\u0142ocznie zwr\u00f3cili si\u0119 o pomoc lekarsk\u0105, zapewniaj\u0105c szybkie leczenie wszelkich potencjalnych powik\u0142a\u0144.<\/p>\n<h2>Zarz\u0105dzanie nadci\u015bnieniem podczas przyjmowania Avany<\/h2>\n<p>Skuteczne leczenie nadci\u015bnienia ma kluczowe znaczenie dla pacjent\u00f3w przyjmuj\u0105cych Avana. Cz\u0119sto wymaga to kompleksowego podej\u015bcia, kt\u00f3re obejmuje przyjmowanie lek\u00f3w, modyfikacj\u0119 stylu \u017cycia i regularne monitorowanie ci\u015bnienia krwi. Pacjent\u00f3w zach\u0119ca si\u0119 do \u015bcis\u0142ego przestrzegania przepisanego schematu leczenia przeciwnadci\u015bnieniowego, aby zachowa\u0107 kontrol\u0119 nad poziomem ci\u015bnienia krwi.<\/p>\n<p>Regularne wizyty kontrolne u \u015bwiadczeniodawc\u00f3w s\u0105 niezb\u0119dne, aby oceni\u0107 skuteczno\u015b\u0107 planu leczenia i wprowadzi\u0107 w razie potrzeby zmiany. Pacjenci powinni aktywnie zg\u0142asza\u0107 wszelkie zmiany w objawach lub dzia\u0142aniach niepo\u017c\u0105danych, co umo\u017cliwi lekarzom dostosowanie podej\u015bcia terapeutycznego do ich zmieniaj\u0105cych si\u0119 potrzeb.<\/p>\n<h2>Porada lekarska: Konsultacja przed u\u017cyciem Avana<\/h2>\n<p>Konsultacja z pracownikiem s\u0142u\u017cby zdrowia przed rozpocz\u0119ciem stosowania leku Avana jest niezb\u0119dnym krokiem dla ka\u017cdego, ale szczeg\u00f3lnie dla os\u00f3b z nadci\u015bnieniem. Dok\u0142adna ocena lekarska mo\u017ce pom\u00f3c okre\u015bli\u0107, czy Avana jest odpowiedni\u0105 opcj\u0105 i zidentyfikowa\u0107 potencjalne ryzyko lub przeciwwskazania. Konsultacja ta powinna obejmowa\u0107 om\u00f3wienie pe\u0142nej historii choroby pacjenta, aktualnie przyjmowanych lek\u00f3w i wszelkich istniej\u0105cych problem\u00f3w zdrowotnych.<\/p>\n<p>Lekarze mog\u0105 udzieli\u0107 spersonalizowanych porad na temat bezpiecznego w\u0142\u0105czenia leku Avana do planu leczenia pacjenta. Mog\u0105 r\u00f3wnie\u017c sugerowa\u0107 strategie monitorowania, aby zapewni\u0107 szybk\u0105 identyfikacj\u0119 wszelkich niekorzystnych skutk\u00f3w i zarz\u0105dzanie nimi. Takie wsp\u00f3lne podej\u015bcie pomaga zapewni\u0107 osi\u0105gni\u0119cie cel\u00f3w leczenia bez nara\u017cania zdrowia pacjenta.<\/p>\n<h2>Alternatywne metody leczenia zaburze\u0144 erekcji przy nadci\u015bnieniu<\/h2>\n<p>W przypadku pacjent\u00f3w z nadci\u015bnieniem, kt\u00f3rzy mog\u0105 \u017ale tolerowa\u0107 preparat Avana, dost\u0119pne s\u0105 alternatywne metody leczenia zaburze\u0144 erekcji. Nale\u017c\u0105 do nich inne inhibitory PDE5, takie jak Sildenafil, Tadalafil i Wardenafil, ka\u017cdy z w\u0142asnym profilem skuteczno\u015bci i dzia\u0142aniami niepo\u017c\u0105danymi. Niekt\u00f3rzy pacjenci mog\u0105 lepiej reagowa\u0107 na jeden lek ni\u017c na inny, w zale\u017cno\u015bci od ich indywidualnej sytuacji zdrowotnej.<\/p>\n<p>Ponadto dla niekt\u00f3rych os\u00f3b odpowiedni\u0105 opcj\u0105 mog\u0105 by\u0107 metody niefarmakologiczne, takie jak urz\u0105dzenia do erekcji pr\u00f3\u017cniowej, zastrzyki pr\u0105cia lub implanty pr\u0105cia. Interwencje zwi\u0105zane ze stylem \u017cycia, w tym \u0107wiczenia fizyczne, kontrola masy cia\u0142a i poradnictwo psychologiczne, mog\u0105 r\u00f3wnie\u017c odgrywa\u0107 znacz\u0105c\u0105 rol\u0119 w poprawie erekcji i og\u00f3lnego stanu zdrowia.<\/p>\n<h2>Modyfikacje stylu \u017cycia dla pacjent\u00f3w z nadci\u015bnieniem w Avana<\/h2>\n<p>Zmiany stylu \u017cycia mog\u0105 znacznie zwi\u0119kszy\u0107 skuteczno\u015b\u0107 Avany w leczeniu nadci\u015bnienia. Dieta odgrywa kluczow\u0105 rol\u0119; zdrowa dla serca dieta bogata w owoce, warzywa, produkty pe\u0142noziarniste i chude bia\u0142ka mo\u017ce pom\u00f3c w kontrolowaniu ci\u015bnienia krwi. Ograniczenie spo\u017cycia soli jest szczeg\u00f3lnie wa\u017cne, aby zapobiec zatrzymywaniu p\u0142yn\u00f3w i obni\u017cy\u0107 ci\u015bnienie krwi.<\/p>\n<p>Regularna aktywno\u015b\u0107 fizyczna to kolejny kluczowy element leczenia zar\u00f3wno nadci\u015bnienia, jak i zaburze\u0144 erekcji. \u0106wiczenia poprawiaj\u0105 zdrowie uk\u0142adu kr\u0105\u017cenia, zmniejszaj\u0105 stres i poprawiaj\u0105 og\u00f3lne samopoczucie. Pacjenci powinni d\u0105\u017cy\u0107 do co najmniej 150 minut \u0107wicze\u0144 o umiarkowanej intensywno\u015bci tygodniowo, zgodnie z zaleceniami w\u0142adz odpowiedzialnych za opiek\u0119 zdrowotn\u0105.<\/p>\n<h2>Monitorowanie ci\u015bnienia krwi podczas stosowania Avany<\/h2>\n<p>Konsekwentne monitorowanie ci\u015bnienia krwi jest niezb\u0119dne dla pacjent\u00f3w stosuj\u0105cych Avana, zw\u0142aszcza tych z istniej\u0105cym wcze\u015bniej nadci\u015bnieniem. Regularne kontrole mog\u0105 pom\u00f3c wykry\u0107 wszelkie istotne zmiany, kt\u00f3re mog\u0105 wymaga\u0107 interwencji medycznej. Pacjent\u00f3w zach\u0119ca si\u0119 do korzystania z domowych ci\u015bnieniomierzy w celu \u015bledzenia swoich odczyt\u00f3w i zg\u0142aszania lekarzowi wszelkich trend\u00f3w.<\/p>\n<p>Pracownicy s\u0142u\u017cby zdrowia mog\u0105 zaleci\u0107 prowadzenie dziennika odczyt\u00f3w ci\u015bnienia krwi w celu zidentyfikowania wzorc\u00f3w lub czynnik\u00f3w wyzwalaj\u0105cych, kt\u00f3re mog\u0105 wp\u0142ywa\u0107 na poziom ci\u015bnienia krwi. Informacje te mog\u0105 by\u0107 bezcenne przy dostosowywaniu plan\u00f3w leczenia i zapewnianiu skutecznego leczenia zar\u00f3wno nadci\u015bnienia, jak i zaburze\u0144 erekcji.<\/p>\n<h2>\u0141\u0105czenie Avany z innymi lekami na nadci\u015bnienie<\/h2>\n<p>\u0141\u0105cz\u0105c Avan\u0119 z innymi lekami przeciwnadci\u015bnieniowymi, nale\u017cy zachowa\u0107 ostro\u017cno\u015b\u0107, aby unikn\u0105\u0107 niepo\u017c\u0105danych interakcji. Niekt\u00f3re leki, w szczeg\u00f3lno\u015bci azotany i niekt\u00f3re alfa-blokery, stwarzaj\u0105 znaczne ryzyko, gdy s\u0105 stosowane razem z lekiem Avana. Kombinacje te mog\u0105 prowadzi\u0107 do niebezpiecznie niskiego poziomu ci\u015bnienia krwi, co wymaga dok\u0142adnej oceny przez podmioty \u015bwiadcz\u0105ce opiek\u0119 zdrowotn\u0105.<\/p>\n<p>By\u0107 mo\u017ce lekarze b\u0119d\u0105 musieli dostosowa\u0107 dawkowanie jednego lub wi\u0119kszej liczby lek\u00f3w lub rozplanowa\u0107 ich podawanie, aby zminimalizowa\u0107 ryzyko interakcji. Pacjenci powinni zawsze informowa\u0107 swojego lekarza o wszystkich przyjmowanych lekach, aby zapewni\u0107 bezpieczne i skuteczne planowanie leczenia.<\/p>\n<h2>Rozpoznawanie znak\u00f3w ostrzegawczych podczas korzystania z Avany<\/h2>\n<p>Rozpoznawanie sygna\u0142\u00f3w ostrzegawczych dotycz\u0105cych dzia\u0142a\u0144 niepo\u017c\u0105danych leku Avana ma kluczowe znaczenie dla bezpiecze\u0144stwa pacjenta. Nag\u0142e zawroty g\u0142owy, silne b\u00f3le g\u0142owy lub omdlenia mog\u0105 wskazywa\u0107 na znaczny spadek ci\u015bnienia krwi i powinny wymaga\u0107 natychmiastowej pomocy lekarskiej. Dodatkowo objawy takie jak b\u00f3l w klatce piersiowej lub erekcja trwaj\u0105ca d\u0142u\u017cej ni\u017c cztery godziny wymagaj\u0105 natychmiastowej opieki.<\/p>\n<p>Edukowanie pacjent\u00f3w w zakresie tych potencjalnych sygna\u0142\u00f3w ostrzegawczych pomaga zapewni\u0107 odpowiedni\u0105 reakcj\u0119 na wszelkie dzia\u0142ania niepo\u017c\u0105dane. Szybkie dzia\u0142anie mo\u017ce zapobiec powa\u017cniejszym powik\u0142aniom zdrowotnym i zapewni\u0107 dobre samopoczucie pacjenta podczas stosowania leku Avana.<\/p>\n<h2>Referencje pacjent\u00f3w: Do\u015bwiadczenia z Avan\u0105 i nadci\u015bnieniem<\/h2>\n<p>Referencje pacjent\u00f3w dostarczaj\u0105 cennych informacji na temat rzeczywistych do\u015bwiadcze\u0144 zwi\u0105zanych ze stosowaniem leku Avana w leczeniu nadci\u015bnienia. Wielu pacjent\u00f3w zg\u0142asza popraw\u0119 jako\u015bci \u017cycia dzi\u0119ki lepszemu leczeniu zaburze\u0144 erekcji, a niekt\u00f3rzy podkre\u015blaj\u0105 znaczenie uwa\u017cnego monitorowania i konsultacji z podmiotami \u015bwiadcz\u0105cymi opiek\u0119 zdrowotn\u0105.<\/p>\n<p>Narracje te cz\u0119sto ujawniaj\u0105 zr\u00f3\u017cnicowany wp\u0142yw Avany na r\u00f3\u017cne osoby, podkre\u015blaj\u0105c potrzeb\u0119 spersonalizowanego podej\u015bcia do leczenia. Pacjenci cz\u0119sto podkre\u015blaj\u0105 znaczenie utrzymywania otwartej komunikacji z lekarzami, aby skutecznie radzi\u0107 sobie ze z\u0142o\u017conymi problemami w leczeniu obu schorze\u0144.<\/p>\n<h2>Przysz\u0142e kierunki bada\u0144 nad Avan\u0105 i nadci\u015bnieniem<\/h2>\n<p>Przysz\u0142e badania nad lekiem Avana i jego zastosowaniem u pacjent\u00f3w z nadci\u015bnieniem maj\u0105 na celu udoskonalenie protoko\u0142\u00f3w leczenia i zwi\u0119kszenie bezpiecze\u0144stwa pacjent\u00f3w. Potencjalne obszary zainteresowania obejmuj\u0105 d\u0142ugoterminowe badania maj\u0105ce na celu ocen\u0119 przewlek\u0142ego wp\u0142ywu Avany na ci\u015bnienie krwi, a tak\u017ce badania potencjalnych interakcji z nowszymi lekami przeciwnadci\u015bnieniowymi.<\/p>\n<p>Post\u0119py w medycynie spersonalizowanej mog\u0105 r\u00f3wnie\u017c prowadzi\u0107 do bardziej dostosowanych opcji leczenia, obejmuj\u0105cych czynniki genetyczne i styl \u017cycia w celu optymalizacji wynik\u00f3w. Mamy nadziej\u0119, \u017ce w miar\u0119 post\u0119pu bada\u0144 mo\u017cliwe b\u0119dzie opracowanie ja\u015bniejszych wytycznych, kt\u00f3re umo\u017cliwi\u0105 podmiotom \u015bwiadcz\u0105cym opiek\u0119 zdrowotn\u0105 zapewnienie bezpiecznego i skutecznego leczenia pacjentom zar\u00f3wno z zaburzeniami erekcji, jak i nadci\u015bnieniem t\u0119tniczym.<\/p>\n","protected":false},"excerpt":{"rendered":"<p>Avana i nadci\u015bnienie: czy mo\u017cna z niej korzysta\u0107? Badanie konsekwencji stosowania leku Avana w leczeniu [&hellip;]<\/p>\n","protected":false},"author":1,"featured_media":0,"parent":0,"menu_order":0,"comment_status":"closed","ping_status":"closed","template":"","meta":{"footnotes":""},"class_list":["post-39582","page","type-page","status-publish","hentry"],"_links":{"self":[{"href":"https:\/\/pematekfcvac.unisel.edu.my\/index.php?rest_route=\/wp\/v2\/pages\/39582","targetHints":{"allow":["GET"]}}],"collection":[{"href":"https:\/\/pematekfcvac.unisel.edu.my\/index.php?rest_route=\/wp\/v2\/pages"}],"about":[{"href":"https:\/\/pematekfcvac.unisel.edu.my\/index.php?rest_route=\/wp\/v2\/types\/page"}],"author":[{"embeddable":true,"href":"https:\/\/pematekfcvac.unisel.edu.my\/index.php?rest_route=\/wp\/v2\/users\/1"}],"replies":[{"embeddable":true,"href":"https:\/\/pematekfcvac.unisel.edu.my\/index.php?rest_route=%2Fwp%2Fv2%2Fcomments&post=39582"}],"version-history":[{"count":1,"href":"https:\/\/pematekfcvac.unisel.edu.my\/index.php?rest_route=\/wp\/v2\/pages\/39582\/revisions"}],"predecessor-version":[{"id":39583,"href":"https:\/\/pematekfcvac.unisel.edu.my\/index.php?rest_route=\/wp\/v2\/pages\/39582\/revisions\/39583"}],"wp:attachment":[{"href":"https:\/\/pematekfcvac.unisel.edu.my\/index.php?rest_route=%2Fwp%2Fv2%2Fmedia&parent=39582"}],"curies":[{"name":"wp","href":"https:\/\/api.w.org\/{rel}","templated":true}]}}